{"id":10492,"date":"2022-01-28T23:16:39","date_gmt":"2022-01-28T21:16:39","guid":{"rendered":"https:\/\/huion-tablet.eu\/?post_type=product&#038;p=10492"},"modified":"2024-01-16T10:46:35","modified_gmt":"2024-01-16T08:46:35","slug":"inspiroy-rtm-500-graficna-tablica","status":"publish","type":"product","link":"https:\/\/huion-tablet.eu\/sl\/trgovina\/inspiroy-rtm-500-graficna-tablica\/","title":{"rendered":"Inspiroy RTM-500"},"content":{"rendered":"<p><img loading=\"lazy\" decoding=\"async\" class=\"size-full wp-image-12004\" src=\"https:\/\/huion-tablet.eu\/wp-content\/uploads\/RTM-500-drawing-on-computer.webp\" alt=\"RTM-500 drawing on computer\" width=\"1400\" height=\"650\" srcset=\"https:\/\/huion-tablet.eu\/wp-content\/uploads\/RTM-500-drawing-on-computer.webp 1400w, https:\/\/huion-tablet.eu\/wp-content\/uploads\/RTM-500-drawing-on-computer-247x115.webp 247w, https:\/\/huion-tablet.eu\/wp-content\/uploads\/RTM-500-drawing-on-computer-510x237.webp 510w, https:\/\/huion-tablet.eu\/wp-content\/uploads\/RTM-500-drawing-on-computer-300x139.webp 300w, https:\/\/huion-tablet.eu\/wp-content\/uploads\/RTM-500-drawing-on-computer-1024x475.webp 1024w, https:\/\/huion-tablet.eu\/wp-content\/uploads\/RTM-500-drawing-on-computer-768x357.webp 768w\" sizes=\"auto, (max-width: 1400px) 100vw, 1400px\" \/><\/p>\n<h2>Grafi\u010dna tablica Huion Inspiroy RTM-500<\/h2>\n<h3>Stilski design, visoka zmogljivost<\/h3>\n<p>Poleg obi\u010dajne \u010drne barve &#8211; Cosmo Black, smo dodali novo, oran\u017eno &#8211; Solar Orange &#8211; barvo.<\/p>\n<p><img loading=\"lazy\" decoding=\"async\" class=\"aligncenter size-full wp-image-10518\" src=\"https:\/\/huion-tablet.eu\/wp-content\/uploads\/RTM-500-Stylish-Design-Powerful-Performance.png\" alt=\"\" width=\"1200\" height=\"720\" srcset=\"https:\/\/huion-tablet.eu\/wp-content\/uploads\/RTM-500-Stylish-Design-Powerful-Performance.png 1200w, https:\/\/huion-tablet.eu\/wp-content\/uploads\/RTM-500-Stylish-Design-Powerful-Performance-247x148.png 247w, https:\/\/huion-tablet.eu\/wp-content\/uploads\/RTM-500-Stylish-Design-Powerful-Performance-510x306.png 510w, https:\/\/huion-tablet.eu\/wp-content\/uploads\/RTM-500-Stylish-Design-Powerful-Performance-300x180.png 300w, https:\/\/huion-tablet.eu\/wp-content\/uploads\/RTM-500-Stylish-Design-Powerful-Performance-1024x614.png 1024w, https:\/\/huion-tablet.eu\/wp-content\/uploads\/RTM-500-Stylish-Design-Powerful-Performance-768x461.png 768w, https:\/\/huion-tablet.eu\/wp-content\/uploads\/RTM-500-Stylish-Design-Powerful-Performance-416x250.png 416w\" sizes=\"auto, (max-width: 1200px) 100vw, 1200px\" \/><\/p>\n<h3>Estetsko in bolj prakti\u010dno<\/h3>\n<p>Povr\u0161ina z zvezdnim vzorcem poleg bolj modernega videza prina\u0161a tudi la\u017eje pozicioniranje kurzorja in peresa. Poleg tega nova povr\u0161ina \u0161e bolje prepre\u010duje prstne odtise<\/p>\n<h3>Tipke za bli\u017enjice in trak na dotik<\/h3>\n<p>Za hitrej\u0161e in la\u017eje ustvarjanje z grafi\u010dno tablico RTP-700 smo dodali trak in 6 tipk na dotik. Vsako tipko lahko nastavite glede na svoje potrebe in \u017eelje in s tem pohitrite svoje delo..<\/p>\n<h3><img loading=\"lazy\" decoding=\"async\" class=\"aligncenter size-full wp-image-10520\" src=\"https:\/\/huion-tablet.eu\/wp-content\/uploads\/RTP-500-Shortcuts-to-Increase-Your-Efficiency.jpg\" alt=\"RTP-500 Shortcuts to Increase Your Efficiency\" width=\"1160\" height=\"560\" srcset=\"https:\/\/huion-tablet.eu\/wp-content\/uploads\/RTP-500-Shortcuts-to-Increase-Your-Efficiency.jpg 1160w, https:\/\/huion-tablet.eu\/wp-content\/uploads\/RTP-500-Shortcuts-to-Increase-Your-Efficiency-247x119.jpg 247w, https:\/\/huion-tablet.eu\/wp-content\/uploads\/RTP-500-Shortcuts-to-Increase-Your-Efficiency-510x246.jpg 510w, https:\/\/huion-tablet.eu\/wp-content\/uploads\/RTP-500-Shortcuts-to-Increase-Your-Efficiency-300x145.jpg 300w, https:\/\/huion-tablet.eu\/wp-content\/uploads\/RTP-500-Shortcuts-to-Increase-Your-Efficiency-1024x494.jpg 1024w, https:\/\/huion-tablet.eu\/wp-content\/uploads\/RTP-500-Shortcuts-to-Increase-Your-Efficiency-768x371.jpg 768w, https:\/\/huion-tablet.eu\/wp-content\/uploads\/RTP-500-Shortcuts-to-Increase-Your-Efficiency-416x201.jpg 416w\" sizes=\"auto, (max-width: 1160px) 100vw, 1160px\" \/>Navdih v va\u0161ih rokah<\/h3>\n<p>Brez-baterijsko digitalno pero PW400 z novim designom ima tanko invzdr\u017eljivo konico za zagotavljanje ve\u010dje stabilnosti in boplj\u0161ega o\u010dutka pri risanju. Podpira 8192 nivojev pritiska, resolucijo 5080 LPI in zaznavo \u00b160\u00b0 nagiba (tilt) za zagotavljanje naravnega risanja in pisanja.<\/p>\n<h3>Za desni\u010darje in levi\u010darje<\/h3>\n<p>Grafi\u010dno tablico RTM-500 lahko obrnete za to 180\u00b0, kar omogo\u010da levi\u010darjem in desni\u010darjem primerno uporabo.<\/p>\n<h3>Enostavna za prena\u0161anje<\/h3>\n<p>Z debelino samo 8.5mm in te\u017eo 415g je RTM-500 lahka in enostavna za prena\u0161anje. Na tablici je tudi zanka, v katero vstavite pero, ko tablice prena\u0161ate ali je ne uporabljate.<\/p>\n<h3>Kompatibilnost<\/h3>\n<p><strong> Windows 7 ali novej\u0161i, MAC OS X 10.12ali novej\u0161i in Android 6.0 ali novej\u0161i.<\/strong><br \/>\nPodprti so vsi popularni ustvarjalni programi kot so Adobe Photoshop, Adobe Illustrator, Adobe Lightroom, Affinity Photo, Affinity Designer, Gimp, Krita ter mnogi drugi.<\/p>\n<h3>V paketu<\/h3>\n<ul>\n<li>Huion Inspiroy RTM-500 grafi\u010dna tablica<\/li>\n<li>brez-baterijsko pero PW400<\/li>\n<li>stojalo za pero PH03 z 10 nadomestnimi konicami PN04 v notranjosti<\/li>\n<li>USB-C na USB-A kabel<\/li>\n<li>Quick Start Guide<\/li>\n<\/ul>\n","protected":false},"excerpt":{"rendered":"<p>Aktivna povr\u0161ina 22,1 x 13.8 cm (8.7 x 5.4 in), 8192 nivojev pritiska, \u00b160\u00b0 nagiba (tilt), 4 nastavljive tipke in trak na dotik,\u00a0 \u010drna (cosmo black) or oran\u017ena (solar orange) barva.<\/p>\n","protected":false},"featured_media":10512,"template":"","meta":[],"product_brand":[],"product_cat":[183],"product_tag":[],"class_list":{"0":"post-10492","1":"product","2":"type-product","3":"status-publish","4":"has-post-thumbnail","6":"product_cat-graficne-tablice","7":"product_shipping_class-01-kg","9":"first","10":"outofstock","11":"taxable","12":"shipping-taxable","13":"purchasable","14":"product-type-variable","15":"has-default-attributes"},"yoast_head":"<!-- This site is optimized with the Yoast SEO plugin v27.5 - https:\/\/yoast.com\/product\/yoast-seo-wordpress\/ -->\n<title>Inspiroy RTM-500 - Huion Slovenija EU<\/title>\n<meta name=\"description\" content=\"Aktivna povr\u0161ina 22,1 x 13.8 cm (8.7 x 5.4 in), 8192 nivojev pritiska, \u00b160\u00b0 nagiba (tilt), 4 nastavljive tipke in trak na dotik,\u00a0 \u010drna (cosmo black) or oran\u017ena (solar orange) barva.\" \/>\n<meta name=\"robots\" content=\"index, follow, max-snippet:-1, max-image-preview:large, max-video-preview:-1\" \/>\n<link rel=\"canonical\" href=\"https:\/\/huion-tablet.eu\/sl\/trgovina\/inspiroy-rtm-500-graficna-tablica\/\" \/>\n<meta property=\"og:locale\" content=\"sl_SI\" \/>\n<meta property=\"og:type\" content=\"article\" \/>\n<meta property=\"og:title\" content=\"Inspiroy RTM-500 - Huion Slovenija EU\" \/>\n<meta property=\"og:description\" content=\"Aktivna povr\u0161ina 22,1 x 13.8 cm (8.7 x 5.4 in), 8192 nivojev pritiska, \u00b160\u00b0 nagiba (tilt), 4 nastavljive tipke in trak na dotik,\u00a0 \u010drna (cosmo black) or oran\u017ena (solar orange) barva.\" \/>\n<meta property=\"og:url\" content=\"https:\/\/huion-tablet.eu\/sl\/trgovina\/inspiroy-rtm-500-graficna-tablica\/\" \/>\n<meta property=\"og:site_name\" content=\"Huion Slovenija EU\" \/>\n<meta property=\"article:publisher\" content=\"https:\/\/www.facebook.com\/HUION.tablet.EU\" \/>\n<meta property=\"article:modified_time\" content=\"2024-01-16T08:46:35+00:00\" \/>\n<meta property=\"og:image\" content=\"https:\/\/huion-tablet.eu\/wp-content\/uploads\/Huion-Inspiroy-RTM-500-graphics-pen-tablet.jpg\" \/>\n\t<meta property=\"og:image:width\" content=\"800\" \/>\n\t<meta property=\"og:image:height\" content=\"800\" \/>\n\t<meta property=\"og:image:type\" content=\"image\/jpeg\" \/>\n<meta name=\"twitter:card\" content=\"summary_large_image\" \/>\n<meta name=\"twitter:label1\" content=\"Est. reading time\" \/>\n\t<meta name=\"twitter:data1\" content=\"1 minuta\" \/>\n<script type=\"application\/ld+json\" class=\"yoast-schema-graph\">{\"@context\":\"https:\\\/\\\/schema.org\",\"@graph\":[{\"@type\":\"WebPage\",\"@id\":\"https:\\\/\\\/huion-tablet.eu\\\/sl\\\/trgovina\\\/inspiroy-rtm-500-graficna-tablica\\\/\",\"url\":\"https:\\\/\\\/huion-tablet.eu\\\/sl\\\/trgovina\\\/inspiroy-rtm-500-graficna-tablica\\\/\",\"name\":\"Inspiroy RTM-500 - Huion Slovenija EU\",\"isPartOf\":{\"@id\":\"https:\\\/\\\/huion-tablet.eu\\\/sl\\\/#website\"},\"primaryImageOfPage\":{\"@id\":\"https:\\\/\\\/huion-tablet.eu\\\/sl\\\/trgovina\\\/inspiroy-rtm-500-graficna-tablica\\\/#primaryimage\"},\"image\":{\"@id\":\"https:\\\/\\\/huion-tablet.eu\\\/sl\\\/trgovina\\\/inspiroy-rtm-500-graficna-tablica\\\/#primaryimage\"},\"thumbnailUrl\":\"https:\\\/\\\/huion-tablet.eu\\\/wp-content\\\/uploads\\\/Huion-Inspiroy-RTM-500-graphics-pen-tablet.jpg\",\"datePublished\":\"2022-01-28T21:16:39+00:00\",\"dateModified\":\"2024-01-16T08:46:35+00:00\",\"description\":\"Aktivna povr\u0161ina 22,1 x 13.8 cm (8.7 x 5.4 in), 8192 nivojev pritiska, \u00b160\u00b0 nagiba (tilt), 4 nastavljive tipke in trak na dotik,\u00a0 \u010drna (cosmo black) or oran\u017ena (solar orange) barva.\",\"breadcrumb\":{\"@id\":\"https:\\\/\\\/huion-tablet.eu\\\/sl\\\/trgovina\\\/inspiroy-rtm-500-graficna-tablica\\\/#breadcrumb\"},\"inLanguage\":\"sl-SI\",\"potentialAction\":[{\"@type\":\"ReadAction\",\"target\":[\"https:\\\/\\\/huion-tablet.eu\\\/sl\\\/trgovina\\\/inspiroy-rtm-500-graficna-tablica\\\/\"]}]},{\"@type\":\"ImageObject\",\"inLanguage\":\"sl-SI\",\"@id\":\"https:\\\/\\\/huion-tablet.eu\\\/sl\\\/trgovina\\\/inspiroy-rtm-500-graficna-tablica\\\/#primaryimage\",\"url\":\"https:\\\/\\\/huion-tablet.eu\\\/wp-content\\\/uploads\\\/Huion-Inspiroy-RTM-500-graphics-pen-tablet.jpg\",\"contentUrl\":\"https:\\\/\\\/huion-tablet.eu\\\/wp-content\\\/uploads\\\/Huion-Inspiroy-RTM-500-graphics-pen-tablet.jpg\",\"width\":800,\"height\":800,\"caption\":\"Huion Inspiroy RTM-500 grafi\u010dna tablica\"},{\"@type\":\"BreadcrumbList\",\"@id\":\"https:\\\/\\\/huion-tablet.eu\\\/sl\\\/trgovina\\\/inspiroy-rtm-500-graficna-tablica\\\/#breadcrumb\",\"itemListElement\":[{\"@type\":\"ListItem\",\"position\":1,\"name\":\"Home\",\"item\":\"https:\\\/\\\/huion-tablet.eu\\\/sl\\\/graficne-tablice-zasloni-in-svetlobne-tablice\\\/\"},{\"@type\":\"ListItem\",\"position\":2,\"name\":\"Trgovina\",\"item\":\"https:\\\/\\\/huion-tablet.eu\\\/sl\\\/trgovina\\\/\"},{\"@type\":\"ListItem\",\"position\":3,\"name\":\"Inspiroy RTM-500\"}]},{\"@type\":\"WebSite\",\"@id\":\"https:\\\/\\\/huion-tablet.eu\\\/sl\\\/#website\",\"url\":\"https:\\\/\\\/huion-tablet.eu\\\/sl\\\/\",\"name\":\"HUION Slovenija EU\",\"description\":\"Graphics Tablets &amp; Pen Displays and Tracing Boards\",\"publisher\":{\"@id\":\"https:\\\/\\\/huion-tablet.eu\\\/sl\\\/#organization\"},\"potentialAction\":[{\"@type\":\"SearchAction\",\"target\":{\"@type\":\"EntryPoint\",\"urlTemplate\":\"https:\\\/\\\/huion-tablet.eu\\\/sl\\\/?s={search_term_string}\"},\"query-input\":{\"@type\":\"PropertyValueSpecification\",\"valueRequired\":true,\"valueName\":\"search_term_string\"}}],\"inLanguage\":\"sl-SI\"},{\"@type\":\"Organization\",\"@id\":\"https:\\\/\\\/huion-tablet.eu\\\/sl\\\/#organization\",\"name\":\"Huion Slovenija EU\",\"url\":\"https:\\\/\\\/huion-tablet.eu\\\/sl\\\/\",\"logo\":{\"@type\":\"ImageObject\",\"inLanguage\":\"sl-SI\",\"@id\":\"https:\\\/\\\/huion-tablet.eu\\\/sl\\\/#\\\/schema\\\/logo\\\/image\\\/\",\"url\":\"https:\\\/\\\/huion-tablet.eu\\\/wp-content\\\/uploads\\\/2017\\\/04\\\/HUION-Slovenia-Europe-logo-400x355.png\",\"contentUrl\":\"https:\\\/\\\/huion-tablet.eu\\\/wp-content\\\/uploads\\\/2017\\\/04\\\/HUION-Slovenia-Europe-logo-400x355.png\",\"width\":400,\"height\":355,\"caption\":\"Huion Slovenija EU\"},\"image\":{\"@id\":\"https:\\\/\\\/huion-tablet.eu\\\/sl\\\/#\\\/schema\\\/logo\\\/image\\\/\"},\"sameAs\":[\"https:\\\/\\\/www.facebook.com\\\/HUION.tablet.EU\"]}]}<\/script>\n<!-- \/ Yoast SEO plugin. -->","yoast_head_json":{"title":"Inspiroy RTM-500 - Huion Slovenija EU","description":"Aktivna povr\u0161ina 22,1 x 13.8 cm (8.7 x 5.4 in), 8192 nivojev pritiska, \u00b160\u00b0 nagiba (tilt), 4 nastavljive tipke in trak na dotik,\u00a0 \u010drna (cosmo black) or oran\u017ena (solar orange) barva.","robots":{"index":"index","follow":"follow","max-snippet":"max-snippet:-1","max-image-preview":"max-image-preview:large","max-video-preview":"max-video-preview:-1"},"canonical":"https:\/\/huion-tablet.eu\/sl\/trgovina\/inspiroy-rtm-500-graficna-tablica\/","og_locale":"sl_SI","og_type":"article","og_title":"Inspiroy RTM-500 - Huion Slovenija EU","og_description":"Aktivna povr\u0161ina 22,1 x 13.8 cm (8.7 x 5.4 in), 8192 nivojev pritiska, \u00b160\u00b0 nagiba (tilt), 4 nastavljive tipke in trak na dotik,\u00a0 \u010drna (cosmo black) or oran\u017ena (solar orange) barva.","og_url":"https:\/\/huion-tablet.eu\/sl\/trgovina\/inspiroy-rtm-500-graficna-tablica\/","og_site_name":"Huion Slovenija EU","article_publisher":"https:\/\/www.facebook.com\/HUION.tablet.EU","article_modified_time":"2024-01-16T08:46:35+00:00","og_image":[{"width":800,"height":800,"url":"https:\/\/huion-tablet.eu\/wp-content\/uploads\/Huion-Inspiroy-RTM-500-graphics-pen-tablet.jpg","type":"image\/jpeg"}],"twitter_card":"summary_large_image","twitter_misc":{"Est. reading time":"1 minuta"},"schema":{"@context":"https:\/\/schema.org","@graph":[{"@type":"WebPage","@id":"https:\/\/huion-tablet.eu\/sl\/trgovina\/inspiroy-rtm-500-graficna-tablica\/","url":"https:\/\/huion-tablet.eu\/sl\/trgovina\/inspiroy-rtm-500-graficna-tablica\/","name":"Inspiroy RTM-500 - Huion Slovenija EU","isPartOf":{"@id":"https:\/\/huion-tablet.eu\/sl\/#website"},"primaryImageOfPage":{"@id":"https:\/\/huion-tablet.eu\/sl\/trgovina\/inspiroy-rtm-500-graficna-tablica\/#primaryimage"},"image":{"@id":"https:\/\/huion-tablet.eu\/sl\/trgovina\/inspiroy-rtm-500-graficna-tablica\/#primaryimage"},"thumbnailUrl":"https:\/\/huion-tablet.eu\/wp-content\/uploads\/Huion-Inspiroy-RTM-500-graphics-pen-tablet.jpg","datePublished":"2022-01-28T21:16:39+00:00","dateModified":"2024-01-16T08:46:35+00:00","description":"Aktivna povr\u0161ina 22,1 x 13.8 cm (8.7 x 5.4 in), 8192 nivojev pritiska, \u00b160\u00b0 nagiba (tilt), 4 nastavljive tipke in trak na dotik,\u00a0 \u010drna (cosmo black) or oran\u017ena (solar orange) barva.","breadcrumb":{"@id":"https:\/\/huion-tablet.eu\/sl\/trgovina\/inspiroy-rtm-500-graficna-tablica\/#breadcrumb"},"inLanguage":"sl-SI","potentialAction":[{"@type":"ReadAction","target":["https:\/\/huion-tablet.eu\/sl\/trgovina\/inspiroy-rtm-500-graficna-tablica\/"]}]},{"@type":"ImageObject","inLanguage":"sl-SI","@id":"https:\/\/huion-tablet.eu\/sl\/trgovina\/inspiroy-rtm-500-graficna-tablica\/#primaryimage","url":"https:\/\/huion-tablet.eu\/wp-content\/uploads\/Huion-Inspiroy-RTM-500-graphics-pen-tablet.jpg","contentUrl":"https:\/\/huion-tablet.eu\/wp-content\/uploads\/Huion-Inspiroy-RTM-500-graphics-pen-tablet.jpg","width":800,"height":800,"caption":"Huion Inspiroy RTM-500 grafi\u010dna tablica"},{"@type":"BreadcrumbList","@id":"https:\/\/huion-tablet.eu\/sl\/trgovina\/inspiroy-rtm-500-graficna-tablica\/#breadcrumb","itemListElement":[{"@type":"ListItem","position":1,"name":"Home","item":"https:\/\/huion-tablet.eu\/sl\/graficne-tablice-zasloni-in-svetlobne-tablice\/"},{"@type":"ListItem","position":2,"name":"Trgovina","item":"https:\/\/huion-tablet.eu\/sl\/trgovina\/"},{"@type":"ListItem","position":3,"name":"Inspiroy RTM-500"}]},{"@type":"WebSite","@id":"https:\/\/huion-tablet.eu\/sl\/#website","url":"https:\/\/huion-tablet.eu\/sl\/","name":"HUION Slovenija EU","description":"Graphics Tablets &amp; Pen Displays and Tracing Boards","publisher":{"@id":"https:\/\/huion-tablet.eu\/sl\/#organization"},"potentialAction":[{"@type":"SearchAction","target":{"@type":"EntryPoint","urlTemplate":"https:\/\/huion-tablet.eu\/sl\/?s={search_term_string}"},"query-input":{"@type":"PropertyValueSpecification","valueRequired":true,"valueName":"search_term_string"}}],"inLanguage":"sl-SI"},{"@type":"Organization","@id":"https:\/\/huion-tablet.eu\/sl\/#organization","name":"Huion Slovenija EU","url":"https:\/\/huion-tablet.eu\/sl\/","logo":{"@type":"ImageObject","inLanguage":"sl-SI","@id":"https:\/\/huion-tablet.eu\/sl\/#\/schema\/logo\/image\/","url":"https:\/\/huion-tablet.eu\/wp-content\/uploads\/2017\/04\/HUION-Slovenia-Europe-logo-400x355.png","contentUrl":"https:\/\/huion-tablet.eu\/wp-content\/uploads\/2017\/04\/HUION-Slovenia-Europe-logo-400x355.png","width":400,"height":355,"caption":"Huion Slovenija EU"},"image":{"@id":"https:\/\/huion-tablet.eu\/sl\/#\/schema\/logo\/image\/"},"sameAs":["https:\/\/www.facebook.com\/HUION.tablet.EU"]}]}},"_links":{"self":[{"href":"https:\/\/huion-tablet.eu\/sl\/wp-json\/wp\/v2\/product\/10492","targetHints":{"allow":["GET"]}}],"collection":[{"href":"https:\/\/huion-tablet.eu\/sl\/wp-json\/wp\/v2\/product"}],"about":[{"href":"https:\/\/huion-tablet.eu\/sl\/wp-json\/wp\/v2\/types\/product"}],"wp:featuredmedia":[{"embeddable":true,"href":"https:\/\/huion-tablet.eu\/sl\/wp-json\/wp\/v2\/media\/10512"}],"wp:attachment":[{"href":"https:\/\/huion-tablet.eu\/sl\/wp-json\/wp\/v2\/media?parent=10492"}],"wp:term":[{"taxonomy":"product_brand","embeddable":true,"href":"https:\/\/huion-tablet.eu\/sl\/wp-json\/wp\/v2\/product_brand?post=10492"},{"taxonomy":"product_cat","embeddable":true,"href":"https:\/\/huion-tablet.eu\/sl\/wp-json\/wp\/v2\/product_cat?post=10492"},{"taxonomy":"product_tag","embeddable":true,"href":"https:\/\/huion-tablet.eu\/sl\/wp-json\/wp\/v2\/product_tag?post=10492"}],"curies":[{"name":"wp","href":"https:\/\/api.w.org\/{rel}","templated":true}]}}