{"id":10615,"date":"2022-03-29T13:15:51","date_gmt":"2022-03-29T11:15:51","guid":{"rendered":"https:\/\/huion-tablet.eu\/?post_type=product&#038;p=10615"},"modified":"2024-06-07T07:35:08","modified_gmt":"2024-06-07T05:35:08","slug":"inspiroy-rte-100-graficna-tablica","status":"publish","type":"product","link":"https:\/\/huion-tablet.eu\/sl\/trgovina\/inspiroy-rte-100-graficna-tablica\/","title":{"rendered":"Inspiroy RTE-100"},"content":{"rendered":"<p><img loading=\"lazy\" decoding=\"async\" class=\"size-full wp-image-11997\" src=\"https:\/\/huion-tablet.eu\/wp-content\/uploads\/RTE-100-drawing-on-notebook.webp\" alt=\"Drawing with RTE-100 on notebook\" width=\"1400\" height=\"780\" srcset=\"https:\/\/huion-tablet.eu\/wp-content\/uploads\/RTE-100-drawing-on-notebook.webp 1400w, https:\/\/huion-tablet.eu\/wp-content\/uploads\/RTE-100-drawing-on-notebook-247x138.webp 247w, https:\/\/huion-tablet.eu\/wp-content\/uploads\/RTE-100-drawing-on-notebook-510x284.webp 510w, https:\/\/huion-tablet.eu\/wp-content\/uploads\/RTE-100-drawing-on-notebook-300x167.webp 300w, https:\/\/huion-tablet.eu\/wp-content\/uploads\/RTE-100-drawing-on-notebook-1024x571.webp 1024w, https:\/\/huion-tablet.eu\/wp-content\/uploads\/RTE-100-drawing-on-notebook-768x428.webp 768w\" sizes=\"auto, (max-width: 1400px) 100vw, 1400px\" \/><\/p>\n<h2>Grafi\u010dna tablica Huion Inspiroy RTE-100<\/h2>\n<p>Majhna 185.7 x 138.2 x 6.3mm , lahka 150g in enostavna za prena\u0161anje.<br \/>\nLahko jo uporabljate tudi za risanje in pisanje na Android telefonu!<br \/>\n<img loading=\"lazy\" decoding=\"async\" class=\"size-full wp-image-11999\" src=\"https:\/\/huion-tablet.eu\/wp-content\/uploads\/RTE-100-drawing-on-smartphone.webp\" alt=\"RTE-100 drawing on smartphone\" width=\"1400\" height=\"780\" srcset=\"https:\/\/huion-tablet.eu\/wp-content\/uploads\/RTE-100-drawing-on-smartphone.webp 1400w, https:\/\/huion-tablet.eu\/wp-content\/uploads\/RTE-100-drawing-on-smartphone-247x138.webp 247w, https:\/\/huion-tablet.eu\/wp-content\/uploads\/RTE-100-drawing-on-smartphone-510x284.webp 510w, https:\/\/huion-tablet.eu\/wp-content\/uploads\/RTE-100-drawing-on-smartphone-300x167.webp 300w, https:\/\/huion-tablet.eu\/wp-content\/uploads\/RTE-100-drawing-on-smartphone-1024x571.webp 1024w, https:\/\/huion-tablet.eu\/wp-content\/uploads\/RTE-100-drawing-on-smartphone-768x428.webp 768w\" sizes=\"auto, (max-width: 1400px) 100vw, 1400px\" \/><\/p>\n<h3>Stilski design, visoka zmogljivost<\/h3>\n<p>Poleg obi\u010dajne \u010drne barve &#8211; Cosmo Black, smo dodali novo, belo &#8211; Ivory White &#8211; barvo.<\/p>\n<p>Povr\u0161ina z zvezdnim vzorcem poleg bolj modernega videza prina\u0161a tudi la\u017eje pozicioniranje kurzorja in peresa. Poleg tega nova povr\u0161ina \u0161e bolje prepre\u010duje prstne odtise<\/p>\n<h3>Tipke za bli\u017enjice in trak na dotik<\/h3>\n<p>Za hitrej\u0161e in la\u017eje ustvarjanje z grafi\u010dno tablico RTE-100 smo 4 tipke na dotik. Vsako tipko lahko nastavite glede na svoje potrebe in \u017eelje in s tem pohitrite svoje delo.<\/p>\n<figure id=\"attachment_10622\" aria-describedby=\"caption-attachment-10622\" style=\"width: 1200px\" class=\"wp-caption aligncenter\"><img loading=\"lazy\" decoding=\"async\" class=\"wp-image-10622 size-full\" src=\"https:\/\/huion-tablet.eu\/wp-content\/uploads\/Shortcuts-Increase-your-efficiency.png\" alt=\"Tipke na dotik za blji\u017enice\" width=\"1200\" height=\"321\" srcset=\"https:\/\/huion-tablet.eu\/wp-content\/uploads\/Shortcuts-Increase-your-efficiency.png 1200w, https:\/\/huion-tablet.eu\/wp-content\/uploads\/Shortcuts-Increase-your-efficiency-247x66.png 247w, https:\/\/huion-tablet.eu\/wp-content\/uploads\/Shortcuts-Increase-your-efficiency-510x136.png 510w, https:\/\/huion-tablet.eu\/wp-content\/uploads\/Shortcuts-Increase-your-efficiency-300x80.png 300w, https:\/\/huion-tablet.eu\/wp-content\/uploads\/Shortcuts-Increase-your-efficiency-1024x274.png 1024w, https:\/\/huion-tablet.eu\/wp-content\/uploads\/Shortcuts-Increase-your-efficiency-768x205.png 768w, https:\/\/huion-tablet.eu\/wp-content\/uploads\/Shortcuts-Increase-your-efficiency-416x111.png 416w\" sizes=\"auto, (max-width: 1200px) 100vw, 1200px\" \/><figcaption id=\"caption-attachment-10622\" class=\"wp-caption-text\">Tipke na dotik za blji\u017enice<\/figcaption><\/figure>\n<h3>Navdih v va\u0161ih rokah<\/h3>\n<p>Brez-baterijsko digitalno pero PW400 z novim designom ima tanko in vzdr\u017eljivo konico za zagotavljanje ve\u010dje stabilnosti in bolj\u0161ega ob\u010dutka pri risanju. Podpira 8192 nivojev pritiska, resolucijo 5080 LPI in zaznavo \u00b160\u00b0 nagiba (tilt) za zagotavljanje naravnega risanja in pisanja.<\/p>\n<h3>Za desni\u010darje in levi\u010darje<\/h3>\n<p>Grafi\u010dno tablico RTE-100 ima tipke na vrhu in je primerna tako za levi\u010darje kot desni\u010darje.<\/p>\n<h3>Enostavna za prena\u0161anje<\/h3>\n<p>Z debelino samo 6,3mm in te\u017eo 150g je RTE-100 lahka in enostavna za prena\u0161anje. .<\/p>\n<h3>Kompatibilnost<\/h3>\n<p><strong> Windows 7 ali novej\u0161i, MAC OS X 10.12ali novej\u0161i in Android 6.0 ali novej\u0161i.<\/strong><br \/>\nPodprti so vsi popularni ustvarjalni programi kot so Adobe Photoshop, Adobe Illustrator, Adobe Lightroom, Affinity Photo, Affinity Designer, Gimp, Krita ter mnogi drugi.<\/p>\n<h3>V paketu<\/h3>\n<ul>\n<li>Huion Inspiroy RTE-100 grafi\u010dna tablica<\/li>\n<li>brez-baterijsko pero PW400<\/li>\n<li>stojalo za pero PH03 z 10 nadomestnimi konicami PN04 v notranjosti<\/li>\n<li>USB-C na USB-A kabel<\/li>\n<li>Quick Start Guide<\/li>\n<\/ul>\n","protected":false},"excerpt":{"rendered":"<p>Aktivna povr\u0161ina 12 x 7,6 cm,\u00a0 brez-baterijsko pero, 8192 nivojev pritiska, 4 nastavljive tipke, \u010drna &#8211; cosmo black ali bela &#8211; ivory white.<\/p>\n","protected":false},"featured_media":10637,"template":"","meta":[],"product_brand":[],"product_cat":[183],"product_tag":[],"class_list":{"0":"post-10615","1":"product","2":"type-product","3":"status-publish","4":"has-post-thumbnail","6":"product_cat-graficne-tablice","7":"product_shipping_class-5dkg-sl","9":"first","10":"outofstock","11":"taxable","12":"shipping-taxable","13":"purchasable","14":"product-type-variable"},"yoast_head":"<!-- This site is optimized with the Yoast SEO plugin v27.5 - https:\/\/yoast.com\/product\/yoast-seo-wordpress\/ -->\n<title>Inspiroy RTE-100 - Huion Slovenija EU<\/title>\n<meta name=\"description\" content=\"Aktivna povr\u0161ina 12 x 7,6 cm,\u00a0 brez-baterijsko pero, 8192 nivojev pritiska, 4 nastavljive tipke, \u010drna - cosmo black ali bela - ivory white.\" \/>\n<meta name=\"robots\" content=\"index, follow, max-snippet:-1, max-image-preview:large, max-video-preview:-1\" \/>\n<link rel=\"canonical\" href=\"https:\/\/huion-tablet.eu\/sl\/trgovina\/inspiroy-rte-100-graficna-tablica\/\" \/>\n<meta property=\"og:locale\" content=\"sl_SI\" \/>\n<meta property=\"og:type\" content=\"article\" \/>\n<meta property=\"og:title\" content=\"Inspiroy RTE-100 - Huion Slovenija EU\" \/>\n<meta property=\"og:description\" content=\"Aktivna povr\u0161ina 12 x 7,6 cm,\u00a0 brez-baterijsko pero, 8192 nivojev pritiska, 4 nastavljive tipke, \u010drna - cosmo black ali bela - ivory white.\" \/>\n<meta property=\"og:url\" content=\"https:\/\/huion-tablet.eu\/sl\/trgovina\/inspiroy-rte-100-graficna-tablica\/\" \/>\n<meta property=\"og:site_name\" content=\"Huion Slovenija EU\" \/>\n<meta property=\"article:publisher\" content=\"https:\/\/www.facebook.com\/HUION.tablet.EU\" \/>\n<meta property=\"article:modified_time\" content=\"2024-06-07T05:35:08+00:00\" \/>\n<meta property=\"og:image\" content=\"https:\/\/huion-tablet.eu\/wp-content\/uploads\/Huion-RTE-100-pen-tablet.jpg\" \/>\n\t<meta property=\"og:image:width\" content=\"800\" \/>\n\t<meta property=\"og:image:height\" content=\"800\" \/>\n\t<meta property=\"og:image:type\" content=\"image\/jpeg\" \/>\n<meta name=\"twitter:card\" content=\"summary_large_image\" \/>\n<meta name=\"twitter:label1\" content=\"Est. reading time\" \/>\n\t<meta name=\"twitter:data1\" content=\"1 minuta\" \/>\n<script type=\"application\/ld+json\" class=\"yoast-schema-graph\">{\"@context\":\"https:\\\/\\\/schema.org\",\"@graph\":[{\"@type\":\"WebPage\",\"@id\":\"https:\\\/\\\/huion-tablet.eu\\\/sl\\\/trgovina\\\/inspiroy-rte-100-graficna-tablica\\\/\",\"url\":\"https:\\\/\\\/huion-tablet.eu\\\/sl\\\/trgovina\\\/inspiroy-rte-100-graficna-tablica\\\/\",\"name\":\"Inspiroy RTE-100 - Huion Slovenija EU\",\"isPartOf\":{\"@id\":\"https:\\\/\\\/huion-tablet.eu\\\/sl\\\/#website\"},\"primaryImageOfPage\":{\"@id\":\"https:\\\/\\\/huion-tablet.eu\\\/sl\\\/trgovina\\\/inspiroy-rte-100-graficna-tablica\\\/#primaryimage\"},\"image\":{\"@id\":\"https:\\\/\\\/huion-tablet.eu\\\/sl\\\/trgovina\\\/inspiroy-rte-100-graficna-tablica\\\/#primaryimage\"},\"thumbnailUrl\":\"https:\\\/\\\/huion-tablet.eu\\\/wp-content\\\/uploads\\\/Huion-RTE-100-pen-tablet.jpg\",\"datePublished\":\"2022-03-29T11:15:51+00:00\",\"dateModified\":\"2024-06-07T05:35:08+00:00\",\"description\":\"Aktivna povr\u0161ina 12 x 7,6 cm,\u00a0 brez-baterijsko pero, 8192 nivojev pritiska, 4 nastavljive tipke, \u010drna - cosmo black ali bela - ivory white.\",\"breadcrumb\":{\"@id\":\"https:\\\/\\\/huion-tablet.eu\\\/sl\\\/trgovina\\\/inspiroy-rte-100-graficna-tablica\\\/#breadcrumb\"},\"inLanguage\":\"sl-SI\",\"potentialAction\":[{\"@type\":\"ReadAction\",\"target\":[\"https:\\\/\\\/huion-tablet.eu\\\/sl\\\/trgovina\\\/inspiroy-rte-100-graficna-tablica\\\/\"]}]},{\"@type\":\"ImageObject\",\"inLanguage\":\"sl-SI\",\"@id\":\"https:\\\/\\\/huion-tablet.eu\\\/sl\\\/trgovina\\\/inspiroy-rte-100-graficna-tablica\\\/#primaryimage\",\"url\":\"https:\\\/\\\/huion-tablet.eu\\\/wp-content\\\/uploads\\\/Huion-RTE-100-pen-tablet.jpg\",\"contentUrl\":\"https:\\\/\\\/huion-tablet.eu\\\/wp-content\\\/uploads\\\/Huion-RTE-100-pen-tablet.jpg\",\"width\":800,\"height\":800,\"caption\":\"Huion RTE-100 grafi\u010dna tablica\"},{\"@type\":\"BreadcrumbList\",\"@id\":\"https:\\\/\\\/huion-tablet.eu\\\/sl\\\/trgovina\\\/inspiroy-rte-100-graficna-tablica\\\/#breadcrumb\",\"itemListElement\":[{\"@type\":\"ListItem\",\"position\":1,\"name\":\"Home\",\"item\":\"https:\\\/\\\/huion-tablet.eu\\\/sl\\\/graficne-tablice-zasloni-in-svetlobne-tablice\\\/\"},{\"@type\":\"ListItem\",\"position\":2,\"name\":\"Trgovina\",\"item\":\"https:\\\/\\\/huion-tablet.eu\\\/sl\\\/trgovina\\\/\"},{\"@type\":\"ListItem\",\"position\":3,\"name\":\"Inspiroy RTE-100\"}]},{\"@type\":\"WebSite\",\"@id\":\"https:\\\/\\\/huion-tablet.eu\\\/sl\\\/#website\",\"url\":\"https:\\\/\\\/huion-tablet.eu\\\/sl\\\/\",\"name\":\"HUION Slovenija EU\",\"description\":\"Graphics Tablets &amp; Pen Displays and Tracing Boards\",\"publisher\":{\"@id\":\"https:\\\/\\\/huion-tablet.eu\\\/sl\\\/#organization\"},\"potentialAction\":[{\"@type\":\"SearchAction\",\"target\":{\"@type\":\"EntryPoint\",\"urlTemplate\":\"https:\\\/\\\/huion-tablet.eu\\\/sl\\\/?s={search_term_string}\"},\"query-input\":{\"@type\":\"PropertyValueSpecification\",\"valueRequired\":true,\"valueName\":\"search_term_string\"}}],\"inLanguage\":\"sl-SI\"},{\"@type\":\"Organization\",\"@id\":\"https:\\\/\\\/huion-tablet.eu\\\/sl\\\/#organization\",\"name\":\"Huion Slovenija EU\",\"url\":\"https:\\\/\\\/huion-tablet.eu\\\/sl\\\/\",\"logo\":{\"@type\":\"ImageObject\",\"inLanguage\":\"sl-SI\",\"@id\":\"https:\\\/\\\/huion-tablet.eu\\\/sl\\\/#\\\/schema\\\/logo\\\/image\\\/\",\"url\":\"https:\\\/\\\/huion-tablet.eu\\\/wp-content\\\/uploads\\\/2017\\\/04\\\/HUION-Slovenia-Europe-logo-400x355.png\",\"contentUrl\":\"https:\\\/\\\/huion-tablet.eu\\\/wp-content\\\/uploads\\\/2017\\\/04\\\/HUION-Slovenia-Europe-logo-400x355.png\",\"width\":400,\"height\":355,\"caption\":\"Huion Slovenija EU\"},\"image\":{\"@id\":\"https:\\\/\\\/huion-tablet.eu\\\/sl\\\/#\\\/schema\\\/logo\\\/image\\\/\"},\"sameAs\":[\"https:\\\/\\\/www.facebook.com\\\/HUION.tablet.EU\"]}]}<\/script>\n<!-- \/ Yoast SEO plugin. -->","yoast_head_json":{"title":"Inspiroy RTE-100 - Huion Slovenija EU","description":"Aktivna povr\u0161ina 12 x 7,6 cm,\u00a0 brez-baterijsko pero, 8192 nivojev pritiska, 4 nastavljive tipke, \u010drna - cosmo black ali bela - ivory white.","robots":{"index":"index","follow":"follow","max-snippet":"max-snippet:-1","max-image-preview":"max-image-preview:large","max-video-preview":"max-video-preview:-1"},"canonical":"https:\/\/huion-tablet.eu\/sl\/trgovina\/inspiroy-rte-100-graficna-tablica\/","og_locale":"sl_SI","og_type":"article","og_title":"Inspiroy RTE-100 - Huion Slovenija EU","og_description":"Aktivna povr\u0161ina 12 x 7,6 cm,\u00a0 brez-baterijsko pero, 8192 nivojev pritiska, 4 nastavljive tipke, \u010drna - cosmo black ali bela - ivory white.","og_url":"https:\/\/huion-tablet.eu\/sl\/trgovina\/inspiroy-rte-100-graficna-tablica\/","og_site_name":"Huion Slovenija EU","article_publisher":"https:\/\/www.facebook.com\/HUION.tablet.EU","article_modified_time":"2024-06-07T05:35:08+00:00","og_image":[{"width":800,"height":800,"url":"https:\/\/huion-tablet.eu\/wp-content\/uploads\/Huion-RTE-100-pen-tablet.jpg","type":"image\/jpeg"}],"twitter_card":"summary_large_image","twitter_misc":{"Est. reading time":"1 minuta"},"schema":{"@context":"https:\/\/schema.org","@graph":[{"@type":"WebPage","@id":"https:\/\/huion-tablet.eu\/sl\/trgovina\/inspiroy-rte-100-graficna-tablica\/","url":"https:\/\/huion-tablet.eu\/sl\/trgovina\/inspiroy-rte-100-graficna-tablica\/","name":"Inspiroy RTE-100 - Huion Slovenija EU","isPartOf":{"@id":"https:\/\/huion-tablet.eu\/sl\/#website"},"primaryImageOfPage":{"@id":"https:\/\/huion-tablet.eu\/sl\/trgovina\/inspiroy-rte-100-graficna-tablica\/#primaryimage"},"image":{"@id":"https:\/\/huion-tablet.eu\/sl\/trgovina\/inspiroy-rte-100-graficna-tablica\/#primaryimage"},"thumbnailUrl":"https:\/\/huion-tablet.eu\/wp-content\/uploads\/Huion-RTE-100-pen-tablet.jpg","datePublished":"2022-03-29T11:15:51+00:00","dateModified":"2024-06-07T05:35:08+00:00","description":"Aktivna povr\u0161ina 12 x 7,6 cm,\u00a0 brez-baterijsko pero, 8192 nivojev pritiska, 4 nastavljive tipke, \u010drna - cosmo black ali bela - ivory white.","breadcrumb":{"@id":"https:\/\/huion-tablet.eu\/sl\/trgovina\/inspiroy-rte-100-graficna-tablica\/#breadcrumb"},"inLanguage":"sl-SI","potentialAction":[{"@type":"ReadAction","target":["https:\/\/huion-tablet.eu\/sl\/trgovina\/inspiroy-rte-100-graficna-tablica\/"]}]},{"@type":"ImageObject","inLanguage":"sl-SI","@id":"https:\/\/huion-tablet.eu\/sl\/trgovina\/inspiroy-rte-100-graficna-tablica\/#primaryimage","url":"https:\/\/huion-tablet.eu\/wp-content\/uploads\/Huion-RTE-100-pen-tablet.jpg","contentUrl":"https:\/\/huion-tablet.eu\/wp-content\/uploads\/Huion-RTE-100-pen-tablet.jpg","width":800,"height":800,"caption":"Huion RTE-100 grafi\u010dna tablica"},{"@type":"BreadcrumbList","@id":"https:\/\/huion-tablet.eu\/sl\/trgovina\/inspiroy-rte-100-graficna-tablica\/#breadcrumb","itemListElement":[{"@type":"ListItem","position":1,"name":"Home","item":"https:\/\/huion-tablet.eu\/sl\/graficne-tablice-zasloni-in-svetlobne-tablice\/"},{"@type":"ListItem","position":2,"name":"Trgovina","item":"https:\/\/huion-tablet.eu\/sl\/trgovina\/"},{"@type":"ListItem","position":3,"name":"Inspiroy RTE-100"}]},{"@type":"WebSite","@id":"https:\/\/huion-tablet.eu\/sl\/#website","url":"https:\/\/huion-tablet.eu\/sl\/","name":"HUION Slovenija EU","description":"Graphics Tablets &amp; Pen Displays and Tracing Boards","publisher":{"@id":"https:\/\/huion-tablet.eu\/sl\/#organization"},"potentialAction":[{"@type":"SearchAction","target":{"@type":"EntryPoint","urlTemplate":"https:\/\/huion-tablet.eu\/sl\/?s={search_term_string}"},"query-input":{"@type":"PropertyValueSpecification","valueRequired":true,"valueName":"search_term_string"}}],"inLanguage":"sl-SI"},{"@type":"Organization","@id":"https:\/\/huion-tablet.eu\/sl\/#organization","name":"Huion Slovenija EU","url":"https:\/\/huion-tablet.eu\/sl\/","logo":{"@type":"ImageObject","inLanguage":"sl-SI","@id":"https:\/\/huion-tablet.eu\/sl\/#\/schema\/logo\/image\/","url":"https:\/\/huion-tablet.eu\/wp-content\/uploads\/2017\/04\/HUION-Slovenia-Europe-logo-400x355.png","contentUrl":"https:\/\/huion-tablet.eu\/wp-content\/uploads\/2017\/04\/HUION-Slovenia-Europe-logo-400x355.png","width":400,"height":355,"caption":"Huion Slovenija EU"},"image":{"@id":"https:\/\/huion-tablet.eu\/sl\/#\/schema\/logo\/image\/"},"sameAs":["https:\/\/www.facebook.com\/HUION.tablet.EU"]}]}},"_links":{"self":[{"href":"https:\/\/huion-tablet.eu\/sl\/wp-json\/wp\/v2\/product\/10615","targetHints":{"allow":["GET"]}}],"collection":[{"href":"https:\/\/huion-tablet.eu\/sl\/wp-json\/wp\/v2\/product"}],"about":[{"href":"https:\/\/huion-tablet.eu\/sl\/wp-json\/wp\/v2\/types\/product"}],"wp:featuredmedia":[{"embeddable":true,"href":"https:\/\/huion-tablet.eu\/sl\/wp-json\/wp\/v2\/media\/10637"}],"wp:attachment":[{"href":"https:\/\/huion-tablet.eu\/sl\/wp-json\/wp\/v2\/media?parent=10615"}],"wp:term":[{"taxonomy":"product_brand","embeddable":true,"href":"https:\/\/huion-tablet.eu\/sl\/wp-json\/wp\/v2\/product_brand?post=10615"},{"taxonomy":"product_cat","embeddable":true,"href":"https:\/\/huion-tablet.eu\/sl\/wp-json\/wp\/v2\/product_cat?post=10615"},{"taxonomy":"product_tag","embeddable":true,"href":"https:\/\/huion-tablet.eu\/sl\/wp-json\/wp\/v2\/product_tag?post=10615"}],"curies":[{"name":"wp","href":"https:\/\/api.w.org\/{rel}","templated":true}]}}