{"id":3016,"date":"2015-03-22T11:31:03","date_gmt":"2015-03-22T10:31:03","guid":{"rendered":"https:\/\/huion-tablet.eu\/store\/w58-brezzicna-graficna-tablica\/"},"modified":"2015-03-22T11:31:03","modified_gmt":"2015-03-22T10:31:03","slug":"w58-brezzicna-graficna-tablica","status":"publish","type":"product","link":"https:\/\/huion-tablet.eu\/sl\/trgovina\/w58-brezzicna-graficna-tablica\/","title":{"rendered":"W58 brez\u017ei\u010dna grafi\u010dna tablica"},"content":{"rendered":"<h2>Brez\u017ei\u010dna grafi\u010dna tablica HUION W58<\/h2>\n<p>Nova, napredna brez\u017ei\u010dna grafi\u010dna tablica za \u0161e ve\u010d svobode pri uporabi. Domet tablice je 20m, torej ve\u010d kot dovolj za prosto gibanje in uporabo. Aktivna povr\u0161ina velikosti 8&#215;5&#8243; je za ve\u010dino uporabnikov idealna &#8211; ne prevelika, ne premajhna. Obenem je izredno natan\u010dna 5080 ppi (to\u010dk na in\u010d) in zelo odzivna 230 rps &#8211; 230 krat v sekundi se prenesejo informacije od tablice do ra\u010dunalnika. 2048 nivojev pritiska omogo\u010da natan\u010dno kontrolo debeline ali prosojnosti poteze digitalnega svin\u010dnika ali \u010dopi\u010da. Za natan\u010dno in ustvarjalno risanje, oblikovanje, skiciranje in na\u010drtovanje.<\/p>\n<p>Digitalno pero HUION je primerno tako za desni\u010darje kot za levi\u010darje. Pero lahko uporabljate tudi namesto mi\u0161ke.<\/p>\n<p>V paketu:<\/p>\n<ul>\n<li>grafi\u010dna tablica &#8211; brez\u017ei\u010dna<\/li>\n<li>USB kablel za polnjenje grafi\u010dne tablice<\/li>\n<li>pero na baterijski vlo\u017eek AAA<\/li>\n<li>stojalo za pero s 4-imi nadomestnimi konicami<\/li>\n<li>CD z gonilnikom in uporabni\u0161kimi navodili v angle\u0161\u010dini<\/li>\n<li>uporabni\u0161ka navodila v sloven\u0161\u010dini<\/li>\n<\/ul>\n","protected":false},"excerpt":{"rendered":"<p>Aktivna povr\u0161ina 20 x 13 cm\/8&#215;5 inch, 2048 nivojev pritiska, resolucija 5080 lpi.<\/p>\n","protected":false},"featured_media":3020,"template":"","meta":[],"product_brand":[],"product_cat":[183],"product_tag":[],"class_list":{"0":"post-3016","1":"product","2":"type-product","3":"status-publish","4":"has-post-thumbnail","6":"product_cat-graficne-tablice","8":"first","9":"outofstock","10":"taxable","11":"shipping-taxable","12":"purchasable","13":"product-type-simple"},"yoast_head":"<!-- This site is optimized with the Yoast SEO plugin v27.5 - https:\/\/yoast.com\/product\/yoast-seo-wordpress\/ -->\n<title>W58 brez\u017ei\u010dna grafi\u010dna tablica - Huion Slovenija EU<\/title>\n<meta name=\"description\" content=\"Aktivna povr\u0161ina 20 x 13 cm\/8x5 inch, 2048 nivojev pritiska, resolucija 5080 lpi.\" \/>\n<meta name=\"robots\" content=\"index, follow, max-snippet:-1, max-image-preview:large, max-video-preview:-1\" \/>\n<link rel=\"canonical\" href=\"https:\/\/huion-tablet.eu\/sl\/trgovina\/w58-brezzicna-graficna-tablica\/\" \/>\n<meta property=\"og:locale\" content=\"sl_SI\" \/>\n<meta property=\"og:type\" content=\"article\" \/>\n<meta property=\"og:title\" content=\"W58 brez\u017ei\u010dna grafi\u010dna tablica - Huion Slovenija EU\" \/>\n<meta property=\"og:description\" content=\"Aktivna povr\u0161ina 20 x 13 cm\/8x5 inch, 2048 nivojev pritiska, resolucija 5080 lpi.\" \/>\n<meta property=\"og:url\" content=\"https:\/\/huion-tablet.eu\/sl\/trgovina\/w58-brezzicna-graficna-tablica\/\" \/>\n<meta property=\"og:site_name\" content=\"Huion Slovenija EU\" \/>\n<meta property=\"article:publisher\" content=\"https:\/\/www.facebook.com\/HUION.tablet.EU\" \/>\n<meta property=\"og:image\" content=\"https:\/\/huion-tablet.eu\/wp-content\/uploads\/W58.jpg\" \/>\n\t<meta property=\"og:image:width\" content=\"600\" \/>\n\t<meta property=\"og:image:height\" content=\"600\" \/>\n\t<meta property=\"og:image:type\" content=\"image\/jpeg\" \/>\n<meta name=\"twitter:card\" content=\"summary_large_image\" \/>\n<meta name=\"twitter:label1\" content=\"Est. reading time\" \/>\n\t<meta name=\"twitter:data1\" content=\"1 minuta\" \/>\n<script type=\"application\/ld+json\" class=\"yoast-schema-graph\">{\"@context\":\"https:\\\/\\\/schema.org\",\"@graph\":[{\"@type\":\"WebPage\",\"@id\":\"https:\\\/\\\/huion-tablet.eu\\\/sl\\\/trgovina\\\/w58-brezzicna-graficna-tablica\\\/\",\"url\":\"https:\\\/\\\/huion-tablet.eu\\\/sl\\\/trgovina\\\/w58-brezzicna-graficna-tablica\\\/\",\"name\":\"W58 brez\u017ei\u010dna grafi\u010dna tablica - Huion Slovenija EU\",\"isPartOf\":{\"@id\":\"https:\\\/\\\/huion-tablet.eu\\\/sl\\\/#website\"},\"primaryImageOfPage\":{\"@id\":\"https:\\\/\\\/huion-tablet.eu\\\/sl\\\/trgovina\\\/w58-brezzicna-graficna-tablica\\\/#primaryimage\"},\"image\":{\"@id\":\"https:\\\/\\\/huion-tablet.eu\\\/sl\\\/trgovina\\\/w58-brezzicna-graficna-tablica\\\/#primaryimage\"},\"thumbnailUrl\":\"https:\\\/\\\/huion-tablet.eu\\\/wp-content\\\/uploads\\\/W58.jpg\",\"datePublished\":\"2015-03-22T10:31:03+00:00\",\"description\":\"Aktivna povr\u0161ina 20 x 13 cm\\\/8x5 inch, 2048 nivojev pritiska, resolucija 5080 lpi.\",\"breadcrumb\":{\"@id\":\"https:\\\/\\\/huion-tablet.eu\\\/sl\\\/trgovina\\\/w58-brezzicna-graficna-tablica\\\/#breadcrumb\"},\"inLanguage\":\"sl-SI\",\"potentialAction\":[{\"@type\":\"ReadAction\",\"target\":[\"https:\\\/\\\/huion-tablet.eu\\\/sl\\\/trgovina\\\/w58-brezzicna-graficna-tablica\\\/\"]}]},{\"@type\":\"ImageObject\",\"inLanguage\":\"sl-SI\",\"@id\":\"https:\\\/\\\/huion-tablet.eu\\\/sl\\\/trgovina\\\/w58-brezzicna-graficna-tablica\\\/#primaryimage\",\"url\":\"https:\\\/\\\/huion-tablet.eu\\\/wp-content\\\/uploads\\\/W58.jpg\",\"contentUrl\":\"https:\\\/\\\/huion-tablet.eu\\\/wp-content\\\/uploads\\\/W58.jpg\",\"width\":600,\"height\":600,\"caption\":\"HUION W58 brez\u017ei\u010dna grafi\u010dna tablica\"},{\"@type\":\"BreadcrumbList\",\"@id\":\"https:\\\/\\\/huion-tablet.eu\\\/sl\\\/trgovina\\\/w58-brezzicna-graficna-tablica\\\/#breadcrumb\",\"itemListElement\":[{\"@type\":\"ListItem\",\"position\":1,\"name\":\"Home\",\"item\":\"https:\\\/\\\/huion-tablet.eu\\\/sl\\\/graficne-tablice-zasloni-in-svetlobne-tablice\\\/\"},{\"@type\":\"ListItem\",\"position\":2,\"name\":\"Trgovina\",\"item\":\"https:\\\/\\\/huion-tablet.eu\\\/sl\\\/trgovina\\\/\"},{\"@type\":\"ListItem\",\"position\":3,\"name\":\"W58 brez\u017ei\u010dna grafi\u010dna tablica\"}]},{\"@type\":\"WebSite\",\"@id\":\"https:\\\/\\\/huion-tablet.eu\\\/sl\\\/#website\",\"url\":\"https:\\\/\\\/huion-tablet.eu\\\/sl\\\/\",\"name\":\"HUION Slovenija EU\",\"description\":\"Graphics Tablets &amp; Pen Displays and Tracing Boards\",\"publisher\":{\"@id\":\"https:\\\/\\\/huion-tablet.eu\\\/sl\\\/#organization\"},\"potentialAction\":[{\"@type\":\"SearchAction\",\"target\":{\"@type\":\"EntryPoint\",\"urlTemplate\":\"https:\\\/\\\/huion-tablet.eu\\\/sl\\\/?s={search_term_string}\"},\"query-input\":{\"@type\":\"PropertyValueSpecification\",\"valueRequired\":true,\"valueName\":\"search_term_string\"}}],\"inLanguage\":\"sl-SI\"},{\"@type\":\"Organization\",\"@id\":\"https:\\\/\\\/huion-tablet.eu\\\/sl\\\/#organization\",\"name\":\"Huion Slovenija EU\",\"url\":\"https:\\\/\\\/huion-tablet.eu\\\/sl\\\/\",\"logo\":{\"@type\":\"ImageObject\",\"inLanguage\":\"sl-SI\",\"@id\":\"https:\\\/\\\/huion-tablet.eu\\\/sl\\\/#\\\/schema\\\/logo\\\/image\\\/\",\"url\":\"https:\\\/\\\/huion-tablet.eu\\\/wp-content\\\/uploads\\\/2017\\\/04\\\/HUION-Slovenia-Europe-logo-400x355.png\",\"contentUrl\":\"https:\\\/\\\/huion-tablet.eu\\\/wp-content\\\/uploads\\\/2017\\\/04\\\/HUION-Slovenia-Europe-logo-400x355.png\",\"width\":400,\"height\":355,\"caption\":\"Huion Slovenija EU\"},\"image\":{\"@id\":\"https:\\\/\\\/huion-tablet.eu\\\/sl\\\/#\\\/schema\\\/logo\\\/image\\\/\"},\"sameAs\":[\"https:\\\/\\\/www.facebook.com\\\/HUION.tablet.EU\"]}]}<\/script>\n<!-- \/ Yoast SEO plugin. -->","yoast_head_json":{"title":"W58 brez\u017ei\u010dna grafi\u010dna tablica - Huion Slovenija EU","description":"Aktivna povr\u0161ina 20 x 13 cm\/8x5 inch, 2048 nivojev pritiska, resolucija 5080 lpi.","robots":{"index":"index","follow":"follow","max-snippet":"max-snippet:-1","max-image-preview":"max-image-preview:large","max-video-preview":"max-video-preview:-1"},"canonical":"https:\/\/huion-tablet.eu\/sl\/trgovina\/w58-brezzicna-graficna-tablica\/","og_locale":"sl_SI","og_type":"article","og_title":"W58 brez\u017ei\u010dna grafi\u010dna tablica - Huion Slovenija EU","og_description":"Aktivna povr\u0161ina 20 x 13 cm\/8x5 inch, 2048 nivojev pritiska, resolucija 5080 lpi.","og_url":"https:\/\/huion-tablet.eu\/sl\/trgovina\/w58-brezzicna-graficna-tablica\/","og_site_name":"Huion Slovenija EU","article_publisher":"https:\/\/www.facebook.com\/HUION.tablet.EU","og_image":[{"width":600,"height":600,"url":"https:\/\/huion-tablet.eu\/wp-content\/uploads\/W58.jpg","type":"image\/jpeg"}],"twitter_card":"summary_large_image","twitter_misc":{"Est. reading time":"1 minuta"},"schema":{"@context":"https:\/\/schema.org","@graph":[{"@type":"WebPage","@id":"https:\/\/huion-tablet.eu\/sl\/trgovina\/w58-brezzicna-graficna-tablica\/","url":"https:\/\/huion-tablet.eu\/sl\/trgovina\/w58-brezzicna-graficna-tablica\/","name":"W58 brez\u017ei\u010dna grafi\u010dna tablica - Huion Slovenija EU","isPartOf":{"@id":"https:\/\/huion-tablet.eu\/sl\/#website"},"primaryImageOfPage":{"@id":"https:\/\/huion-tablet.eu\/sl\/trgovina\/w58-brezzicna-graficna-tablica\/#primaryimage"},"image":{"@id":"https:\/\/huion-tablet.eu\/sl\/trgovina\/w58-brezzicna-graficna-tablica\/#primaryimage"},"thumbnailUrl":"https:\/\/huion-tablet.eu\/wp-content\/uploads\/W58.jpg","datePublished":"2015-03-22T10:31:03+00:00","description":"Aktivna povr\u0161ina 20 x 13 cm\/8x5 inch, 2048 nivojev pritiska, resolucija 5080 lpi.","breadcrumb":{"@id":"https:\/\/huion-tablet.eu\/sl\/trgovina\/w58-brezzicna-graficna-tablica\/#breadcrumb"},"inLanguage":"sl-SI","potentialAction":[{"@type":"ReadAction","target":["https:\/\/huion-tablet.eu\/sl\/trgovina\/w58-brezzicna-graficna-tablica\/"]}]},{"@type":"ImageObject","inLanguage":"sl-SI","@id":"https:\/\/huion-tablet.eu\/sl\/trgovina\/w58-brezzicna-graficna-tablica\/#primaryimage","url":"https:\/\/huion-tablet.eu\/wp-content\/uploads\/W58.jpg","contentUrl":"https:\/\/huion-tablet.eu\/wp-content\/uploads\/W58.jpg","width":600,"height":600,"caption":"HUION W58 brez\u017ei\u010dna grafi\u010dna tablica"},{"@type":"BreadcrumbList","@id":"https:\/\/huion-tablet.eu\/sl\/trgovina\/w58-brezzicna-graficna-tablica\/#breadcrumb","itemListElement":[{"@type":"ListItem","position":1,"name":"Home","item":"https:\/\/huion-tablet.eu\/sl\/graficne-tablice-zasloni-in-svetlobne-tablice\/"},{"@type":"ListItem","position":2,"name":"Trgovina","item":"https:\/\/huion-tablet.eu\/sl\/trgovina\/"},{"@type":"ListItem","position":3,"name":"W58 brez\u017ei\u010dna grafi\u010dna tablica"}]},{"@type":"WebSite","@id":"https:\/\/huion-tablet.eu\/sl\/#website","url":"https:\/\/huion-tablet.eu\/sl\/","name":"HUION Slovenija EU","description":"Graphics Tablets &amp; Pen Displays and Tracing Boards","publisher":{"@id":"https:\/\/huion-tablet.eu\/sl\/#organization"},"potentialAction":[{"@type":"SearchAction","target":{"@type":"EntryPoint","urlTemplate":"https:\/\/huion-tablet.eu\/sl\/?s={search_term_string}"},"query-input":{"@type":"PropertyValueSpecification","valueRequired":true,"valueName":"search_term_string"}}],"inLanguage":"sl-SI"},{"@type":"Organization","@id":"https:\/\/huion-tablet.eu\/sl\/#organization","name":"Huion Slovenija EU","url":"https:\/\/huion-tablet.eu\/sl\/","logo":{"@type":"ImageObject","inLanguage":"sl-SI","@id":"https:\/\/huion-tablet.eu\/sl\/#\/schema\/logo\/image\/","url":"https:\/\/huion-tablet.eu\/wp-content\/uploads\/2017\/04\/HUION-Slovenia-Europe-logo-400x355.png","contentUrl":"https:\/\/huion-tablet.eu\/wp-content\/uploads\/2017\/04\/HUION-Slovenia-Europe-logo-400x355.png","width":400,"height":355,"caption":"Huion Slovenija EU"},"image":{"@id":"https:\/\/huion-tablet.eu\/sl\/#\/schema\/logo\/image\/"},"sameAs":["https:\/\/www.facebook.com\/HUION.tablet.EU"]}]}},"_links":{"self":[{"href":"https:\/\/huion-tablet.eu\/sl\/wp-json\/wp\/v2\/product\/3016","targetHints":{"allow":["GET"]}}],"collection":[{"href":"https:\/\/huion-tablet.eu\/sl\/wp-json\/wp\/v2\/product"}],"about":[{"href":"https:\/\/huion-tablet.eu\/sl\/wp-json\/wp\/v2\/types\/product"}],"wp:featuredmedia":[{"embeddable":true,"href":"https:\/\/huion-tablet.eu\/sl\/wp-json\/wp\/v2\/media\/3020"}],"wp:attachment":[{"href":"https:\/\/huion-tablet.eu\/sl\/wp-json\/wp\/v2\/media?parent=3016"}],"wp:term":[{"taxonomy":"product_brand","embeddable":true,"href":"https:\/\/huion-tablet.eu\/sl\/wp-json\/wp\/v2\/product_brand?post=3016"},{"taxonomy":"product_cat","embeddable":true,"href":"https:\/\/huion-tablet.eu\/sl\/wp-json\/wp\/v2\/product_cat?post=3016"},{"taxonomy":"product_tag","embeddable":true,"href":"https:\/\/huion-tablet.eu\/sl\/wp-json\/wp\/v2\/product_tag?post=3016"}],"curies":[{"name":"wp","href":"https:\/\/api.w.org\/{rel}","templated":true}]}}