{"id":3034,"date":"2017-02-24T10:08:35","date_gmt":"2017-02-24T09:08:35","guid":{"rendered":"https:\/\/huion-tablet.eu\/store\/kamvas-gt-156hd-pen-display-graficen-zaslon\/"},"modified":"2019-10-09T21:46:30","modified_gmt":"2019-10-09T19:46:30","slug":"kamvas-gt-156hd-pen-display-graficen-zaslon","status":"publish","type":"product","link":"https:\/\/huion-tablet.eu\/sl\/trgovina\/kamvas-gt-156hd-pen-display-graficen-zaslon\/","title":{"rendered":"KAMVAS GT-156HD Pen Display"},"content":{"rendered":"<h2>Grafi\u010den zaslon HUION KAMVAS GT-156HD Pen Display<\/h2>\n<p>Intuitiven grafi\u010den zaslon za naravno izku\u0161njo pri ustvarjanju. Visoka resolucija monitorja 1920 x 1080 to\u010dk natan\u010dno prika\u017ee va\u0161 izdelek.<\/p>\n<h3>Modern design v tankem ohi\u0161ju<\/h3>\n<p>15.6&#8243; Pen Dispay monitor je tanj\u0161i od 15mm in tehta samo 1,5 kg. Velikost je primerna za prena\u0161anje in obenem dovolj velika za vsakodnevno profesionalno uporabo v va\u0161em studiu.<\/p>\n<h3>Trije kabli v enem<\/h3>\n<p>Kabel, izdelan posebej za GT-156HD, zdru\u017euje 3 kable v enem: HDMI, napajanje in USB. Tako se znebite zme\u0161njave s kabli na va\u0161i mizi.<\/p>\n<h3>Digitalno pero PE330<\/h3>\n<p>KAMVAS GT-156HD prina\u0161a novo digitalno pero &#8211; PE330. Lahko in prijetno za uporabo z zaznavanjem 2048 nivojev pritiska. Digitalno pero PE330 omogo\u010da natan\u010dno uravnavanje debeline in prosojnosti krivulje, \u010drte ali povr\u0161ine.<\/p>\n<h3>Nastavljivo stojalo<\/h3>\n<p>Izdelano posebej za Huion GT-156HD. Poljubno si nastavite kot nagiba zaslona, monitor pa lahko uporabljate tudi brez stojala.<\/p>\n<h3>Nastavljive hitre tipke<\/h3>\n<p>14 nastavljivih tipk in namenska povr\u0161ina ob\u010dutljiva na dotik prina\u0161ajo ve\u010d zadovoljstva pri ustvarjanju in pove\u010dajo va\u0161o u\u010dinkovitost.<\/p>\n<h3>Za\u0161\u010dita proti ble\u0161\u010danju &#8211; Anti-Glare<\/h3>\n<p>Posebej obdelano steklo z za\u0161\u010ditnim slojem proti proti ble\u0161\u010danju omogo\u010da naraven ob\u010dutek pri uporabi &#8211; kot bi risali na papir.<\/p>\n<h3>Kompatibilnost<\/h3>\n<p>Operacijski sistemi: Windows 10\/8\/7\/Vista\/XP\/2000, Mac OS X10.11.0 in novej\u0161i.<br \/>\nProgrami: vsi pogosto uporabljani programi in \u0161e ve\u010d.<\/p>\n<h3>Gonilnik<\/h3>\n<p>Gonilnik si lahko nalo\u017eite s strani <a href=\"https:\/\/www.huiontablet.com\/support\/\" target=\"_blank\" rel=\"noopener noreferrer\">Huion support page<\/a>.<\/p>\n<h3>V paketu<\/h3>\n<ul>\n<li>grafi\u010den zaslon GT-156HD Pen Display<\/li>\n<li>digitalno pero PPE330 z USB kablom za polnjenje<\/li>\n<li>3-in-1 kabel<\/li>\n<li>napajalnik<\/li>\n<li>stojalo<\/li>\n<li>\u0161katla za pero s \u0161\u010dipalko za menjavo konic in 8 nadomestnimi konicami<\/li>\n<li>\u010distilna krpica<\/li>\n<li>Quick Start Guide<\/li>\n<\/ul>\n","protected":false},"excerpt":{"rendered":"<p>Grafi\u010den zaslon, 15.6&#8243; Full HD 1920&#215;1080 LCD IPS monitor, 2048 nivojev pritiska peresa, natan\u010dnost 5080 lpi, odzivnost 220 rps, nastavljivo stojalo, 14 hitrih tipk in namenska povr\u0161ina ob\u010dutljiva na dotik.<\/p>\n","protected":false},"featured_media":3042,"template":"","meta":[],"product_brand":[],"product_cat":[204,383],"product_tag":[],"class_list":{"0":"post-3034","1":"product","2":"type-product","3":"status-publish","4":"has-post-thumbnail","6":"product_cat-graficni-zasloni-pen-displays","7":"product_cat-uncategorized","8":"product_shipping_class-10kg-sl","10":"first","11":"outofstock","12":"taxable","13":"shipping-taxable","14":"purchasable","15":"product-type-simple"},"yoast_head":"<!-- This site is optimized with the Yoast SEO plugin v27.5 - https:\/\/yoast.com\/product\/yoast-seo-wordpress\/ -->\n<title>KAMVAS GT-156HD Pen Display - Huion Slovenija EU<\/title>\n<meta name=\"description\" content=\"Grafi\u010den zaslon, 15.6&quot; Full HD 1920x1080 LCD IPS monitor, 2048 nivojev pritiska peresa, natan\u010dnost 5080 lpi, odzivnost 220 rps, nastavljivo stojalo, 14 hitrih tipk in namenska povr\u0161ina ob\u010dutljiva na dotik.\" \/>\n<meta name=\"robots\" content=\"index, follow, max-snippet:-1, max-image-preview:large, max-video-preview:-1\" \/>\n<link rel=\"canonical\" href=\"https:\/\/huion-tablet.eu\/sl\/trgovina\/kamvas-gt-156hd-pen-display-graficen-zaslon\/\" \/>\n<meta property=\"og:locale\" content=\"sl_SI\" \/>\n<meta property=\"og:type\" content=\"article\" \/>\n<meta property=\"og:title\" content=\"KAMVAS GT-156HD Pen Display - Huion Slovenija EU\" \/>\n<meta property=\"og:description\" content=\"Grafi\u010den zaslon, 15.6&quot; Full HD 1920x1080 LCD IPS monitor, 2048 nivojev pritiska peresa, natan\u010dnost 5080 lpi, odzivnost 220 rps, nastavljivo stojalo, 14 hitrih tipk in namenska povr\u0161ina ob\u010dutljiva na dotik.\" \/>\n<meta property=\"og:url\" content=\"https:\/\/huion-tablet.eu\/sl\/trgovina\/kamvas-gt-156hd-pen-display-graficen-zaslon\/\" \/>\n<meta property=\"og:site_name\" content=\"Huion Slovenija EU\" \/>\n<meta property=\"article:publisher\" content=\"https:\/\/www.facebook.com\/HUION.tablet.EU\" \/>\n<meta property=\"article:modified_time\" content=\"2019-10-09T19:46:30+00:00\" \/>\n<meta property=\"og:image\" content=\"https:\/\/huion-tablet.eu\/wp-content\/uploads\/GT-156-HD-Pen-Display-HUION.jpg\" \/>\n\t<meta property=\"og:image:width\" content=\"1200\" \/>\n\t<meta property=\"og:image:height\" content=\"1200\" \/>\n\t<meta property=\"og:image:type\" content=\"image\/jpeg\" \/>\n<meta name=\"twitter:card\" content=\"summary_large_image\" \/>\n<meta name=\"twitter:label1\" content=\"Est. reading time\" \/>\n\t<meta name=\"twitter:data1\" content=\"1 minuta\" \/>\n<script type=\"application\/ld+json\" class=\"yoast-schema-graph\">{\"@context\":\"https:\\\/\\\/schema.org\",\"@graph\":[{\"@type\":\"WebPage\",\"@id\":\"https:\\\/\\\/huion-tablet.eu\\\/sl\\\/trgovina\\\/kamvas-gt-156hd-pen-display-graficen-zaslon\\\/\",\"url\":\"https:\\\/\\\/huion-tablet.eu\\\/sl\\\/trgovina\\\/kamvas-gt-156hd-pen-display-graficen-zaslon\\\/\",\"name\":\"KAMVAS GT-156HD Pen Display - Huion Slovenija EU\",\"isPartOf\":{\"@id\":\"https:\\\/\\\/huion-tablet.eu\\\/sl\\\/#website\"},\"primaryImageOfPage\":{\"@id\":\"https:\\\/\\\/huion-tablet.eu\\\/sl\\\/trgovina\\\/kamvas-gt-156hd-pen-display-graficen-zaslon\\\/#primaryimage\"},\"image\":{\"@id\":\"https:\\\/\\\/huion-tablet.eu\\\/sl\\\/trgovina\\\/kamvas-gt-156hd-pen-display-graficen-zaslon\\\/#primaryimage\"},\"thumbnailUrl\":\"https:\\\/\\\/huion-tablet.eu\\\/wp-content\\\/uploads\\\/GT-156-HD-Pen-Display-HUION.jpg\",\"datePublished\":\"2017-02-24T09:08:35+00:00\",\"dateModified\":\"2019-10-09T19:46:30+00:00\",\"description\":\"Grafi\u010den zaslon, 15.6\\\" Full HD 1920x1080 LCD IPS monitor, 2048 nivojev pritiska peresa, natan\u010dnost 5080 lpi, odzivnost 220 rps, nastavljivo stojalo, 14 hitrih tipk in namenska povr\u0161ina ob\u010dutljiva na dotik.\",\"breadcrumb\":{\"@id\":\"https:\\\/\\\/huion-tablet.eu\\\/sl\\\/trgovina\\\/kamvas-gt-156hd-pen-display-graficen-zaslon\\\/#breadcrumb\"},\"inLanguage\":\"sl-SI\",\"potentialAction\":[{\"@type\":\"ReadAction\",\"target\":[\"https:\\\/\\\/huion-tablet.eu\\\/sl\\\/trgovina\\\/kamvas-gt-156hd-pen-display-graficen-zaslon\\\/\"]}]},{\"@type\":\"ImageObject\",\"inLanguage\":\"sl-SI\",\"@id\":\"https:\\\/\\\/huion-tablet.eu\\\/sl\\\/trgovina\\\/kamvas-gt-156hd-pen-display-graficen-zaslon\\\/#primaryimage\",\"url\":\"https:\\\/\\\/huion-tablet.eu\\\/wp-content\\\/uploads\\\/GT-156-HD-Pen-Display-HUION.jpg\",\"contentUrl\":\"https:\\\/\\\/huion-tablet.eu\\\/wp-content\\\/uploads\\\/GT-156-HD-Pen-Display-HUION.jpg\",\"width\":1200,\"height\":1200,\"caption\":\"HUION GT 156-HD Pen Display\"},{\"@type\":\"BreadcrumbList\",\"@id\":\"https:\\\/\\\/huion-tablet.eu\\\/sl\\\/trgovina\\\/kamvas-gt-156hd-pen-display-graficen-zaslon\\\/#breadcrumb\",\"itemListElement\":[{\"@type\":\"ListItem\",\"position\":1,\"name\":\"Home\",\"item\":\"https:\\\/\\\/huion-tablet.eu\\\/sl\\\/graficne-tablice-zasloni-in-svetlobne-tablice\\\/\"},{\"@type\":\"ListItem\",\"position\":2,\"name\":\"Trgovina\",\"item\":\"https:\\\/\\\/huion-tablet.eu\\\/sl\\\/trgovina\\\/\"},{\"@type\":\"ListItem\",\"position\":3,\"name\":\"KAMVAS GT-156HD Pen Display\"}]},{\"@type\":\"WebSite\",\"@id\":\"https:\\\/\\\/huion-tablet.eu\\\/sl\\\/#website\",\"url\":\"https:\\\/\\\/huion-tablet.eu\\\/sl\\\/\",\"name\":\"HUION Slovenija EU\",\"description\":\"Graphics Tablets &amp; Pen Displays and Tracing Boards\",\"publisher\":{\"@id\":\"https:\\\/\\\/huion-tablet.eu\\\/sl\\\/#organization\"},\"potentialAction\":[{\"@type\":\"SearchAction\",\"target\":{\"@type\":\"EntryPoint\",\"urlTemplate\":\"https:\\\/\\\/huion-tablet.eu\\\/sl\\\/?s={search_term_string}\"},\"query-input\":{\"@type\":\"PropertyValueSpecification\",\"valueRequired\":true,\"valueName\":\"search_term_string\"}}],\"inLanguage\":\"sl-SI\"},{\"@type\":\"Organization\",\"@id\":\"https:\\\/\\\/huion-tablet.eu\\\/sl\\\/#organization\",\"name\":\"Huion Slovenija EU\",\"url\":\"https:\\\/\\\/huion-tablet.eu\\\/sl\\\/\",\"logo\":{\"@type\":\"ImageObject\",\"inLanguage\":\"sl-SI\",\"@id\":\"https:\\\/\\\/huion-tablet.eu\\\/sl\\\/#\\\/schema\\\/logo\\\/image\\\/\",\"url\":\"https:\\\/\\\/huion-tablet.eu\\\/wp-content\\\/uploads\\\/2017\\\/04\\\/HUION-Slovenia-Europe-logo-400x355.png\",\"contentUrl\":\"https:\\\/\\\/huion-tablet.eu\\\/wp-content\\\/uploads\\\/2017\\\/04\\\/HUION-Slovenia-Europe-logo-400x355.png\",\"width\":400,\"height\":355,\"caption\":\"Huion Slovenija EU\"},\"image\":{\"@id\":\"https:\\\/\\\/huion-tablet.eu\\\/sl\\\/#\\\/schema\\\/logo\\\/image\\\/\"},\"sameAs\":[\"https:\\\/\\\/www.facebook.com\\\/HUION.tablet.EU\"]}]}<\/script>\n<!-- \/ Yoast SEO plugin. -->","yoast_head_json":{"title":"KAMVAS GT-156HD Pen Display - Huion Slovenija EU","description":"Grafi\u010den zaslon, 15.6\" Full HD 1920x1080 LCD IPS monitor, 2048 nivojev pritiska peresa, natan\u010dnost 5080 lpi, odzivnost 220 rps, nastavljivo stojalo, 14 hitrih tipk in namenska povr\u0161ina ob\u010dutljiva na dotik.","robots":{"index":"index","follow":"follow","max-snippet":"max-snippet:-1","max-image-preview":"max-image-preview:large","max-video-preview":"max-video-preview:-1"},"canonical":"https:\/\/huion-tablet.eu\/sl\/trgovina\/kamvas-gt-156hd-pen-display-graficen-zaslon\/","og_locale":"sl_SI","og_type":"article","og_title":"KAMVAS GT-156HD Pen Display - Huion Slovenija EU","og_description":"Grafi\u010den zaslon, 15.6\" Full HD 1920x1080 LCD IPS monitor, 2048 nivojev pritiska peresa, natan\u010dnost 5080 lpi, odzivnost 220 rps, nastavljivo stojalo, 14 hitrih tipk in namenska povr\u0161ina ob\u010dutljiva na dotik.","og_url":"https:\/\/huion-tablet.eu\/sl\/trgovina\/kamvas-gt-156hd-pen-display-graficen-zaslon\/","og_site_name":"Huion Slovenija EU","article_publisher":"https:\/\/www.facebook.com\/HUION.tablet.EU","article_modified_time":"2019-10-09T19:46:30+00:00","og_image":[{"width":1200,"height":1200,"url":"https:\/\/huion-tablet.eu\/wp-content\/uploads\/GT-156-HD-Pen-Display-HUION.jpg","type":"image\/jpeg"}],"twitter_card":"summary_large_image","twitter_misc":{"Est. reading time":"1 minuta"},"schema":{"@context":"https:\/\/schema.org","@graph":[{"@type":"WebPage","@id":"https:\/\/huion-tablet.eu\/sl\/trgovina\/kamvas-gt-156hd-pen-display-graficen-zaslon\/","url":"https:\/\/huion-tablet.eu\/sl\/trgovina\/kamvas-gt-156hd-pen-display-graficen-zaslon\/","name":"KAMVAS GT-156HD Pen Display - Huion Slovenija EU","isPartOf":{"@id":"https:\/\/huion-tablet.eu\/sl\/#website"},"primaryImageOfPage":{"@id":"https:\/\/huion-tablet.eu\/sl\/trgovina\/kamvas-gt-156hd-pen-display-graficen-zaslon\/#primaryimage"},"image":{"@id":"https:\/\/huion-tablet.eu\/sl\/trgovina\/kamvas-gt-156hd-pen-display-graficen-zaslon\/#primaryimage"},"thumbnailUrl":"https:\/\/huion-tablet.eu\/wp-content\/uploads\/GT-156-HD-Pen-Display-HUION.jpg","datePublished":"2017-02-24T09:08:35+00:00","dateModified":"2019-10-09T19:46:30+00:00","description":"Grafi\u010den zaslon, 15.6\" Full HD 1920x1080 LCD IPS monitor, 2048 nivojev pritiska peresa, natan\u010dnost 5080 lpi, odzivnost 220 rps, nastavljivo stojalo, 14 hitrih tipk in namenska povr\u0161ina ob\u010dutljiva na dotik.","breadcrumb":{"@id":"https:\/\/huion-tablet.eu\/sl\/trgovina\/kamvas-gt-156hd-pen-display-graficen-zaslon\/#breadcrumb"},"inLanguage":"sl-SI","potentialAction":[{"@type":"ReadAction","target":["https:\/\/huion-tablet.eu\/sl\/trgovina\/kamvas-gt-156hd-pen-display-graficen-zaslon\/"]}]},{"@type":"ImageObject","inLanguage":"sl-SI","@id":"https:\/\/huion-tablet.eu\/sl\/trgovina\/kamvas-gt-156hd-pen-display-graficen-zaslon\/#primaryimage","url":"https:\/\/huion-tablet.eu\/wp-content\/uploads\/GT-156-HD-Pen-Display-HUION.jpg","contentUrl":"https:\/\/huion-tablet.eu\/wp-content\/uploads\/GT-156-HD-Pen-Display-HUION.jpg","width":1200,"height":1200,"caption":"HUION GT 156-HD Pen Display"},{"@type":"BreadcrumbList","@id":"https:\/\/huion-tablet.eu\/sl\/trgovina\/kamvas-gt-156hd-pen-display-graficen-zaslon\/#breadcrumb","itemListElement":[{"@type":"ListItem","position":1,"name":"Home","item":"https:\/\/huion-tablet.eu\/sl\/graficne-tablice-zasloni-in-svetlobne-tablice\/"},{"@type":"ListItem","position":2,"name":"Trgovina","item":"https:\/\/huion-tablet.eu\/sl\/trgovina\/"},{"@type":"ListItem","position":3,"name":"KAMVAS GT-156HD Pen Display"}]},{"@type":"WebSite","@id":"https:\/\/huion-tablet.eu\/sl\/#website","url":"https:\/\/huion-tablet.eu\/sl\/","name":"HUION Slovenija EU","description":"Graphics Tablets &amp; Pen Displays and Tracing Boards","publisher":{"@id":"https:\/\/huion-tablet.eu\/sl\/#organization"},"potentialAction":[{"@type":"SearchAction","target":{"@type":"EntryPoint","urlTemplate":"https:\/\/huion-tablet.eu\/sl\/?s={search_term_string}"},"query-input":{"@type":"PropertyValueSpecification","valueRequired":true,"valueName":"search_term_string"}}],"inLanguage":"sl-SI"},{"@type":"Organization","@id":"https:\/\/huion-tablet.eu\/sl\/#organization","name":"Huion Slovenija EU","url":"https:\/\/huion-tablet.eu\/sl\/","logo":{"@type":"ImageObject","inLanguage":"sl-SI","@id":"https:\/\/huion-tablet.eu\/sl\/#\/schema\/logo\/image\/","url":"https:\/\/huion-tablet.eu\/wp-content\/uploads\/2017\/04\/HUION-Slovenia-Europe-logo-400x355.png","contentUrl":"https:\/\/huion-tablet.eu\/wp-content\/uploads\/2017\/04\/HUION-Slovenia-Europe-logo-400x355.png","width":400,"height":355,"caption":"Huion Slovenija EU"},"image":{"@id":"https:\/\/huion-tablet.eu\/sl\/#\/schema\/logo\/image\/"},"sameAs":["https:\/\/www.facebook.com\/HUION.tablet.EU"]}]}},"_links":{"self":[{"href":"https:\/\/huion-tablet.eu\/sl\/wp-json\/wp\/v2\/product\/3034","targetHints":{"allow":["GET"]}}],"collection":[{"href":"https:\/\/huion-tablet.eu\/sl\/wp-json\/wp\/v2\/product"}],"about":[{"href":"https:\/\/huion-tablet.eu\/sl\/wp-json\/wp\/v2\/types\/product"}],"wp:featuredmedia":[{"embeddable":true,"href":"https:\/\/huion-tablet.eu\/sl\/wp-json\/wp\/v2\/media\/3042"}],"wp:attachment":[{"href":"https:\/\/huion-tablet.eu\/sl\/wp-json\/wp\/v2\/media?parent=3034"}],"wp:term":[{"taxonomy":"product_brand","embeddable":true,"href":"https:\/\/huion-tablet.eu\/sl\/wp-json\/wp\/v2\/product_brand?post=3034"},{"taxonomy":"product_cat","embeddable":true,"href":"https:\/\/huion-tablet.eu\/sl\/wp-json\/wp\/v2\/product_cat?post=3034"},{"taxonomy":"product_tag","embeddable":true,"href":"https:\/\/huion-tablet.eu\/sl\/wp-json\/wp\/v2\/product_tag?post=3034"}],"curies":[{"name":"wp","href":"https:\/\/api.w.org\/{rel}","templated":true}]}}