{"id":3061,"date":"2016-12-07T09:36:23","date_gmt":"2016-12-07T08:36:23","guid":{"rendered":"https:\/\/huion-tablet.eu\/store\/lb3-led-light-pad-svetilna-tablica-z-vgrajeno-baterijo\/"},"modified":"2021-03-20T11:36:56","modified_gmt":"2021-03-20T09:36:56","slug":"lb3-led-light-pad-svetilna-tablica-z-vgrajeno-baterijo","status":"publish","type":"product","link":"https:\/\/huion-tablet.eu\/sl\/trgovina\/lb3-led-light-pad-svetilna-tablica-z-vgrajeno-baterijo\/","title":{"rendered":"LB3 LED Light Pad"},"content":{"rendered":"<h2>Svetilna tablica z vgrajeno baterijo HUION LB3 LED Light Pad Tracing Board<\/h2>\n<p>LB3 svetilna tablica ima vgrajeno Li-Ion baterijo in jo lahko uporabljate kjerkoli. Poleg tega jo lahko priklju\u010dite na USB priklju\u010dek ra\u010dunalnika ali USB drugega vira ali v elektri\u010dno vti\u010dnico s prilo\u017eenim pretvornikom. Baterija se polni zelo hitro, napolnjena je v eni uri in pol.<\/p>\n<p>LB3 Light Pad je izjemno svetla &#8211; do 1.500 lux! Sedaj lahko polo\u017eite debelej\u0161i papir ali ve\u010d slojev papirja in u\u017eivate pri ustvarjanju. Kljub ve\u010dji svetilnosti se tablica ne segreva.<\/p>\n<p>Osvetljevalna tablica HUION LB3 light pad je enostavna za uporabo, ima samo en gumb &#8211; kontrolno tipko na dotik; za vklop\/izklop in za nastavitev svetlosti. Nastavitev svetlosti je zvezna in ne v stopnjah kot npr. nizko, srednje, visoko. Nastavitev svetlosti se shrani in ko tablico vklopite, je nastavljena na enako svetlost, kot pri izklopu.<\/p>\n<p>Tablico odlikuje kompakten in eleganten design, ter samo 8 mm debeline.<\/p>\n<h4>Uporaba<\/h4>\n<ul>\n<li>prerisovanje<\/li>\n<li>animacija<\/li>\n<li>tetova\u017ee,<\/li>\n<li>pregledovanje fotografskih filmov<\/li>\n<li>arhitektura, design in risanje<\/li>\n<li>pregledovanje rentgenskih slik<\/li>\n<\/ul>\n<h4>V paketu<\/h4>\n<ul>\n<li>svetilna tablica z vgrajeno baterijo LB3 LED Light Pad<\/li>\n<li>USB pretvornik\/napajalnik z US na EU adapterjem<\/li>\n<li>USB kabel<\/li>\n<li>Uporabni\u0161ki priro\u010dnik<\/li>\n<\/ul>\n","protected":false},"excerpt":{"rendered":"<p>Svetilna tablica z vgrajeno baterijo &#8211; brez\u017ei\u010dna, osvetljena povr\u0161ina 420&#215;300 mm, nastavljiva jakost svetlobe, debelina 8 mm. Za ilustratorje, animatorje, izdelovalce tatujev, fotografe &#8230;<\/p>\n","protected":false},"featured_media":3069,"template":"","meta":[],"product_brand":[],"product_cat":[203],"product_tag":[],"class_list":{"0":"post-3061","1":"product","2":"type-product","3":"status-publish","4":"has-post-thumbnail","6":"product_cat-led-svetilne-tablice-light-pads","7":"product_shipping_class-03-kg-li-ion","9":"first","10":"outofstock","11":"taxable","12":"shipping-taxable","13":"purchasable","14":"product-type-simple"},"yoast_head":"<!-- This site is optimized with the Yoast SEO plugin v27.5 - https:\/\/yoast.com\/product\/yoast-seo-wordpress\/ -->\n<title>LB3 LED Light Pad - Huion Slovenija EU<\/title>\n<meta name=\"description\" content=\"Svetilna tablica z vgrajeno baterijo - brez\u017ei\u010dna, osvetljena povr\u0161ina 420x300 mm, nastavljiva jakost svetlobe, debelina 8 mm. Za ilustratorje, animatorje, izdelovalce tatujev, fotografe ...\" \/>\n<meta name=\"robots\" content=\"index, follow, max-snippet:-1, max-image-preview:large, max-video-preview:-1\" \/>\n<link rel=\"canonical\" href=\"https:\/\/huion-tablet.eu\/sl\/trgovina\/lb3-led-light-pad-svetilna-tablica-z-vgrajeno-baterijo\/\" \/>\n<meta property=\"og:locale\" content=\"sl_SI\" \/>\n<meta property=\"og:type\" content=\"article\" \/>\n<meta property=\"og:title\" content=\"LB3 LED Light Pad - Huion Slovenija EU\" \/>\n<meta property=\"og:description\" content=\"Svetilna tablica z vgrajeno baterijo - brez\u017ei\u010dna, osvetljena povr\u0161ina 420x300 mm, nastavljiva jakost svetlobe, debelina 8 mm. Za ilustratorje, animatorje, izdelovalce tatujev, fotografe ...\" \/>\n<meta property=\"og:url\" content=\"https:\/\/huion-tablet.eu\/sl\/trgovina\/lb3-led-light-pad-svetilna-tablica-z-vgrajeno-baterijo\/\" \/>\n<meta property=\"og:site_name\" content=\"Huion Slovenija EU\" \/>\n<meta property=\"article:publisher\" content=\"https:\/\/www.facebook.com\/HUION.tablet.EU\" \/>\n<meta property=\"article:modified_time\" content=\"2021-03-20T09:36:56+00:00\" \/>\n<meta property=\"og:image\" content=\"https:\/\/huion-tablet.eu\/wp-content\/uploads\/huion-lb3-light-pad-built-in-battery.jpg\" \/>\n\t<meta property=\"og:image:width\" content=\"1200\" \/>\n\t<meta property=\"og:image:height\" content=\"1200\" \/>\n\t<meta property=\"og:image:type\" content=\"image\/jpeg\" \/>\n<meta name=\"twitter:card\" content=\"summary_large_image\" \/>\n<meta name=\"twitter:label1\" content=\"Est. reading time\" \/>\n\t<meta name=\"twitter:data1\" content=\"1 minuta\" \/>\n<script type=\"application\/ld+json\" class=\"yoast-schema-graph\">{\"@context\":\"https:\\\/\\\/schema.org\",\"@graph\":[{\"@type\":\"WebPage\",\"@id\":\"https:\\\/\\\/huion-tablet.eu\\\/sl\\\/trgovina\\\/lb3-led-light-pad-svetilna-tablica-z-vgrajeno-baterijo\\\/\",\"url\":\"https:\\\/\\\/huion-tablet.eu\\\/sl\\\/trgovina\\\/lb3-led-light-pad-svetilna-tablica-z-vgrajeno-baterijo\\\/\",\"name\":\"LB3 LED Light Pad - Huion Slovenija EU\",\"isPartOf\":{\"@id\":\"https:\\\/\\\/huion-tablet.eu\\\/sl\\\/#website\"},\"primaryImageOfPage\":{\"@id\":\"https:\\\/\\\/huion-tablet.eu\\\/sl\\\/trgovina\\\/lb3-led-light-pad-svetilna-tablica-z-vgrajeno-baterijo\\\/#primaryimage\"},\"image\":{\"@id\":\"https:\\\/\\\/huion-tablet.eu\\\/sl\\\/trgovina\\\/lb3-led-light-pad-svetilna-tablica-z-vgrajeno-baterijo\\\/#primaryimage\"},\"thumbnailUrl\":\"https:\\\/\\\/huion-tablet.eu\\\/wp-content\\\/uploads\\\/huion-lb3-light-pad-built-in-battery.jpg\",\"datePublished\":\"2016-12-07T08:36:23+00:00\",\"dateModified\":\"2021-03-20T09:36:56+00:00\",\"description\":\"Svetilna tablica z vgrajeno baterijo - brez\u017ei\u010dna, osvetljena povr\u0161ina 420x300 mm, nastavljiva jakost svetlobe, debelina 8 mm. Za ilustratorje, animatorje, izdelovalce tatujev, fotografe ...\",\"breadcrumb\":{\"@id\":\"https:\\\/\\\/huion-tablet.eu\\\/sl\\\/trgovina\\\/lb3-led-light-pad-svetilna-tablica-z-vgrajeno-baterijo\\\/#breadcrumb\"},\"inLanguage\":\"sl-SI\",\"potentialAction\":[{\"@type\":\"ReadAction\",\"target\":[\"https:\\\/\\\/huion-tablet.eu\\\/sl\\\/trgovina\\\/lb3-led-light-pad-svetilna-tablica-z-vgrajeno-baterijo\\\/\"]}]},{\"@type\":\"ImageObject\",\"inLanguage\":\"sl-SI\",\"@id\":\"https:\\\/\\\/huion-tablet.eu\\\/sl\\\/trgovina\\\/lb3-led-light-pad-svetilna-tablica-z-vgrajeno-baterijo\\\/#primaryimage\",\"url\":\"https:\\\/\\\/huion-tablet.eu\\\/wp-content\\\/uploads\\\/huion-lb3-light-pad-built-in-battery.jpg\",\"contentUrl\":\"https:\\\/\\\/huion-tablet.eu\\\/wp-content\\\/uploads\\\/huion-lb3-light-pad-built-in-battery.jpg\",\"width\":1200,\"height\":1200,\"caption\":\"Huion LB3 LED Light Pad svetilna tablica z vgrajeno baterijo\"},{\"@type\":\"BreadcrumbList\",\"@id\":\"https:\\\/\\\/huion-tablet.eu\\\/sl\\\/trgovina\\\/lb3-led-light-pad-svetilna-tablica-z-vgrajeno-baterijo\\\/#breadcrumb\",\"itemListElement\":[{\"@type\":\"ListItem\",\"position\":1,\"name\":\"Home\",\"item\":\"https:\\\/\\\/huion-tablet.eu\\\/sl\\\/graficne-tablice-zasloni-in-svetlobne-tablice\\\/\"},{\"@type\":\"ListItem\",\"position\":2,\"name\":\"Trgovina\",\"item\":\"https:\\\/\\\/huion-tablet.eu\\\/sl\\\/trgovina\\\/\"},{\"@type\":\"ListItem\",\"position\":3,\"name\":\"LB3 LED Light Pad\"}]},{\"@type\":\"WebSite\",\"@id\":\"https:\\\/\\\/huion-tablet.eu\\\/sl\\\/#website\",\"url\":\"https:\\\/\\\/huion-tablet.eu\\\/sl\\\/\",\"name\":\"HUION Slovenija EU\",\"description\":\"Graphics Tablets &amp; Pen Displays and Tracing Boards\",\"publisher\":{\"@id\":\"https:\\\/\\\/huion-tablet.eu\\\/sl\\\/#organization\"},\"potentialAction\":[{\"@type\":\"SearchAction\",\"target\":{\"@type\":\"EntryPoint\",\"urlTemplate\":\"https:\\\/\\\/huion-tablet.eu\\\/sl\\\/?s={search_term_string}\"},\"query-input\":{\"@type\":\"PropertyValueSpecification\",\"valueRequired\":true,\"valueName\":\"search_term_string\"}}],\"inLanguage\":\"sl-SI\"},{\"@type\":\"Organization\",\"@id\":\"https:\\\/\\\/huion-tablet.eu\\\/sl\\\/#organization\",\"name\":\"Huion Slovenija EU\",\"url\":\"https:\\\/\\\/huion-tablet.eu\\\/sl\\\/\",\"logo\":{\"@type\":\"ImageObject\",\"inLanguage\":\"sl-SI\",\"@id\":\"https:\\\/\\\/huion-tablet.eu\\\/sl\\\/#\\\/schema\\\/logo\\\/image\\\/\",\"url\":\"https:\\\/\\\/huion-tablet.eu\\\/wp-content\\\/uploads\\\/2017\\\/04\\\/HUION-Slovenia-Europe-logo-400x355.png\",\"contentUrl\":\"https:\\\/\\\/huion-tablet.eu\\\/wp-content\\\/uploads\\\/2017\\\/04\\\/HUION-Slovenia-Europe-logo-400x355.png\",\"width\":400,\"height\":355,\"caption\":\"Huion Slovenija EU\"},\"image\":{\"@id\":\"https:\\\/\\\/huion-tablet.eu\\\/sl\\\/#\\\/schema\\\/logo\\\/image\\\/\"},\"sameAs\":[\"https:\\\/\\\/www.facebook.com\\\/HUION.tablet.EU\"]}]}<\/script>\n<!-- \/ Yoast SEO plugin. -->","yoast_head_json":{"title":"LB3 LED Light Pad - Huion Slovenija EU","description":"Svetilna tablica z vgrajeno baterijo - brez\u017ei\u010dna, osvetljena povr\u0161ina 420x300 mm, nastavljiva jakost svetlobe, debelina 8 mm. Za ilustratorje, animatorje, izdelovalce tatujev, fotografe ...","robots":{"index":"index","follow":"follow","max-snippet":"max-snippet:-1","max-image-preview":"max-image-preview:large","max-video-preview":"max-video-preview:-1"},"canonical":"https:\/\/huion-tablet.eu\/sl\/trgovina\/lb3-led-light-pad-svetilna-tablica-z-vgrajeno-baterijo\/","og_locale":"sl_SI","og_type":"article","og_title":"LB3 LED Light Pad - Huion Slovenija EU","og_description":"Svetilna tablica z vgrajeno baterijo - brez\u017ei\u010dna, osvetljena povr\u0161ina 420x300 mm, nastavljiva jakost svetlobe, debelina 8 mm. Za ilustratorje, animatorje, izdelovalce tatujev, fotografe ...","og_url":"https:\/\/huion-tablet.eu\/sl\/trgovina\/lb3-led-light-pad-svetilna-tablica-z-vgrajeno-baterijo\/","og_site_name":"Huion Slovenija EU","article_publisher":"https:\/\/www.facebook.com\/HUION.tablet.EU","article_modified_time":"2021-03-20T09:36:56+00:00","og_image":[{"width":1200,"height":1200,"url":"https:\/\/huion-tablet.eu\/wp-content\/uploads\/huion-lb3-light-pad-built-in-battery.jpg","type":"image\/jpeg"}],"twitter_card":"summary_large_image","twitter_misc":{"Est. reading time":"1 minuta"},"schema":{"@context":"https:\/\/schema.org","@graph":[{"@type":"WebPage","@id":"https:\/\/huion-tablet.eu\/sl\/trgovina\/lb3-led-light-pad-svetilna-tablica-z-vgrajeno-baterijo\/","url":"https:\/\/huion-tablet.eu\/sl\/trgovina\/lb3-led-light-pad-svetilna-tablica-z-vgrajeno-baterijo\/","name":"LB3 LED Light Pad - Huion Slovenija EU","isPartOf":{"@id":"https:\/\/huion-tablet.eu\/sl\/#website"},"primaryImageOfPage":{"@id":"https:\/\/huion-tablet.eu\/sl\/trgovina\/lb3-led-light-pad-svetilna-tablica-z-vgrajeno-baterijo\/#primaryimage"},"image":{"@id":"https:\/\/huion-tablet.eu\/sl\/trgovina\/lb3-led-light-pad-svetilna-tablica-z-vgrajeno-baterijo\/#primaryimage"},"thumbnailUrl":"https:\/\/huion-tablet.eu\/wp-content\/uploads\/huion-lb3-light-pad-built-in-battery.jpg","datePublished":"2016-12-07T08:36:23+00:00","dateModified":"2021-03-20T09:36:56+00:00","description":"Svetilna tablica z vgrajeno baterijo - brez\u017ei\u010dna, osvetljena povr\u0161ina 420x300 mm, nastavljiva jakost svetlobe, debelina 8 mm. Za ilustratorje, animatorje, izdelovalce tatujev, fotografe ...","breadcrumb":{"@id":"https:\/\/huion-tablet.eu\/sl\/trgovina\/lb3-led-light-pad-svetilna-tablica-z-vgrajeno-baterijo\/#breadcrumb"},"inLanguage":"sl-SI","potentialAction":[{"@type":"ReadAction","target":["https:\/\/huion-tablet.eu\/sl\/trgovina\/lb3-led-light-pad-svetilna-tablica-z-vgrajeno-baterijo\/"]}]},{"@type":"ImageObject","inLanguage":"sl-SI","@id":"https:\/\/huion-tablet.eu\/sl\/trgovina\/lb3-led-light-pad-svetilna-tablica-z-vgrajeno-baterijo\/#primaryimage","url":"https:\/\/huion-tablet.eu\/wp-content\/uploads\/huion-lb3-light-pad-built-in-battery.jpg","contentUrl":"https:\/\/huion-tablet.eu\/wp-content\/uploads\/huion-lb3-light-pad-built-in-battery.jpg","width":1200,"height":1200,"caption":"Huion LB3 LED Light Pad svetilna tablica z vgrajeno baterijo"},{"@type":"BreadcrumbList","@id":"https:\/\/huion-tablet.eu\/sl\/trgovina\/lb3-led-light-pad-svetilna-tablica-z-vgrajeno-baterijo\/#breadcrumb","itemListElement":[{"@type":"ListItem","position":1,"name":"Home","item":"https:\/\/huion-tablet.eu\/sl\/graficne-tablice-zasloni-in-svetlobne-tablice\/"},{"@type":"ListItem","position":2,"name":"Trgovina","item":"https:\/\/huion-tablet.eu\/sl\/trgovina\/"},{"@type":"ListItem","position":3,"name":"LB3 LED Light Pad"}]},{"@type":"WebSite","@id":"https:\/\/huion-tablet.eu\/sl\/#website","url":"https:\/\/huion-tablet.eu\/sl\/","name":"HUION Slovenija EU","description":"Graphics Tablets &amp; Pen Displays and Tracing Boards","publisher":{"@id":"https:\/\/huion-tablet.eu\/sl\/#organization"},"potentialAction":[{"@type":"SearchAction","target":{"@type":"EntryPoint","urlTemplate":"https:\/\/huion-tablet.eu\/sl\/?s={search_term_string}"},"query-input":{"@type":"PropertyValueSpecification","valueRequired":true,"valueName":"search_term_string"}}],"inLanguage":"sl-SI"},{"@type":"Organization","@id":"https:\/\/huion-tablet.eu\/sl\/#organization","name":"Huion Slovenija EU","url":"https:\/\/huion-tablet.eu\/sl\/","logo":{"@type":"ImageObject","inLanguage":"sl-SI","@id":"https:\/\/huion-tablet.eu\/sl\/#\/schema\/logo\/image\/","url":"https:\/\/huion-tablet.eu\/wp-content\/uploads\/2017\/04\/HUION-Slovenia-Europe-logo-400x355.png","contentUrl":"https:\/\/huion-tablet.eu\/wp-content\/uploads\/2017\/04\/HUION-Slovenia-Europe-logo-400x355.png","width":400,"height":355,"caption":"Huion Slovenija EU"},"image":{"@id":"https:\/\/huion-tablet.eu\/sl\/#\/schema\/logo\/image\/"},"sameAs":["https:\/\/www.facebook.com\/HUION.tablet.EU"]}]}},"_links":{"self":[{"href":"https:\/\/huion-tablet.eu\/sl\/wp-json\/wp\/v2\/product\/3061","targetHints":{"allow":["GET"]}}],"collection":[{"href":"https:\/\/huion-tablet.eu\/sl\/wp-json\/wp\/v2\/product"}],"about":[{"href":"https:\/\/huion-tablet.eu\/sl\/wp-json\/wp\/v2\/types\/product"}],"wp:featuredmedia":[{"embeddable":true,"href":"https:\/\/huion-tablet.eu\/sl\/wp-json\/wp\/v2\/media\/3069"}],"wp:attachment":[{"href":"https:\/\/huion-tablet.eu\/sl\/wp-json\/wp\/v2\/media?parent=3061"}],"wp:term":[{"taxonomy":"product_brand","embeddable":true,"href":"https:\/\/huion-tablet.eu\/sl\/wp-json\/wp\/v2\/product_brand?post=3061"},{"taxonomy":"product_cat","embeddable":true,"href":"https:\/\/huion-tablet.eu\/sl\/wp-json\/wp\/v2\/product_cat?post=3061"},{"taxonomy":"product_tag","embeddable":true,"href":"https:\/\/huion-tablet.eu\/sl\/wp-json\/wp\/v2\/product_tag?post=3061"}],"curies":[{"name":"wp","href":"https:\/\/api.w.org\/{rel}","templated":true}]}}