{"id":3079,"date":"2015-09-06T21:14:53","date_gmt":"2015-09-06T20:14:53","guid":{"rendered":"https:\/\/huion-tablet.eu\/store\/svetilna-tablica-lb4-led-light-pad\/"},"modified":"2020-11-27T17:11:51","modified_gmt":"2020-11-27T15:11:51","slug":"svetilna-tablica-lb4-led-light-pad","status":"publish","type":"product","link":"https:\/\/huion-tablet.eu\/sl\/trgovina\/svetilna-tablica-lb4-led-light-pad\/","title":{"rendered":"LB4 LED Light Pad"},"content":{"rendered":"<h2>Svetilna tablica z vgrajeno baterijo HUION LB4 LED Light Pad<\/h2>\n<p>LB4 svetilna tablica ima vgrajeno Li-Ion baterijo in jo lahko uporabljate kjerkoli. Poleg tega jo lahko priklju\u010dite na USB priklju\u010dek ra\u010dunalnika ali USB drugega vira. Tablico odlikuje nizka poraba in posledi\u010dno izredno hitro polnjenje baterije, napolnjena je v eni uri.<\/p>\n<p>Jakost osvetljevanja je linearno nastavljiva, nastavite si lahko poljubno svetlost 0 do 1500 lux, obenem pa se pri izklopu tablica zapomni zadnjo nastavitev; pri ponovnem vklopu bodo enake nastavitve.<\/p>\n<h3>Uporaba<\/h3>\n<ul>\n<li>prerisovanje<\/li>\n<li>animacija<\/li>\n<li>tetova\u017ee,<\/li>\n<li>pregledovanje fotografskih filmov<\/li>\n<li>arhitektura, design in risanje<\/li>\n<li>pregledovanje rentgenskih slik<\/li>\n<\/ul>\n<h3>V paketu<\/h3>\n<ul>\n<li>svetilna tablica z vgrajeno baterijo HUION LB4 Light Pad<\/li>\n<li>USB pretvornik\/napajalnik z US na EU adapterjem<\/li>\n<li>USB kabel<\/li>\n<li>Uporabni\u0161ki priro\u010dnik<\/li>\n<\/ul>\n","protected":false},"excerpt":{"rendered":"<p>Svetilna tablica z vgrajeno baterijo, osvetljena povr\u0161ina 210\u00d7310 mm, nastavljiva jakost svetlobe do 1500lux, zelo tanka &#8211; 8 mm.<\/p>\n","protected":false},"featured_media":3085,"template":"","meta":[],"product_brand":[],"product_cat":[203],"product_tag":[],"class_list":{"0":"post-3079","1":"product","2":"type-product","3":"status-publish","4":"has-post-thumbnail","6":"product_cat-led-svetilne-tablice-light-pads","7":"product_shipping_class-02-kg-li-ion-battreies-in-eqipment","9":"first","10":"outofstock","11":"taxable","12":"shipping-taxable","13":"purchasable","14":"product-type-simple"},"yoast_head":"<!-- This site is optimized with the Yoast SEO plugin v27.5 - https:\/\/yoast.com\/product\/yoast-seo-wordpress\/ -->\n<title>LB4 LED Light Pad - Huion Slovenija EU<\/title>\n<meta name=\"description\" content=\"Svetilna tablica z vgrajeno baterijo, osvetljena povr\u0161ina 210\u00d7310 mm, nastavljiva jakost svetlobe do 1500lux, zelo tanka - 8 mm.\" \/>\n<meta name=\"robots\" content=\"index, follow, max-snippet:-1, max-image-preview:large, max-video-preview:-1\" \/>\n<link rel=\"canonical\" href=\"https:\/\/huion-tablet.eu\/sl\/trgovina\/svetilna-tablica-lb4-led-light-pad\/\" \/>\n<meta property=\"og:locale\" content=\"sl_SI\" \/>\n<meta property=\"og:type\" content=\"article\" \/>\n<meta property=\"og:title\" content=\"LB4 LED Light Pad - Huion Slovenija EU\" \/>\n<meta property=\"og:description\" content=\"Svetilna tablica z vgrajeno baterijo, osvetljena povr\u0161ina 210\u00d7310 mm, nastavljiva jakost svetlobe do 1500lux, zelo tanka - 8 mm.\" \/>\n<meta property=\"og:url\" content=\"https:\/\/huion-tablet.eu\/sl\/trgovina\/svetilna-tablica-lb4-led-light-pad\/\" \/>\n<meta property=\"og:site_name\" content=\"Huion Slovenija EU\" \/>\n<meta property=\"article:publisher\" content=\"https:\/\/www.facebook.com\/HUION.tablet.EU\" \/>\n<meta property=\"article:modified_time\" content=\"2020-11-27T15:11:51+00:00\" \/>\n<meta property=\"og:image\" content=\"https:\/\/huion-tablet.eu\/wp-content\/uploads\/LB4-side.jpg\" \/>\n\t<meta property=\"og:image:width\" content=\"1200\" \/>\n\t<meta property=\"og:image:height\" content=\"1200\" \/>\n\t<meta property=\"og:image:type\" content=\"image\/jpeg\" \/>\n<meta name=\"twitter:card\" content=\"summary_large_image\" \/>\n<meta name=\"twitter:label1\" content=\"Est. reading time\" \/>\n\t<meta name=\"twitter:data1\" content=\"1 minuta\" \/>\n<script type=\"application\/ld+json\" class=\"yoast-schema-graph\">{\"@context\":\"https:\\\/\\\/schema.org\",\"@graph\":[{\"@type\":\"WebPage\",\"@id\":\"https:\\\/\\\/huion-tablet.eu\\\/sl\\\/trgovina\\\/svetilna-tablica-lb4-led-light-pad\\\/\",\"url\":\"https:\\\/\\\/huion-tablet.eu\\\/sl\\\/trgovina\\\/svetilna-tablica-lb4-led-light-pad\\\/\",\"name\":\"LB4 LED Light Pad - Huion Slovenija EU\",\"isPartOf\":{\"@id\":\"https:\\\/\\\/huion-tablet.eu\\\/sl\\\/#website\"},\"primaryImageOfPage\":{\"@id\":\"https:\\\/\\\/huion-tablet.eu\\\/sl\\\/trgovina\\\/svetilna-tablica-lb4-led-light-pad\\\/#primaryimage\"},\"image\":{\"@id\":\"https:\\\/\\\/huion-tablet.eu\\\/sl\\\/trgovina\\\/svetilna-tablica-lb4-led-light-pad\\\/#primaryimage\"},\"thumbnailUrl\":\"https:\\\/\\\/huion-tablet.eu\\\/wp-content\\\/uploads\\\/LB4-side.jpg\",\"datePublished\":\"2015-09-06T20:14:53+00:00\",\"dateModified\":\"2020-11-27T15:11:51+00:00\",\"description\":\"Svetilna tablica z vgrajeno baterijo, osvetljena povr\u0161ina 210\u00d7310 mm, nastavljiva jakost svetlobe do 1500lux, zelo tanka - 8 mm.\",\"breadcrumb\":{\"@id\":\"https:\\\/\\\/huion-tablet.eu\\\/sl\\\/trgovina\\\/svetilna-tablica-lb4-led-light-pad\\\/#breadcrumb\"},\"inLanguage\":\"sl-SI\",\"potentialAction\":[{\"@type\":\"ReadAction\",\"target\":[\"https:\\\/\\\/huion-tablet.eu\\\/sl\\\/trgovina\\\/svetilna-tablica-lb4-led-light-pad\\\/\"]}]},{\"@type\":\"ImageObject\",\"inLanguage\":\"sl-SI\",\"@id\":\"https:\\\/\\\/huion-tablet.eu\\\/sl\\\/trgovina\\\/svetilna-tablica-lb4-led-light-pad\\\/#primaryimage\",\"url\":\"https:\\\/\\\/huion-tablet.eu\\\/wp-content\\\/uploads\\\/LB4-side.jpg\",\"contentUrl\":\"https:\\\/\\\/huion-tablet.eu\\\/wp-content\\\/uploads\\\/LB4-side.jpg\",\"width\":1200,\"height\":1200,\"caption\":\"LB4 Led Light Pad Box\"},{\"@type\":\"BreadcrumbList\",\"@id\":\"https:\\\/\\\/huion-tablet.eu\\\/sl\\\/trgovina\\\/svetilna-tablica-lb4-led-light-pad\\\/#breadcrumb\",\"itemListElement\":[{\"@type\":\"ListItem\",\"position\":1,\"name\":\"Home\",\"item\":\"https:\\\/\\\/huion-tablet.eu\\\/sl\\\/graficne-tablice-zasloni-in-svetlobne-tablice\\\/\"},{\"@type\":\"ListItem\",\"position\":2,\"name\":\"Trgovina\",\"item\":\"https:\\\/\\\/huion-tablet.eu\\\/sl\\\/trgovina\\\/\"},{\"@type\":\"ListItem\",\"position\":3,\"name\":\"LB4 LED Light Pad\"}]},{\"@type\":\"WebSite\",\"@id\":\"https:\\\/\\\/huion-tablet.eu\\\/sl\\\/#website\",\"url\":\"https:\\\/\\\/huion-tablet.eu\\\/sl\\\/\",\"name\":\"HUION Slovenija EU\",\"description\":\"Graphics Tablets &amp; Pen Displays and Tracing Boards\",\"publisher\":{\"@id\":\"https:\\\/\\\/huion-tablet.eu\\\/sl\\\/#organization\"},\"potentialAction\":[{\"@type\":\"SearchAction\",\"target\":{\"@type\":\"EntryPoint\",\"urlTemplate\":\"https:\\\/\\\/huion-tablet.eu\\\/sl\\\/?s={search_term_string}\"},\"query-input\":{\"@type\":\"PropertyValueSpecification\",\"valueRequired\":true,\"valueName\":\"search_term_string\"}}],\"inLanguage\":\"sl-SI\"},{\"@type\":\"Organization\",\"@id\":\"https:\\\/\\\/huion-tablet.eu\\\/sl\\\/#organization\",\"name\":\"Huion Slovenija EU\",\"url\":\"https:\\\/\\\/huion-tablet.eu\\\/sl\\\/\",\"logo\":{\"@type\":\"ImageObject\",\"inLanguage\":\"sl-SI\",\"@id\":\"https:\\\/\\\/huion-tablet.eu\\\/sl\\\/#\\\/schema\\\/logo\\\/image\\\/\",\"url\":\"https:\\\/\\\/huion-tablet.eu\\\/wp-content\\\/uploads\\\/2017\\\/04\\\/HUION-Slovenia-Europe-logo-400x355.png\",\"contentUrl\":\"https:\\\/\\\/huion-tablet.eu\\\/wp-content\\\/uploads\\\/2017\\\/04\\\/HUION-Slovenia-Europe-logo-400x355.png\",\"width\":400,\"height\":355,\"caption\":\"Huion Slovenija EU\"},\"image\":{\"@id\":\"https:\\\/\\\/huion-tablet.eu\\\/sl\\\/#\\\/schema\\\/logo\\\/image\\\/\"},\"sameAs\":[\"https:\\\/\\\/www.facebook.com\\\/HUION.tablet.EU\"]}]}<\/script>\n<!-- \/ Yoast SEO plugin. -->","yoast_head_json":{"title":"LB4 LED Light Pad - Huion Slovenija EU","description":"Svetilna tablica z vgrajeno baterijo, osvetljena povr\u0161ina 210\u00d7310 mm, nastavljiva jakost svetlobe do 1500lux, zelo tanka - 8 mm.","robots":{"index":"index","follow":"follow","max-snippet":"max-snippet:-1","max-image-preview":"max-image-preview:large","max-video-preview":"max-video-preview:-1"},"canonical":"https:\/\/huion-tablet.eu\/sl\/trgovina\/svetilna-tablica-lb4-led-light-pad\/","og_locale":"sl_SI","og_type":"article","og_title":"LB4 LED Light Pad - Huion Slovenija EU","og_description":"Svetilna tablica z vgrajeno baterijo, osvetljena povr\u0161ina 210\u00d7310 mm, nastavljiva jakost svetlobe do 1500lux, zelo tanka - 8 mm.","og_url":"https:\/\/huion-tablet.eu\/sl\/trgovina\/svetilna-tablica-lb4-led-light-pad\/","og_site_name":"Huion Slovenija EU","article_publisher":"https:\/\/www.facebook.com\/HUION.tablet.EU","article_modified_time":"2020-11-27T15:11:51+00:00","og_image":[{"width":1200,"height":1200,"url":"https:\/\/huion-tablet.eu\/wp-content\/uploads\/LB4-side.jpg","type":"image\/jpeg"}],"twitter_card":"summary_large_image","twitter_misc":{"Est. reading time":"1 minuta"},"schema":{"@context":"https:\/\/schema.org","@graph":[{"@type":"WebPage","@id":"https:\/\/huion-tablet.eu\/sl\/trgovina\/svetilna-tablica-lb4-led-light-pad\/","url":"https:\/\/huion-tablet.eu\/sl\/trgovina\/svetilna-tablica-lb4-led-light-pad\/","name":"LB4 LED Light Pad - Huion Slovenija EU","isPartOf":{"@id":"https:\/\/huion-tablet.eu\/sl\/#website"},"primaryImageOfPage":{"@id":"https:\/\/huion-tablet.eu\/sl\/trgovina\/svetilna-tablica-lb4-led-light-pad\/#primaryimage"},"image":{"@id":"https:\/\/huion-tablet.eu\/sl\/trgovina\/svetilna-tablica-lb4-led-light-pad\/#primaryimage"},"thumbnailUrl":"https:\/\/huion-tablet.eu\/wp-content\/uploads\/LB4-side.jpg","datePublished":"2015-09-06T20:14:53+00:00","dateModified":"2020-11-27T15:11:51+00:00","description":"Svetilna tablica z vgrajeno baterijo, osvetljena povr\u0161ina 210\u00d7310 mm, nastavljiva jakost svetlobe do 1500lux, zelo tanka - 8 mm.","breadcrumb":{"@id":"https:\/\/huion-tablet.eu\/sl\/trgovina\/svetilna-tablica-lb4-led-light-pad\/#breadcrumb"},"inLanguage":"sl-SI","potentialAction":[{"@type":"ReadAction","target":["https:\/\/huion-tablet.eu\/sl\/trgovina\/svetilna-tablica-lb4-led-light-pad\/"]}]},{"@type":"ImageObject","inLanguage":"sl-SI","@id":"https:\/\/huion-tablet.eu\/sl\/trgovina\/svetilna-tablica-lb4-led-light-pad\/#primaryimage","url":"https:\/\/huion-tablet.eu\/wp-content\/uploads\/LB4-side.jpg","contentUrl":"https:\/\/huion-tablet.eu\/wp-content\/uploads\/LB4-side.jpg","width":1200,"height":1200,"caption":"LB4 Led Light Pad Box"},{"@type":"BreadcrumbList","@id":"https:\/\/huion-tablet.eu\/sl\/trgovina\/svetilna-tablica-lb4-led-light-pad\/#breadcrumb","itemListElement":[{"@type":"ListItem","position":1,"name":"Home","item":"https:\/\/huion-tablet.eu\/sl\/graficne-tablice-zasloni-in-svetlobne-tablice\/"},{"@type":"ListItem","position":2,"name":"Trgovina","item":"https:\/\/huion-tablet.eu\/sl\/trgovina\/"},{"@type":"ListItem","position":3,"name":"LB4 LED Light Pad"}]},{"@type":"WebSite","@id":"https:\/\/huion-tablet.eu\/sl\/#website","url":"https:\/\/huion-tablet.eu\/sl\/","name":"HUION Slovenija EU","description":"Graphics Tablets &amp; Pen Displays and Tracing Boards","publisher":{"@id":"https:\/\/huion-tablet.eu\/sl\/#organization"},"potentialAction":[{"@type":"SearchAction","target":{"@type":"EntryPoint","urlTemplate":"https:\/\/huion-tablet.eu\/sl\/?s={search_term_string}"},"query-input":{"@type":"PropertyValueSpecification","valueRequired":true,"valueName":"search_term_string"}}],"inLanguage":"sl-SI"},{"@type":"Organization","@id":"https:\/\/huion-tablet.eu\/sl\/#organization","name":"Huion Slovenija EU","url":"https:\/\/huion-tablet.eu\/sl\/","logo":{"@type":"ImageObject","inLanguage":"sl-SI","@id":"https:\/\/huion-tablet.eu\/sl\/#\/schema\/logo\/image\/","url":"https:\/\/huion-tablet.eu\/wp-content\/uploads\/2017\/04\/HUION-Slovenia-Europe-logo-400x355.png","contentUrl":"https:\/\/huion-tablet.eu\/wp-content\/uploads\/2017\/04\/HUION-Slovenia-Europe-logo-400x355.png","width":400,"height":355,"caption":"Huion Slovenija EU"},"image":{"@id":"https:\/\/huion-tablet.eu\/sl\/#\/schema\/logo\/image\/"},"sameAs":["https:\/\/www.facebook.com\/HUION.tablet.EU"]}]}},"_links":{"self":[{"href":"https:\/\/huion-tablet.eu\/sl\/wp-json\/wp\/v2\/product\/3079","targetHints":{"allow":["GET"]}}],"collection":[{"href":"https:\/\/huion-tablet.eu\/sl\/wp-json\/wp\/v2\/product"}],"about":[{"href":"https:\/\/huion-tablet.eu\/sl\/wp-json\/wp\/v2\/types\/product"}],"wp:featuredmedia":[{"embeddable":true,"href":"https:\/\/huion-tablet.eu\/sl\/wp-json\/wp\/v2\/media\/3085"}],"wp:attachment":[{"href":"https:\/\/huion-tablet.eu\/sl\/wp-json\/wp\/v2\/media?parent=3079"}],"wp:term":[{"taxonomy":"product_brand","embeddable":true,"href":"https:\/\/huion-tablet.eu\/sl\/wp-json\/wp\/v2\/product_brand?post=3079"},{"taxonomy":"product_cat","embeddable":true,"href":"https:\/\/huion-tablet.eu\/sl\/wp-json\/wp\/v2\/product_cat?post=3079"},{"taxonomy":"product_tag","embeddable":true,"href":"https:\/\/huion-tablet.eu\/sl\/wp-json\/wp\/v2\/product_tag?post=3079"}],"curies":[{"name":"wp","href":"https:\/\/api.w.org\/{rel}","templated":true}]}}