{"id":3210,"date":"2017-07-28T13:21:05","date_gmt":"2017-07-28T12:21:05","guid":{"rendered":"https:\/\/huion-tablet.eu\/store\/3210\/"},"modified":"2023-09-22T15:13:45","modified_gmt":"2023-09-22T13:13:45","slug":"gt-191-pen-display-graficen-zaslon","status":"publish","type":"product","link":"https:\/\/huion-tablet.eu\/sl\/trgovina\/gt-191-pen-display-graficen-zaslon\/","title":{"rendered":"GT-191 Pen Display"},"content":{"rendered":"<h2>Grafi\u010den zaslon HUION KAMVAS GT-191 Pen Display<\/h2>\n<h3>Wide Screen IPS Panel for Fabulous Colors and Great Display Effect<\/h3>\n<p>In Plane Switching (IPS) panel is a superior type of screen that offers consistent image, higher definition, better color accuracy and greater light transmission to all viewing positions.<\/p>\n<p>With the perfect ratio16:9, GT-191 has got an amazing 19.5 inch IPS LCD wide screen which is perfect for artists to work on. The slim bezel also gives this pen display a sleek look.<\/p>\n<p>Huion GT-191 pen display also features 72% NTSC color gamut and 3000:1 contrast ratio. It can display 16.7 million colors vividly which ensures the color of your artwork always matches the color that you desire.<\/p>\n<h3>PE330 Digital Pen with 8192 Pressure Levels<\/h3>\n<p>The GT-191 package includes PE330 digital pen stylus with 8192 pen pressure levels sensitivity, 233 report rates per second and 5080 lpi resolution. These parameters ensures faster recognition and better display effects during your work.<\/p>\n<p>Economically Designed Pen and Pen Stand Holder<\/p>\n<p>Newly designed PE330 digital stylus has a long-lasting battery and a strengthened nib. Easy and\u00a0comfortable to use.<\/p>\n<p>Pen holder with built in nib extractor allows you to put the pen vertically or horizontally.<\/p>\n<h3>Anti-glare Screen Protector Included<\/h3>\n<p>The top-graded anti-glare screen protector protects the panel from scratches and smudges and provides you with a comfortable paper-like drawing. The screen protector is applied on the screen already.<\/p>\n<h3>Adjustable Stand<\/h3>\n<p>Sturdy and reliable monitor stand to adjust display angle from 20\u00b0 80\u00b0 easily.<\/p>\n<h3>Compatibility<\/h3>\n<p>OS Compatibility: Windows 10\/8\/7\/Vista\/XP\/2000, Mac OS X10.11 and above.<\/p>\n<p>&nbsp;<\/p>\n<p>Graphic Software Compatibility: all major programs and more.<\/p>\n<h3>V paketu<\/h3>\n<p>&nbsp;<\/p>\n<ul>\n<li style=\"list-style-type: none;\">\n<ul>\n<li>Huion GT-191<\/li>\n<\/ul>\n<\/li>\n<\/ul>\n<ul>\n<li style=\"list-style-type: none;\">\n<ul>\n<li>Digital Stylus Pen (PE330)<\/li>\n<\/ul>\n<\/li>\n<\/ul>\n<ul>\n<li style=\"list-style-type: none;\">\n<ul>\n<li>Pen holder containing 8 pen tips<\/li>\n<\/ul>\n<\/li>\n<\/ul>\n<ul>\n<li style=\"list-style-type: none;\">\n<ul>\n<li>Pen Charging Cable<\/li>\n<\/ul>\n<\/li>\n<\/ul>\n<ul>\n<li style=\"list-style-type: none;\">\n<ul>\n<li>HDMI Cable<\/li>\n<\/ul>\n<\/li>\n<\/ul>\n<ul>\n<li style=\"list-style-type: none;\">\n<ul>\n<li>AC\/DC Power Adapter, EU Plug<\/li>\n<\/ul>\n<\/li>\n<\/ul>\n<ul>\n<li style=\"list-style-type: none;\">\n<ul>\n<li>USB Cable<\/li>\n<\/ul>\n<\/li>\n<\/ul>\n<ul>\n<li style=\"list-style-type: none;\">\n<ul>\n<li>Screen Protector<\/li>\n<\/ul>\n<\/li>\n<\/ul>\n<p>&nbsp;<\/p>\n","protected":false},"excerpt":{"rendered":"<p>Grafi\u010den zaslon, 19.5\u2033 full HD 1920\u00d71080 LCD IPS monitor, 8192 nivojev pritiska peresa, natan\u010dnost 5080 lpi, odzivnost 233 rps, nastavljiv nagib zaslona.<\/p>\n<p>Ta model ni ve\u010d na voljo, oglejte si <a href=\"https:\/\/huion-tablet.eu\/sl\/trgovina\/kategorija\/graficni-zasloni-pen-displays\/\">novej\u0161e grafi\u010dne zaslone<\/a>..<\/p>\n","protected":false},"featured_media":3200,"template":"","meta":[],"product_brand":[],"product_cat":[204],"product_tag":[],"class_list":{"0":"post-3210","1":"product","2":"type-product","3":"status-publish","4":"has-post-thumbnail","6":"product_cat-graficni-zasloni-pen-displays","8":"first","9":"outofstock","10":"taxable","11":"shipping-taxable","12":"product-type-simple"},"yoast_head":"<!-- This site is optimized with the Yoast SEO plugin v27.5 - https:\/\/yoast.com\/product\/yoast-seo-wordpress\/ -->\n<title>GT-191 Pen Display - Huion Slovenija EU<\/title>\n<meta name=\"description\" content=\"Grafi\u010den zaslon, 19.5\u2033 full HD 1920\u00d71080 LCD IPS monitor, 8192 nivojev pritiska peresa, natan\u010dnost 5080 lpi, odzivnost 233 rps, nastavljiv nagib zaslona.  Ta model ni ve\u010d na voljo, oglejte si novej\u0161e grafi\u010dne zaslone..\" \/>\n<meta name=\"robots\" content=\"index, follow, max-snippet:-1, max-image-preview:large, max-video-preview:-1\" \/>\n<link rel=\"canonical\" href=\"https:\/\/huion-tablet.eu\/sl\/trgovina\/gt-191-pen-display-graficen-zaslon\/\" \/>\n<meta property=\"og:locale\" content=\"sl_SI\" \/>\n<meta property=\"og:type\" content=\"article\" \/>\n<meta property=\"og:title\" content=\"GT-191 Pen Display - Huion Slovenija EU\" \/>\n<meta property=\"og:description\" content=\"Grafi\u010den zaslon, 19.5\u2033 full HD 1920\u00d71080 LCD IPS monitor, 8192 nivojev pritiska peresa, natan\u010dnost 5080 lpi, odzivnost 233 rps, nastavljiv nagib zaslona.  Ta model ni ve\u010d na voljo, oglejte si novej\u0161e grafi\u010dne zaslone..\" \/>\n<meta property=\"og:url\" content=\"https:\/\/huion-tablet.eu\/sl\/trgovina\/gt-191-pen-display-graficen-zaslon\/\" \/>\n<meta property=\"og:site_name\" content=\"Huion Slovenija EU\" \/>\n<meta property=\"article:publisher\" content=\"https:\/\/www.facebook.com\/HUION.tablet.EU\" \/>\n<meta property=\"article:modified_time\" content=\"2023-09-22T13:13:45+00:00\" \/>\n<meta property=\"og:image\" content=\"https:\/\/huion-tablet.eu\/wp-content\/uploads\/huion-gt-191.jpg\" \/>\n\t<meta property=\"og:image:width\" content=\"1200\" \/>\n\t<meta property=\"og:image:height\" content=\"1200\" \/>\n\t<meta property=\"og:image:type\" content=\"image\/jpeg\" \/>\n<meta name=\"twitter:card\" content=\"summary_large_image\" \/>\n<meta name=\"twitter:label1\" content=\"Est. reading time\" \/>\n\t<meta name=\"twitter:data1\" content=\"2 minuti\" \/>\n<script type=\"application\/ld+json\" class=\"yoast-schema-graph\">{\"@context\":\"https:\\\/\\\/schema.org\",\"@graph\":[{\"@type\":\"WebPage\",\"@id\":\"https:\\\/\\\/huion-tablet.eu\\\/sl\\\/trgovina\\\/gt-191-pen-display-graficen-zaslon\\\/\",\"url\":\"https:\\\/\\\/huion-tablet.eu\\\/sl\\\/trgovina\\\/gt-191-pen-display-graficen-zaslon\\\/\",\"name\":\"GT-191 Pen Display - Huion Slovenija EU\",\"isPartOf\":{\"@id\":\"https:\\\/\\\/huion-tablet.eu\\\/sl\\\/#website\"},\"primaryImageOfPage\":{\"@id\":\"https:\\\/\\\/huion-tablet.eu\\\/sl\\\/trgovina\\\/gt-191-pen-display-graficen-zaslon\\\/#primaryimage\"},\"image\":{\"@id\":\"https:\\\/\\\/huion-tablet.eu\\\/sl\\\/trgovina\\\/gt-191-pen-display-graficen-zaslon\\\/#primaryimage\"},\"thumbnailUrl\":\"https:\\\/\\\/huion-tablet.eu\\\/wp-content\\\/uploads\\\/huion-gt-191.jpg\",\"datePublished\":\"2017-07-28T12:21:05+00:00\",\"dateModified\":\"2023-09-22T13:13:45+00:00\",\"description\":\"Grafi\u010den zaslon, 19.5\u2033 full HD 1920\u00d71080 LCD IPS monitor, 8192 nivojev pritiska peresa, natan\u010dnost 5080 lpi, odzivnost 233 rps, nastavljiv nagib zaslona. Ta model ni ve\u010d na voljo, oglejte si novej\u0161e grafi\u010dne zaslone..\",\"breadcrumb\":{\"@id\":\"https:\\\/\\\/huion-tablet.eu\\\/sl\\\/trgovina\\\/gt-191-pen-display-graficen-zaslon\\\/#breadcrumb\"},\"inLanguage\":\"sl-SI\",\"potentialAction\":[{\"@type\":\"ReadAction\",\"target\":[\"https:\\\/\\\/huion-tablet.eu\\\/sl\\\/trgovina\\\/gt-191-pen-display-graficen-zaslon\\\/\"]}]},{\"@type\":\"ImageObject\",\"inLanguage\":\"sl-SI\",\"@id\":\"https:\\\/\\\/huion-tablet.eu\\\/sl\\\/trgovina\\\/gt-191-pen-display-graficen-zaslon\\\/#primaryimage\",\"url\":\"https:\\\/\\\/huion-tablet.eu\\\/wp-content\\\/uploads\\\/huion-gt-191.jpg\",\"contentUrl\":\"https:\\\/\\\/huion-tablet.eu\\\/wp-content\\\/uploads\\\/huion-gt-191.jpg\",\"width\":1200,\"height\":1200,\"caption\":\"HUION GT-191 grafi\u010den zaslon\"},{\"@type\":\"BreadcrumbList\",\"@id\":\"https:\\\/\\\/huion-tablet.eu\\\/sl\\\/trgovina\\\/gt-191-pen-display-graficen-zaslon\\\/#breadcrumb\",\"itemListElement\":[{\"@type\":\"ListItem\",\"position\":1,\"name\":\"Home\",\"item\":\"https:\\\/\\\/huion-tablet.eu\\\/sl\\\/graficne-tablice-zasloni-in-svetlobne-tablice\\\/\"},{\"@type\":\"ListItem\",\"position\":2,\"name\":\"Trgovina\",\"item\":\"https:\\\/\\\/huion-tablet.eu\\\/sl\\\/trgovina\\\/\"},{\"@type\":\"ListItem\",\"position\":3,\"name\":\"GT-191 Pen Display\"}]},{\"@type\":\"WebSite\",\"@id\":\"https:\\\/\\\/huion-tablet.eu\\\/sl\\\/#website\",\"url\":\"https:\\\/\\\/huion-tablet.eu\\\/sl\\\/\",\"name\":\"HUION Slovenija EU\",\"description\":\"Graphics Tablets &amp; Pen Displays and Tracing Boards\",\"publisher\":{\"@id\":\"https:\\\/\\\/huion-tablet.eu\\\/sl\\\/#organization\"},\"potentialAction\":[{\"@type\":\"SearchAction\",\"target\":{\"@type\":\"EntryPoint\",\"urlTemplate\":\"https:\\\/\\\/huion-tablet.eu\\\/sl\\\/?s={search_term_string}\"},\"query-input\":{\"@type\":\"PropertyValueSpecification\",\"valueRequired\":true,\"valueName\":\"search_term_string\"}}],\"inLanguage\":\"sl-SI\"},{\"@type\":\"Organization\",\"@id\":\"https:\\\/\\\/huion-tablet.eu\\\/sl\\\/#organization\",\"name\":\"Huion Slovenija EU\",\"url\":\"https:\\\/\\\/huion-tablet.eu\\\/sl\\\/\",\"logo\":{\"@type\":\"ImageObject\",\"inLanguage\":\"sl-SI\",\"@id\":\"https:\\\/\\\/huion-tablet.eu\\\/sl\\\/#\\\/schema\\\/logo\\\/image\\\/\",\"url\":\"https:\\\/\\\/huion-tablet.eu\\\/wp-content\\\/uploads\\\/2017\\\/04\\\/HUION-Slovenia-Europe-logo-400x355.png\",\"contentUrl\":\"https:\\\/\\\/huion-tablet.eu\\\/wp-content\\\/uploads\\\/2017\\\/04\\\/HUION-Slovenia-Europe-logo-400x355.png\",\"width\":400,\"height\":355,\"caption\":\"Huion Slovenija EU\"},\"image\":{\"@id\":\"https:\\\/\\\/huion-tablet.eu\\\/sl\\\/#\\\/schema\\\/logo\\\/image\\\/\"},\"sameAs\":[\"https:\\\/\\\/www.facebook.com\\\/HUION.tablet.EU\"]}]}<\/script>\n<!-- \/ Yoast SEO plugin. -->","yoast_head_json":{"title":"GT-191 Pen Display - Huion Slovenija EU","description":"Grafi\u010den zaslon, 19.5\u2033 full HD 1920\u00d71080 LCD IPS monitor, 8192 nivojev pritiska peresa, natan\u010dnost 5080 lpi, odzivnost 233 rps, nastavljiv nagib zaslona.  Ta model ni ve\u010d na voljo, oglejte si novej\u0161e grafi\u010dne zaslone..","robots":{"index":"index","follow":"follow","max-snippet":"max-snippet:-1","max-image-preview":"max-image-preview:large","max-video-preview":"max-video-preview:-1"},"canonical":"https:\/\/huion-tablet.eu\/sl\/trgovina\/gt-191-pen-display-graficen-zaslon\/","og_locale":"sl_SI","og_type":"article","og_title":"GT-191 Pen Display - Huion Slovenija EU","og_description":"Grafi\u010den zaslon, 19.5\u2033 full HD 1920\u00d71080 LCD IPS monitor, 8192 nivojev pritiska peresa, natan\u010dnost 5080 lpi, odzivnost 233 rps, nastavljiv nagib zaslona.  Ta model ni ve\u010d na voljo, oglejte si novej\u0161e grafi\u010dne zaslone..","og_url":"https:\/\/huion-tablet.eu\/sl\/trgovina\/gt-191-pen-display-graficen-zaslon\/","og_site_name":"Huion Slovenija EU","article_publisher":"https:\/\/www.facebook.com\/HUION.tablet.EU","article_modified_time":"2023-09-22T13:13:45+00:00","og_image":[{"width":1200,"height":1200,"url":"https:\/\/huion-tablet.eu\/wp-content\/uploads\/huion-gt-191.jpg","type":"image\/jpeg"}],"twitter_card":"summary_large_image","twitter_misc":{"Est. reading time":"2 minuti"},"schema":{"@context":"https:\/\/schema.org","@graph":[{"@type":"WebPage","@id":"https:\/\/huion-tablet.eu\/sl\/trgovina\/gt-191-pen-display-graficen-zaslon\/","url":"https:\/\/huion-tablet.eu\/sl\/trgovina\/gt-191-pen-display-graficen-zaslon\/","name":"GT-191 Pen Display - Huion Slovenija EU","isPartOf":{"@id":"https:\/\/huion-tablet.eu\/sl\/#website"},"primaryImageOfPage":{"@id":"https:\/\/huion-tablet.eu\/sl\/trgovina\/gt-191-pen-display-graficen-zaslon\/#primaryimage"},"image":{"@id":"https:\/\/huion-tablet.eu\/sl\/trgovina\/gt-191-pen-display-graficen-zaslon\/#primaryimage"},"thumbnailUrl":"https:\/\/huion-tablet.eu\/wp-content\/uploads\/huion-gt-191.jpg","datePublished":"2017-07-28T12:21:05+00:00","dateModified":"2023-09-22T13:13:45+00:00","description":"Grafi\u010den zaslon, 19.5\u2033 full HD 1920\u00d71080 LCD IPS monitor, 8192 nivojev pritiska peresa, natan\u010dnost 5080 lpi, odzivnost 233 rps, nastavljiv nagib zaslona. Ta model ni ve\u010d na voljo, oglejte si novej\u0161e grafi\u010dne zaslone..","breadcrumb":{"@id":"https:\/\/huion-tablet.eu\/sl\/trgovina\/gt-191-pen-display-graficen-zaslon\/#breadcrumb"},"inLanguage":"sl-SI","potentialAction":[{"@type":"ReadAction","target":["https:\/\/huion-tablet.eu\/sl\/trgovina\/gt-191-pen-display-graficen-zaslon\/"]}]},{"@type":"ImageObject","inLanguage":"sl-SI","@id":"https:\/\/huion-tablet.eu\/sl\/trgovina\/gt-191-pen-display-graficen-zaslon\/#primaryimage","url":"https:\/\/huion-tablet.eu\/wp-content\/uploads\/huion-gt-191.jpg","contentUrl":"https:\/\/huion-tablet.eu\/wp-content\/uploads\/huion-gt-191.jpg","width":1200,"height":1200,"caption":"HUION GT-191 grafi\u010den zaslon"},{"@type":"BreadcrumbList","@id":"https:\/\/huion-tablet.eu\/sl\/trgovina\/gt-191-pen-display-graficen-zaslon\/#breadcrumb","itemListElement":[{"@type":"ListItem","position":1,"name":"Home","item":"https:\/\/huion-tablet.eu\/sl\/graficne-tablice-zasloni-in-svetlobne-tablice\/"},{"@type":"ListItem","position":2,"name":"Trgovina","item":"https:\/\/huion-tablet.eu\/sl\/trgovina\/"},{"@type":"ListItem","position":3,"name":"GT-191 Pen Display"}]},{"@type":"WebSite","@id":"https:\/\/huion-tablet.eu\/sl\/#website","url":"https:\/\/huion-tablet.eu\/sl\/","name":"HUION Slovenija EU","description":"Graphics Tablets &amp; Pen Displays and Tracing Boards","publisher":{"@id":"https:\/\/huion-tablet.eu\/sl\/#organization"},"potentialAction":[{"@type":"SearchAction","target":{"@type":"EntryPoint","urlTemplate":"https:\/\/huion-tablet.eu\/sl\/?s={search_term_string}"},"query-input":{"@type":"PropertyValueSpecification","valueRequired":true,"valueName":"search_term_string"}}],"inLanguage":"sl-SI"},{"@type":"Organization","@id":"https:\/\/huion-tablet.eu\/sl\/#organization","name":"Huion Slovenija EU","url":"https:\/\/huion-tablet.eu\/sl\/","logo":{"@type":"ImageObject","inLanguage":"sl-SI","@id":"https:\/\/huion-tablet.eu\/sl\/#\/schema\/logo\/image\/","url":"https:\/\/huion-tablet.eu\/wp-content\/uploads\/2017\/04\/HUION-Slovenia-Europe-logo-400x355.png","contentUrl":"https:\/\/huion-tablet.eu\/wp-content\/uploads\/2017\/04\/HUION-Slovenia-Europe-logo-400x355.png","width":400,"height":355,"caption":"Huion Slovenija EU"},"image":{"@id":"https:\/\/huion-tablet.eu\/sl\/#\/schema\/logo\/image\/"},"sameAs":["https:\/\/www.facebook.com\/HUION.tablet.EU"]}]}},"_links":{"self":[{"href":"https:\/\/huion-tablet.eu\/sl\/wp-json\/wp\/v2\/product\/3210","targetHints":{"allow":["GET"]}}],"collection":[{"href":"https:\/\/huion-tablet.eu\/sl\/wp-json\/wp\/v2\/product"}],"about":[{"href":"https:\/\/huion-tablet.eu\/sl\/wp-json\/wp\/v2\/types\/product"}],"wp:featuredmedia":[{"embeddable":true,"href":"https:\/\/huion-tablet.eu\/sl\/wp-json\/wp\/v2\/media\/3200"}],"wp:attachment":[{"href":"https:\/\/huion-tablet.eu\/sl\/wp-json\/wp\/v2\/media?parent=3210"}],"wp:term":[{"taxonomy":"product_brand","embeddable":true,"href":"https:\/\/huion-tablet.eu\/sl\/wp-json\/wp\/v2\/product_brand?post=3210"},{"taxonomy":"product_cat","embeddable":true,"href":"https:\/\/huion-tablet.eu\/sl\/wp-json\/wp\/v2\/product_cat?post=3210"},{"taxonomy":"product_tag","embeddable":true,"href":"https:\/\/huion-tablet.eu\/sl\/wp-json\/wp\/v2\/product_tag?post=3210"}],"curies":[{"name":"wp","href":"https:\/\/api.w.org\/{rel}","templated":true}]}}