{"id":3252,"date":"2017-08-02T11:27:25","date_gmt":"2017-08-02T10:27:25","guid":{"rendered":"https:\/\/huion-tablet.eu\/store\/gt-220-v2-8192-pen-display-graficen-zaslon\/"},"modified":"2018-08-19T21:10:24","modified_gmt":"2018-08-19T19:10:24","slug":"gt-220-v2-8192-pen-display-graficen-zaslon","status":"publish","type":"product","link":"https:\/\/huion-tablet.eu\/sl\/trgovina\/gt-220-v2-8192-pen-display-graficen-zaslon\/","title":{"rendered":"GT-220 V2 Pen Display (8192) \u010crn"},"content":{"rendered":"<h2>HUION GT-220 v2 Pen Display grafi\u010den zaslon z 8192 nivoji pritiska peresa<\/h2>\n<p>Grafi\u010den monitor izdelan za profesionalno ilustriranje, risanje, skiciranje, oblikovanje \u2026<\/p>\n<p>Huion GT-220 v2 Pen Display ima velik 21.5\u2019\u2019 IPS LCD monitor z resolucijo 1920\u00d71080 (full HD) in razmerjem stranic 16:9. Lahko prika\u017ee skoraj 17 miljon barv, ima kontrast 1000:1, svetilnost 250 cd\/m2 in odzivni \u010das 5ms . Posodobljen \u201cfirmware\u201d zagotavlja \u0161e ve\u010djo natan\u010dnost in \u0161e bolj\u0161o odzivnost peresa.<\/p>\n<p>Pero z <strong>8192 nivoji zaznave pritiska<\/strong> in z gumirano povr\u0161ino za bolj\u0161i oprijem, zagotavlja naraven ob\u010dutek pri risanju. Natan\u010dno zaznavanje potez peresa 5080 lpi (vrstic na in\u010d) in hiter odzivni \u010das 233 rps (odzivov na sekundo) zadovoljijo \u0161e tako zahtevnega uporabnika. Nastavljivo stojalo in vidni kot zaslona 178\u00b0 horizontalno in vertikalno omogo\u010dajo nastavitev za vsakega uporabnika.&lt;7p&gt;<\/p>\n<h3>Kompatibilnost<\/h3>\n<p>Operacijski sistemi: Windows 10\/8\/7\/Vista\/XP\/2000, Mac OS X10.11.0 in novej\u0161i.<\/p>\n<p>Programi: vsi pogosto uporabljani programi in \u0161e ve\u010d.<\/p>\n<h3>V paketu<\/h3>\n<ul>\n<li>Huion GT-220 v2 (8192)<\/li>\n<li>Digitalno pero z 8192 novoji pritiska<\/li>\n<li>Stojalo za pero z 8 rezervnimi konicami<\/li>\n<li>USB kabel za polnjenje peresa<\/li>\n<li>HDMI in BGA kabel<\/li>\n<li>Napajalnik<\/li>\n<li>USB kabel za povezavo z ra\u010dunalnikom<\/li>\n<li>za\u0161\u010ditna folija \u2013 screen protector<\/li>\n<\/ul>\n","protected":false},"excerpt":{"rendered":"<p>Grafi\u010den zaslon, 21.5\u2033 full HD 1920\u00d71080 LCD IPS monitor, 8192 nivojev pritiska peresa, natan\u010dnost 5080 lpi, odzivnost 233 rps, nastavljiv nagib zaslona.<\/p>\n","protected":false},"featured_media":3033,"template":"","meta":[],"product_brand":[],"product_cat":[204],"product_tag":[],"class_list":{"0":"post-3252","1":"product","2":"type-product","3":"status-publish","4":"has-post-thumbnail","6":"product_cat-graficni-zasloni-pen-displays","8":"first","9":"outofstock","10":"sale","11":"featured","12":"taxable","13":"shipping-taxable","14":"purchasable","15":"product-type-simple"},"yoast_head":"<!-- This site is optimized with the Yoast SEO plugin v27.5 - https:\/\/yoast.com\/product\/yoast-seo-wordpress\/ -->\n<title>GT-220 V2 Pen Display (8192) \u010crn - Huion Slovenija EU<\/title>\n<meta name=\"description\" content=\"Grafi\u010den zaslon, 21.5\u2033 full HD 1920\u00d71080 LCD IPS monitor, 8192 nivojev pritiska peresa, natan\u010dnost 5080 lpi, odzivnost 233 rps, nastavljiv nagib zaslona.\" \/>\n<meta name=\"robots\" content=\"index, follow, max-snippet:-1, max-image-preview:large, max-video-preview:-1\" \/>\n<link rel=\"canonical\" href=\"https:\/\/huion-tablet.eu\/sl\/trgovina\/gt-220-v2-8192-pen-display-graficen-zaslon\/\" \/>\n<meta property=\"og:locale\" content=\"sl_SI\" \/>\n<meta property=\"og:type\" content=\"article\" \/>\n<meta property=\"og:title\" content=\"GT-220 V2 Pen Display (8192) \u010crn - Huion Slovenija EU\" \/>\n<meta property=\"og:description\" content=\"Grafi\u010den zaslon, 21.5\u2033 full HD 1920\u00d71080 LCD IPS monitor, 8192 nivojev pritiska peresa, natan\u010dnost 5080 lpi, odzivnost 233 rps, nastavljiv nagib zaslona.\" \/>\n<meta property=\"og:url\" content=\"https:\/\/huion-tablet.eu\/sl\/trgovina\/gt-220-v2-8192-pen-display-graficen-zaslon\/\" \/>\n<meta property=\"og:site_name\" content=\"Huion Slovenija EU\" \/>\n<meta property=\"article:publisher\" content=\"https:\/\/www.facebook.com\/HUION.tablet.EU\" \/>\n<meta property=\"article:modified_time\" content=\"2018-08-19T19:10:24+00:00\" \/>\n<meta property=\"og:image\" content=\"https:\/\/huion-tablet.eu\/wp-content\/uploads\/gt-220-v2-pen-display-black-huion.jpg\" \/>\n\t<meta property=\"og:image:width\" content=\"1200\" \/>\n\t<meta property=\"og:image:height\" content=\"1200\" \/>\n\t<meta property=\"og:image:type\" content=\"image\/jpeg\" \/>\n<meta name=\"twitter:card\" content=\"summary_large_image\" \/>\n<meta name=\"twitter:label1\" content=\"Est. reading time\" \/>\n\t<meta name=\"twitter:data1\" content=\"1 minuta\" \/>\n<script type=\"application\/ld+json\" class=\"yoast-schema-graph\">{\"@context\":\"https:\\\/\\\/schema.org\",\"@graph\":[{\"@type\":\"WebPage\",\"@id\":\"https:\\\/\\\/huion-tablet.eu\\\/sl\\\/trgovina\\\/gt-220-v2-8192-pen-display-graficen-zaslon\\\/\",\"url\":\"https:\\\/\\\/huion-tablet.eu\\\/sl\\\/trgovina\\\/gt-220-v2-8192-pen-display-graficen-zaslon\\\/\",\"name\":\"GT-220 V2 Pen Display (8192) \u010crn - Huion Slovenija EU\",\"isPartOf\":{\"@id\":\"https:\\\/\\\/huion-tablet.eu\\\/sl\\\/#website\"},\"primaryImageOfPage\":{\"@id\":\"https:\\\/\\\/huion-tablet.eu\\\/sl\\\/trgovina\\\/gt-220-v2-8192-pen-display-graficen-zaslon\\\/#primaryimage\"},\"image\":{\"@id\":\"https:\\\/\\\/huion-tablet.eu\\\/sl\\\/trgovina\\\/gt-220-v2-8192-pen-display-graficen-zaslon\\\/#primaryimage\"},\"thumbnailUrl\":\"https:\\\/\\\/huion-tablet.eu\\\/wp-content\\\/uploads\\\/gt-220-v2-pen-display-black-huion.jpg\",\"datePublished\":\"2017-08-02T10:27:25+00:00\",\"dateModified\":\"2018-08-19T19:10:24+00:00\",\"description\":\"Grafi\u010den zaslon, 21.5\u2033 full HD 1920\u00d71080 LCD IPS monitor, 8192 nivojev pritiska peresa, natan\u010dnost 5080 lpi, odzivnost 233 rps, nastavljiv nagib zaslona.\",\"breadcrumb\":{\"@id\":\"https:\\\/\\\/huion-tablet.eu\\\/sl\\\/trgovina\\\/gt-220-v2-8192-pen-display-graficen-zaslon\\\/#breadcrumb\"},\"inLanguage\":\"sl-SI\",\"potentialAction\":[{\"@type\":\"ReadAction\",\"target\":[\"https:\\\/\\\/huion-tablet.eu\\\/sl\\\/trgovina\\\/gt-220-v2-8192-pen-display-graficen-zaslon\\\/\"]}]},{\"@type\":\"ImageObject\",\"inLanguage\":\"sl-SI\",\"@id\":\"https:\\\/\\\/huion-tablet.eu\\\/sl\\\/trgovina\\\/gt-220-v2-8192-pen-display-graficen-zaslon\\\/#primaryimage\",\"url\":\"https:\\\/\\\/huion-tablet.eu\\\/wp-content\\\/uploads\\\/gt-220-v2-pen-display-black-huion.jpg\",\"contentUrl\":\"https:\\\/\\\/huion-tablet.eu\\\/wp-content\\\/uploads\\\/gt-220-v2-pen-display-black-huion.jpg\",\"width\":1200,\"height\":1200,\"caption\":\"HUION GT-220 V2 Pen Display Black\"},{\"@type\":\"BreadcrumbList\",\"@id\":\"https:\\\/\\\/huion-tablet.eu\\\/sl\\\/trgovina\\\/gt-220-v2-8192-pen-display-graficen-zaslon\\\/#breadcrumb\",\"itemListElement\":[{\"@type\":\"ListItem\",\"position\":1,\"name\":\"Home\",\"item\":\"https:\\\/\\\/huion-tablet.eu\\\/sl\\\/graficne-tablice-zasloni-in-svetlobne-tablice\\\/\"},{\"@type\":\"ListItem\",\"position\":2,\"name\":\"Trgovina\",\"item\":\"https:\\\/\\\/huion-tablet.eu\\\/sl\\\/trgovina\\\/\"},{\"@type\":\"ListItem\",\"position\":3,\"name\":\"GT-220 V2 Pen Display (8192) \u010crn\"}]},{\"@type\":\"WebSite\",\"@id\":\"https:\\\/\\\/huion-tablet.eu\\\/sl\\\/#website\",\"url\":\"https:\\\/\\\/huion-tablet.eu\\\/sl\\\/\",\"name\":\"HUION Slovenija EU\",\"description\":\"Graphics Tablets &amp; Pen Displays and Tracing Boards\",\"publisher\":{\"@id\":\"https:\\\/\\\/huion-tablet.eu\\\/sl\\\/#organization\"},\"potentialAction\":[{\"@type\":\"SearchAction\",\"target\":{\"@type\":\"EntryPoint\",\"urlTemplate\":\"https:\\\/\\\/huion-tablet.eu\\\/sl\\\/?s={search_term_string}\"},\"query-input\":{\"@type\":\"PropertyValueSpecification\",\"valueRequired\":true,\"valueName\":\"search_term_string\"}}],\"inLanguage\":\"sl-SI\"},{\"@type\":\"Organization\",\"@id\":\"https:\\\/\\\/huion-tablet.eu\\\/sl\\\/#organization\",\"name\":\"Huion Slovenija EU\",\"url\":\"https:\\\/\\\/huion-tablet.eu\\\/sl\\\/\",\"logo\":{\"@type\":\"ImageObject\",\"inLanguage\":\"sl-SI\",\"@id\":\"https:\\\/\\\/huion-tablet.eu\\\/sl\\\/#\\\/schema\\\/logo\\\/image\\\/\",\"url\":\"https:\\\/\\\/huion-tablet.eu\\\/wp-content\\\/uploads\\\/2017\\\/04\\\/HUION-Slovenia-Europe-logo-400x355.png\",\"contentUrl\":\"https:\\\/\\\/huion-tablet.eu\\\/wp-content\\\/uploads\\\/2017\\\/04\\\/HUION-Slovenia-Europe-logo-400x355.png\",\"width\":400,\"height\":355,\"caption\":\"Huion Slovenija EU\"},\"image\":{\"@id\":\"https:\\\/\\\/huion-tablet.eu\\\/sl\\\/#\\\/schema\\\/logo\\\/image\\\/\"},\"sameAs\":[\"https:\\\/\\\/www.facebook.com\\\/HUION.tablet.EU\"]}]}<\/script>\n<!-- \/ Yoast SEO plugin. -->","yoast_head_json":{"title":"GT-220 V2 Pen Display (8192) \u010crn - Huion Slovenija EU","description":"Grafi\u010den zaslon, 21.5\u2033 full HD 1920\u00d71080 LCD IPS monitor, 8192 nivojev pritiska peresa, natan\u010dnost 5080 lpi, odzivnost 233 rps, nastavljiv nagib zaslona.","robots":{"index":"index","follow":"follow","max-snippet":"max-snippet:-1","max-image-preview":"max-image-preview:large","max-video-preview":"max-video-preview:-1"},"canonical":"https:\/\/huion-tablet.eu\/sl\/trgovina\/gt-220-v2-8192-pen-display-graficen-zaslon\/","og_locale":"sl_SI","og_type":"article","og_title":"GT-220 V2 Pen Display (8192) \u010crn - Huion Slovenija EU","og_description":"Grafi\u010den zaslon, 21.5\u2033 full HD 1920\u00d71080 LCD IPS monitor, 8192 nivojev pritiska peresa, natan\u010dnost 5080 lpi, odzivnost 233 rps, nastavljiv nagib zaslona.","og_url":"https:\/\/huion-tablet.eu\/sl\/trgovina\/gt-220-v2-8192-pen-display-graficen-zaslon\/","og_site_name":"Huion Slovenija EU","article_publisher":"https:\/\/www.facebook.com\/HUION.tablet.EU","article_modified_time":"2018-08-19T19:10:24+00:00","og_image":[{"width":1200,"height":1200,"url":"https:\/\/huion-tablet.eu\/wp-content\/uploads\/gt-220-v2-pen-display-black-huion.jpg","type":"image\/jpeg"}],"twitter_card":"summary_large_image","twitter_misc":{"Est. reading time":"1 minuta"},"schema":{"@context":"https:\/\/schema.org","@graph":[{"@type":"WebPage","@id":"https:\/\/huion-tablet.eu\/sl\/trgovina\/gt-220-v2-8192-pen-display-graficen-zaslon\/","url":"https:\/\/huion-tablet.eu\/sl\/trgovina\/gt-220-v2-8192-pen-display-graficen-zaslon\/","name":"GT-220 V2 Pen Display (8192) \u010crn - Huion Slovenija EU","isPartOf":{"@id":"https:\/\/huion-tablet.eu\/sl\/#website"},"primaryImageOfPage":{"@id":"https:\/\/huion-tablet.eu\/sl\/trgovina\/gt-220-v2-8192-pen-display-graficen-zaslon\/#primaryimage"},"image":{"@id":"https:\/\/huion-tablet.eu\/sl\/trgovina\/gt-220-v2-8192-pen-display-graficen-zaslon\/#primaryimage"},"thumbnailUrl":"https:\/\/huion-tablet.eu\/wp-content\/uploads\/gt-220-v2-pen-display-black-huion.jpg","datePublished":"2017-08-02T10:27:25+00:00","dateModified":"2018-08-19T19:10:24+00:00","description":"Grafi\u010den zaslon, 21.5\u2033 full HD 1920\u00d71080 LCD IPS monitor, 8192 nivojev pritiska peresa, natan\u010dnost 5080 lpi, odzivnost 233 rps, nastavljiv nagib zaslona.","breadcrumb":{"@id":"https:\/\/huion-tablet.eu\/sl\/trgovina\/gt-220-v2-8192-pen-display-graficen-zaslon\/#breadcrumb"},"inLanguage":"sl-SI","potentialAction":[{"@type":"ReadAction","target":["https:\/\/huion-tablet.eu\/sl\/trgovina\/gt-220-v2-8192-pen-display-graficen-zaslon\/"]}]},{"@type":"ImageObject","inLanguage":"sl-SI","@id":"https:\/\/huion-tablet.eu\/sl\/trgovina\/gt-220-v2-8192-pen-display-graficen-zaslon\/#primaryimage","url":"https:\/\/huion-tablet.eu\/wp-content\/uploads\/gt-220-v2-pen-display-black-huion.jpg","contentUrl":"https:\/\/huion-tablet.eu\/wp-content\/uploads\/gt-220-v2-pen-display-black-huion.jpg","width":1200,"height":1200,"caption":"HUION GT-220 V2 Pen Display Black"},{"@type":"BreadcrumbList","@id":"https:\/\/huion-tablet.eu\/sl\/trgovina\/gt-220-v2-8192-pen-display-graficen-zaslon\/#breadcrumb","itemListElement":[{"@type":"ListItem","position":1,"name":"Home","item":"https:\/\/huion-tablet.eu\/sl\/graficne-tablice-zasloni-in-svetlobne-tablice\/"},{"@type":"ListItem","position":2,"name":"Trgovina","item":"https:\/\/huion-tablet.eu\/sl\/trgovina\/"},{"@type":"ListItem","position":3,"name":"GT-220 V2 Pen Display (8192) \u010crn"}]},{"@type":"WebSite","@id":"https:\/\/huion-tablet.eu\/sl\/#website","url":"https:\/\/huion-tablet.eu\/sl\/","name":"HUION Slovenija EU","description":"Graphics Tablets &amp; Pen Displays and Tracing Boards","publisher":{"@id":"https:\/\/huion-tablet.eu\/sl\/#organization"},"potentialAction":[{"@type":"SearchAction","target":{"@type":"EntryPoint","urlTemplate":"https:\/\/huion-tablet.eu\/sl\/?s={search_term_string}"},"query-input":{"@type":"PropertyValueSpecification","valueRequired":true,"valueName":"search_term_string"}}],"inLanguage":"sl-SI"},{"@type":"Organization","@id":"https:\/\/huion-tablet.eu\/sl\/#organization","name":"Huion Slovenija EU","url":"https:\/\/huion-tablet.eu\/sl\/","logo":{"@type":"ImageObject","inLanguage":"sl-SI","@id":"https:\/\/huion-tablet.eu\/sl\/#\/schema\/logo\/image\/","url":"https:\/\/huion-tablet.eu\/wp-content\/uploads\/2017\/04\/HUION-Slovenia-Europe-logo-400x355.png","contentUrl":"https:\/\/huion-tablet.eu\/wp-content\/uploads\/2017\/04\/HUION-Slovenia-Europe-logo-400x355.png","width":400,"height":355,"caption":"Huion Slovenija EU"},"image":{"@id":"https:\/\/huion-tablet.eu\/sl\/#\/schema\/logo\/image\/"},"sameAs":["https:\/\/www.facebook.com\/HUION.tablet.EU"]}]}},"_links":{"self":[{"href":"https:\/\/huion-tablet.eu\/sl\/wp-json\/wp\/v2\/product\/3252","targetHints":{"allow":["GET"]}}],"collection":[{"href":"https:\/\/huion-tablet.eu\/sl\/wp-json\/wp\/v2\/product"}],"about":[{"href":"https:\/\/huion-tablet.eu\/sl\/wp-json\/wp\/v2\/types\/product"}],"wp:featuredmedia":[{"embeddable":true,"href":"https:\/\/huion-tablet.eu\/sl\/wp-json\/wp\/v2\/media\/3033"}],"wp:attachment":[{"href":"https:\/\/huion-tablet.eu\/sl\/wp-json\/wp\/v2\/media?parent=3252"}],"wp:term":[{"taxonomy":"product_brand","embeddable":true,"href":"https:\/\/huion-tablet.eu\/sl\/wp-json\/wp\/v2\/product_brand?post=3252"},{"taxonomy":"product_cat","embeddable":true,"href":"https:\/\/huion-tablet.eu\/sl\/wp-json\/wp\/v2\/product_cat?post=3252"},{"taxonomy":"product_tag","embeddable":true,"href":"https:\/\/huion-tablet.eu\/sl\/wp-json\/wp\/v2\/product_tag?post=3252"}],"curies":[{"name":"wp","href":"https:\/\/api.w.org\/{rel}","templated":true}]}}