{"id":3468,"date":"2017-10-20T09:27:38","date_gmt":"2017-10-20T08:27:38","guid":{"rendered":"https:\/\/huion-tablet.eu\/?post_type=product&#038;p=3468"},"modified":"2019-07-23T15:20:00","modified_gmt":"2019-07-23T13:20:00","slug":"kamvas-gt-156hd-v2-pen-display","status":"publish","type":"product","link":"https:\/\/huion-tablet.eu\/sl\/trgovina\/kamvas-gt-156hd-v2-pen-display\/","title":{"rendered":"GT-156HD V2 Pen Display"},"content":{"rendered":"<h2>Grafi\u010den zaslon HUION KAMVAS GT-156HD V2 Pen Display<\/h2>\n<p>Oglejte si nov model: <a href=\"https:\/\/huion-tablet.eu\/sl\/trgovina\/kamvas-pro-16-pen-display-graficen-zaslon\/\">KAMVAS 16 Pen Display<\/a><\/p>\n<h3>Bolj natan\u010den<\/h3>\n<p>Izbolj\u0161ana verzija prej\u0161njega modela; GT-156HD V2 prina\u0161a 8192 nivojev pritiska peresa in bolj\u0161e delovanje hitrih tipk in letvice ob\u010dutljive na dotik.<\/p>\n<h3>Modern design v tankem ohi\u0161ju<\/h3>\n<p>15.6&#8243; grafi\u010den zaslon tehta samo 1,5 kg in je zelo tanek, samo 15 mm. Velikost je primerna za prena\u0161anje, zaslon pa je \u0161e vedno dovolj velik za vsakodnevno profesionalno uporabo v va\u0161em studiu.<\/p>\n<h3>Intuitiven grafi\u010den zaslon za naravno uporabni\u0161ko izku\u0161njo<\/h3>\n<p>Ri\u0161ete, barvate in pi\u0161ete neposredno na zaslon, kot bi ustvarjali na papirju. IPS zaslon s polna HD resolucijo 1920&#215;1080 natan\u010dno prikazuje va\u0161e kreacije.<\/p>\n<h3>Trije kabli v enem<\/h3>\n<p>Namensko izdelan kabel za GT-156HD V2 zdru\u017euje 3 kable v enem: HDMI, napajanje in USB. Tako se znebite zme\u0161njave s kabli na va\u0161i mizi.<\/p>\n<h3>Digitalno pero PE330<\/h3>\n<p>Digitalno pero PE330, ki ga dobite skupaj z zaslonom, je lahko, ergonomi\u010dno in prijetno za uporabo. Omogo\u010da 8192 nivojev pritiska in s tem natan\u010dno uravnavanje debeline in prosojnosti krivulje, \u010drte ali povr\u0161ine.<\/p>\n<h3>Nastavljivo stojalo<\/h3>\n<p>Izdelano posebej za Huion GT-156HD. Poljubno si nastavite kot nagiba zaslona, zaslon\u00a0 pa lahko uporabljate tudi brez stojala.<\/p>\n<h3>Nastavljive hitre tipke<\/h3>\n<p>14 nastavljivih tipk in letvica ob\u010dutljiva na dotik prina\u0161ajo ve\u010d zadovoljstva pri ustvarjanju in pove\u010dajo va\u0161o u\u010dinkovitost.<\/p>\n<h3>Za\u0161\u010dita za va\u0161e o\u010di<\/h3>\n<p>GT-156H2 V2 ima patentirano steklo z za\u0161\u010ditnim slojem proti proti ble\u0161\u010danju, ki \u0161\u010diti va\u0161 vid in pripomore k bolj naravnemu ob\u010dutku pri uporabi &#8211; kot bi risali na papir.<\/p>\n<h3>Izjemne barve<\/h3>\n<p>IPS zaslon GT-156HD V2 lahko prika\u017ee 72% barv barvnega prostora\u00a0NTSC, kar omogo\u010da prikaz \u010dudovitih in \u017eivih barv. Tudi prilagajanje prikaza barv je enostavno, samo pritisnete srednjo tipko na spodnjem krogu hitrih tipk in prika\u017ee se OSD meni.<\/p>\n<h3>Kompatibilnost<\/h3>\n<p>Operacijski sistemi: Windows 10\/8\/7\/Vista\/XP\/2000, Mac OS X10.11.0 in novej\u0161i.<br \/>\nProgrami: vsi pogosto uporabljani programi in \u0161e ve\u010d.<\/p>\n<h3>Garancija<\/h3>\n<p>12 mesecev<\/p>\n<h3>V paketu<\/h3>\n<ul>\n<li>grafi\u010den zaslon<\/li>\n<li>digitalno pero PPE330 z USB kablom za polnjenje<\/li>\n<li>3-in-1 kabel<\/li>\n<li>napajalnik<\/li>\n<li>stojalo<\/li>\n<li>\u0161katla za pero s \u0161\u010dipalko za menjavo konic in 8 nadomestnimi konicami<\/li>\n<li>\u010distilna krpica<\/li>\n<li>CD za instalacijo<\/li>\n<li>Quick Start Guide<\/li>\n<\/ul>\n","protected":false},"excerpt":{"rendered":"<p>15.6&#8243; IPS\u00a0 1920&#215;1080 full HD ne-odsevni grafi\u010den zaslon, 8192 nivojev pritiska peresa, 14 hitrih tipk in letvica ob\u010dutljiva na dotik, samo 1,5 kg in 15 mm.<\/p>\n<p>Nov model Oglejte si nov model: <a href=\"https:\/\/huion-tablet.eu\/sl\/trgovina\/kamvas-pro-16-pen-display-graficen-zaslon\/\">KAMVAS 16 Pen Display<\/a>.<\/p>\n","protected":false},"featured_media":3598,"template":"","meta":[],"product_brand":[],"product_cat":[204],"product_tag":[],"class_list":{"0":"post-3468","1":"product","2":"type-product","3":"status-publish","4":"has-post-thumbnail","6":"product_cat-graficni-zasloni-pen-displays","8":"first","9":"outofstock","10":"taxable","11":"shipping-taxable","12":"purchasable","13":"product-type-simple"},"yoast_head":"<!-- This site is optimized with the Yoast SEO plugin v27.5 - https:\/\/yoast.com\/product\/yoast-seo-wordpress\/ -->\n<title>GT-156HD V2 Pen Display - Huion Slovenija EU<\/title>\n<meta name=\"description\" content=\"15.6&quot; IPS\u00a0 1920x1080 full HD ne-odsevni grafi\u010den zaslon, 8192 nivojev pritiska peresa, 14 hitrih tipk in letvica ob\u010dutljiva na dotik, samo 1,5 kg in 15 mm.  Nov model Oglejte si nov model: KAMVAS 16 Pen Display.\" \/>\n<meta name=\"robots\" content=\"index, follow, max-snippet:-1, max-image-preview:large, max-video-preview:-1\" \/>\n<link rel=\"canonical\" href=\"https:\/\/huion-tablet.eu\/sl\/trgovina\/kamvas-gt-156hd-v2-pen-display\/\" \/>\n<meta property=\"og:locale\" content=\"sl_SI\" \/>\n<meta property=\"og:type\" content=\"article\" \/>\n<meta property=\"og:title\" content=\"GT-156HD V2 Pen Display - Huion Slovenija EU\" \/>\n<meta property=\"og:description\" content=\"15.6&quot; IPS\u00a0 1920x1080 full HD ne-odsevni grafi\u010den zaslon, 8192 nivojev pritiska peresa, 14 hitrih tipk in letvica ob\u010dutljiva na dotik, samo 1,5 kg in 15 mm.  Nov model Oglejte si nov model: KAMVAS 16 Pen Display.\" \/>\n<meta property=\"og:url\" content=\"https:\/\/huion-tablet.eu\/sl\/trgovina\/kamvas-gt-156hd-v2-pen-display\/\" \/>\n<meta property=\"og:site_name\" content=\"Huion Slovenija EU\" \/>\n<meta property=\"article:publisher\" content=\"https:\/\/www.facebook.com\/HUION.tablet.EU\" \/>\n<meta property=\"article:modified_time\" content=\"2019-07-23T13:20:00+00:00\" \/>\n<meta property=\"og:image\" content=\"https:\/\/huion-tablet.eu\/wp-content\/uploads\/GT-156HD-V2.jpg\" \/>\n\t<meta property=\"og:image:width\" content=\"1200\" \/>\n\t<meta property=\"og:image:height\" content=\"1200\" \/>\n\t<meta property=\"og:image:type\" content=\"image\/jpeg\" \/>\n<meta name=\"twitter:card\" content=\"summary_large_image\" \/>\n<meta name=\"twitter:label1\" content=\"Est. reading time\" \/>\n\t<meta name=\"twitter:data1\" content=\"2 minuti\" \/>\n<script type=\"application\/ld+json\" class=\"yoast-schema-graph\">{\"@context\":\"https:\\\/\\\/schema.org\",\"@graph\":[{\"@type\":\"WebPage\",\"@id\":\"https:\\\/\\\/huion-tablet.eu\\\/sl\\\/trgovina\\\/kamvas-gt-156hd-v2-pen-display\\\/\",\"url\":\"https:\\\/\\\/huion-tablet.eu\\\/sl\\\/trgovina\\\/kamvas-gt-156hd-v2-pen-display\\\/\",\"name\":\"GT-156HD V2 Pen Display - Huion Slovenija EU\",\"isPartOf\":{\"@id\":\"https:\\\/\\\/huion-tablet.eu\\\/sl\\\/#website\"},\"primaryImageOfPage\":{\"@id\":\"https:\\\/\\\/huion-tablet.eu\\\/sl\\\/trgovina\\\/kamvas-gt-156hd-v2-pen-display\\\/#primaryimage\"},\"image\":{\"@id\":\"https:\\\/\\\/huion-tablet.eu\\\/sl\\\/trgovina\\\/kamvas-gt-156hd-v2-pen-display\\\/#primaryimage\"},\"thumbnailUrl\":\"https:\\\/\\\/huion-tablet.eu\\\/wp-content\\\/uploads\\\/GT-156HD-V2.jpg\",\"datePublished\":\"2017-10-20T08:27:38+00:00\",\"dateModified\":\"2019-07-23T13:20:00+00:00\",\"description\":\"15.6\\\" IPS\u00a0 1920x1080 full HD ne-odsevni grafi\u010den zaslon, 8192 nivojev pritiska peresa, 14 hitrih tipk in letvica ob\u010dutljiva na dotik, samo 1,5 kg in 15 mm. Nov model Oglejte si nov model: KAMVAS 16 Pen Display.\",\"breadcrumb\":{\"@id\":\"https:\\\/\\\/huion-tablet.eu\\\/sl\\\/trgovina\\\/kamvas-gt-156hd-v2-pen-display\\\/#breadcrumb\"},\"inLanguage\":\"sl-SI\",\"potentialAction\":[{\"@type\":\"ReadAction\",\"target\":[\"https:\\\/\\\/huion-tablet.eu\\\/sl\\\/trgovina\\\/kamvas-gt-156hd-v2-pen-display\\\/\"]}]},{\"@type\":\"ImageObject\",\"inLanguage\":\"sl-SI\",\"@id\":\"https:\\\/\\\/huion-tablet.eu\\\/sl\\\/trgovina\\\/kamvas-gt-156hd-v2-pen-display\\\/#primaryimage\",\"url\":\"https:\\\/\\\/huion-tablet.eu\\\/wp-content\\\/uploads\\\/GT-156HD-V2.jpg\",\"contentUrl\":\"https:\\\/\\\/huion-tablet.eu\\\/wp-content\\\/uploads\\\/GT-156HD-V2.jpg\",\"width\":1200,\"height\":1200,\"caption\":\"GT-156HD V2 Pen Display grafi\u010den zaslon\"},{\"@type\":\"BreadcrumbList\",\"@id\":\"https:\\\/\\\/huion-tablet.eu\\\/sl\\\/trgovina\\\/kamvas-gt-156hd-v2-pen-display\\\/#breadcrumb\",\"itemListElement\":[{\"@type\":\"ListItem\",\"position\":1,\"name\":\"Home\",\"item\":\"https:\\\/\\\/huion-tablet.eu\\\/sl\\\/graficne-tablice-zasloni-in-svetlobne-tablice\\\/\"},{\"@type\":\"ListItem\",\"position\":2,\"name\":\"Trgovina\",\"item\":\"https:\\\/\\\/huion-tablet.eu\\\/sl\\\/trgovina\\\/\"},{\"@type\":\"ListItem\",\"position\":3,\"name\":\"GT-156HD V2 Pen Display\"}]},{\"@type\":\"WebSite\",\"@id\":\"https:\\\/\\\/huion-tablet.eu\\\/sl\\\/#website\",\"url\":\"https:\\\/\\\/huion-tablet.eu\\\/sl\\\/\",\"name\":\"HUION Slovenija EU\",\"description\":\"Graphics Tablets &amp; Pen Displays and Tracing Boards\",\"publisher\":{\"@id\":\"https:\\\/\\\/huion-tablet.eu\\\/sl\\\/#organization\"},\"potentialAction\":[{\"@type\":\"SearchAction\",\"target\":{\"@type\":\"EntryPoint\",\"urlTemplate\":\"https:\\\/\\\/huion-tablet.eu\\\/sl\\\/?s={search_term_string}\"},\"query-input\":{\"@type\":\"PropertyValueSpecification\",\"valueRequired\":true,\"valueName\":\"search_term_string\"}}],\"inLanguage\":\"sl-SI\"},{\"@type\":\"Organization\",\"@id\":\"https:\\\/\\\/huion-tablet.eu\\\/sl\\\/#organization\",\"name\":\"Huion Slovenija EU\",\"url\":\"https:\\\/\\\/huion-tablet.eu\\\/sl\\\/\",\"logo\":{\"@type\":\"ImageObject\",\"inLanguage\":\"sl-SI\",\"@id\":\"https:\\\/\\\/huion-tablet.eu\\\/sl\\\/#\\\/schema\\\/logo\\\/image\\\/\",\"url\":\"https:\\\/\\\/huion-tablet.eu\\\/wp-content\\\/uploads\\\/2017\\\/04\\\/HUION-Slovenia-Europe-logo-400x355.png\",\"contentUrl\":\"https:\\\/\\\/huion-tablet.eu\\\/wp-content\\\/uploads\\\/2017\\\/04\\\/HUION-Slovenia-Europe-logo-400x355.png\",\"width\":400,\"height\":355,\"caption\":\"Huion Slovenija EU\"},\"image\":{\"@id\":\"https:\\\/\\\/huion-tablet.eu\\\/sl\\\/#\\\/schema\\\/logo\\\/image\\\/\"},\"sameAs\":[\"https:\\\/\\\/www.facebook.com\\\/HUION.tablet.EU\"]}]}<\/script>\n<!-- \/ Yoast SEO plugin. -->","yoast_head_json":{"title":"GT-156HD V2 Pen Display - Huion Slovenija EU","description":"15.6\" IPS\u00a0 1920x1080 full HD ne-odsevni grafi\u010den zaslon, 8192 nivojev pritiska peresa, 14 hitrih tipk in letvica ob\u010dutljiva na dotik, samo 1,5 kg in 15 mm.  Nov model Oglejte si nov model: KAMVAS 16 Pen Display.","robots":{"index":"index","follow":"follow","max-snippet":"max-snippet:-1","max-image-preview":"max-image-preview:large","max-video-preview":"max-video-preview:-1"},"canonical":"https:\/\/huion-tablet.eu\/sl\/trgovina\/kamvas-gt-156hd-v2-pen-display\/","og_locale":"sl_SI","og_type":"article","og_title":"GT-156HD V2 Pen Display - Huion Slovenija EU","og_description":"15.6\" IPS\u00a0 1920x1080 full HD ne-odsevni grafi\u010den zaslon, 8192 nivojev pritiska peresa, 14 hitrih tipk in letvica ob\u010dutljiva na dotik, samo 1,5 kg in 15 mm.  Nov model Oglejte si nov model: KAMVAS 16 Pen Display.","og_url":"https:\/\/huion-tablet.eu\/sl\/trgovina\/kamvas-gt-156hd-v2-pen-display\/","og_site_name":"Huion Slovenija EU","article_publisher":"https:\/\/www.facebook.com\/HUION.tablet.EU","article_modified_time":"2019-07-23T13:20:00+00:00","og_image":[{"width":1200,"height":1200,"url":"https:\/\/huion-tablet.eu\/wp-content\/uploads\/GT-156HD-V2.jpg","type":"image\/jpeg"}],"twitter_card":"summary_large_image","twitter_misc":{"Est. reading time":"2 minuti"},"schema":{"@context":"https:\/\/schema.org","@graph":[{"@type":"WebPage","@id":"https:\/\/huion-tablet.eu\/sl\/trgovina\/kamvas-gt-156hd-v2-pen-display\/","url":"https:\/\/huion-tablet.eu\/sl\/trgovina\/kamvas-gt-156hd-v2-pen-display\/","name":"GT-156HD V2 Pen Display - Huion Slovenija EU","isPartOf":{"@id":"https:\/\/huion-tablet.eu\/sl\/#website"},"primaryImageOfPage":{"@id":"https:\/\/huion-tablet.eu\/sl\/trgovina\/kamvas-gt-156hd-v2-pen-display\/#primaryimage"},"image":{"@id":"https:\/\/huion-tablet.eu\/sl\/trgovina\/kamvas-gt-156hd-v2-pen-display\/#primaryimage"},"thumbnailUrl":"https:\/\/huion-tablet.eu\/wp-content\/uploads\/GT-156HD-V2.jpg","datePublished":"2017-10-20T08:27:38+00:00","dateModified":"2019-07-23T13:20:00+00:00","description":"15.6\" IPS\u00a0 1920x1080 full HD ne-odsevni grafi\u010den zaslon, 8192 nivojev pritiska peresa, 14 hitrih tipk in letvica ob\u010dutljiva na dotik, samo 1,5 kg in 15 mm. Nov model Oglejte si nov model: KAMVAS 16 Pen Display.","breadcrumb":{"@id":"https:\/\/huion-tablet.eu\/sl\/trgovina\/kamvas-gt-156hd-v2-pen-display\/#breadcrumb"},"inLanguage":"sl-SI","potentialAction":[{"@type":"ReadAction","target":["https:\/\/huion-tablet.eu\/sl\/trgovina\/kamvas-gt-156hd-v2-pen-display\/"]}]},{"@type":"ImageObject","inLanguage":"sl-SI","@id":"https:\/\/huion-tablet.eu\/sl\/trgovina\/kamvas-gt-156hd-v2-pen-display\/#primaryimage","url":"https:\/\/huion-tablet.eu\/wp-content\/uploads\/GT-156HD-V2.jpg","contentUrl":"https:\/\/huion-tablet.eu\/wp-content\/uploads\/GT-156HD-V2.jpg","width":1200,"height":1200,"caption":"GT-156HD V2 Pen Display grafi\u010den zaslon"},{"@type":"BreadcrumbList","@id":"https:\/\/huion-tablet.eu\/sl\/trgovina\/kamvas-gt-156hd-v2-pen-display\/#breadcrumb","itemListElement":[{"@type":"ListItem","position":1,"name":"Home","item":"https:\/\/huion-tablet.eu\/sl\/graficne-tablice-zasloni-in-svetlobne-tablice\/"},{"@type":"ListItem","position":2,"name":"Trgovina","item":"https:\/\/huion-tablet.eu\/sl\/trgovina\/"},{"@type":"ListItem","position":3,"name":"GT-156HD V2 Pen Display"}]},{"@type":"WebSite","@id":"https:\/\/huion-tablet.eu\/sl\/#website","url":"https:\/\/huion-tablet.eu\/sl\/","name":"HUION Slovenija EU","description":"Graphics Tablets &amp; Pen Displays and Tracing Boards","publisher":{"@id":"https:\/\/huion-tablet.eu\/sl\/#organization"},"potentialAction":[{"@type":"SearchAction","target":{"@type":"EntryPoint","urlTemplate":"https:\/\/huion-tablet.eu\/sl\/?s={search_term_string}"},"query-input":{"@type":"PropertyValueSpecification","valueRequired":true,"valueName":"search_term_string"}}],"inLanguage":"sl-SI"},{"@type":"Organization","@id":"https:\/\/huion-tablet.eu\/sl\/#organization","name":"Huion Slovenija EU","url":"https:\/\/huion-tablet.eu\/sl\/","logo":{"@type":"ImageObject","inLanguage":"sl-SI","@id":"https:\/\/huion-tablet.eu\/sl\/#\/schema\/logo\/image\/","url":"https:\/\/huion-tablet.eu\/wp-content\/uploads\/2017\/04\/HUION-Slovenia-Europe-logo-400x355.png","contentUrl":"https:\/\/huion-tablet.eu\/wp-content\/uploads\/2017\/04\/HUION-Slovenia-Europe-logo-400x355.png","width":400,"height":355,"caption":"Huion Slovenija EU"},"image":{"@id":"https:\/\/huion-tablet.eu\/sl\/#\/schema\/logo\/image\/"},"sameAs":["https:\/\/www.facebook.com\/HUION.tablet.EU"]}]}},"_links":{"self":[{"href":"https:\/\/huion-tablet.eu\/sl\/wp-json\/wp\/v2\/product\/3468","targetHints":{"allow":["GET"]}}],"collection":[{"href":"https:\/\/huion-tablet.eu\/sl\/wp-json\/wp\/v2\/product"}],"about":[{"href":"https:\/\/huion-tablet.eu\/sl\/wp-json\/wp\/v2\/types\/product"}],"wp:featuredmedia":[{"embeddable":true,"href":"https:\/\/huion-tablet.eu\/sl\/wp-json\/wp\/v2\/media\/3598"}],"wp:attachment":[{"href":"https:\/\/huion-tablet.eu\/sl\/wp-json\/wp\/v2\/media?parent=3468"}],"wp:term":[{"taxonomy":"product_brand","embeddable":true,"href":"https:\/\/huion-tablet.eu\/sl\/wp-json\/wp\/v2\/product_brand?post=3468"},{"taxonomy":"product_cat","embeddable":true,"href":"https:\/\/huion-tablet.eu\/sl\/wp-json\/wp\/v2\/product_cat?post=3468"},{"taxonomy":"product_tag","embeddable":true,"href":"https:\/\/huion-tablet.eu\/sl\/wp-json\/wp\/v2\/product_tag?post=3468"}],"curies":[{"name":"wp","href":"https:\/\/api.w.org\/{rel}","templated":true}]}}