{"id":3759,"date":"2018-01-19T20:31:48","date_gmt":"2018-01-19T18:31:48","guid":{"rendered":"https:\/\/huion-tablet.eu\/?post_type=product&#038;p=3759"},"modified":"2020-04-07T13:32:01","modified_gmt":"2020-04-07T11:32:01","slug":"h430p-graficna-tablica","status":"publish","type":"product","link":"https:\/\/huion-tablet.eu\/sl\/trgovina\/h430p-graficna-tablica\/","title":{"rendered":"H430P grafi\u010dna tablica"},"content":{"rendered":"<h2>Grafi\u010dna tablica HUION H430P s peresom brez baterije<\/h2>\n<p>Grafi\u010dna tablica H430P je odli\u010dna izbira za igranje iger in za za\u010detnike v digitalnem ustvarjanju. Lahko jo uporabljate tudi za video monta\u017eo, za podpisovanje ali pa namesto mi\u0161ke.<\/p>\n<h3>Enostavna za prena\u0161anje<\/h3>\n<p>H430P je lahka in majhnih dimenzij, 186,6 x 139,2 x 6,1 mm in tehta samo 135 g. Tako lahka, kot mobilni telefon! Lahko jo nosite s seboj in uporabljate kjerkoli. Odstranljiv USB kabel \u0161e pove\u010da prenosljivost.<\/p>\n<h3>Brez baterijsko pero<\/h3>\n<p>Prilo\u017eeno pero PW201 ne potrebuje baterije ali polnjenja, je brez baterijsko pero. Ni\u010d ve\u010d skrbi, da bi vam pero ugasnilo sredi igre ali med risanjem.<\/p>\n<h3>4096 nivojev pritiska<\/h3>\n<p>H430P zaznava\u00a0 4096 nivojev pritiska peresa kar izbolj\u0161a natan\u010dnost pri risanju ali igranju igre.<\/p>\n<h3>4 nastavljive tipke<\/h3>\n<p>Grafi\u010dna tablica ima 4 nastavljive tipke, ki lahko olaj\u0161ajo in pohitijo va\u0161e delo. Vsako tipko lahko poljubno nastavite, npr. razveljavi, kopiraj, zamenjaj \u010dopi\u010d, prilepi &#8230;<\/p>\n<p><strong>Idealno za OSU!<\/strong><br \/>\nH430P idealen za igranje igre OSU! 4.8 x 3 in\u010dev aktivne povr\u0161ine vam omogo\u010da ve\u010dji nadzor in natan\u010dnost pri igranju. Ve\u010d to\u010dk in ve\u010d zabave!<\/p>\n<p>Kompatibilnost:<strong> Windows7\/8\/8.1\/10 in Mac 10.11.0 ali novej\u0161i<\/strong>.<\/p>\n<p><strong>Garancija 12 mesecev.<\/strong><\/p>\n<p><strong>V paketu<\/strong><\/p>\n<ul>\n<li>grafi\u010dna tablica Huion H430P<\/li>\n<li>pero PW201<\/li>\n<li>8 rezervnih konic in \u0161\u010dipalka za zamenjavo konic<\/li>\n<li>USB kabel<\/li>\n<li>navodila<\/li>\n<\/ul>\n","protected":false},"excerpt":{"rendered":"<p>Za gamerje! Aktivna povr\u0161ina 12\u00d77,6 cm \/ 4,8\u00d73 in\u010dev, brez baterijsko pero s 4096 nivoji pritiska, resolucija 5080 lpi, 4 nastavljive tipke.<\/p>\n","protected":false},"featured_media":3753,"template":"","meta":[],"product_brand":[],"product_cat":[183],"product_tag":[],"class_list":{"0":"post-3759","1":"product","2":"type-product","3":"status-publish","4":"has-post-thumbnail","6":"product_cat-graficne-tablice","7":"product_shipping_class-5dkg-sl","9":"first","10":"outofstock","11":"sale","12":"taxable","13":"shipping-taxable","14":"purchasable","15":"product-type-simple"},"yoast_head":"<!-- This site is optimized with the Yoast SEO plugin v27.4 - https:\/\/yoast.com\/product\/yoast-seo-wordpress\/ -->\n<title>H430P grafi\u010dna tablica - Huion Slovenija EU<\/title>\n<meta name=\"description\" content=\"Za gamerje! Aktivna povr\u0161ina 12\u00d77,6 cm \/ 4,8\u00d73 in\u010dev, brez baterijsko pero s 4096 nivoji pritiska, resolucija 5080 lpi, 4 nastavljive tipke.\" \/>\n<meta name=\"robots\" content=\"index, follow, max-snippet:-1, max-image-preview:large, max-video-preview:-1\" \/>\n<link rel=\"canonical\" href=\"https:\/\/huion-tablet.eu\/sl\/trgovina\/h430p-graficna-tablica\/\" \/>\n<meta property=\"og:locale\" content=\"sl_SI\" \/>\n<meta property=\"og:type\" content=\"article\" \/>\n<meta property=\"og:title\" content=\"H430P grafi\u010dna tablica - Huion Slovenija EU\" \/>\n<meta property=\"og:description\" content=\"Za gamerje! Aktivna povr\u0161ina 12\u00d77,6 cm \/ 4,8\u00d73 in\u010dev, brez baterijsko pero s 4096 nivoji pritiska, resolucija 5080 lpi, 4 nastavljive tipke.\" \/>\n<meta property=\"og:url\" content=\"https:\/\/huion-tablet.eu\/sl\/trgovina\/h430p-graficna-tablica\/\" \/>\n<meta property=\"og:site_name\" content=\"Huion Slovenija EU\" \/>\n<meta property=\"article:publisher\" content=\"https:\/\/www.facebook.com\/HUION.tablet.EU\" \/>\n<meta property=\"article:modified_time\" content=\"2020-04-07T11:32:01+00:00\" \/>\n<meta property=\"og:image\" content=\"https:\/\/huion-tablet.eu\/wp-content\/uploads\/Huion-H430P-graphics-pen-tablet-1.jpg\" \/>\n\t<meta property=\"og:image:width\" content=\"1200\" \/>\n\t<meta property=\"og:image:height\" content=\"1200\" \/>\n\t<meta property=\"og:image:type\" content=\"image\/jpeg\" \/>\n<meta name=\"twitter:card\" content=\"summary_large_image\" \/>\n<meta name=\"twitter:label1\" content=\"Est. reading time\" \/>\n\t<meta name=\"twitter:data1\" content=\"1 minuta\" \/>\n<script type=\"application\/ld+json\" class=\"yoast-schema-graph\">{\"@context\":\"https:\\\/\\\/schema.org\",\"@graph\":[{\"@type\":\"WebPage\",\"@id\":\"https:\\\/\\\/huion-tablet.eu\\\/sl\\\/trgovina\\\/h430p-graficna-tablica\\\/\",\"url\":\"https:\\\/\\\/huion-tablet.eu\\\/sl\\\/trgovina\\\/h430p-graficna-tablica\\\/\",\"name\":\"H430P grafi\u010dna tablica - Huion Slovenija EU\",\"isPartOf\":{\"@id\":\"https:\\\/\\\/huion-tablet.eu\\\/sl\\\/#website\"},\"primaryImageOfPage\":{\"@id\":\"https:\\\/\\\/huion-tablet.eu\\\/sl\\\/trgovina\\\/h430p-graficna-tablica\\\/#primaryimage\"},\"image\":{\"@id\":\"https:\\\/\\\/huion-tablet.eu\\\/sl\\\/trgovina\\\/h430p-graficna-tablica\\\/#primaryimage\"},\"thumbnailUrl\":\"https:\\\/\\\/huion-tablet.eu\\\/wp-content\\\/uploads\\\/Huion-H430P-graphics-pen-tablet-1.jpg\",\"datePublished\":\"2018-01-19T18:31:48+00:00\",\"dateModified\":\"2020-04-07T11:32:01+00:00\",\"description\":\"Za gamerje! Aktivna povr\u0161ina 12\u00d77,6 cm \\\/ 4,8\u00d73 in\u010dev, brez baterijsko pero s 4096 nivoji pritiska, resolucija 5080 lpi, 4 nastavljive tipke.\",\"breadcrumb\":{\"@id\":\"https:\\\/\\\/huion-tablet.eu\\\/sl\\\/trgovina\\\/h430p-graficna-tablica\\\/#breadcrumb\"},\"inLanguage\":\"sl-SI\",\"potentialAction\":[{\"@type\":\"ReadAction\",\"target\":[\"https:\\\/\\\/huion-tablet.eu\\\/sl\\\/trgovina\\\/h430p-graficna-tablica\\\/\"]}]},{\"@type\":\"ImageObject\",\"inLanguage\":\"sl-SI\",\"@id\":\"https:\\\/\\\/huion-tablet.eu\\\/sl\\\/trgovina\\\/h430p-graficna-tablica\\\/#primaryimage\",\"url\":\"https:\\\/\\\/huion-tablet.eu\\\/wp-content\\\/uploads\\\/Huion-H430P-graphics-pen-tablet-1.jpg\",\"contentUrl\":\"https:\\\/\\\/huion-tablet.eu\\\/wp-content\\\/uploads\\\/Huion-H430P-graphics-pen-tablet-1.jpg\",\"width\":1200,\"height\":1200,\"caption\":\"grafi\u010dna tablica Huion H430P\"},{\"@type\":\"BreadcrumbList\",\"@id\":\"https:\\\/\\\/huion-tablet.eu\\\/sl\\\/trgovina\\\/h430p-graficna-tablica\\\/#breadcrumb\",\"itemListElement\":[{\"@type\":\"ListItem\",\"position\":1,\"name\":\"Home\",\"item\":\"https:\\\/\\\/huion-tablet.eu\\\/sl\\\/graficne-tablice-zasloni-in-svetlobne-tablice\\\/\"},{\"@type\":\"ListItem\",\"position\":2,\"name\":\"Trgovina\",\"item\":\"https:\\\/\\\/huion-tablet.eu\\\/sl\\\/trgovina\\\/\"},{\"@type\":\"ListItem\",\"position\":3,\"name\":\"H430P grafi\u010dna tablica\"}]},{\"@type\":\"WebSite\",\"@id\":\"https:\\\/\\\/huion-tablet.eu\\\/sl\\\/#website\",\"url\":\"https:\\\/\\\/huion-tablet.eu\\\/sl\\\/\",\"name\":\"HUION Slovenija EU\",\"description\":\"Graphics Tablets &amp; Pen Displays and Tracing Boards\",\"publisher\":{\"@id\":\"https:\\\/\\\/huion-tablet.eu\\\/sl\\\/#organization\"},\"potentialAction\":[{\"@type\":\"SearchAction\",\"target\":{\"@type\":\"EntryPoint\",\"urlTemplate\":\"https:\\\/\\\/huion-tablet.eu\\\/sl\\\/?s={search_term_string}\"},\"query-input\":{\"@type\":\"PropertyValueSpecification\",\"valueRequired\":true,\"valueName\":\"search_term_string\"}}],\"inLanguage\":\"sl-SI\"},{\"@type\":\"Organization\",\"@id\":\"https:\\\/\\\/huion-tablet.eu\\\/sl\\\/#organization\",\"name\":\"Huion Slovenija EU\",\"url\":\"https:\\\/\\\/huion-tablet.eu\\\/sl\\\/\",\"logo\":{\"@type\":\"ImageObject\",\"inLanguage\":\"sl-SI\",\"@id\":\"https:\\\/\\\/huion-tablet.eu\\\/sl\\\/#\\\/schema\\\/logo\\\/image\\\/\",\"url\":\"https:\\\/\\\/huion-tablet.eu\\\/wp-content\\\/uploads\\\/2017\\\/04\\\/HUION-Slovenia-Europe-logo-400x355.png\",\"contentUrl\":\"https:\\\/\\\/huion-tablet.eu\\\/wp-content\\\/uploads\\\/2017\\\/04\\\/HUION-Slovenia-Europe-logo-400x355.png\",\"width\":400,\"height\":355,\"caption\":\"Huion Slovenija EU\"},\"image\":{\"@id\":\"https:\\\/\\\/huion-tablet.eu\\\/sl\\\/#\\\/schema\\\/logo\\\/image\\\/\"},\"sameAs\":[\"https:\\\/\\\/www.facebook.com\\\/HUION.tablet.EU\"]}]}<\/script>\n<!-- \/ Yoast SEO plugin. -->","yoast_head_json":{"title":"H430P grafi\u010dna tablica - Huion Slovenija EU","description":"Za gamerje! Aktivna povr\u0161ina 12\u00d77,6 cm \/ 4,8\u00d73 in\u010dev, brez baterijsko pero s 4096 nivoji pritiska, resolucija 5080 lpi, 4 nastavljive tipke.","robots":{"index":"index","follow":"follow","max-snippet":"max-snippet:-1","max-image-preview":"max-image-preview:large","max-video-preview":"max-video-preview:-1"},"canonical":"https:\/\/huion-tablet.eu\/sl\/trgovina\/h430p-graficna-tablica\/","og_locale":"sl_SI","og_type":"article","og_title":"H430P grafi\u010dna tablica - Huion Slovenija EU","og_description":"Za gamerje! Aktivna povr\u0161ina 12\u00d77,6 cm \/ 4,8\u00d73 in\u010dev, brez baterijsko pero s 4096 nivoji pritiska, resolucija 5080 lpi, 4 nastavljive tipke.","og_url":"https:\/\/huion-tablet.eu\/sl\/trgovina\/h430p-graficna-tablica\/","og_site_name":"Huion Slovenija EU","article_publisher":"https:\/\/www.facebook.com\/HUION.tablet.EU","article_modified_time":"2020-04-07T11:32:01+00:00","og_image":[{"width":1200,"height":1200,"url":"https:\/\/huion-tablet.eu\/wp-content\/uploads\/Huion-H430P-graphics-pen-tablet-1.jpg","type":"image\/jpeg"}],"twitter_card":"summary_large_image","twitter_misc":{"Est. reading time":"1 minuta"},"schema":{"@context":"https:\/\/schema.org","@graph":[{"@type":"WebPage","@id":"https:\/\/huion-tablet.eu\/sl\/trgovina\/h430p-graficna-tablica\/","url":"https:\/\/huion-tablet.eu\/sl\/trgovina\/h430p-graficna-tablica\/","name":"H430P grafi\u010dna tablica - Huion Slovenija EU","isPartOf":{"@id":"https:\/\/huion-tablet.eu\/sl\/#website"},"primaryImageOfPage":{"@id":"https:\/\/huion-tablet.eu\/sl\/trgovina\/h430p-graficna-tablica\/#primaryimage"},"image":{"@id":"https:\/\/huion-tablet.eu\/sl\/trgovina\/h430p-graficna-tablica\/#primaryimage"},"thumbnailUrl":"https:\/\/huion-tablet.eu\/wp-content\/uploads\/Huion-H430P-graphics-pen-tablet-1.jpg","datePublished":"2018-01-19T18:31:48+00:00","dateModified":"2020-04-07T11:32:01+00:00","description":"Za gamerje! Aktivna povr\u0161ina 12\u00d77,6 cm \/ 4,8\u00d73 in\u010dev, brez baterijsko pero s 4096 nivoji pritiska, resolucija 5080 lpi, 4 nastavljive tipke.","breadcrumb":{"@id":"https:\/\/huion-tablet.eu\/sl\/trgovina\/h430p-graficna-tablica\/#breadcrumb"},"inLanguage":"sl-SI","potentialAction":[{"@type":"ReadAction","target":["https:\/\/huion-tablet.eu\/sl\/trgovina\/h430p-graficna-tablica\/"]}]},{"@type":"ImageObject","inLanguage":"sl-SI","@id":"https:\/\/huion-tablet.eu\/sl\/trgovina\/h430p-graficna-tablica\/#primaryimage","url":"https:\/\/huion-tablet.eu\/wp-content\/uploads\/Huion-H430P-graphics-pen-tablet-1.jpg","contentUrl":"https:\/\/huion-tablet.eu\/wp-content\/uploads\/Huion-H430P-graphics-pen-tablet-1.jpg","width":1200,"height":1200,"caption":"grafi\u010dna tablica Huion H430P"},{"@type":"BreadcrumbList","@id":"https:\/\/huion-tablet.eu\/sl\/trgovina\/h430p-graficna-tablica\/#breadcrumb","itemListElement":[{"@type":"ListItem","position":1,"name":"Home","item":"https:\/\/huion-tablet.eu\/sl\/graficne-tablice-zasloni-in-svetlobne-tablice\/"},{"@type":"ListItem","position":2,"name":"Trgovina","item":"https:\/\/huion-tablet.eu\/sl\/trgovina\/"},{"@type":"ListItem","position":3,"name":"H430P grafi\u010dna tablica"}]},{"@type":"WebSite","@id":"https:\/\/huion-tablet.eu\/sl\/#website","url":"https:\/\/huion-tablet.eu\/sl\/","name":"HUION Slovenija EU","description":"Graphics Tablets &amp; Pen Displays and Tracing Boards","publisher":{"@id":"https:\/\/huion-tablet.eu\/sl\/#organization"},"potentialAction":[{"@type":"SearchAction","target":{"@type":"EntryPoint","urlTemplate":"https:\/\/huion-tablet.eu\/sl\/?s={search_term_string}"},"query-input":{"@type":"PropertyValueSpecification","valueRequired":true,"valueName":"search_term_string"}}],"inLanguage":"sl-SI"},{"@type":"Organization","@id":"https:\/\/huion-tablet.eu\/sl\/#organization","name":"Huion Slovenija EU","url":"https:\/\/huion-tablet.eu\/sl\/","logo":{"@type":"ImageObject","inLanguage":"sl-SI","@id":"https:\/\/huion-tablet.eu\/sl\/#\/schema\/logo\/image\/","url":"https:\/\/huion-tablet.eu\/wp-content\/uploads\/2017\/04\/HUION-Slovenia-Europe-logo-400x355.png","contentUrl":"https:\/\/huion-tablet.eu\/wp-content\/uploads\/2017\/04\/HUION-Slovenia-Europe-logo-400x355.png","width":400,"height":355,"caption":"Huion Slovenija EU"},"image":{"@id":"https:\/\/huion-tablet.eu\/sl\/#\/schema\/logo\/image\/"},"sameAs":["https:\/\/www.facebook.com\/HUION.tablet.EU"]}]}},"_links":{"self":[{"href":"https:\/\/huion-tablet.eu\/sl\/wp-json\/wp\/v2\/product\/3759","targetHints":{"allow":["GET"]}}],"collection":[{"href":"https:\/\/huion-tablet.eu\/sl\/wp-json\/wp\/v2\/product"}],"about":[{"href":"https:\/\/huion-tablet.eu\/sl\/wp-json\/wp\/v2\/types\/product"}],"wp:featuredmedia":[{"embeddable":true,"href":"https:\/\/huion-tablet.eu\/sl\/wp-json\/wp\/v2\/media\/3753"}],"wp:attachment":[{"href":"https:\/\/huion-tablet.eu\/sl\/wp-json\/wp\/v2\/media?parent=3759"}],"wp:term":[{"taxonomy":"product_brand","embeddable":true,"href":"https:\/\/huion-tablet.eu\/sl\/wp-json\/wp\/v2\/product_brand?post=3759"},{"taxonomy":"product_cat","embeddable":true,"href":"https:\/\/huion-tablet.eu\/sl\/wp-json\/wp\/v2\/product_cat?post=3759"},{"taxonomy":"product_tag","embeddable":true,"href":"https:\/\/huion-tablet.eu\/sl\/wp-json\/wp\/v2\/product_tag?post=3759"}],"curies":[{"name":"wp","href":"https:\/\/api.w.org\/{rel}","templated":true}]}}