{"id":5574,"date":"2018-08-17T10:46:18","date_gmt":"2018-08-17T08:46:18","guid":{"rendered":"https:\/\/huion-tablet.eu\/?post_type=product&#038;p=5574"},"modified":"2021-01-31T14:21:29","modified_gmt":"2021-01-31T12:21:29","slug":"kamvas-pro-22-pen-display-graficen-zaslon","status":"publish","type":"product","link":"https:\/\/huion-tablet.eu\/sl\/trgovina\/kamvas-pro-22-pen-display-graficen-zaslon\/","title":{"rendered":"KAMVAS Pro 22 Pen Display"},"content":{"rendered":"<h2>HUION KAMVAS Pro 22 Pen Display z brez-baterijskim peresom in podporo orodjem za nagib (tilt)<\/h2>\n<h3>Brez-baterijsko pero<\/h3>\n<p>Brez-baterijsko grafi\u010dno pero z 8192 nivoji pritiska, 266 zaznavami na sekundo,\u00a0\u00b160 nivojev nagiba in 5080 lpi lo\u010dljivostjo zagotavlja natan\u010dnost pri risanju linij. Primerno za desni\u010darje in levi\u010darje.<\/p>\n<h3>Odli\u010den zaslon<\/h3>\n<p>IPS panel zagotavlja kvalitetno sliko v vidnem kotu do 178\u00b0. PRO 22 prika\u017ee 100% RGB barv, 16.7 million barv.<\/p>\n<h3>Tipke in drsnik na obeh straneh ohi\u0161ja zaslona<\/h3>\n<p>10 nastavljivih tipk in drsnik olaj\u0161ata ustvarjanje, tipke in drsnik so na obeh straneh zaslona in stem primerne tako za desni\u010darje kot za levi\u010darje.<\/p>\n<h3>Kompatibilnost<\/h3>\n<p>Windows 7\/8\/8.1\/10, Mac OS X10.11 ali novej\u0161i.<\/p>\n<h3>Nastavljiv nagib<\/h3>\n<p>Prilo\u017eeno stojalo, ki se namesti na hrbet grafi\u010dnega zaslona omogo\u010da nastavitev nagiba 20\u00b0~80\u00b0 .<\/p>\n<h3>V paketu<\/h3>\n<ul>\n<li>KAMVAS Pro 22<\/li>\n<li>Digital Stylus Pen PW500 (8192)<\/li>\n<li>Stojalo za pero PH05 z 10 konicami<\/li>\n<li>Napajalnik<\/li>\n<li>HDMI kabel<\/li>\n<li>USB kabel<\/li>\n<li>Nastavljivo stojalo<\/li>\n<li>Rokavica<\/li>\n<li>Quick Start Gude<\/li>\n<\/ul>\n","protected":false},"excerpt":{"rendered":"<p>Grafi\u010den zaslon, 21.5\u2033 full HD 1920\u00d71080 z za\u0161\u010dito proti odsevu, brez-baterijsko grafi\u010dno pero z 8192 nivoji pritiska in \u00b160 nivojev nagiba (tilt) peresa, natan\u010dnost 5080 lpi, odzivnost 266 rps, 10 tipk in drsnik, nastavljiv nagib zaslona.<\/p>\n","protected":false},"featured_media":5594,"template":"","meta":[],"product_brand":[],"product_cat":[204],"product_tag":[],"class_list":{"0":"post-5574","1":"product","2":"type-product","3":"status-publish","4":"has-post-thumbnail","6":"product_cat-graficni-zasloni-pen-displays","7":"product_shipping_class-10kg-sl","9":"first","10":"outofstock","11":"sale","12":"taxable","13":"shipping-taxable","14":"purchasable","15":"product-type-simple"},"yoast_head":"<!-- This site is optimized with the Yoast SEO plugin v27.5 - https:\/\/yoast.com\/product\/yoast-seo-wordpress\/ -->\n<title>KAMVAS Pro 22 Pen Display - Huion Slovenija EU<\/title>\n<meta name=\"description\" content=\"Grafi\u010den zaslon, 21.5\u2033 full HD 1920\u00d71080 z za\u0161\u010dito proti odsevu, brez-baterijsko grafi\u010dno pero z 8192 nivoji pritiska in \u00b160 nivojev nagiba (tilt) peresa, natan\u010dnost 5080 lpi, odzivnost 266 rps, 10 tipk in drsnik, nastavljiv nagib zaslona.\" \/>\n<meta name=\"robots\" content=\"index, follow, max-snippet:-1, max-image-preview:large, max-video-preview:-1\" \/>\n<link rel=\"canonical\" href=\"https:\/\/huion-tablet.eu\/sl\/trgovina\/kamvas-pro-22-pen-display-graficen-zaslon\/\" \/>\n<meta property=\"og:locale\" content=\"sl_SI\" \/>\n<meta property=\"og:type\" content=\"article\" \/>\n<meta property=\"og:title\" content=\"KAMVAS Pro 22 Pen Display - Huion Slovenija EU\" \/>\n<meta property=\"og:description\" content=\"Grafi\u010den zaslon, 21.5\u2033 full HD 1920\u00d71080 z za\u0161\u010dito proti odsevu, brez-baterijsko grafi\u010dno pero z 8192 nivoji pritiska in \u00b160 nivojev nagiba (tilt) peresa, natan\u010dnost 5080 lpi, odzivnost 266 rps, 10 tipk in drsnik, nastavljiv nagib zaslona.\" \/>\n<meta property=\"og:url\" content=\"https:\/\/huion-tablet.eu\/sl\/trgovina\/kamvas-pro-22-pen-display-graficen-zaslon\/\" \/>\n<meta property=\"og:site_name\" content=\"Huion Slovenija EU\" \/>\n<meta property=\"article:publisher\" content=\"https:\/\/www.facebook.com\/HUION.tablet.EU\" \/>\n<meta property=\"article:modified_time\" content=\"2021-01-31T12:21:29+00:00\" \/>\n<meta property=\"og:image\" content=\"https:\/\/huion-tablet.eu\/wp-content\/uploads\/HUION-KAMVAS-PRO-22.jpg\" \/>\n\t<meta property=\"og:image:width\" content=\"1200\" \/>\n\t<meta property=\"og:image:height\" content=\"1200\" \/>\n\t<meta property=\"og:image:type\" content=\"image\/jpeg\" \/>\n<meta name=\"twitter:card\" content=\"summary_large_image\" \/>\n<meta name=\"twitter:label1\" content=\"Est. reading time\" \/>\n\t<meta name=\"twitter:data1\" content=\"1 minuta\" \/>\n<script type=\"application\/ld+json\" class=\"yoast-schema-graph\">{\"@context\":\"https:\\\/\\\/schema.org\",\"@graph\":[{\"@type\":\"WebPage\",\"@id\":\"https:\\\/\\\/huion-tablet.eu\\\/sl\\\/trgovina\\\/kamvas-pro-22-pen-display-graficen-zaslon\\\/\",\"url\":\"https:\\\/\\\/huion-tablet.eu\\\/sl\\\/trgovina\\\/kamvas-pro-22-pen-display-graficen-zaslon\\\/\",\"name\":\"KAMVAS Pro 22 Pen Display - Huion Slovenija EU\",\"isPartOf\":{\"@id\":\"https:\\\/\\\/huion-tablet.eu\\\/sl\\\/#website\"},\"primaryImageOfPage\":{\"@id\":\"https:\\\/\\\/huion-tablet.eu\\\/sl\\\/trgovina\\\/kamvas-pro-22-pen-display-graficen-zaslon\\\/#primaryimage\"},\"image\":{\"@id\":\"https:\\\/\\\/huion-tablet.eu\\\/sl\\\/trgovina\\\/kamvas-pro-22-pen-display-graficen-zaslon\\\/#primaryimage\"},\"thumbnailUrl\":\"https:\\\/\\\/huion-tablet.eu\\\/wp-content\\\/uploads\\\/HUION-KAMVAS-PRO-22.jpg\",\"datePublished\":\"2018-08-17T08:46:18+00:00\",\"dateModified\":\"2021-01-31T12:21:29+00:00\",\"description\":\"Grafi\u010den zaslon, 21.5\u2033 full HD 1920\u00d71080 z za\u0161\u010dito proti odsevu, brez-baterijsko grafi\u010dno pero z 8192 nivoji pritiska in \u00b160 nivojev nagiba (tilt) peresa, natan\u010dnost 5080 lpi, odzivnost 266 rps, 10 tipk in drsnik, nastavljiv nagib zaslona.\",\"breadcrumb\":{\"@id\":\"https:\\\/\\\/huion-tablet.eu\\\/sl\\\/trgovina\\\/kamvas-pro-22-pen-display-graficen-zaslon\\\/#breadcrumb\"},\"inLanguage\":\"sl-SI\",\"potentialAction\":[{\"@type\":\"ReadAction\",\"target\":[\"https:\\\/\\\/huion-tablet.eu\\\/sl\\\/trgovina\\\/kamvas-pro-22-pen-display-graficen-zaslon\\\/\"]}]},{\"@type\":\"ImageObject\",\"inLanguage\":\"sl-SI\",\"@id\":\"https:\\\/\\\/huion-tablet.eu\\\/sl\\\/trgovina\\\/kamvas-pro-22-pen-display-graficen-zaslon\\\/#primaryimage\",\"url\":\"https:\\\/\\\/huion-tablet.eu\\\/wp-content\\\/uploads\\\/HUION-KAMVAS-PRO-22.jpg\",\"contentUrl\":\"https:\\\/\\\/huion-tablet.eu\\\/wp-content\\\/uploads\\\/HUION-KAMVAS-PRO-22.jpg\",\"width\":1200,\"height\":1200,\"caption\":\"HUION KAMVAS PRO 22\"},{\"@type\":\"BreadcrumbList\",\"@id\":\"https:\\\/\\\/huion-tablet.eu\\\/sl\\\/trgovina\\\/kamvas-pro-22-pen-display-graficen-zaslon\\\/#breadcrumb\",\"itemListElement\":[{\"@type\":\"ListItem\",\"position\":1,\"name\":\"Home\",\"item\":\"https:\\\/\\\/huion-tablet.eu\\\/sl\\\/graficne-tablice-zasloni-in-svetlobne-tablice\\\/\"},{\"@type\":\"ListItem\",\"position\":2,\"name\":\"Trgovina\",\"item\":\"https:\\\/\\\/huion-tablet.eu\\\/sl\\\/trgovina\\\/\"},{\"@type\":\"ListItem\",\"position\":3,\"name\":\"KAMVAS Pro 22 Pen Display\"}]},{\"@type\":\"WebSite\",\"@id\":\"https:\\\/\\\/huion-tablet.eu\\\/sl\\\/#website\",\"url\":\"https:\\\/\\\/huion-tablet.eu\\\/sl\\\/\",\"name\":\"HUION Slovenija EU\",\"description\":\"Graphics Tablets &amp; Pen Displays and Tracing Boards\",\"publisher\":{\"@id\":\"https:\\\/\\\/huion-tablet.eu\\\/sl\\\/#organization\"},\"potentialAction\":[{\"@type\":\"SearchAction\",\"target\":{\"@type\":\"EntryPoint\",\"urlTemplate\":\"https:\\\/\\\/huion-tablet.eu\\\/sl\\\/?s={search_term_string}\"},\"query-input\":{\"@type\":\"PropertyValueSpecification\",\"valueRequired\":true,\"valueName\":\"search_term_string\"}}],\"inLanguage\":\"sl-SI\"},{\"@type\":\"Organization\",\"@id\":\"https:\\\/\\\/huion-tablet.eu\\\/sl\\\/#organization\",\"name\":\"Huion Slovenija EU\",\"url\":\"https:\\\/\\\/huion-tablet.eu\\\/sl\\\/\",\"logo\":{\"@type\":\"ImageObject\",\"inLanguage\":\"sl-SI\",\"@id\":\"https:\\\/\\\/huion-tablet.eu\\\/sl\\\/#\\\/schema\\\/logo\\\/image\\\/\",\"url\":\"https:\\\/\\\/huion-tablet.eu\\\/wp-content\\\/uploads\\\/2017\\\/04\\\/HUION-Slovenia-Europe-logo-400x355.png\",\"contentUrl\":\"https:\\\/\\\/huion-tablet.eu\\\/wp-content\\\/uploads\\\/2017\\\/04\\\/HUION-Slovenia-Europe-logo-400x355.png\",\"width\":400,\"height\":355,\"caption\":\"Huion Slovenija EU\"},\"image\":{\"@id\":\"https:\\\/\\\/huion-tablet.eu\\\/sl\\\/#\\\/schema\\\/logo\\\/image\\\/\"},\"sameAs\":[\"https:\\\/\\\/www.facebook.com\\\/HUION.tablet.EU\"]}]}<\/script>\n<!-- \/ Yoast SEO plugin. -->","yoast_head_json":{"title":"KAMVAS Pro 22 Pen Display - Huion Slovenija EU","description":"Grafi\u010den zaslon, 21.5\u2033 full HD 1920\u00d71080 z za\u0161\u010dito proti odsevu, brez-baterijsko grafi\u010dno pero z 8192 nivoji pritiska in \u00b160 nivojev nagiba (tilt) peresa, natan\u010dnost 5080 lpi, odzivnost 266 rps, 10 tipk in drsnik, nastavljiv nagib zaslona.","robots":{"index":"index","follow":"follow","max-snippet":"max-snippet:-1","max-image-preview":"max-image-preview:large","max-video-preview":"max-video-preview:-1"},"canonical":"https:\/\/huion-tablet.eu\/sl\/trgovina\/kamvas-pro-22-pen-display-graficen-zaslon\/","og_locale":"sl_SI","og_type":"article","og_title":"KAMVAS Pro 22 Pen Display - Huion Slovenija EU","og_description":"Grafi\u010den zaslon, 21.5\u2033 full HD 1920\u00d71080 z za\u0161\u010dito proti odsevu, brez-baterijsko grafi\u010dno pero z 8192 nivoji pritiska in \u00b160 nivojev nagiba (tilt) peresa, natan\u010dnost 5080 lpi, odzivnost 266 rps, 10 tipk in drsnik, nastavljiv nagib zaslona.","og_url":"https:\/\/huion-tablet.eu\/sl\/trgovina\/kamvas-pro-22-pen-display-graficen-zaslon\/","og_site_name":"Huion Slovenija EU","article_publisher":"https:\/\/www.facebook.com\/HUION.tablet.EU","article_modified_time":"2021-01-31T12:21:29+00:00","og_image":[{"width":1200,"height":1200,"url":"https:\/\/huion-tablet.eu\/wp-content\/uploads\/HUION-KAMVAS-PRO-22.jpg","type":"image\/jpeg"}],"twitter_card":"summary_large_image","twitter_misc":{"Est. reading time":"1 minuta"},"schema":{"@context":"https:\/\/schema.org","@graph":[{"@type":"WebPage","@id":"https:\/\/huion-tablet.eu\/sl\/trgovina\/kamvas-pro-22-pen-display-graficen-zaslon\/","url":"https:\/\/huion-tablet.eu\/sl\/trgovina\/kamvas-pro-22-pen-display-graficen-zaslon\/","name":"KAMVAS Pro 22 Pen Display - Huion Slovenija EU","isPartOf":{"@id":"https:\/\/huion-tablet.eu\/sl\/#website"},"primaryImageOfPage":{"@id":"https:\/\/huion-tablet.eu\/sl\/trgovina\/kamvas-pro-22-pen-display-graficen-zaslon\/#primaryimage"},"image":{"@id":"https:\/\/huion-tablet.eu\/sl\/trgovina\/kamvas-pro-22-pen-display-graficen-zaslon\/#primaryimage"},"thumbnailUrl":"https:\/\/huion-tablet.eu\/wp-content\/uploads\/HUION-KAMVAS-PRO-22.jpg","datePublished":"2018-08-17T08:46:18+00:00","dateModified":"2021-01-31T12:21:29+00:00","description":"Grafi\u010den zaslon, 21.5\u2033 full HD 1920\u00d71080 z za\u0161\u010dito proti odsevu, brez-baterijsko grafi\u010dno pero z 8192 nivoji pritiska in \u00b160 nivojev nagiba (tilt) peresa, natan\u010dnost 5080 lpi, odzivnost 266 rps, 10 tipk in drsnik, nastavljiv nagib zaslona.","breadcrumb":{"@id":"https:\/\/huion-tablet.eu\/sl\/trgovina\/kamvas-pro-22-pen-display-graficen-zaslon\/#breadcrumb"},"inLanguage":"sl-SI","potentialAction":[{"@type":"ReadAction","target":["https:\/\/huion-tablet.eu\/sl\/trgovina\/kamvas-pro-22-pen-display-graficen-zaslon\/"]}]},{"@type":"ImageObject","inLanguage":"sl-SI","@id":"https:\/\/huion-tablet.eu\/sl\/trgovina\/kamvas-pro-22-pen-display-graficen-zaslon\/#primaryimage","url":"https:\/\/huion-tablet.eu\/wp-content\/uploads\/HUION-KAMVAS-PRO-22.jpg","contentUrl":"https:\/\/huion-tablet.eu\/wp-content\/uploads\/HUION-KAMVAS-PRO-22.jpg","width":1200,"height":1200,"caption":"HUION KAMVAS PRO 22"},{"@type":"BreadcrumbList","@id":"https:\/\/huion-tablet.eu\/sl\/trgovina\/kamvas-pro-22-pen-display-graficen-zaslon\/#breadcrumb","itemListElement":[{"@type":"ListItem","position":1,"name":"Home","item":"https:\/\/huion-tablet.eu\/sl\/graficne-tablice-zasloni-in-svetlobne-tablice\/"},{"@type":"ListItem","position":2,"name":"Trgovina","item":"https:\/\/huion-tablet.eu\/sl\/trgovina\/"},{"@type":"ListItem","position":3,"name":"KAMVAS Pro 22 Pen Display"}]},{"@type":"WebSite","@id":"https:\/\/huion-tablet.eu\/sl\/#website","url":"https:\/\/huion-tablet.eu\/sl\/","name":"HUION Slovenija EU","description":"Graphics Tablets &amp; Pen Displays and Tracing Boards","publisher":{"@id":"https:\/\/huion-tablet.eu\/sl\/#organization"},"potentialAction":[{"@type":"SearchAction","target":{"@type":"EntryPoint","urlTemplate":"https:\/\/huion-tablet.eu\/sl\/?s={search_term_string}"},"query-input":{"@type":"PropertyValueSpecification","valueRequired":true,"valueName":"search_term_string"}}],"inLanguage":"sl-SI"},{"@type":"Organization","@id":"https:\/\/huion-tablet.eu\/sl\/#organization","name":"Huion Slovenija EU","url":"https:\/\/huion-tablet.eu\/sl\/","logo":{"@type":"ImageObject","inLanguage":"sl-SI","@id":"https:\/\/huion-tablet.eu\/sl\/#\/schema\/logo\/image\/","url":"https:\/\/huion-tablet.eu\/wp-content\/uploads\/2017\/04\/HUION-Slovenia-Europe-logo-400x355.png","contentUrl":"https:\/\/huion-tablet.eu\/wp-content\/uploads\/2017\/04\/HUION-Slovenia-Europe-logo-400x355.png","width":400,"height":355,"caption":"Huion Slovenija EU"},"image":{"@id":"https:\/\/huion-tablet.eu\/sl\/#\/schema\/logo\/image\/"},"sameAs":["https:\/\/www.facebook.com\/HUION.tablet.EU"]}]}},"_links":{"self":[{"href":"https:\/\/huion-tablet.eu\/sl\/wp-json\/wp\/v2\/product\/5574","targetHints":{"allow":["GET"]}}],"collection":[{"href":"https:\/\/huion-tablet.eu\/sl\/wp-json\/wp\/v2\/product"}],"about":[{"href":"https:\/\/huion-tablet.eu\/sl\/wp-json\/wp\/v2\/types\/product"}],"wp:featuredmedia":[{"embeddable":true,"href":"https:\/\/huion-tablet.eu\/sl\/wp-json\/wp\/v2\/media\/5594"}],"wp:attachment":[{"href":"https:\/\/huion-tablet.eu\/sl\/wp-json\/wp\/v2\/media?parent=5574"}],"wp:term":[{"taxonomy":"product_brand","embeddable":true,"href":"https:\/\/huion-tablet.eu\/sl\/wp-json\/wp\/v2\/product_brand?post=5574"},{"taxonomy":"product_cat","embeddable":true,"href":"https:\/\/huion-tablet.eu\/sl\/wp-json\/wp\/v2\/product_cat?post=5574"},{"taxonomy":"product_tag","embeddable":true,"href":"https:\/\/huion-tablet.eu\/sl\/wp-json\/wp\/v2\/product_tag?post=5574"}],"curies":[{"name":"wp","href":"https:\/\/api.w.org\/{rel}","templated":true}]}}