{"id":5616,"date":"2018-08-17T17:08:08","date_gmt":"2018-08-17T15:08:09","guid":{"rendered":"https:\/\/huion-tablet.eu\/?post_type=product&#038;p=5616"},"modified":"2021-12-22T18:32:56","modified_gmt":"2021-12-22T16:32:56","slug":"inspiroy-q11k-v2-brezzicna-graficna-tablica","status":"publish","type":"product","link":"https:\/\/huion-tablet.eu\/sl\/trgovina\/inspiroy-q11k-v2-brezzicna-graficna-tablica\/","title":{"rendered":"Inspiroy Q11K V2"},"content":{"rendered":"<h2>Brez\u017ei\u010dna grafi\u010dna tablica Huion Inspiroy Q11K V2<\/h2>\n<h3>Battery-free and Tilt Support<\/h3>\n<p>The PW500 is a battery-free pen. It supports \u00b160\u00b0 tilt levels. With 8192 pressure sensitivity levels it is not only very accurate but also makes you feel like using brush, pencil, or marker; it is bringing a real and natural drawing and writing experience.<\/p>\n<h3>Ergonomic Design, Large Drawing Area, 8 Customization Keys<\/h3>\n<p>HUION INSPIROY Q11K V2 smooth edge and round corners makes it more comfortable to use, reduce tiredness caused by long working hours. Made with hi-end materials, the 11-inch drawing area of this tablet boasts great performance and amazing touch sensitivity. A small switch on one side can lock the tablet at once and prevent accidental interactions of shortcut keys. 8 customization shortcut keys keep your favorite functions close by, providing you with more efficiency and convenience.<\/p>\n<h3>Wireless Graphics Tablet and Long Battery Life<\/h3>\n<p>Wireless connectivity gives you an amazing cable free work experience making for a tidier desktop environment at work. A 2500mAh high capacity battery able to last over 40 hours, with the option to use the tablet with a power supply cable as well.<\/p>\n<h3>Compatibility<\/h3>\n<p>Works on Windows 7\/8\/8.1\/10, Mac OS X10.12 or above, and compatible with all major programs and more.<\/p>\n<p><strong>One Year Warranty<\/strong><br \/>\nA one-year free warranty, and a professional friendly customer service.<\/p>\n<h3>In the box<\/h3>\n<ul>\n<li>INSPIROY Q11K V2\u00a0 graphics tablet<\/li>\n<li>Battery-free Pen<\/li>\n<li>Pen Holder with 10 pen nibs inside<\/li>\n<li>Micro USB Cable<\/li>\n<li>Wireless Receiver<\/li>\n<li>Quick Start Guide<\/li>\n<\/ul>\n","protected":false},"excerpt":{"rendered":"<p>Aktivna povr\u0161ina 28x17cm \/ 11&#215;6.9inch, brez-baterijsko pero,\u00a0 8192 nivojev pritiska in \u00b160 nivojev nagiba (tilt) peresa, 5080 lpi, 266 rps, 8 hitrih tipk, ergonomi\u010den design.<\/p>\n","protected":false},"featured_media":5618,"template":"","meta":[],"product_brand":[],"product_cat":[183],"product_tag":[],"class_list":{"0":"post-5616","1":"product","2":"type-product","3":"status-publish","4":"has-post-thumbnail","6":"product_cat-graficne-tablice","7":"product_shipping_class-02-kg-li-ion-battreies-in-eqipment","9":"first","10":"outofstock","11":"sale","12":"taxable","13":"shipping-taxable","14":"purchasable","15":"product-type-simple"},"yoast_head":"<!-- This site is optimized with the Yoast SEO plugin v27.5 - https:\/\/yoast.com\/product\/yoast-seo-wordpress\/ -->\n<title>Inspiroy Q11K V2 - Huion Slovenija EU<\/title>\n<meta name=\"description\" content=\"Aktivna povr\u0161ina 28x17cm \/ 11x6.9inch, brez-baterijsko pero,\u00a0 8192 nivojev pritiska in \u00b160 nivojev nagiba (tilt) peresa, 5080 lpi, 266 rps, 8 hitrih tipk, ergonomi\u010den design.\" \/>\n<meta name=\"robots\" content=\"index, follow, max-snippet:-1, max-image-preview:large, max-video-preview:-1\" \/>\n<link rel=\"canonical\" href=\"https:\/\/huion-tablet.eu\/sl\/trgovina\/inspiroy-q11k-v2-brezzicna-graficna-tablica\/\" \/>\n<meta property=\"og:locale\" content=\"sl_SI\" \/>\n<meta property=\"og:type\" content=\"article\" \/>\n<meta property=\"og:title\" content=\"Inspiroy Q11K V2 - Huion Slovenija EU\" \/>\n<meta property=\"og:description\" content=\"Aktivna povr\u0161ina 28x17cm \/ 11x6.9inch, brez-baterijsko pero,\u00a0 8192 nivojev pritiska in \u00b160 nivojev nagiba (tilt) peresa, 5080 lpi, 266 rps, 8 hitrih tipk, ergonomi\u010den design.\" \/>\n<meta property=\"og:url\" content=\"https:\/\/huion-tablet.eu\/sl\/trgovina\/inspiroy-q11k-v2-brezzicna-graficna-tablica\/\" \/>\n<meta property=\"og:site_name\" content=\"Huion Slovenija EU\" \/>\n<meta property=\"article:publisher\" content=\"https:\/\/www.facebook.com\/HUION.tablet.EU\" \/>\n<meta property=\"article:modified_time\" content=\"2021-12-22T16:32:56+00:00\" \/>\n<meta property=\"og:image\" content=\"https:\/\/huion-tablet.eu\/wp-content\/uploads\/HUION-INSPIROY-Q11K-V2-pen-tablet.jpg\" \/>\n\t<meta property=\"og:image:width\" content=\"1200\" \/>\n\t<meta property=\"og:image:height\" content=\"1200\" \/>\n\t<meta property=\"og:image:type\" content=\"image\/jpeg\" \/>\n<meta name=\"twitter:card\" content=\"summary_large_image\" \/>\n<meta name=\"twitter:label1\" content=\"Est. reading time\" \/>\n\t<meta name=\"twitter:data1\" content=\"1 minuta\" \/>\n<script type=\"application\/ld+json\" class=\"yoast-schema-graph\">{\"@context\":\"https:\\\/\\\/schema.org\",\"@graph\":[{\"@type\":\"WebPage\",\"@id\":\"https:\\\/\\\/huion-tablet.eu\\\/sl\\\/trgovina\\\/inspiroy-q11k-v2-brezzicna-graficna-tablica\\\/\",\"url\":\"https:\\\/\\\/huion-tablet.eu\\\/sl\\\/trgovina\\\/inspiroy-q11k-v2-brezzicna-graficna-tablica\\\/\",\"name\":\"Inspiroy Q11K V2 - Huion Slovenija EU\",\"isPartOf\":{\"@id\":\"https:\\\/\\\/huion-tablet.eu\\\/sl\\\/#website\"},\"primaryImageOfPage\":{\"@id\":\"https:\\\/\\\/huion-tablet.eu\\\/sl\\\/trgovina\\\/inspiroy-q11k-v2-brezzicna-graficna-tablica\\\/#primaryimage\"},\"image\":{\"@id\":\"https:\\\/\\\/huion-tablet.eu\\\/sl\\\/trgovina\\\/inspiroy-q11k-v2-brezzicna-graficna-tablica\\\/#primaryimage\"},\"thumbnailUrl\":\"https:\\\/\\\/huion-tablet.eu\\\/wp-content\\\/uploads\\\/HUION-INSPIROY-Q11K-V2-pen-tablet.jpg\",\"datePublished\":\"2018-08-17T15:08:09+00:00\",\"dateModified\":\"2021-12-22T16:32:56+00:00\",\"description\":\"Aktivna povr\u0161ina 28x17cm \\\/ 11x6.9inch, brez-baterijsko pero,\u00a0 8192 nivojev pritiska in \u00b160 nivojev nagiba (tilt) peresa, 5080 lpi, 266 rps, 8 hitrih tipk, ergonomi\u010den design.\",\"breadcrumb\":{\"@id\":\"https:\\\/\\\/huion-tablet.eu\\\/sl\\\/trgovina\\\/inspiroy-q11k-v2-brezzicna-graficna-tablica\\\/#breadcrumb\"},\"inLanguage\":\"sl-SI\",\"potentialAction\":[{\"@type\":\"ReadAction\",\"target\":[\"https:\\\/\\\/huion-tablet.eu\\\/sl\\\/trgovina\\\/inspiroy-q11k-v2-brezzicna-graficna-tablica\\\/\"]}]},{\"@type\":\"ImageObject\",\"inLanguage\":\"sl-SI\",\"@id\":\"https:\\\/\\\/huion-tablet.eu\\\/sl\\\/trgovina\\\/inspiroy-q11k-v2-brezzicna-graficna-tablica\\\/#primaryimage\",\"url\":\"https:\\\/\\\/huion-tablet.eu\\\/wp-content\\\/uploads\\\/HUION-INSPIROY-Q11K-V2-pen-tablet.jpg\",\"contentUrl\":\"https:\\\/\\\/huion-tablet.eu\\\/wp-content\\\/uploads\\\/HUION-INSPIROY-Q11K-V2-pen-tablet.jpg\",\"width\":1200,\"height\":1200,\"caption\":\"HUION INSPIROY Q11K V2 brez\u017ei\u010dna grafi\u010dna tablica\"},{\"@type\":\"BreadcrumbList\",\"@id\":\"https:\\\/\\\/huion-tablet.eu\\\/sl\\\/trgovina\\\/inspiroy-q11k-v2-brezzicna-graficna-tablica\\\/#breadcrumb\",\"itemListElement\":[{\"@type\":\"ListItem\",\"position\":1,\"name\":\"Home\",\"item\":\"https:\\\/\\\/huion-tablet.eu\\\/sl\\\/graficne-tablice-zasloni-in-svetlobne-tablice\\\/\"},{\"@type\":\"ListItem\",\"position\":2,\"name\":\"Trgovina\",\"item\":\"https:\\\/\\\/huion-tablet.eu\\\/sl\\\/trgovina\\\/\"},{\"@type\":\"ListItem\",\"position\":3,\"name\":\"Inspiroy Q11K V2\"}]},{\"@type\":\"WebSite\",\"@id\":\"https:\\\/\\\/huion-tablet.eu\\\/sl\\\/#website\",\"url\":\"https:\\\/\\\/huion-tablet.eu\\\/sl\\\/\",\"name\":\"HUION Slovenija EU\",\"description\":\"Graphics Tablets &amp; Pen Displays and Tracing Boards\",\"publisher\":{\"@id\":\"https:\\\/\\\/huion-tablet.eu\\\/sl\\\/#organization\"},\"potentialAction\":[{\"@type\":\"SearchAction\",\"target\":{\"@type\":\"EntryPoint\",\"urlTemplate\":\"https:\\\/\\\/huion-tablet.eu\\\/sl\\\/?s={search_term_string}\"},\"query-input\":{\"@type\":\"PropertyValueSpecification\",\"valueRequired\":true,\"valueName\":\"search_term_string\"}}],\"inLanguage\":\"sl-SI\"},{\"@type\":\"Organization\",\"@id\":\"https:\\\/\\\/huion-tablet.eu\\\/sl\\\/#organization\",\"name\":\"Huion Slovenija EU\",\"url\":\"https:\\\/\\\/huion-tablet.eu\\\/sl\\\/\",\"logo\":{\"@type\":\"ImageObject\",\"inLanguage\":\"sl-SI\",\"@id\":\"https:\\\/\\\/huion-tablet.eu\\\/sl\\\/#\\\/schema\\\/logo\\\/image\\\/\",\"url\":\"https:\\\/\\\/huion-tablet.eu\\\/wp-content\\\/uploads\\\/2017\\\/04\\\/HUION-Slovenia-Europe-logo-400x355.png\",\"contentUrl\":\"https:\\\/\\\/huion-tablet.eu\\\/wp-content\\\/uploads\\\/2017\\\/04\\\/HUION-Slovenia-Europe-logo-400x355.png\",\"width\":400,\"height\":355,\"caption\":\"Huion Slovenija EU\"},\"image\":{\"@id\":\"https:\\\/\\\/huion-tablet.eu\\\/sl\\\/#\\\/schema\\\/logo\\\/image\\\/\"},\"sameAs\":[\"https:\\\/\\\/www.facebook.com\\\/HUION.tablet.EU\"]}]}<\/script>\n<!-- \/ Yoast SEO plugin. -->","yoast_head_json":{"title":"Inspiroy Q11K V2 - Huion Slovenija EU","description":"Aktivna povr\u0161ina 28x17cm \/ 11x6.9inch, brez-baterijsko pero,\u00a0 8192 nivojev pritiska in \u00b160 nivojev nagiba (tilt) peresa, 5080 lpi, 266 rps, 8 hitrih tipk, ergonomi\u010den design.","robots":{"index":"index","follow":"follow","max-snippet":"max-snippet:-1","max-image-preview":"max-image-preview:large","max-video-preview":"max-video-preview:-1"},"canonical":"https:\/\/huion-tablet.eu\/sl\/trgovina\/inspiroy-q11k-v2-brezzicna-graficna-tablica\/","og_locale":"sl_SI","og_type":"article","og_title":"Inspiroy Q11K V2 - Huion Slovenija EU","og_description":"Aktivna povr\u0161ina 28x17cm \/ 11x6.9inch, brez-baterijsko pero,\u00a0 8192 nivojev pritiska in \u00b160 nivojev nagiba (tilt) peresa, 5080 lpi, 266 rps, 8 hitrih tipk, ergonomi\u010den design.","og_url":"https:\/\/huion-tablet.eu\/sl\/trgovina\/inspiroy-q11k-v2-brezzicna-graficna-tablica\/","og_site_name":"Huion Slovenija EU","article_publisher":"https:\/\/www.facebook.com\/HUION.tablet.EU","article_modified_time":"2021-12-22T16:32:56+00:00","og_image":[{"width":1200,"height":1200,"url":"https:\/\/huion-tablet.eu\/wp-content\/uploads\/HUION-INSPIROY-Q11K-V2-pen-tablet.jpg","type":"image\/jpeg"}],"twitter_card":"summary_large_image","twitter_misc":{"Est. reading time":"1 minuta"},"schema":{"@context":"https:\/\/schema.org","@graph":[{"@type":"WebPage","@id":"https:\/\/huion-tablet.eu\/sl\/trgovina\/inspiroy-q11k-v2-brezzicna-graficna-tablica\/","url":"https:\/\/huion-tablet.eu\/sl\/trgovina\/inspiroy-q11k-v2-brezzicna-graficna-tablica\/","name":"Inspiroy Q11K V2 - Huion Slovenija EU","isPartOf":{"@id":"https:\/\/huion-tablet.eu\/sl\/#website"},"primaryImageOfPage":{"@id":"https:\/\/huion-tablet.eu\/sl\/trgovina\/inspiroy-q11k-v2-brezzicna-graficna-tablica\/#primaryimage"},"image":{"@id":"https:\/\/huion-tablet.eu\/sl\/trgovina\/inspiroy-q11k-v2-brezzicna-graficna-tablica\/#primaryimage"},"thumbnailUrl":"https:\/\/huion-tablet.eu\/wp-content\/uploads\/HUION-INSPIROY-Q11K-V2-pen-tablet.jpg","datePublished":"2018-08-17T15:08:09+00:00","dateModified":"2021-12-22T16:32:56+00:00","description":"Aktivna povr\u0161ina 28x17cm \/ 11x6.9inch, brez-baterijsko pero,\u00a0 8192 nivojev pritiska in \u00b160 nivojev nagiba (tilt) peresa, 5080 lpi, 266 rps, 8 hitrih tipk, ergonomi\u010den design.","breadcrumb":{"@id":"https:\/\/huion-tablet.eu\/sl\/trgovina\/inspiroy-q11k-v2-brezzicna-graficna-tablica\/#breadcrumb"},"inLanguage":"sl-SI","potentialAction":[{"@type":"ReadAction","target":["https:\/\/huion-tablet.eu\/sl\/trgovina\/inspiroy-q11k-v2-brezzicna-graficna-tablica\/"]}]},{"@type":"ImageObject","inLanguage":"sl-SI","@id":"https:\/\/huion-tablet.eu\/sl\/trgovina\/inspiroy-q11k-v2-brezzicna-graficna-tablica\/#primaryimage","url":"https:\/\/huion-tablet.eu\/wp-content\/uploads\/HUION-INSPIROY-Q11K-V2-pen-tablet.jpg","contentUrl":"https:\/\/huion-tablet.eu\/wp-content\/uploads\/HUION-INSPIROY-Q11K-V2-pen-tablet.jpg","width":1200,"height":1200,"caption":"HUION INSPIROY Q11K V2 brez\u017ei\u010dna grafi\u010dna tablica"},{"@type":"BreadcrumbList","@id":"https:\/\/huion-tablet.eu\/sl\/trgovina\/inspiroy-q11k-v2-brezzicna-graficna-tablica\/#breadcrumb","itemListElement":[{"@type":"ListItem","position":1,"name":"Home","item":"https:\/\/huion-tablet.eu\/sl\/graficne-tablice-zasloni-in-svetlobne-tablice\/"},{"@type":"ListItem","position":2,"name":"Trgovina","item":"https:\/\/huion-tablet.eu\/sl\/trgovina\/"},{"@type":"ListItem","position":3,"name":"Inspiroy Q11K V2"}]},{"@type":"WebSite","@id":"https:\/\/huion-tablet.eu\/sl\/#website","url":"https:\/\/huion-tablet.eu\/sl\/","name":"HUION Slovenija EU","description":"Graphics Tablets &amp; Pen Displays and Tracing Boards","publisher":{"@id":"https:\/\/huion-tablet.eu\/sl\/#organization"},"potentialAction":[{"@type":"SearchAction","target":{"@type":"EntryPoint","urlTemplate":"https:\/\/huion-tablet.eu\/sl\/?s={search_term_string}"},"query-input":{"@type":"PropertyValueSpecification","valueRequired":true,"valueName":"search_term_string"}}],"inLanguage":"sl-SI"},{"@type":"Organization","@id":"https:\/\/huion-tablet.eu\/sl\/#organization","name":"Huion Slovenija EU","url":"https:\/\/huion-tablet.eu\/sl\/","logo":{"@type":"ImageObject","inLanguage":"sl-SI","@id":"https:\/\/huion-tablet.eu\/sl\/#\/schema\/logo\/image\/","url":"https:\/\/huion-tablet.eu\/wp-content\/uploads\/2017\/04\/HUION-Slovenia-Europe-logo-400x355.png","contentUrl":"https:\/\/huion-tablet.eu\/wp-content\/uploads\/2017\/04\/HUION-Slovenia-Europe-logo-400x355.png","width":400,"height":355,"caption":"Huion Slovenija EU"},"image":{"@id":"https:\/\/huion-tablet.eu\/sl\/#\/schema\/logo\/image\/"},"sameAs":["https:\/\/www.facebook.com\/HUION.tablet.EU"]}]}},"_links":{"self":[{"href":"https:\/\/huion-tablet.eu\/sl\/wp-json\/wp\/v2\/product\/5616","targetHints":{"allow":["GET"]}}],"collection":[{"href":"https:\/\/huion-tablet.eu\/sl\/wp-json\/wp\/v2\/product"}],"about":[{"href":"https:\/\/huion-tablet.eu\/sl\/wp-json\/wp\/v2\/types\/product"}],"wp:featuredmedia":[{"embeddable":true,"href":"https:\/\/huion-tablet.eu\/sl\/wp-json\/wp\/v2\/media\/5618"}],"wp:attachment":[{"href":"https:\/\/huion-tablet.eu\/sl\/wp-json\/wp\/v2\/media?parent=5616"}],"wp:term":[{"taxonomy":"product_brand","embeddable":true,"href":"https:\/\/huion-tablet.eu\/sl\/wp-json\/wp\/v2\/product_brand?post=5616"},{"taxonomy":"product_cat","embeddable":true,"href":"https:\/\/huion-tablet.eu\/sl\/wp-json\/wp\/v2\/product_cat?post=5616"},{"taxonomy":"product_tag","embeddable":true,"href":"https:\/\/huion-tablet.eu\/sl\/wp-json\/wp\/v2\/product_tag?post=5616"}],"curies":[{"name":"wp","href":"https:\/\/api.w.org\/{rel}","templated":true}]}}