{"id":5646,"date":"2018-08-21T18:15:12","date_gmt":"2018-08-21T16:15:12","guid":{"rendered":"https:\/\/huion-tablet.eu\/?post_type=product&#038;p=5646"},"modified":"2022-11-15T17:00:04","modified_gmt":"2022-11-15T15:00:04","slug":"wh1409-v2-brezzicna-graficna-tablica","status":"publish","type":"product","link":"https:\/\/huion-tablet.eu\/sl\/trgovina\/wh1409-v2-brezzicna-graficna-tablica\/","title":{"rendered":"Inspiroy WH1409 V2"},"content":{"rendered":"<h2>Brez\u017ei\u010dna grafi\u010dna tablica Huion Inspiroy WH1409 V2<\/h2>\n<h3>Huionova najve\u010dja grafi\u010dna tablica &#8211; izpopolnjen model<\/h3>\n<p>Brez-baterijsko pero PW500 podpira orodja za nagib peresa (tilt). Podpira\u00a0 \u00b160 nivojev nagiba in ob tem zagotavlja natan\u010dnost. Ob\u010dutek pri uporabi se azto \u0161e bolj pribli\u017ea\u00a0 risanju z navadnim svin\u010dnikom na pravi papir.<\/p>\n<h3>Brez\u017ei\u010dno ali \u017ei\u010dno<\/h3>\n<p>V paketu prejmete USB klju\u010dek za brez\u017ei\u010den priklop in USB kabel za \u017ei\u010den priklop in polnjenje. Kadarkoli lahko enostavno preklopite med obema na\u010dinoma. Hitra brez\u017ei\u010dna povezava na 2.4G omogo\u010da delovanje na oddaljenosti do 10 m. \u010ce zmanjka baterije samo priklopite na USB povezavo in tablico polnite med tem, ko ustvarjate<\/p>\n<h3>Welika delovna povr\u0161ina z 12 nastavljivimi tipkami<\/h3>\n<p>Kot prej\u0161nji model WH1409 ima tudi ta izbolj\u0161ana verzija veliko delovno povr\u0161ino 13.8&#215;8.6&#8243; \/ 350&#215;220 mm. Vseh 12 hitrih tipk lahko poljubno nastavite na najbolj pogosto uporabljene operacije. Hitre tipke se enostavno dostopne kar omogo\u010da enostavno uporabo.<\/p>\n<h3>Odli\u010dne lastnosti<\/h3>\n<p>Z 8192 nivoji pritiska peresa, odzivnostjo 266 rps odzivov na sekundo, lo\u010dljivostjo 5080 lpi in zaznavo na 10 mm nad povr\u0161ino tablice, so najbolj\u0161e lastnosti primerljivih tablic.<\/p>\n<h3>V paketu<\/h3>\n<ul>\n<li>WH1509 V2\u00a0 grafi\u010dna tablica<\/li>\n<li>PW500 brez-baterijsko pero<\/li>\n<li>Stojalo za pero z 8 nadomestnimi konicami<\/li>\n<li>Micro USB kabel<\/li>\n<li>brez\u017ei\u010den sprejemnik<\/li>\n<li>Quick Start Guide<\/li>\n<\/ul>\n","protected":false},"excerpt":{"rendered":"<p>Velika aktivna povr\u0161ina 35&#215;22 cm \/ 14&#215;9 inch, brez-baterijsko pero,\u00a0 8192 nivojev pritiska in\u00a0\u00b160 nivojev nagiba peresa, 12 hitrih tipk, 266 rps, resolucija 5080 lpi.<\/p>\n<p><strong>Ni v prodaji, oglejte si novej\u0161i model <a href=\"https:\/\/huion-tablet.eu\/sl\/trgovina\/inspiroy-giano-brezzicna-graficna-tablica\/\">Inspiroy Giano<\/a>.<\/strong><\/p>\n","protected":false},"featured_media":5664,"template":"","meta":[],"product_brand":[],"product_cat":[183],"product_tag":[],"class_list":{"0":"post-5646","1":"product","2":"type-product","3":"status-publish","4":"has-post-thumbnail","6":"product_cat-graficne-tablice","7":"product_shipping_class-03-kg-li-ion","9":"first","10":"outofstock","11":"taxable","12":"shipping-taxable","13":"purchasable","14":"product-type-simple"},"yoast_head":"<!-- This site is optimized with the Yoast SEO plugin v27.5 - https:\/\/yoast.com\/product\/yoast-seo-wordpress\/ -->\n<title>Inspiroy WH1409 V2 - Huion Slovenija EU<\/title>\n<meta name=\"description\" content=\"Velika aktivna povr\u0161ina 35x22 cm \/ 14x9 inch, brez-baterijsko pero,\u00a0 8192 nivojev pritiska in\u00a0\u00b160 nivojev nagiba peresa, 12 hitrih tipk, 266 rps, resolucija 5080 lpi.  Ni v prodaji, oglejte si novej\u0161i model Inspiroy Giano.\" \/>\n<meta name=\"robots\" content=\"index, follow, max-snippet:-1, max-image-preview:large, max-video-preview:-1\" \/>\n<link rel=\"canonical\" href=\"https:\/\/huion-tablet.eu\/sl\/trgovina\/wh1409-v2-brezzicna-graficna-tablica\/\" \/>\n<meta property=\"og:locale\" content=\"sl_SI\" \/>\n<meta property=\"og:type\" content=\"article\" \/>\n<meta property=\"og:title\" content=\"Inspiroy WH1409 V2 - Huion Slovenija EU\" \/>\n<meta property=\"og:description\" content=\"Velika aktivna povr\u0161ina 35x22 cm \/ 14x9 inch, brez-baterijsko pero,\u00a0 8192 nivojev pritiska in\u00a0\u00b160 nivojev nagiba peresa, 12 hitrih tipk, 266 rps, resolucija 5080 lpi.  Ni v prodaji, oglejte si novej\u0161i model Inspiroy Giano.\" \/>\n<meta property=\"og:url\" content=\"https:\/\/huion-tablet.eu\/sl\/trgovina\/wh1409-v2-brezzicna-graficna-tablica\/\" \/>\n<meta property=\"og:site_name\" content=\"Huion Slovenija EU\" \/>\n<meta property=\"article:publisher\" content=\"https:\/\/www.facebook.com\/HUION.tablet.EU\" \/>\n<meta property=\"article:modified_time\" content=\"2022-11-15T15:00:04+00:00\" \/>\n<meta property=\"og:image\" content=\"https:\/\/huion-tablet.eu\/wp-content\/uploads\/HUION-WH1409-V2-wireless-graphics-tablet.jpg\" \/>\n\t<meta property=\"og:image:width\" content=\"1200\" \/>\n\t<meta property=\"og:image:height\" content=\"1200\" \/>\n\t<meta property=\"og:image:type\" content=\"image\/jpeg\" \/>\n<meta name=\"twitter:card\" content=\"summary_large_image\" \/>\n<meta name=\"twitter:label1\" content=\"Est. reading time\" \/>\n\t<meta name=\"twitter:data1\" content=\"1 minuta\" \/>\n<script type=\"application\/ld+json\" class=\"yoast-schema-graph\">{\"@context\":\"https:\\\/\\\/schema.org\",\"@graph\":[{\"@type\":\"WebPage\",\"@id\":\"https:\\\/\\\/huion-tablet.eu\\\/sl\\\/trgovina\\\/wh1409-v2-brezzicna-graficna-tablica\\\/\",\"url\":\"https:\\\/\\\/huion-tablet.eu\\\/sl\\\/trgovina\\\/wh1409-v2-brezzicna-graficna-tablica\\\/\",\"name\":\"Inspiroy WH1409 V2 - Huion Slovenija EU\",\"isPartOf\":{\"@id\":\"https:\\\/\\\/huion-tablet.eu\\\/sl\\\/#website\"},\"primaryImageOfPage\":{\"@id\":\"https:\\\/\\\/huion-tablet.eu\\\/sl\\\/trgovina\\\/wh1409-v2-brezzicna-graficna-tablica\\\/#primaryimage\"},\"image\":{\"@id\":\"https:\\\/\\\/huion-tablet.eu\\\/sl\\\/trgovina\\\/wh1409-v2-brezzicna-graficna-tablica\\\/#primaryimage\"},\"thumbnailUrl\":\"https:\\\/\\\/huion-tablet.eu\\\/wp-content\\\/uploads\\\/HUION-WH1409-V2-wireless-graphics-tablet.jpg\",\"datePublished\":\"2018-08-21T16:15:12+00:00\",\"dateModified\":\"2022-11-15T15:00:04+00:00\",\"description\":\"Velika aktivna povr\u0161ina 35x22 cm \\\/ 14x9 inch, brez-baterijsko pero,\u00a0 8192 nivojev pritiska in\u00a0\u00b160 nivojev nagiba peresa, 12 hitrih tipk, 266 rps, resolucija 5080 lpi. Ni v prodaji, oglejte si novej\u0161i model Inspiroy Giano.\",\"breadcrumb\":{\"@id\":\"https:\\\/\\\/huion-tablet.eu\\\/sl\\\/trgovina\\\/wh1409-v2-brezzicna-graficna-tablica\\\/#breadcrumb\"},\"inLanguage\":\"sl-SI\",\"potentialAction\":[{\"@type\":\"ReadAction\",\"target\":[\"https:\\\/\\\/huion-tablet.eu\\\/sl\\\/trgovina\\\/wh1409-v2-brezzicna-graficna-tablica\\\/\"]}]},{\"@type\":\"ImageObject\",\"inLanguage\":\"sl-SI\",\"@id\":\"https:\\\/\\\/huion-tablet.eu\\\/sl\\\/trgovina\\\/wh1409-v2-brezzicna-graficna-tablica\\\/#primaryimage\",\"url\":\"https:\\\/\\\/huion-tablet.eu\\\/wp-content\\\/uploads\\\/HUION-WH1409-V2-wireless-graphics-tablet.jpg\",\"contentUrl\":\"https:\\\/\\\/huion-tablet.eu\\\/wp-content\\\/uploads\\\/HUION-WH1409-V2-wireless-graphics-tablet.jpg\",\"width\":1200,\"height\":1200,\"caption\":\"HUION WH1409 V2 brez\u017ei\u010dna grafi\u010dna tablica\"},{\"@type\":\"BreadcrumbList\",\"@id\":\"https:\\\/\\\/huion-tablet.eu\\\/sl\\\/trgovina\\\/wh1409-v2-brezzicna-graficna-tablica\\\/#breadcrumb\",\"itemListElement\":[{\"@type\":\"ListItem\",\"position\":1,\"name\":\"Home\",\"item\":\"https:\\\/\\\/huion-tablet.eu\\\/sl\\\/graficne-tablice-zasloni-in-svetlobne-tablice\\\/\"},{\"@type\":\"ListItem\",\"position\":2,\"name\":\"Trgovina\",\"item\":\"https:\\\/\\\/huion-tablet.eu\\\/sl\\\/trgovina\\\/\"},{\"@type\":\"ListItem\",\"position\":3,\"name\":\"Inspiroy WH1409 V2\"}]},{\"@type\":\"WebSite\",\"@id\":\"https:\\\/\\\/huion-tablet.eu\\\/sl\\\/#website\",\"url\":\"https:\\\/\\\/huion-tablet.eu\\\/sl\\\/\",\"name\":\"HUION Slovenija EU\",\"description\":\"Graphics Tablets &amp; Pen Displays and Tracing Boards\",\"publisher\":{\"@id\":\"https:\\\/\\\/huion-tablet.eu\\\/sl\\\/#organization\"},\"potentialAction\":[{\"@type\":\"SearchAction\",\"target\":{\"@type\":\"EntryPoint\",\"urlTemplate\":\"https:\\\/\\\/huion-tablet.eu\\\/sl\\\/?s={search_term_string}\"},\"query-input\":{\"@type\":\"PropertyValueSpecification\",\"valueRequired\":true,\"valueName\":\"search_term_string\"}}],\"inLanguage\":\"sl-SI\"},{\"@type\":\"Organization\",\"@id\":\"https:\\\/\\\/huion-tablet.eu\\\/sl\\\/#organization\",\"name\":\"Huion Slovenija EU\",\"url\":\"https:\\\/\\\/huion-tablet.eu\\\/sl\\\/\",\"logo\":{\"@type\":\"ImageObject\",\"inLanguage\":\"sl-SI\",\"@id\":\"https:\\\/\\\/huion-tablet.eu\\\/sl\\\/#\\\/schema\\\/logo\\\/image\\\/\",\"url\":\"https:\\\/\\\/huion-tablet.eu\\\/wp-content\\\/uploads\\\/2017\\\/04\\\/HUION-Slovenia-Europe-logo-400x355.png\",\"contentUrl\":\"https:\\\/\\\/huion-tablet.eu\\\/wp-content\\\/uploads\\\/2017\\\/04\\\/HUION-Slovenia-Europe-logo-400x355.png\",\"width\":400,\"height\":355,\"caption\":\"Huion Slovenija EU\"},\"image\":{\"@id\":\"https:\\\/\\\/huion-tablet.eu\\\/sl\\\/#\\\/schema\\\/logo\\\/image\\\/\"},\"sameAs\":[\"https:\\\/\\\/www.facebook.com\\\/HUION.tablet.EU\"]}]}<\/script>\n<!-- \/ Yoast SEO plugin. -->","yoast_head_json":{"title":"Inspiroy WH1409 V2 - Huion Slovenija EU","description":"Velika aktivna povr\u0161ina 35x22 cm \/ 14x9 inch, brez-baterijsko pero,\u00a0 8192 nivojev pritiska in\u00a0\u00b160 nivojev nagiba peresa, 12 hitrih tipk, 266 rps, resolucija 5080 lpi.  Ni v prodaji, oglejte si novej\u0161i model Inspiroy Giano.","robots":{"index":"index","follow":"follow","max-snippet":"max-snippet:-1","max-image-preview":"max-image-preview:large","max-video-preview":"max-video-preview:-1"},"canonical":"https:\/\/huion-tablet.eu\/sl\/trgovina\/wh1409-v2-brezzicna-graficna-tablica\/","og_locale":"sl_SI","og_type":"article","og_title":"Inspiroy WH1409 V2 - Huion Slovenija EU","og_description":"Velika aktivna povr\u0161ina 35x22 cm \/ 14x9 inch, brez-baterijsko pero,\u00a0 8192 nivojev pritiska in\u00a0\u00b160 nivojev nagiba peresa, 12 hitrih tipk, 266 rps, resolucija 5080 lpi.  Ni v prodaji, oglejte si novej\u0161i model Inspiroy Giano.","og_url":"https:\/\/huion-tablet.eu\/sl\/trgovina\/wh1409-v2-brezzicna-graficna-tablica\/","og_site_name":"Huion Slovenija EU","article_publisher":"https:\/\/www.facebook.com\/HUION.tablet.EU","article_modified_time":"2022-11-15T15:00:04+00:00","og_image":[{"width":1200,"height":1200,"url":"https:\/\/huion-tablet.eu\/wp-content\/uploads\/HUION-WH1409-V2-wireless-graphics-tablet.jpg","type":"image\/jpeg"}],"twitter_card":"summary_large_image","twitter_misc":{"Est. reading time":"1 minuta"},"schema":{"@context":"https:\/\/schema.org","@graph":[{"@type":"WebPage","@id":"https:\/\/huion-tablet.eu\/sl\/trgovina\/wh1409-v2-brezzicna-graficna-tablica\/","url":"https:\/\/huion-tablet.eu\/sl\/trgovina\/wh1409-v2-brezzicna-graficna-tablica\/","name":"Inspiroy WH1409 V2 - Huion Slovenija EU","isPartOf":{"@id":"https:\/\/huion-tablet.eu\/sl\/#website"},"primaryImageOfPage":{"@id":"https:\/\/huion-tablet.eu\/sl\/trgovina\/wh1409-v2-brezzicna-graficna-tablica\/#primaryimage"},"image":{"@id":"https:\/\/huion-tablet.eu\/sl\/trgovina\/wh1409-v2-brezzicna-graficna-tablica\/#primaryimage"},"thumbnailUrl":"https:\/\/huion-tablet.eu\/wp-content\/uploads\/HUION-WH1409-V2-wireless-graphics-tablet.jpg","datePublished":"2018-08-21T16:15:12+00:00","dateModified":"2022-11-15T15:00:04+00:00","description":"Velika aktivna povr\u0161ina 35x22 cm \/ 14x9 inch, brez-baterijsko pero,\u00a0 8192 nivojev pritiska in\u00a0\u00b160 nivojev nagiba peresa, 12 hitrih tipk, 266 rps, resolucija 5080 lpi. Ni v prodaji, oglejte si novej\u0161i model Inspiroy Giano.","breadcrumb":{"@id":"https:\/\/huion-tablet.eu\/sl\/trgovina\/wh1409-v2-brezzicna-graficna-tablica\/#breadcrumb"},"inLanguage":"sl-SI","potentialAction":[{"@type":"ReadAction","target":["https:\/\/huion-tablet.eu\/sl\/trgovina\/wh1409-v2-brezzicna-graficna-tablica\/"]}]},{"@type":"ImageObject","inLanguage":"sl-SI","@id":"https:\/\/huion-tablet.eu\/sl\/trgovina\/wh1409-v2-brezzicna-graficna-tablica\/#primaryimage","url":"https:\/\/huion-tablet.eu\/wp-content\/uploads\/HUION-WH1409-V2-wireless-graphics-tablet.jpg","contentUrl":"https:\/\/huion-tablet.eu\/wp-content\/uploads\/HUION-WH1409-V2-wireless-graphics-tablet.jpg","width":1200,"height":1200,"caption":"HUION WH1409 V2 brez\u017ei\u010dna grafi\u010dna tablica"},{"@type":"BreadcrumbList","@id":"https:\/\/huion-tablet.eu\/sl\/trgovina\/wh1409-v2-brezzicna-graficna-tablica\/#breadcrumb","itemListElement":[{"@type":"ListItem","position":1,"name":"Home","item":"https:\/\/huion-tablet.eu\/sl\/graficne-tablice-zasloni-in-svetlobne-tablice\/"},{"@type":"ListItem","position":2,"name":"Trgovina","item":"https:\/\/huion-tablet.eu\/sl\/trgovina\/"},{"@type":"ListItem","position":3,"name":"Inspiroy WH1409 V2"}]},{"@type":"WebSite","@id":"https:\/\/huion-tablet.eu\/sl\/#website","url":"https:\/\/huion-tablet.eu\/sl\/","name":"HUION Slovenija EU","description":"Graphics Tablets &amp; Pen Displays and Tracing Boards","publisher":{"@id":"https:\/\/huion-tablet.eu\/sl\/#organization"},"potentialAction":[{"@type":"SearchAction","target":{"@type":"EntryPoint","urlTemplate":"https:\/\/huion-tablet.eu\/sl\/?s={search_term_string}"},"query-input":{"@type":"PropertyValueSpecification","valueRequired":true,"valueName":"search_term_string"}}],"inLanguage":"sl-SI"},{"@type":"Organization","@id":"https:\/\/huion-tablet.eu\/sl\/#organization","name":"Huion Slovenija EU","url":"https:\/\/huion-tablet.eu\/sl\/","logo":{"@type":"ImageObject","inLanguage":"sl-SI","@id":"https:\/\/huion-tablet.eu\/sl\/#\/schema\/logo\/image\/","url":"https:\/\/huion-tablet.eu\/wp-content\/uploads\/2017\/04\/HUION-Slovenia-Europe-logo-400x355.png","contentUrl":"https:\/\/huion-tablet.eu\/wp-content\/uploads\/2017\/04\/HUION-Slovenia-Europe-logo-400x355.png","width":400,"height":355,"caption":"Huion Slovenija EU"},"image":{"@id":"https:\/\/huion-tablet.eu\/sl\/#\/schema\/logo\/image\/"},"sameAs":["https:\/\/www.facebook.com\/HUION.tablet.EU"]}]}},"_links":{"self":[{"href":"https:\/\/huion-tablet.eu\/sl\/wp-json\/wp\/v2\/product\/5646","targetHints":{"allow":["GET"]}}],"collection":[{"href":"https:\/\/huion-tablet.eu\/sl\/wp-json\/wp\/v2\/product"}],"about":[{"href":"https:\/\/huion-tablet.eu\/sl\/wp-json\/wp\/v2\/types\/product"}],"wp:featuredmedia":[{"embeddable":true,"href":"https:\/\/huion-tablet.eu\/sl\/wp-json\/wp\/v2\/media\/5664"}],"wp:attachment":[{"href":"https:\/\/huion-tablet.eu\/sl\/wp-json\/wp\/v2\/media?parent=5646"}],"wp:term":[{"taxonomy":"product_brand","embeddable":true,"href":"https:\/\/huion-tablet.eu\/sl\/wp-json\/wp\/v2\/product_brand?post=5646"},{"taxonomy":"product_cat","embeddable":true,"href":"https:\/\/huion-tablet.eu\/sl\/wp-json\/wp\/v2\/product_cat?post=5646"},{"taxonomy":"product_tag","embeddable":true,"href":"https:\/\/huion-tablet.eu\/sl\/wp-json\/wp\/v2\/product_tag?post=5646"}],"curies":[{"name":"wp","href":"https:\/\/api.w.org\/{rel}","templated":true}]}}