{"id":6545,"date":"2019-05-05T18:40:08","date_gmt":"2019-05-05T16:40:08","guid":{"rendered":"https:\/\/huion-tablet.eu\/?post_type=product&#038;p=6545"},"modified":"2023-01-30T18:54:43","modified_gmt":"2023-01-30T16:54:43","slug":"hs610-graficna-tablica","status":"publish","type":"product","link":"https:\/\/huion-tablet.eu\/sl\/trgovina\/hs610-graficna-tablica\/","title":{"rendered":"Huion HS610"},"content":{"rendered":"<h2>Grafi\u010dna tablica Huion HS610 za PC, MAC in Android<\/h2>\n<p>Grafi\u010dno tablico Huion HS610 lahko uporabljate na razli\u010dnih operacijskih sistemih: Windows, OS X in Android.<\/p>\n<p>Grafi\u010dna tablica Huion HS610 je kompaktna,\u00a0<strong>350&#215;211.8&#215;8 mm<\/strong> in lahka, samo <strong>600g<\/strong>. Je zabavna za uporabo in enostavna za prena\u0161anje, vedno je lahko v va\u0161i torbi.<\/p>\n<p><strong>Aktivna delovna povr\u0161ina na tablici je 254 \u00d7 158.8 mm<\/strong> na <strong>PC-ju ali MAC-u<\/strong> ali\u00a0<strong>158.8\u00d799.2 mm<\/strong> na <strong>Androidu<\/strong>. Delovna povr\u0161ina je majhna vendar zadostuje za vsakodnevno uporabo. Papirju podobna povr\u0161ina tablice in zaobljeni robovi tablice omogo\u010dajo prijetno in enostavno uporabo. Ima tudi <strong>12 nastavljivih tipk<\/strong> in <strong>krogec na dotik<\/strong>, poleg tega sta \u0161e 2 tiki na prilo\u017eenem persu. Delovanje tipk lahko prilagodite lastnim potrebam in \u0161e hitreje in enostavneje ustvarjate v va\u0161ih priljubljenih kreativnih programih.<\/p>\n<p>Prilo\u017eeno je brez-baterijsko grafi\u010dno pero Huion PW100. 8192 nivojev pritiska peresa, 5080 LPI zaznav in 266 PPS zagotavljajo prikaz potez na ekranu skoraj brez zakasnitve.minimalno zakasnitvijo.<\/p>\n<p>Vse te lastnosti grafi\u010dne tablice Huion HS610 zagotavljajo veselje pri delu v va\u0161i priljubljeni aplikaciji.<\/p>\n<p>Kompatibilnost:<strong> Windows 7 ali novej\u0161i, MAC OS X 10.12 ali novej\u0161i in Android 6.0 ali novej\u0161i<\/strong>, adapterja za Android naprave sta prilo\u017eena.<\/p>\n<p><strong>V paketu<br \/>\n<\/strong><\/p>\n<ul>\n<li>grafi\u010dna tablica Huion HS610<\/li>\n<li>brez-baterijsko pero Pen PW100<\/li>\n<li>stojalo za pero PH03 z 8 nadomestnimi konicami<\/li>\n<li>Micro USB kabel<\/li>\n<li>OTG adapter (Micro USB &amp; USB-C)<\/li>\n<li>Quick Start Guide<\/li>\n<\/ul>\n","protected":false},"excerpt":{"rendered":"<p>Aktivna povr\u0161ina 25\u00d716 cm \/ 10\u00d76,25 in, 8192 nivojev pritiska, 12 nastavljivih tipk in krogec na dotik.<\/p>\n","protected":false},"featured_media":6576,"template":"","meta":[],"product_brand":[],"product_cat":[183],"product_tag":[],"class_list":{"0":"post-6545","1":"product","2":"type-product","3":"status-publish","4":"has-post-thumbnail","6":"product_cat-graficne-tablice","7":"product_shipping_class-02-kg-sl","9":"first","10":"outofstock","11":"taxable","12":"shipping-taxable","13":"purchasable","14":"product-type-simple"},"yoast_head":"<!-- This site is optimized with the Yoast SEO plugin v27.5 - https:\/\/yoast.com\/product\/yoast-seo-wordpress\/ -->\n<title>Huion HS610 - Huion Slovenija EU<\/title>\n<meta name=\"description\" content=\"Aktivna povr\u0161ina 25\u00d716 cm \/ 10\u00d76,25 in, 8192 nivojev pritiska, 12 nastavljivih tipk in krogec na dotik.\" \/>\n<meta name=\"robots\" content=\"index, follow, max-snippet:-1, max-image-preview:large, max-video-preview:-1\" \/>\n<link rel=\"canonical\" href=\"https:\/\/huion-tablet.eu\/sl\/trgovina\/hs610-graficna-tablica\/\" \/>\n<meta property=\"og:locale\" content=\"sl_SI\" \/>\n<meta property=\"og:type\" content=\"article\" \/>\n<meta property=\"og:title\" content=\"Huion HS610 - Huion Slovenija EU\" \/>\n<meta property=\"og:description\" content=\"Aktivna povr\u0161ina 25\u00d716 cm \/ 10\u00d76,25 in, 8192 nivojev pritiska, 12 nastavljivih tipk in krogec na dotik.\" \/>\n<meta property=\"og:url\" content=\"https:\/\/huion-tablet.eu\/sl\/trgovina\/hs610-graficna-tablica\/\" \/>\n<meta property=\"og:site_name\" content=\"Huion Slovenija EU\" \/>\n<meta property=\"article:publisher\" content=\"https:\/\/www.facebook.com\/HUION.tablet.EU\" \/>\n<meta property=\"article:modified_time\" content=\"2023-01-30T16:54:43+00:00\" \/>\n<meta property=\"og:image\" content=\"https:\/\/huion-tablet.eu\/wp-content\/uploads\/HUION-HS610-graphics-pen-tablet.jpg\" \/>\n\t<meta property=\"og:image:width\" content=\"800\" \/>\n\t<meta property=\"og:image:height\" content=\"800\" \/>\n\t<meta property=\"og:image:type\" content=\"image\/jpeg\" \/>\n<meta name=\"twitter:card\" content=\"summary_large_image\" \/>\n<meta name=\"twitter:label1\" content=\"Est. reading time\" \/>\n\t<meta name=\"twitter:data1\" content=\"1 minuta\" \/>\n<script type=\"application\/ld+json\" class=\"yoast-schema-graph\">{\"@context\":\"https:\\\/\\\/schema.org\",\"@graph\":[{\"@type\":\"WebPage\",\"@id\":\"https:\\\/\\\/huion-tablet.eu\\\/sl\\\/trgovina\\\/hs610-graficna-tablica\\\/\",\"url\":\"https:\\\/\\\/huion-tablet.eu\\\/sl\\\/trgovina\\\/hs610-graficna-tablica\\\/\",\"name\":\"Huion HS610 - Huion Slovenija EU\",\"isPartOf\":{\"@id\":\"https:\\\/\\\/huion-tablet.eu\\\/sl\\\/#website\"},\"primaryImageOfPage\":{\"@id\":\"https:\\\/\\\/huion-tablet.eu\\\/sl\\\/trgovina\\\/hs610-graficna-tablica\\\/#primaryimage\"},\"image\":{\"@id\":\"https:\\\/\\\/huion-tablet.eu\\\/sl\\\/trgovina\\\/hs610-graficna-tablica\\\/#primaryimage\"},\"thumbnailUrl\":\"https:\\\/\\\/huion-tablet.eu\\\/wp-content\\\/uploads\\\/HUION-HS610-graphics-pen-tablet.jpg\",\"datePublished\":\"2019-05-05T16:40:08+00:00\",\"dateModified\":\"2023-01-30T16:54:43+00:00\",\"description\":\"Aktivna povr\u0161ina 25\u00d716 cm \\\/ 10\u00d76,25 in, 8192 nivojev pritiska, 12 nastavljivih tipk in krogec na dotik.\",\"breadcrumb\":{\"@id\":\"https:\\\/\\\/huion-tablet.eu\\\/sl\\\/trgovina\\\/hs610-graficna-tablica\\\/#breadcrumb\"},\"inLanguage\":\"sl-SI\",\"potentialAction\":[{\"@type\":\"ReadAction\",\"target\":[\"https:\\\/\\\/huion-tablet.eu\\\/sl\\\/trgovina\\\/hs610-graficna-tablica\\\/\"]}]},{\"@type\":\"ImageObject\",\"inLanguage\":\"sl-SI\",\"@id\":\"https:\\\/\\\/huion-tablet.eu\\\/sl\\\/trgovina\\\/hs610-graficna-tablica\\\/#primaryimage\",\"url\":\"https:\\\/\\\/huion-tablet.eu\\\/wp-content\\\/uploads\\\/HUION-HS610-graphics-pen-tablet.jpg\",\"contentUrl\":\"https:\\\/\\\/huion-tablet.eu\\\/wp-content\\\/uploads\\\/HUION-HS610-graphics-pen-tablet.jpg\",\"width\":800,\"height\":800,\"caption\":\"HUION HS610 grafi\u010dna tablica\"},{\"@type\":\"BreadcrumbList\",\"@id\":\"https:\\\/\\\/huion-tablet.eu\\\/sl\\\/trgovina\\\/hs610-graficna-tablica\\\/#breadcrumb\",\"itemListElement\":[{\"@type\":\"ListItem\",\"position\":1,\"name\":\"Home\",\"item\":\"https:\\\/\\\/huion-tablet.eu\\\/sl\\\/graficne-tablice-zasloni-in-svetlobne-tablice\\\/\"},{\"@type\":\"ListItem\",\"position\":2,\"name\":\"Trgovina\",\"item\":\"https:\\\/\\\/huion-tablet.eu\\\/sl\\\/trgovina\\\/\"},{\"@type\":\"ListItem\",\"position\":3,\"name\":\"Huion HS610\"}]},{\"@type\":\"WebSite\",\"@id\":\"https:\\\/\\\/huion-tablet.eu\\\/sl\\\/#website\",\"url\":\"https:\\\/\\\/huion-tablet.eu\\\/sl\\\/\",\"name\":\"HUION Slovenija EU\",\"description\":\"Graphics Tablets &amp; Pen Displays and Tracing Boards\",\"publisher\":{\"@id\":\"https:\\\/\\\/huion-tablet.eu\\\/sl\\\/#organization\"},\"potentialAction\":[{\"@type\":\"SearchAction\",\"target\":{\"@type\":\"EntryPoint\",\"urlTemplate\":\"https:\\\/\\\/huion-tablet.eu\\\/sl\\\/?s={search_term_string}\"},\"query-input\":{\"@type\":\"PropertyValueSpecification\",\"valueRequired\":true,\"valueName\":\"search_term_string\"}}],\"inLanguage\":\"sl-SI\"},{\"@type\":\"Organization\",\"@id\":\"https:\\\/\\\/huion-tablet.eu\\\/sl\\\/#organization\",\"name\":\"Huion Slovenija EU\",\"url\":\"https:\\\/\\\/huion-tablet.eu\\\/sl\\\/\",\"logo\":{\"@type\":\"ImageObject\",\"inLanguage\":\"sl-SI\",\"@id\":\"https:\\\/\\\/huion-tablet.eu\\\/sl\\\/#\\\/schema\\\/logo\\\/image\\\/\",\"url\":\"https:\\\/\\\/huion-tablet.eu\\\/wp-content\\\/uploads\\\/2017\\\/04\\\/HUION-Slovenia-Europe-logo-400x355.png\",\"contentUrl\":\"https:\\\/\\\/huion-tablet.eu\\\/wp-content\\\/uploads\\\/2017\\\/04\\\/HUION-Slovenia-Europe-logo-400x355.png\",\"width\":400,\"height\":355,\"caption\":\"Huion Slovenija EU\"},\"image\":{\"@id\":\"https:\\\/\\\/huion-tablet.eu\\\/sl\\\/#\\\/schema\\\/logo\\\/image\\\/\"},\"sameAs\":[\"https:\\\/\\\/www.facebook.com\\\/HUION.tablet.EU\"]}]}<\/script>\n<!-- \/ Yoast SEO plugin. -->","yoast_head_json":{"title":"Huion HS610 - Huion Slovenija EU","description":"Aktivna povr\u0161ina 25\u00d716 cm \/ 10\u00d76,25 in, 8192 nivojev pritiska, 12 nastavljivih tipk in krogec na dotik.","robots":{"index":"index","follow":"follow","max-snippet":"max-snippet:-1","max-image-preview":"max-image-preview:large","max-video-preview":"max-video-preview:-1"},"canonical":"https:\/\/huion-tablet.eu\/sl\/trgovina\/hs610-graficna-tablica\/","og_locale":"sl_SI","og_type":"article","og_title":"Huion HS610 - Huion Slovenija EU","og_description":"Aktivna povr\u0161ina 25\u00d716 cm \/ 10\u00d76,25 in, 8192 nivojev pritiska, 12 nastavljivih tipk in krogec na dotik.","og_url":"https:\/\/huion-tablet.eu\/sl\/trgovina\/hs610-graficna-tablica\/","og_site_name":"Huion Slovenija EU","article_publisher":"https:\/\/www.facebook.com\/HUION.tablet.EU","article_modified_time":"2023-01-30T16:54:43+00:00","og_image":[{"width":800,"height":800,"url":"https:\/\/huion-tablet.eu\/wp-content\/uploads\/HUION-HS610-graphics-pen-tablet.jpg","type":"image\/jpeg"}],"twitter_card":"summary_large_image","twitter_misc":{"Est. reading time":"1 minuta"},"schema":{"@context":"https:\/\/schema.org","@graph":[{"@type":"WebPage","@id":"https:\/\/huion-tablet.eu\/sl\/trgovina\/hs610-graficna-tablica\/","url":"https:\/\/huion-tablet.eu\/sl\/trgovina\/hs610-graficna-tablica\/","name":"Huion HS610 - Huion Slovenija EU","isPartOf":{"@id":"https:\/\/huion-tablet.eu\/sl\/#website"},"primaryImageOfPage":{"@id":"https:\/\/huion-tablet.eu\/sl\/trgovina\/hs610-graficna-tablica\/#primaryimage"},"image":{"@id":"https:\/\/huion-tablet.eu\/sl\/trgovina\/hs610-graficna-tablica\/#primaryimage"},"thumbnailUrl":"https:\/\/huion-tablet.eu\/wp-content\/uploads\/HUION-HS610-graphics-pen-tablet.jpg","datePublished":"2019-05-05T16:40:08+00:00","dateModified":"2023-01-30T16:54:43+00:00","description":"Aktivna povr\u0161ina 25\u00d716 cm \/ 10\u00d76,25 in, 8192 nivojev pritiska, 12 nastavljivih tipk in krogec na dotik.","breadcrumb":{"@id":"https:\/\/huion-tablet.eu\/sl\/trgovina\/hs610-graficna-tablica\/#breadcrumb"},"inLanguage":"sl-SI","potentialAction":[{"@type":"ReadAction","target":["https:\/\/huion-tablet.eu\/sl\/trgovina\/hs610-graficna-tablica\/"]}]},{"@type":"ImageObject","inLanguage":"sl-SI","@id":"https:\/\/huion-tablet.eu\/sl\/trgovina\/hs610-graficna-tablica\/#primaryimage","url":"https:\/\/huion-tablet.eu\/wp-content\/uploads\/HUION-HS610-graphics-pen-tablet.jpg","contentUrl":"https:\/\/huion-tablet.eu\/wp-content\/uploads\/HUION-HS610-graphics-pen-tablet.jpg","width":800,"height":800,"caption":"HUION HS610 grafi\u010dna tablica"},{"@type":"BreadcrumbList","@id":"https:\/\/huion-tablet.eu\/sl\/trgovina\/hs610-graficna-tablica\/#breadcrumb","itemListElement":[{"@type":"ListItem","position":1,"name":"Home","item":"https:\/\/huion-tablet.eu\/sl\/graficne-tablice-zasloni-in-svetlobne-tablice\/"},{"@type":"ListItem","position":2,"name":"Trgovina","item":"https:\/\/huion-tablet.eu\/sl\/trgovina\/"},{"@type":"ListItem","position":3,"name":"Huion HS610"}]},{"@type":"WebSite","@id":"https:\/\/huion-tablet.eu\/sl\/#website","url":"https:\/\/huion-tablet.eu\/sl\/","name":"HUION Slovenija EU","description":"Graphics Tablets &amp; Pen Displays and Tracing Boards","publisher":{"@id":"https:\/\/huion-tablet.eu\/sl\/#organization"},"potentialAction":[{"@type":"SearchAction","target":{"@type":"EntryPoint","urlTemplate":"https:\/\/huion-tablet.eu\/sl\/?s={search_term_string}"},"query-input":{"@type":"PropertyValueSpecification","valueRequired":true,"valueName":"search_term_string"}}],"inLanguage":"sl-SI"},{"@type":"Organization","@id":"https:\/\/huion-tablet.eu\/sl\/#organization","name":"Huion Slovenija EU","url":"https:\/\/huion-tablet.eu\/sl\/","logo":{"@type":"ImageObject","inLanguage":"sl-SI","@id":"https:\/\/huion-tablet.eu\/sl\/#\/schema\/logo\/image\/","url":"https:\/\/huion-tablet.eu\/wp-content\/uploads\/2017\/04\/HUION-Slovenia-Europe-logo-400x355.png","contentUrl":"https:\/\/huion-tablet.eu\/wp-content\/uploads\/2017\/04\/HUION-Slovenia-Europe-logo-400x355.png","width":400,"height":355,"caption":"Huion Slovenija EU"},"image":{"@id":"https:\/\/huion-tablet.eu\/sl\/#\/schema\/logo\/image\/"},"sameAs":["https:\/\/www.facebook.com\/HUION.tablet.EU"]}]}},"_links":{"self":[{"href":"https:\/\/huion-tablet.eu\/sl\/wp-json\/wp\/v2\/product\/6545","targetHints":{"allow":["GET"]}}],"collection":[{"href":"https:\/\/huion-tablet.eu\/sl\/wp-json\/wp\/v2\/product"}],"about":[{"href":"https:\/\/huion-tablet.eu\/sl\/wp-json\/wp\/v2\/types\/product"}],"wp:featuredmedia":[{"embeddable":true,"href":"https:\/\/huion-tablet.eu\/sl\/wp-json\/wp\/v2\/media\/6576"}],"wp:attachment":[{"href":"https:\/\/huion-tablet.eu\/sl\/wp-json\/wp\/v2\/media?parent=6545"}],"wp:term":[{"taxonomy":"product_brand","embeddable":true,"href":"https:\/\/huion-tablet.eu\/sl\/wp-json\/wp\/v2\/product_brand?post=6545"},{"taxonomy":"product_cat","embeddable":true,"href":"https:\/\/huion-tablet.eu\/sl\/wp-json\/wp\/v2\/product_cat?post=6545"},{"taxonomy":"product_tag","embeddable":true,"href":"https:\/\/huion-tablet.eu\/sl\/wp-json\/wp\/v2\/product_tag?post=6545"}],"curies":[{"name":"wp","href":"https:\/\/api.w.org\/{rel}","templated":true}]}}