{"id":6914,"date":"2019-09-13T11:09:44","date_gmt":"2019-09-13T09:09:44","guid":{"rendered":"https:\/\/huion-tablet.eu\/?post_type=product&#038;p=6914"},"modified":"2020-03-20T13:12:34","modified_gmt":"2020-03-20T11:12:34","slug":"hs64-se-graficna-tablica","status":"publish","type":"product","link":"https:\/\/huion-tablet.eu\/sl\/trgovina\/hs64-se-graficna-tablica\/","title":{"rendered":"HS64 Special Edition grafi\u010dna tablica"},"content":{"rendered":"<style>#tab-description{background-color:#FFD011;padding-left:1em}<\/style>\n<h2 style=\"text-align: center;\">Zabavno risanje!<img loading=\"lazy\" decoding=\"async\" class=\"size-full wp-image-6944 aligncenter\" src=\"https:\/\/huion-tablet.eu\/wp-content\/uploads\/CHIPS-Co-x-HUION.jpg\" alt=\"CHIPS &amp; Co x HUION\" width=\"453\" height=\"44\" srcset=\"https:\/\/huion-tablet.eu\/wp-content\/uploads\/CHIPS-Co-x-HUION.jpg 453w, https:\/\/huion-tablet.eu\/wp-content\/uploads\/CHIPS-Co-x-HUION-247x24.jpg 247w, https:\/\/huion-tablet.eu\/wp-content\/uploads\/CHIPS-Co-x-HUION-300x29.jpg 300w, https:\/\/huion-tablet.eu\/wp-content\/uploads\/CHIPS-Co-x-HUION-416x40.jpg 416w\" sizes=\"auto, (max-width: 453px) 100vw, 453px\" \/><\/h2>\n<h2 style=\"text-align: center;\">HUION HS64 Special Edition<\/h2>\n<p><img loading=\"lazy\" decoding=\"async\" class=\"size-full wp-image-6979 aligncenter\" src=\"https:\/\/huion-tablet.eu\/wp-content\/uploads\/HUION-HS64-SE-1.jpg\" alt=\"HUION HS64 Special Edition\" width=\"800\" height=\"678\" srcset=\"https:\/\/huion-tablet.eu\/wp-content\/uploads\/HUION-HS64-SE-1.jpg 800w, https:\/\/huion-tablet.eu\/wp-content\/uploads\/HUION-HS64-SE-1-247x209.jpg 247w, https:\/\/huion-tablet.eu\/wp-content\/uploads\/HUION-HS64-SE-1-510x432.jpg 510w, https:\/\/huion-tablet.eu\/wp-content\/uploads\/HUION-HS64-SE-1-300x254.jpg 300w, https:\/\/huion-tablet.eu\/wp-content\/uploads\/HUION-HS64-SE-1-768x651.jpg 768w, https:\/\/huion-tablet.eu\/wp-content\/uploads\/HUION-HS64-SE-1-416x353.jpg 416w\" sizes=\"auto, (max-width: 800px) 100vw, 800px\" \/><\/p>\n<figure id=\"attachment_6952\" aria-describedby=\"caption-attachment-6952\" style=\"width: 800px\" class=\"wp-caption aligncenter\"><img loading=\"lazy\" decoding=\"async\" class=\"size-full wp-image-6952\" src=\"https:\/\/huion-tablet.eu\/wp-content\/uploads\/Chips-on-HS64-SE.jpg\" alt=\"Chips on HS64 SE\" width=\"800\" height=\"525\" srcset=\"https:\/\/huion-tablet.eu\/wp-content\/uploads\/Chips-on-HS64-SE.jpg 800w, https:\/\/huion-tablet.eu\/wp-content\/uploads\/Chips-on-HS64-SE-247x162.jpg 247w, https:\/\/huion-tablet.eu\/wp-content\/uploads\/Chips-on-HS64-SE-510x335.jpg 510w, https:\/\/huion-tablet.eu\/wp-content\/uploads\/Chips-on-HS64-SE-300x197.jpg 300w, https:\/\/huion-tablet.eu\/wp-content\/uploads\/Chips-on-HS64-SE-768x504.jpg 768w, https:\/\/huion-tablet.eu\/wp-content\/uploads\/Chips-on-HS64-SE-416x273.jpg 416w\" sizes=\"auto, (max-width: 800px) 100vw, 800px\" \/><figcaption id=\"caption-attachment-6952\" class=\"wp-caption-text\">Hej, jaz sem Chips. Ra\u010dek sem, pa \u010deprav sem videti kot banana. In ne kli\u010di me banana, ker bom potem pobananil.<\/figcaption><\/figure>\n<figure id=\"attachment_6962\" aria-describedby=\"caption-attachment-6962\" style=\"width: 800px\" class=\"wp-caption aligncenter\"><img loading=\"lazy\" decoding=\"async\" class=\"wp-image-6962 size-full\" src=\"https:\/\/huion-tablet.eu\/wp-content\/uploads\/Chips-Huion-Buddy-1-1.jpg\" alt=\"Chips &amp; Huion Buddy\" width=\"800\" height=\"293\" srcset=\"https:\/\/huion-tablet.eu\/wp-content\/uploads\/Chips-Huion-Buddy-1-1.jpg 800w, https:\/\/huion-tablet.eu\/wp-content\/uploads\/Chips-Huion-Buddy-1-1-247x90.jpg 247w, https:\/\/huion-tablet.eu\/wp-content\/uploads\/Chips-Huion-Buddy-1-1-510x187.jpg 510w, https:\/\/huion-tablet.eu\/wp-content\/uploads\/Chips-Huion-Buddy-1-1-300x110.jpg 300w, https:\/\/huion-tablet.eu\/wp-content\/uploads\/Chips-Huion-Buddy-1-1-768x281.jpg 768w, https:\/\/huion-tablet.eu\/wp-content\/uploads\/Chips-Huion-Buddy-1-1-416x152.jpg 416w\" sizes=\"auto, (max-width: 800px) 100vw, 800px\" \/><figcaption id=\"caption-attachment-6962\" class=\"wp-caption-text\">Dobil sem darilo, prijatel Huion Buddy mi ga je poslal. Oooo, rumena grafi\u010dna tablica je, in na vrhu tablice je moja fotografija!<\/figcaption><\/figure>\n<figure id=\"attachment_6956\" aria-describedby=\"caption-attachment-6956\" style=\"width: 800px\" class=\"wp-caption aligncenter\"><img loading=\"lazy\" decoding=\"async\" class=\"size-full wp-image-6956\" src=\"https:\/\/huion-tablet.eu\/wp-content\/uploads\/HS64-SE-supports-Android.jpg\" alt=\"HS64 SE supports Android\" width=\"800\" height=\"495\" srcset=\"https:\/\/huion-tablet.eu\/wp-content\/uploads\/HS64-SE-supports-Android.jpg 800w, https:\/\/huion-tablet.eu\/wp-content\/uploads\/HS64-SE-supports-Android-247x153.jpg 247w, https:\/\/huion-tablet.eu\/wp-content\/uploads\/HS64-SE-supports-Android-510x316.jpg 510w, https:\/\/huion-tablet.eu\/wp-content\/uploads\/HS64-SE-supports-Android-300x186.jpg 300w, https:\/\/huion-tablet.eu\/wp-content\/uploads\/HS64-SE-supports-Android-768x475.jpg 768w, https:\/\/huion-tablet.eu\/wp-content\/uploads\/HS64-SE-supports-Android-416x257.jpg 416w\" sizes=\"auto, (max-width: 800px) 100vw, 800px\" \/><figcaption id=\"caption-attachment-6956\" class=\"wp-caption-text\">Super je, poleg\u00a0 <strong>Windows in mac OS<\/strong> podpira tudi <strong>Android<\/strong>, kar jo naredi \u0161e bolj priro\u010dno, lahko jo uporabljam tudi z Android telefonom.<\/figcaption><\/figure>\n<figure id=\"attachment_6975\" aria-describedby=\"caption-attachment-6975\" style=\"width: 800px\" class=\"wp-caption aligncenter\"><img loading=\"lazy\" decoding=\"async\" class=\" wp-image-6975\" src=\"https:\/\/huion-tablet.eu\/wp-content\/uploads\/HS64-SE-266-PPS-report-rate.jpg\" alt=\"HS64 SE 266 PPS report rate\" width=\"800\" height=\"415\" srcset=\"https:\/\/huion-tablet.eu\/wp-content\/uploads\/HS64-SE-266-PPS-report-rate.jpg 800w, https:\/\/huion-tablet.eu\/wp-content\/uploads\/HS64-SE-266-PPS-report-rate-247x128.jpg 247w, https:\/\/huion-tablet.eu\/wp-content\/uploads\/HS64-SE-266-PPS-report-rate-510x265.jpg 510w, https:\/\/huion-tablet.eu\/wp-content\/uploads\/HS64-SE-266-PPS-report-rate-300x156.jpg 300w, https:\/\/huion-tablet.eu\/wp-content\/uploads\/HS64-SE-266-PPS-report-rate-768x398.jpg 768w, https:\/\/huion-tablet.eu\/wp-content\/uploads\/HS64-SE-266-PPS-report-rate-416x216.jpg 416w\" sizes=\"auto, (max-width: 800px) 100vw, 800px\" \/><figcaption id=\"caption-attachment-6975\" class=\"wp-caption-text\">Lahko ri\u0161em tudi zelo hitro, <strong>266PPS zaznav premika peresa<\/strong> omogo\u010da hitro risanje brez kompromisov pri natan\u010dnosti in skladnosti.<\/figcaption><\/figure>\n<figure id=\"attachment_6988\" aria-describedby=\"caption-attachment-6988\" style=\"width: 800px\" class=\"wp-caption aligncenter\"><img loading=\"lazy\" decoding=\"async\" class=\"size-full wp-image-6988\" src=\"https:\/\/huion-tablet.eu\/wp-content\/uploads\/HS64-SE-8192-pressure-sensitivity-levels-3.jpg\" alt=\"HS64 SE 8192 pressure sensitivity levels\" width=\"800\" height=\"458\" srcset=\"https:\/\/huion-tablet.eu\/wp-content\/uploads\/HS64-SE-8192-pressure-sensitivity-levels-3.jpg 800w, https:\/\/huion-tablet.eu\/wp-content\/uploads\/HS64-SE-8192-pressure-sensitivity-levels-3-247x141.jpg 247w, https:\/\/huion-tablet.eu\/wp-content\/uploads\/HS64-SE-8192-pressure-sensitivity-levels-3-510x292.jpg 510w, https:\/\/huion-tablet.eu\/wp-content\/uploads\/HS64-SE-8192-pressure-sensitivity-levels-3-300x172.jpg 300w, https:\/\/huion-tablet.eu\/wp-content\/uploads\/HS64-SE-8192-pressure-sensitivity-levels-3-768x440.jpg 768w, https:\/\/huion-tablet.eu\/wp-content\/uploads\/HS64-SE-8192-pressure-sensitivity-levels-3-416x238.jpg 416w\" sizes=\"auto, (max-width: 800px) 100vw, 800px\" \/><figcaption id=\"caption-attachment-6988\" class=\"wp-caption-text\">Vau, sedaj lahko ri\u0161em s peresom, ki zazna <strong>8192 nivojev pritiska peresa<\/strong>, s pritiskom lahko uravnavam debelino ali obliko linije.<\/figcaption><\/figure>\n<figure id=\"attachment_6981\" aria-describedby=\"caption-attachment-6981\" style=\"width: 800px\" class=\"wp-caption aligncenter\"><img loading=\"lazy\" decoding=\"async\" class=\"wp-image-6981 size-full\" src=\"https:\/\/huion-tablet.eu\/wp-content\/uploads\/HS64-SE-programmable-keys-3.jpg\" alt=\"HS64 SE programmable keys\" width=\"800\" height=\"800\" srcset=\"https:\/\/huion-tablet.eu\/wp-content\/uploads\/HS64-SE-programmable-keys-3.jpg 800w, https:\/\/huion-tablet.eu\/wp-content\/uploads\/HS64-SE-programmable-keys-3-247x247.jpg 247w, https:\/\/huion-tablet.eu\/wp-content\/uploads\/HS64-SE-programmable-keys-3-100x100.jpg 100w, https:\/\/huion-tablet.eu\/wp-content\/uploads\/HS64-SE-programmable-keys-3-510x510.jpg 510w, https:\/\/huion-tablet.eu\/wp-content\/uploads\/HS64-SE-programmable-keys-3-150x150.jpg 150w, https:\/\/huion-tablet.eu\/wp-content\/uploads\/HS64-SE-programmable-keys-3-300x300.jpg 300w, https:\/\/huion-tablet.eu\/wp-content\/uploads\/HS64-SE-programmable-keys-3-768x768.jpg 768w, https:\/\/huion-tablet.eu\/wp-content\/uploads\/HS64-SE-programmable-keys-3-324x324.jpg 324w, https:\/\/huion-tablet.eu\/wp-content\/uploads\/HS64-SE-programmable-keys-3-416x416.jpg 416w\" sizes=\"auto, (max-width: 800px) 100vw, 800px\" \/><figcaption id=\"caption-attachment-6981\" class=\"wp-caption-text\">Na vrhu tablice so 4 <strong>nastavljive tipke<\/strong>, ki lahko zelo pohitrijo in olaj\u0161ajo risanje. To je tako kul!<\/figcaption><\/figure>\n<figure id=\"attachment_6983\" aria-describedby=\"caption-attachment-6983\" style=\"width: 800px\" class=\"wp-caption aligncenter\"><img loading=\"lazy\" decoding=\"async\" class=\"size-full wp-image-6983\" src=\"https:\/\/huion-tablet.eu\/wp-content\/uploads\/HS64-SE-Professional-talented-1.jpg\" alt=\"HS64 SE Professional &amp; talented\" width=\"800\" height=\"731\" srcset=\"https:\/\/huion-tablet.eu\/wp-content\/uploads\/HS64-SE-Professional-talented-1.jpg 800w, https:\/\/huion-tablet.eu\/wp-content\/uploads\/HS64-SE-Professional-talented-1-247x226.jpg 247w, https:\/\/huion-tablet.eu\/wp-content\/uploads\/HS64-SE-Professional-talented-1-510x466.jpg 510w, https:\/\/huion-tablet.eu\/wp-content\/uploads\/HS64-SE-Professional-talented-1-300x274.jpg 300w, https:\/\/huion-tablet.eu\/wp-content\/uploads\/HS64-SE-Professional-talented-1-768x702.jpg 768w, https:\/\/huion-tablet.eu\/wp-content\/uploads\/HS64-SE-Professional-talented-1-416x380.jpg 416w\" sizes=\"auto, (max-width: 800px) 100vw, 800px\" \/><figcaption id=\"caption-attachment-6983\" class=\"wp-caption-text\">Talentiran in profesionalen!<\/figcaption><\/figure>\n<div class=\"tit xhy-block-f24\" style=\"text-align: center;\">Vsak umetnik potrebuje odli\u010dno pero. Jaz imam PW100,<\/div>\n<p class=\"tit xhy-block-f50\" style=\"text-align: center;\"><strong>brez-baterijsko digitalno pero<\/strong><br \/>\nki mi olaj\u0161a delo in izbolj\u0161a moje risbe.<\/p>\n<p><strong>V paketu<\/strong><\/p>\n<ul>\n<li>grafi\u010dna tablica Huion HS64<\/li>\n<li>brez-baterijsko pero Pen PW100<\/li>\n<li>8 nadomestnih konic z orodjem za zamenjavo<\/li>\n<li>Micro USB kabel<\/li>\n<li>OTG adapter (Micro USB &amp; USB-C)<\/li>\n<li>Quick Start Guide<\/li>\n<\/ul>\n","protected":false},"excerpt":{"rendered":"<p>Chips &amp; Co x Huion &#8211; zabavno risanje! Aktivna povr\u0161ina 16<strong>\u00d7<\/strong>10 cm \/ 6.3<strong>\u00d7<\/strong>4 in (PC\/MAC) or 10<strong>\u00d7<\/strong>6.3 cm (Android),\u00a0 brez baterijsko pero, 8192 nivojev pritiska, 4 nastavljive tipke.<\/p>\n","protected":false},"featured_media":6942,"template":"","meta":[],"product_brand":[],"product_cat":[183],"product_tag":[],"class_list":{"0":"post-6914","1":"product","2":"type-product","3":"status-publish","4":"has-post-thumbnail","6":"product_cat-graficne-tablice","7":"product_shipping_class-01-kg","9":"first","10":"outofstock","11":"taxable","12":"shipping-taxable","13":"purchasable","14":"product-type-simple"},"yoast_head":"<!-- This site is optimized with the Yoast SEO plugin v27.5 - https:\/\/yoast.com\/product\/yoast-seo-wordpress\/ -->\n<title>HS64 Special Edition grafi\u010dna tablica - Huion Slovenija EU<\/title>\n<meta name=\"description\" content=\"Chips &amp; Co x Huion - zabavno risanje! Aktivna povr\u0161ina 16\u00d710 cm \/ 6.3\u00d74 in (PC\/MAC) or 10\u00d76.3 cm (Android),\u00a0 brez baterijsko pero, 8192 nivojev pritiska, 4 nastavljive tipke.\" \/>\n<meta name=\"robots\" content=\"index, follow, max-snippet:-1, max-image-preview:large, max-video-preview:-1\" \/>\n<link rel=\"canonical\" href=\"https:\/\/huion-tablet.eu\/sl\/trgovina\/hs64-se-graficna-tablica\/\" \/>\n<meta property=\"og:locale\" content=\"sl_SI\" \/>\n<meta property=\"og:type\" content=\"article\" \/>\n<meta property=\"og:title\" content=\"HS64 Special Edition grafi\u010dna tablica - Huion Slovenija EU\" \/>\n<meta property=\"og:description\" content=\"Chips &amp; Co x Huion - zabavno risanje! Aktivna povr\u0161ina 16\u00d710 cm \/ 6.3\u00d74 in (PC\/MAC) or 10\u00d76.3 cm (Android),\u00a0 brez baterijsko pero, 8192 nivojev pritiska, 4 nastavljive tipke.\" \/>\n<meta property=\"og:url\" content=\"https:\/\/huion-tablet.eu\/sl\/trgovina\/hs64-se-graficna-tablica\/\" \/>\n<meta property=\"og:site_name\" content=\"Huion Slovenija EU\" \/>\n<meta property=\"article:publisher\" content=\"https:\/\/www.facebook.com\/HUION.tablet.EU\" \/>\n<meta property=\"article:modified_time\" content=\"2020-03-20T11:12:34+00:00\" \/>\n<meta property=\"og:image\" content=\"https:\/\/huion-tablet.eu\/wp-content\/uploads\/HUION-HS64-Special-Edition-Graphics-Pen-Tablet.jpg\" \/>\n\t<meta property=\"og:image:width\" content=\"800\" \/>\n\t<meta property=\"og:image:height\" content=\"800\" \/>\n\t<meta property=\"og:image:type\" content=\"image\/jpeg\" \/>\n<meta name=\"twitter:card\" content=\"summary_large_image\" \/>\n<meta name=\"twitter:label1\" content=\"Est. reading time\" \/>\n\t<meta name=\"twitter:data1\" content=\"1 minuta\" \/>\n<script type=\"application\/ld+json\" class=\"yoast-schema-graph\">{\"@context\":\"https:\\\/\\\/schema.org\",\"@graph\":[{\"@type\":\"WebPage\",\"@id\":\"https:\\\/\\\/huion-tablet.eu\\\/sl\\\/trgovina\\\/hs64-se-graficna-tablica\\\/\",\"url\":\"https:\\\/\\\/huion-tablet.eu\\\/sl\\\/trgovina\\\/hs64-se-graficna-tablica\\\/\",\"name\":\"HS64 Special Edition grafi\u010dna tablica - Huion Slovenija EU\",\"isPartOf\":{\"@id\":\"https:\\\/\\\/huion-tablet.eu\\\/sl\\\/#website\"},\"primaryImageOfPage\":{\"@id\":\"https:\\\/\\\/huion-tablet.eu\\\/sl\\\/trgovina\\\/hs64-se-graficna-tablica\\\/#primaryimage\"},\"image\":{\"@id\":\"https:\\\/\\\/huion-tablet.eu\\\/sl\\\/trgovina\\\/hs64-se-graficna-tablica\\\/#primaryimage\"},\"thumbnailUrl\":\"https:\\\/\\\/huion-tablet.eu\\\/wp-content\\\/uploads\\\/HUION-HS64-Special-Edition-Graphics-Pen-Tablet.jpg\",\"datePublished\":\"2019-09-13T09:09:44+00:00\",\"dateModified\":\"2020-03-20T11:12:34+00:00\",\"description\":\"Chips &amp; Co x Huion - zabavno risanje! Aktivna povr\u0161ina 16\u00d710 cm \\\/ 6.3\u00d74 in (PC\\\/MAC) or 10\u00d76.3 cm (Android),\u00a0 brez baterijsko pero, 8192 nivojev pritiska, 4 nastavljive tipke.\",\"breadcrumb\":{\"@id\":\"https:\\\/\\\/huion-tablet.eu\\\/sl\\\/trgovina\\\/hs64-se-graficna-tablica\\\/#breadcrumb\"},\"inLanguage\":\"sl-SI\",\"potentialAction\":[{\"@type\":\"ReadAction\",\"target\":[\"https:\\\/\\\/huion-tablet.eu\\\/sl\\\/trgovina\\\/hs64-se-graficna-tablica\\\/\"]}]},{\"@type\":\"ImageObject\",\"inLanguage\":\"sl-SI\",\"@id\":\"https:\\\/\\\/huion-tablet.eu\\\/sl\\\/trgovina\\\/hs64-se-graficna-tablica\\\/#primaryimage\",\"url\":\"https:\\\/\\\/huion-tablet.eu\\\/wp-content\\\/uploads\\\/HUION-HS64-Special-Edition-Graphics-Pen-Tablet.jpg\",\"contentUrl\":\"https:\\\/\\\/huion-tablet.eu\\\/wp-content\\\/uploads\\\/HUION-HS64-Special-Edition-Graphics-Pen-Tablet.jpg\",\"width\":800,\"height\":800,\"caption\":\"HUION HS64 Special Edition grafi\u010dna tablica\"},{\"@type\":\"BreadcrumbList\",\"@id\":\"https:\\\/\\\/huion-tablet.eu\\\/sl\\\/trgovina\\\/hs64-se-graficna-tablica\\\/#breadcrumb\",\"itemListElement\":[{\"@type\":\"ListItem\",\"position\":1,\"name\":\"Home\",\"item\":\"https:\\\/\\\/huion-tablet.eu\\\/sl\\\/graficne-tablice-zasloni-in-svetlobne-tablice\\\/\"},{\"@type\":\"ListItem\",\"position\":2,\"name\":\"Trgovina\",\"item\":\"https:\\\/\\\/huion-tablet.eu\\\/sl\\\/trgovina\\\/\"},{\"@type\":\"ListItem\",\"position\":3,\"name\":\"HS64 Special Edition grafi\u010dna tablica\"}]},{\"@type\":\"WebSite\",\"@id\":\"https:\\\/\\\/huion-tablet.eu\\\/sl\\\/#website\",\"url\":\"https:\\\/\\\/huion-tablet.eu\\\/sl\\\/\",\"name\":\"HUION Slovenija EU\",\"description\":\"Graphics Tablets &amp; Pen Displays and Tracing Boards\",\"publisher\":{\"@id\":\"https:\\\/\\\/huion-tablet.eu\\\/sl\\\/#organization\"},\"potentialAction\":[{\"@type\":\"SearchAction\",\"target\":{\"@type\":\"EntryPoint\",\"urlTemplate\":\"https:\\\/\\\/huion-tablet.eu\\\/sl\\\/?s={search_term_string}\"},\"query-input\":{\"@type\":\"PropertyValueSpecification\",\"valueRequired\":true,\"valueName\":\"search_term_string\"}}],\"inLanguage\":\"sl-SI\"},{\"@type\":\"Organization\",\"@id\":\"https:\\\/\\\/huion-tablet.eu\\\/sl\\\/#organization\",\"name\":\"Huion Slovenija EU\",\"url\":\"https:\\\/\\\/huion-tablet.eu\\\/sl\\\/\",\"logo\":{\"@type\":\"ImageObject\",\"inLanguage\":\"sl-SI\",\"@id\":\"https:\\\/\\\/huion-tablet.eu\\\/sl\\\/#\\\/schema\\\/logo\\\/image\\\/\",\"url\":\"https:\\\/\\\/huion-tablet.eu\\\/wp-content\\\/uploads\\\/2017\\\/04\\\/HUION-Slovenia-Europe-logo-400x355.png\",\"contentUrl\":\"https:\\\/\\\/huion-tablet.eu\\\/wp-content\\\/uploads\\\/2017\\\/04\\\/HUION-Slovenia-Europe-logo-400x355.png\",\"width\":400,\"height\":355,\"caption\":\"Huion Slovenija EU\"},\"image\":{\"@id\":\"https:\\\/\\\/huion-tablet.eu\\\/sl\\\/#\\\/schema\\\/logo\\\/image\\\/\"},\"sameAs\":[\"https:\\\/\\\/www.facebook.com\\\/HUION.tablet.EU\"]}]}<\/script>\n<!-- \/ Yoast SEO plugin. -->","yoast_head_json":{"title":"HS64 Special Edition grafi\u010dna tablica - Huion Slovenija EU","description":"Chips &amp; Co x Huion - zabavno risanje! Aktivna povr\u0161ina 16\u00d710 cm \/ 6.3\u00d74 in (PC\/MAC) or 10\u00d76.3 cm (Android),\u00a0 brez baterijsko pero, 8192 nivojev pritiska, 4 nastavljive tipke.","robots":{"index":"index","follow":"follow","max-snippet":"max-snippet:-1","max-image-preview":"max-image-preview:large","max-video-preview":"max-video-preview:-1"},"canonical":"https:\/\/huion-tablet.eu\/sl\/trgovina\/hs64-se-graficna-tablica\/","og_locale":"sl_SI","og_type":"article","og_title":"HS64 Special Edition grafi\u010dna tablica - Huion Slovenija EU","og_description":"Chips &amp; Co x Huion - zabavno risanje! Aktivna povr\u0161ina 16\u00d710 cm \/ 6.3\u00d74 in (PC\/MAC) or 10\u00d76.3 cm (Android),\u00a0 brez baterijsko pero, 8192 nivojev pritiska, 4 nastavljive tipke.","og_url":"https:\/\/huion-tablet.eu\/sl\/trgovina\/hs64-se-graficna-tablica\/","og_site_name":"Huion Slovenija EU","article_publisher":"https:\/\/www.facebook.com\/HUION.tablet.EU","article_modified_time":"2020-03-20T11:12:34+00:00","og_image":[{"width":800,"height":800,"url":"https:\/\/huion-tablet.eu\/wp-content\/uploads\/HUION-HS64-Special-Edition-Graphics-Pen-Tablet.jpg","type":"image\/jpeg"}],"twitter_card":"summary_large_image","twitter_misc":{"Est. reading time":"1 minuta"},"schema":{"@context":"https:\/\/schema.org","@graph":[{"@type":"WebPage","@id":"https:\/\/huion-tablet.eu\/sl\/trgovina\/hs64-se-graficna-tablica\/","url":"https:\/\/huion-tablet.eu\/sl\/trgovina\/hs64-se-graficna-tablica\/","name":"HS64 Special Edition grafi\u010dna tablica - Huion Slovenija EU","isPartOf":{"@id":"https:\/\/huion-tablet.eu\/sl\/#website"},"primaryImageOfPage":{"@id":"https:\/\/huion-tablet.eu\/sl\/trgovina\/hs64-se-graficna-tablica\/#primaryimage"},"image":{"@id":"https:\/\/huion-tablet.eu\/sl\/trgovina\/hs64-se-graficna-tablica\/#primaryimage"},"thumbnailUrl":"https:\/\/huion-tablet.eu\/wp-content\/uploads\/HUION-HS64-Special-Edition-Graphics-Pen-Tablet.jpg","datePublished":"2019-09-13T09:09:44+00:00","dateModified":"2020-03-20T11:12:34+00:00","description":"Chips &amp; Co x Huion - zabavno risanje! Aktivna povr\u0161ina 16\u00d710 cm \/ 6.3\u00d74 in (PC\/MAC) or 10\u00d76.3 cm (Android),\u00a0 brez baterijsko pero, 8192 nivojev pritiska, 4 nastavljive tipke.","breadcrumb":{"@id":"https:\/\/huion-tablet.eu\/sl\/trgovina\/hs64-se-graficna-tablica\/#breadcrumb"},"inLanguage":"sl-SI","potentialAction":[{"@type":"ReadAction","target":["https:\/\/huion-tablet.eu\/sl\/trgovina\/hs64-se-graficna-tablica\/"]}]},{"@type":"ImageObject","inLanguage":"sl-SI","@id":"https:\/\/huion-tablet.eu\/sl\/trgovina\/hs64-se-graficna-tablica\/#primaryimage","url":"https:\/\/huion-tablet.eu\/wp-content\/uploads\/HUION-HS64-Special-Edition-Graphics-Pen-Tablet.jpg","contentUrl":"https:\/\/huion-tablet.eu\/wp-content\/uploads\/HUION-HS64-Special-Edition-Graphics-Pen-Tablet.jpg","width":800,"height":800,"caption":"HUION HS64 Special Edition grafi\u010dna tablica"},{"@type":"BreadcrumbList","@id":"https:\/\/huion-tablet.eu\/sl\/trgovina\/hs64-se-graficna-tablica\/#breadcrumb","itemListElement":[{"@type":"ListItem","position":1,"name":"Home","item":"https:\/\/huion-tablet.eu\/sl\/graficne-tablice-zasloni-in-svetlobne-tablice\/"},{"@type":"ListItem","position":2,"name":"Trgovina","item":"https:\/\/huion-tablet.eu\/sl\/trgovina\/"},{"@type":"ListItem","position":3,"name":"HS64 Special Edition grafi\u010dna tablica"}]},{"@type":"WebSite","@id":"https:\/\/huion-tablet.eu\/sl\/#website","url":"https:\/\/huion-tablet.eu\/sl\/","name":"HUION Slovenija EU","description":"Graphics Tablets &amp; Pen Displays and Tracing Boards","publisher":{"@id":"https:\/\/huion-tablet.eu\/sl\/#organization"},"potentialAction":[{"@type":"SearchAction","target":{"@type":"EntryPoint","urlTemplate":"https:\/\/huion-tablet.eu\/sl\/?s={search_term_string}"},"query-input":{"@type":"PropertyValueSpecification","valueRequired":true,"valueName":"search_term_string"}}],"inLanguage":"sl-SI"},{"@type":"Organization","@id":"https:\/\/huion-tablet.eu\/sl\/#organization","name":"Huion Slovenija EU","url":"https:\/\/huion-tablet.eu\/sl\/","logo":{"@type":"ImageObject","inLanguage":"sl-SI","@id":"https:\/\/huion-tablet.eu\/sl\/#\/schema\/logo\/image\/","url":"https:\/\/huion-tablet.eu\/wp-content\/uploads\/2017\/04\/HUION-Slovenia-Europe-logo-400x355.png","contentUrl":"https:\/\/huion-tablet.eu\/wp-content\/uploads\/2017\/04\/HUION-Slovenia-Europe-logo-400x355.png","width":400,"height":355,"caption":"Huion Slovenija EU"},"image":{"@id":"https:\/\/huion-tablet.eu\/sl\/#\/schema\/logo\/image\/"},"sameAs":["https:\/\/www.facebook.com\/HUION.tablet.EU"]}]}},"_links":{"self":[{"href":"https:\/\/huion-tablet.eu\/sl\/wp-json\/wp\/v2\/product\/6914","targetHints":{"allow":["GET"]}}],"collection":[{"href":"https:\/\/huion-tablet.eu\/sl\/wp-json\/wp\/v2\/product"}],"about":[{"href":"https:\/\/huion-tablet.eu\/sl\/wp-json\/wp\/v2\/types\/product"}],"wp:featuredmedia":[{"embeddable":true,"href":"https:\/\/huion-tablet.eu\/sl\/wp-json\/wp\/v2\/media\/6942"}],"wp:attachment":[{"href":"https:\/\/huion-tablet.eu\/sl\/wp-json\/wp\/v2\/media?parent=6914"}],"wp:term":[{"taxonomy":"product_brand","embeddable":true,"href":"https:\/\/huion-tablet.eu\/sl\/wp-json\/wp\/v2\/product_brand?post=6914"},{"taxonomy":"product_cat","embeddable":true,"href":"https:\/\/huion-tablet.eu\/sl\/wp-json\/wp\/v2\/product_cat?post=6914"},{"taxonomy":"product_tag","embeddable":true,"href":"https:\/\/huion-tablet.eu\/sl\/wp-json\/wp\/v2\/product_tag?post=6914"}],"curies":[{"name":"wp","href":"https:\/\/api.w.org\/{rel}","templated":true}]}}