{"id":7011,"date":"2019-09-24T12:26:12","date_gmt":"2019-09-24T10:26:12","guid":{"rendered":"https:\/\/huion-tablet.eu\/?post_type=product&#038;p=7011"},"modified":"2022-11-21T12:43:13","modified_gmt":"2022-11-21T10:43:13","slug":"h1161-graficna-tablica","status":"publish","type":"product","link":"https:\/\/huion-tablet.eu\/sl\/trgovina\/h1161-graficna-tablica\/","title":{"rendered":"Inspiroy H1161"},"content":{"rendered":"<h2>Grafi\u010dna tablica Huion Inspiroy HS1161<\/h2>\n<h3>Navdih z dotikom &#8211; programabilen trak na dotik<\/h3>\n<figure id=\"attachment_7026\" aria-describedby=\"caption-attachment-7026\" style=\"width: 300px\" class=\"wp-caption alignright\"><img loading=\"lazy\" decoding=\"async\" class=\"size-medium wp-image-7027\" src=\"https:\/\/huion-tablet.eu\/wp-content\/uploads\/\/H1161-touch-strip-300x300.jpg\" alt=\"H1161 touch strip\" width=\"300\" height=\"300\" srcset=\"https:\/\/huion-tablet.eu\/wp-content\/uploads\/H1161-touch-strip-300x300.jpg 300w, https:\/\/huion-tablet.eu\/wp-content\/uploads\/H1161-touch-strip-247x247.jpg 247w, https:\/\/huion-tablet.eu\/wp-content\/uploads\/H1161-touch-strip-100x100.jpg 100w, https:\/\/huion-tablet.eu\/wp-content\/uploads\/H1161-touch-strip-150x150.jpg 150w, https:\/\/huion-tablet.eu\/wp-content\/uploads\/H1161-touch-strip-324x324.jpg 324w, https:\/\/huion-tablet.eu\/wp-content\/uploads\/H1161-touch-strip.jpg 400w\" sizes=\"auto, (max-width: 300px) 100vw, 300px\" \/><figcaption id=\"caption-attachment-7026\" class=\"wp-caption-text\">H1161 trak na dotik<\/figcaption><\/figure>\n<p>H1161 je uporabnikom prijazna grafi\u010dna tablica s trakom ob\u010dutljivim na dotik ki olaj\u0161a ustvarjanje. 10 pravih 16 navideznih tipk na tablici lahko poljubno nastavite z blji\u017enicami za u\u010dinkovitej\u0161e in hitrej\u0161e delo<\/p>\n<p><img loading=\"lazy\" decoding=\"async\" class=\"wp-image-7029 size-full\" src=\"https:\/\/huion-tablet.eu\/wp-content\/uploads\/H1161-express-keys.jpg\" alt=\"H1161 express keys\" width=\"400\" height=\"205\" srcset=\"https:\/\/huion-tablet.eu\/wp-content\/uploads\/H1161-express-keys.jpg 400w, https:\/\/huion-tablet.eu\/wp-content\/uploads\/H1161-express-keys-247x127.jpg 247w, https:\/\/huion-tablet.eu\/wp-content\/uploads\/H1161-express-keys-300x154.jpg 300w\" sizes=\"auto, (max-width: 400px) 100vw, 400px\" \/><\/p>\n<h3>Brez-baterijsko pero s 8192 nivoji pritiska<\/h3>\n<p>Brez-baterijsko Pw100 s EMR (Elektro Magnetna Resonanca) tehnologijo omogo\u010da zaznavo 8192 nivojev pritiska in \u00b160\u00b0 nagiba (tilt). Dr\u017ealo peresa je udobno in pove\u010da va\u0161o u\u010dinkovitost.<\/p>\n<h3>Teko\u010de risanje<\/h3>\n<p>H1161 zazna 266 premikov na sekundo (PPS), kar zagotavlja agilnost in prikaz potez skoraj brez zakasnitve. Visoka resolucija 5080 LPI naraven o\u010dutek pri risanju in visoko natan\u010dnost .<\/p>\n<h3>Podpora Android napravam<\/h3>\n<p>H1161 poleg operacijskih sistemov Windows and macOSa podpira tudi Android naprave.Sedaj lahko ri\u0161ete tudi na svojem Android telefonu..<\/p>\n<h3>Kompatibilnost<\/h3>\n<p><strong> Windows 7 ali novej\u0161i, MAC OS X 10.12 ali novej\u0161i, in Android 6.0 ali novej\u0161i<\/strong>, adapterji za Android naprave so prilo\u017eeni.<br \/>\nPodprti so vsi raz\u0161irjeni ustvarjalni programi; Adobe Photoshop, Adobe Illustrator, Adobe Lightroom, Affinity Photo, Affinity Designer, Gimp, Krita in mmnogi drugi.<\/p>\n<p><strong>V paketu<br \/>\n<\/strong><\/p>\n<ul>\n<li>grafi\u010dna tablica Huion H1161<\/li>\n<li>brez-baterijsko pero Pen PW100<\/li>\n<li>stojalo za pero PH03 z 8 nadomestnimi konicami<\/li>\n<li>USB-C kabel<\/li>\n<li>OTG adapter (Micro USB &amp; USB-C)<\/li>\n<li>Quick Start Guide<\/li>\n<\/ul>\n<p>&nbsp;<\/p>\n","protected":false},"excerpt":{"rendered":"<p>Aktivna povr\u0161ina 28\u00d717 cm \/ 11 \u00d7 6.8 in, 8192 nivojev pritiska in \u00b160\u00b0 nagiba (tilt), 10 nastavljivih tipk in trak na dotik.<\/p>\n","protected":false},"featured_media":7023,"template":"","meta":[],"product_brand":[],"product_cat":[183],"product_tag":[],"class_list":{"0":"post-7011","1":"product","2":"type-product","3":"status-publish","4":"has-post-thumbnail","6":"product_cat-graficne-tablice","7":"product_shipping_class-02-kg-sl","9":"first","10":"outofstock","11":"taxable","12":"shipping-taxable","13":"purchasable","14":"product-type-simple"},"yoast_head":"<!-- This site is optimized with the Yoast SEO plugin v27.5 - https:\/\/yoast.com\/product\/yoast-seo-wordpress\/ -->\n<title>Inspiroy H1161 - Huion Slovenija EU<\/title>\n<meta name=\"description\" content=\"Aktivna povr\u0161ina 28\u00d717 cm \/ 11 \u00d7 6.8 in, 8192 nivojev pritiska in \u00b160\u00b0 nagiba (tilt), 10 nastavljivih tipk in trak na dotik.\" \/>\n<meta name=\"robots\" content=\"index, follow, max-snippet:-1, max-image-preview:large, max-video-preview:-1\" \/>\n<link rel=\"canonical\" href=\"https:\/\/huion-tablet.eu\/sl\/trgovina\/h1161-graficna-tablica\/\" \/>\n<meta property=\"og:locale\" content=\"sl_SI\" \/>\n<meta property=\"og:type\" content=\"article\" \/>\n<meta property=\"og:title\" content=\"Inspiroy H1161 - Huion Slovenija EU\" \/>\n<meta property=\"og:description\" content=\"Aktivna povr\u0161ina 28\u00d717 cm \/ 11 \u00d7 6.8 in, 8192 nivojev pritiska in \u00b160\u00b0 nagiba (tilt), 10 nastavljivih tipk in trak na dotik.\" \/>\n<meta property=\"og:url\" content=\"https:\/\/huion-tablet.eu\/sl\/trgovina\/h1161-graficna-tablica\/\" \/>\n<meta property=\"og:site_name\" content=\"Huion Slovenija EU\" \/>\n<meta property=\"article:publisher\" content=\"https:\/\/www.facebook.com\/HUION.tablet.EU\" \/>\n<meta property=\"article:modified_time\" content=\"2022-11-21T10:43:13+00:00\" \/>\n<meta property=\"og:image\" content=\"https:\/\/huion-tablet.eu\/wp-content\/uploads\/HUION-H1161-Graphics-Pen-Tablet.jpg\" \/>\n\t<meta property=\"og:image:width\" content=\"800\" \/>\n\t<meta property=\"og:image:height\" content=\"800\" \/>\n\t<meta property=\"og:image:type\" content=\"image\/jpeg\" \/>\n<meta name=\"twitter:card\" content=\"summary_large_image\" \/>\n<meta name=\"twitter:label1\" content=\"Est. reading time\" \/>\n\t<meta name=\"twitter:data1\" content=\"1 minuta\" \/>\n<script type=\"application\/ld+json\" class=\"yoast-schema-graph\">{\"@context\":\"https:\\\/\\\/schema.org\",\"@graph\":[{\"@type\":\"WebPage\",\"@id\":\"https:\\\/\\\/huion-tablet.eu\\\/sl\\\/trgovina\\\/h1161-graficna-tablica\\\/\",\"url\":\"https:\\\/\\\/huion-tablet.eu\\\/sl\\\/trgovina\\\/h1161-graficna-tablica\\\/\",\"name\":\"Inspiroy H1161 - Huion Slovenija EU\",\"isPartOf\":{\"@id\":\"https:\\\/\\\/huion-tablet.eu\\\/sl\\\/#website\"},\"primaryImageOfPage\":{\"@id\":\"https:\\\/\\\/huion-tablet.eu\\\/sl\\\/trgovina\\\/h1161-graficna-tablica\\\/#primaryimage\"},\"image\":{\"@id\":\"https:\\\/\\\/huion-tablet.eu\\\/sl\\\/trgovina\\\/h1161-graficna-tablica\\\/#primaryimage\"},\"thumbnailUrl\":\"https:\\\/\\\/huion-tablet.eu\\\/wp-content\\\/uploads\\\/HUION-H1161-Graphics-Pen-Tablet.jpg\",\"datePublished\":\"2019-09-24T10:26:12+00:00\",\"dateModified\":\"2022-11-21T10:43:13+00:00\",\"description\":\"Aktivna povr\u0161ina 28\u00d717 cm \\\/ 11 \u00d7 6.8 in, 8192 nivojev pritiska in \u00b160\u00b0 nagiba (tilt), 10 nastavljivih tipk in trak na dotik.\",\"breadcrumb\":{\"@id\":\"https:\\\/\\\/huion-tablet.eu\\\/sl\\\/trgovina\\\/h1161-graficna-tablica\\\/#breadcrumb\"},\"inLanguage\":\"sl-SI\",\"potentialAction\":[{\"@type\":\"ReadAction\",\"target\":[\"https:\\\/\\\/huion-tablet.eu\\\/sl\\\/trgovina\\\/h1161-graficna-tablica\\\/\"]}]},{\"@type\":\"ImageObject\",\"inLanguage\":\"sl-SI\",\"@id\":\"https:\\\/\\\/huion-tablet.eu\\\/sl\\\/trgovina\\\/h1161-graficna-tablica\\\/#primaryimage\",\"url\":\"https:\\\/\\\/huion-tablet.eu\\\/wp-content\\\/uploads\\\/HUION-H1161-Graphics-Pen-Tablet.jpg\",\"contentUrl\":\"https:\\\/\\\/huion-tablet.eu\\\/wp-content\\\/uploads\\\/HUION-H1161-Graphics-Pen-Tablet.jpg\",\"width\":800,\"height\":800,\"caption\":\"HUION H1161 grafi\u010dna tablica\"},{\"@type\":\"BreadcrumbList\",\"@id\":\"https:\\\/\\\/huion-tablet.eu\\\/sl\\\/trgovina\\\/h1161-graficna-tablica\\\/#breadcrumb\",\"itemListElement\":[{\"@type\":\"ListItem\",\"position\":1,\"name\":\"Home\",\"item\":\"https:\\\/\\\/huion-tablet.eu\\\/sl\\\/graficne-tablice-zasloni-in-svetlobne-tablice\\\/\"},{\"@type\":\"ListItem\",\"position\":2,\"name\":\"Trgovina\",\"item\":\"https:\\\/\\\/huion-tablet.eu\\\/sl\\\/trgovina\\\/\"},{\"@type\":\"ListItem\",\"position\":3,\"name\":\"Inspiroy H1161\"}]},{\"@type\":\"WebSite\",\"@id\":\"https:\\\/\\\/huion-tablet.eu\\\/sl\\\/#website\",\"url\":\"https:\\\/\\\/huion-tablet.eu\\\/sl\\\/\",\"name\":\"HUION Slovenija EU\",\"description\":\"Graphics Tablets &amp; Pen Displays and Tracing Boards\",\"publisher\":{\"@id\":\"https:\\\/\\\/huion-tablet.eu\\\/sl\\\/#organization\"},\"potentialAction\":[{\"@type\":\"SearchAction\",\"target\":{\"@type\":\"EntryPoint\",\"urlTemplate\":\"https:\\\/\\\/huion-tablet.eu\\\/sl\\\/?s={search_term_string}\"},\"query-input\":{\"@type\":\"PropertyValueSpecification\",\"valueRequired\":true,\"valueName\":\"search_term_string\"}}],\"inLanguage\":\"sl-SI\"},{\"@type\":\"Organization\",\"@id\":\"https:\\\/\\\/huion-tablet.eu\\\/sl\\\/#organization\",\"name\":\"Huion Slovenija EU\",\"url\":\"https:\\\/\\\/huion-tablet.eu\\\/sl\\\/\",\"logo\":{\"@type\":\"ImageObject\",\"inLanguage\":\"sl-SI\",\"@id\":\"https:\\\/\\\/huion-tablet.eu\\\/sl\\\/#\\\/schema\\\/logo\\\/image\\\/\",\"url\":\"https:\\\/\\\/huion-tablet.eu\\\/wp-content\\\/uploads\\\/2017\\\/04\\\/HUION-Slovenia-Europe-logo-400x355.png\",\"contentUrl\":\"https:\\\/\\\/huion-tablet.eu\\\/wp-content\\\/uploads\\\/2017\\\/04\\\/HUION-Slovenia-Europe-logo-400x355.png\",\"width\":400,\"height\":355,\"caption\":\"Huion Slovenija EU\"},\"image\":{\"@id\":\"https:\\\/\\\/huion-tablet.eu\\\/sl\\\/#\\\/schema\\\/logo\\\/image\\\/\"},\"sameAs\":[\"https:\\\/\\\/www.facebook.com\\\/HUION.tablet.EU\"]}]}<\/script>\n<!-- \/ Yoast SEO plugin. -->","yoast_head_json":{"title":"Inspiroy H1161 - Huion Slovenija EU","description":"Aktivna povr\u0161ina 28\u00d717 cm \/ 11 \u00d7 6.8 in, 8192 nivojev pritiska in \u00b160\u00b0 nagiba (tilt), 10 nastavljivih tipk in trak na dotik.","robots":{"index":"index","follow":"follow","max-snippet":"max-snippet:-1","max-image-preview":"max-image-preview:large","max-video-preview":"max-video-preview:-1"},"canonical":"https:\/\/huion-tablet.eu\/sl\/trgovina\/h1161-graficna-tablica\/","og_locale":"sl_SI","og_type":"article","og_title":"Inspiroy H1161 - Huion Slovenija EU","og_description":"Aktivna povr\u0161ina 28\u00d717 cm \/ 11 \u00d7 6.8 in, 8192 nivojev pritiska in \u00b160\u00b0 nagiba (tilt), 10 nastavljivih tipk in trak na dotik.","og_url":"https:\/\/huion-tablet.eu\/sl\/trgovina\/h1161-graficna-tablica\/","og_site_name":"Huion Slovenija EU","article_publisher":"https:\/\/www.facebook.com\/HUION.tablet.EU","article_modified_time":"2022-11-21T10:43:13+00:00","og_image":[{"width":800,"height":800,"url":"https:\/\/huion-tablet.eu\/wp-content\/uploads\/HUION-H1161-Graphics-Pen-Tablet.jpg","type":"image\/jpeg"}],"twitter_card":"summary_large_image","twitter_misc":{"Est. reading time":"1 minuta"},"schema":{"@context":"https:\/\/schema.org","@graph":[{"@type":"WebPage","@id":"https:\/\/huion-tablet.eu\/sl\/trgovina\/h1161-graficna-tablica\/","url":"https:\/\/huion-tablet.eu\/sl\/trgovina\/h1161-graficna-tablica\/","name":"Inspiroy H1161 - Huion Slovenija EU","isPartOf":{"@id":"https:\/\/huion-tablet.eu\/sl\/#website"},"primaryImageOfPage":{"@id":"https:\/\/huion-tablet.eu\/sl\/trgovina\/h1161-graficna-tablica\/#primaryimage"},"image":{"@id":"https:\/\/huion-tablet.eu\/sl\/trgovina\/h1161-graficna-tablica\/#primaryimage"},"thumbnailUrl":"https:\/\/huion-tablet.eu\/wp-content\/uploads\/HUION-H1161-Graphics-Pen-Tablet.jpg","datePublished":"2019-09-24T10:26:12+00:00","dateModified":"2022-11-21T10:43:13+00:00","description":"Aktivna povr\u0161ina 28\u00d717 cm \/ 11 \u00d7 6.8 in, 8192 nivojev pritiska in \u00b160\u00b0 nagiba (tilt), 10 nastavljivih tipk in trak na dotik.","breadcrumb":{"@id":"https:\/\/huion-tablet.eu\/sl\/trgovina\/h1161-graficna-tablica\/#breadcrumb"},"inLanguage":"sl-SI","potentialAction":[{"@type":"ReadAction","target":["https:\/\/huion-tablet.eu\/sl\/trgovina\/h1161-graficna-tablica\/"]}]},{"@type":"ImageObject","inLanguage":"sl-SI","@id":"https:\/\/huion-tablet.eu\/sl\/trgovina\/h1161-graficna-tablica\/#primaryimage","url":"https:\/\/huion-tablet.eu\/wp-content\/uploads\/HUION-H1161-Graphics-Pen-Tablet.jpg","contentUrl":"https:\/\/huion-tablet.eu\/wp-content\/uploads\/HUION-H1161-Graphics-Pen-Tablet.jpg","width":800,"height":800,"caption":"HUION H1161 grafi\u010dna tablica"},{"@type":"BreadcrumbList","@id":"https:\/\/huion-tablet.eu\/sl\/trgovina\/h1161-graficna-tablica\/#breadcrumb","itemListElement":[{"@type":"ListItem","position":1,"name":"Home","item":"https:\/\/huion-tablet.eu\/sl\/graficne-tablice-zasloni-in-svetlobne-tablice\/"},{"@type":"ListItem","position":2,"name":"Trgovina","item":"https:\/\/huion-tablet.eu\/sl\/trgovina\/"},{"@type":"ListItem","position":3,"name":"Inspiroy H1161"}]},{"@type":"WebSite","@id":"https:\/\/huion-tablet.eu\/sl\/#website","url":"https:\/\/huion-tablet.eu\/sl\/","name":"HUION Slovenija EU","description":"Graphics Tablets &amp; Pen Displays and Tracing Boards","publisher":{"@id":"https:\/\/huion-tablet.eu\/sl\/#organization"},"potentialAction":[{"@type":"SearchAction","target":{"@type":"EntryPoint","urlTemplate":"https:\/\/huion-tablet.eu\/sl\/?s={search_term_string}"},"query-input":{"@type":"PropertyValueSpecification","valueRequired":true,"valueName":"search_term_string"}}],"inLanguage":"sl-SI"},{"@type":"Organization","@id":"https:\/\/huion-tablet.eu\/sl\/#organization","name":"Huion Slovenija EU","url":"https:\/\/huion-tablet.eu\/sl\/","logo":{"@type":"ImageObject","inLanguage":"sl-SI","@id":"https:\/\/huion-tablet.eu\/sl\/#\/schema\/logo\/image\/","url":"https:\/\/huion-tablet.eu\/wp-content\/uploads\/2017\/04\/HUION-Slovenia-Europe-logo-400x355.png","contentUrl":"https:\/\/huion-tablet.eu\/wp-content\/uploads\/2017\/04\/HUION-Slovenia-Europe-logo-400x355.png","width":400,"height":355,"caption":"Huion Slovenija EU"},"image":{"@id":"https:\/\/huion-tablet.eu\/sl\/#\/schema\/logo\/image\/"},"sameAs":["https:\/\/www.facebook.com\/HUION.tablet.EU"]}]}},"_links":{"self":[{"href":"https:\/\/huion-tablet.eu\/sl\/wp-json\/wp\/v2\/product\/7011","targetHints":{"allow":["GET"]}}],"collection":[{"href":"https:\/\/huion-tablet.eu\/sl\/wp-json\/wp\/v2\/product"}],"about":[{"href":"https:\/\/huion-tablet.eu\/sl\/wp-json\/wp\/v2\/types\/product"}],"wp:featuredmedia":[{"embeddable":true,"href":"https:\/\/huion-tablet.eu\/sl\/wp-json\/wp\/v2\/media\/7023"}],"wp:attachment":[{"href":"https:\/\/huion-tablet.eu\/sl\/wp-json\/wp\/v2\/media?parent=7011"}],"wp:term":[{"taxonomy":"product_brand","embeddable":true,"href":"https:\/\/huion-tablet.eu\/sl\/wp-json\/wp\/v2\/product_brand?post=7011"},{"taxonomy":"product_cat","embeddable":true,"href":"https:\/\/huion-tablet.eu\/sl\/wp-json\/wp\/v2\/product_cat?post=7011"},{"taxonomy":"product_tag","embeddable":true,"href":"https:\/\/huion-tablet.eu\/sl\/wp-json\/wp\/v2\/product_tag?post=7011"}],"curies":[{"name":"wp","href":"https:\/\/api.w.org\/{rel}","templated":true}]}}