{"id":7157,"date":"2019-11-06T17:27:55","date_gmt":"2019-11-06T15:27:56","guid":{"rendered":"https:\/\/huion-tablet.eu\/?post_type=product&#038;p=7157"},"modified":"2021-11-20T01:10:06","modified_gmt":"2021-11-19T23:10:06","slug":"h320m-inspiroy-ink-graficna-tablica","status":"publish","type":"product","link":"https:\/\/huion-tablet.eu\/sl\/trgovina\/h320m-inspiroy-ink-graficna-tablica\/","title":{"rendered":"H320M Inspiroy Ink grafi\u010dna tablica"},"content":{"rendered":"<h2>Grafi\u010dna tablica HUION Inspiroy Ink H320M Quartz Black<\/h2>\n<h3>Inovativna ve\u010dnamenska grafi\u010dna tablica &#8211; obrni in skiciraj<\/h3>\n<p><iframe loading=\"lazy\" title=\"FLIP IT &amp; BOOGIE!  NEW PRODUCT H320M RELEASE\" width=\"1020\" height=\"574\" src=\"https:\/\/www.youtube.com\/embed\/pTUkqo_xlaY?feature=oembed\" frameborder=\"0\" allow=\"accelerometer; autoplay; clipboard-write; encrypted-media; gyroscope; picture-in-picture; web-share\" allowfullscreen><\/iframe><\/p>\n<p>Obrni H320M in skiciraj na drugi E- papir LCD strani. Pritisni &#8220;Clear-all&#8221;\/&#8221;Izbri\u0161i vse&#8221; gumb na tablici za novo skico kadarkoli te pre\u0161ine nov navdih.<\/p>\n<h3>Nizka poraba<\/h3>\n<p>Gumbna baterija CR2025, ki je \u017ee vstavljena v H320M, zagotavlja 1 do 2 letno skiciranje in risanje na E-Papir LCD stran tablice.<\/p>\n<h3>Pero, ki deluje na obeh straneh Inspiroy Ink H320M tablice<\/h3>\n<p>Brez-baterijsko pero PW100 ne deluje samo na strani namenjeni ustvarjanju z ra\u010dunalnikom, temve\u010d se lahko uporablja tudi za skiciranje in ustvarjanje na drugi strani na E-Papir LCD povr\u0161ino, kjer lahko ri\u0161ete do 50.000 krat.<\/p>\n<p>Kompatibilnost:<strong> Windows 7 ali novej\u0161i, MAC OS X 10.12 ali novej\u0161i in Android 6.0 ali novej\u0161i.<\/strong><\/p>\n<p><strong>Garncija; 12 mesecev<br \/>\n<\/strong><\/p>\n<p><strong>V paketu:<br \/>\n<\/strong><\/p>\n<ul>\n<li>Grafi\u010dna tablica Huion Inspiroy Ink H320M Quartz Black<\/li>\n<li>Brez-baterijsko pero PW100<\/li>\n<li>Stojalo za pero z vstavljenimi 8 nadomestnimi konicami PN04<\/li>\n<li>USB kabel<\/li>\n<li>OTG dapterja (Micro USB &amp; USB-C)<\/li>\n<li>torbica<\/li>\n<li>Quick Start Guide<\/li>\n<\/ul>\n","protected":false},"excerpt":{"rendered":"<p>Risanje in skiciranje, aktivna povr\u0161ina 22,8 x 14.3cm \/ 9 x 5.6 inch, skiciranje 25,9 x 15,7cm\uff0810.2 x 6.2inch), brez-baterijsko pero, 8192 nivojev pritiska, 11 hitrih tipk.<\/p>\n","protected":false},"featured_media":7185,"template":"","meta":[],"product_brand":[],"product_cat":[183],"product_tag":[],"class_list":{"0":"post-7157","1":"product","2":"type-product","3":"status-publish","4":"has-post-thumbnail","6":"product_cat-graficne-tablice","7":"product_shipping_class-02-kg-li-ion-battreies-in-eqipment","9":"first","10":"outofstock","11":"sale","12":"taxable","13":"shipping-taxable","14":"purchasable","15":"product-type-simple"},"yoast_head":"<!-- This site is optimized with the Yoast SEO plugin v27.5 - https:\/\/yoast.com\/product\/yoast-seo-wordpress\/ -->\n<title>H320M Inspiroy Ink grafi\u010dna tablica - Huion Slovenija EU<\/title>\n<meta name=\"description\" content=\"Inovativna ve\u010dnamenska grafi\u010dna tablica, risanje in skiciranje, aktivna povr\u0161ina 22,8 x 14.3cm \/ 9 x 5.6 inch, skiciranje 25,9 x 15,7cm\uff0810.2 x 6.2inch), brez-baterijsko pero, 8192 nivojev pritiska, 11 hitrih tipk.\" \/>\n<meta name=\"robots\" content=\"index, follow, max-snippet:-1, max-image-preview:large, max-video-preview:-1\" \/>\n<link rel=\"canonical\" href=\"https:\/\/huion-tablet.eu\/sl\/trgovina\/h320m-inspiroy-ink-graficna-tablica\/\" \/>\n<meta property=\"og:locale\" content=\"sl_SI\" \/>\n<meta property=\"og:type\" content=\"article\" \/>\n<meta property=\"og:title\" content=\"H320M Inspiroy Ink grafi\u010dna tablica - Huion Slovenija EU\" \/>\n<meta property=\"og:description\" content=\"Inovativna ve\u010dnamenska grafi\u010dna tablica, risanje in skiciranje, aktivna povr\u0161ina 22,8 x 14.3cm \/ 9 x 5.6 inch, skiciranje 25,9 x 15,7cm\uff0810.2 x 6.2inch), brez-baterijsko pero, 8192 nivojev pritiska, 11 hitrih tipk.\" \/>\n<meta property=\"og:url\" content=\"https:\/\/huion-tablet.eu\/sl\/trgovina\/h320m-inspiroy-ink-graficna-tablica\/\" \/>\n<meta property=\"og:site_name\" content=\"Huion Slovenija EU\" \/>\n<meta property=\"article:publisher\" content=\"https:\/\/www.facebook.com\/HUION.tablet.EU\" \/>\n<meta property=\"article:modified_time\" content=\"2021-11-19T23:10:06+00:00\" \/>\n<meta property=\"og:image\" content=\"https:\/\/huion-tablet.eu\/wp-content\/uploads\/H320M-Quartz-Black-2.jpg\" \/>\n\t<meta property=\"og:image:width\" content=\"800\" \/>\n\t<meta property=\"og:image:height\" content=\"800\" \/>\n\t<meta property=\"og:image:type\" content=\"image\/jpeg\" \/>\n<meta name=\"twitter:card\" content=\"summary_large_image\" \/>\n<meta name=\"twitter:label1\" content=\"Est. reading time\" \/>\n\t<meta name=\"twitter:data1\" content=\"1 minuta\" \/>\n<script type=\"application\/ld+json\" class=\"yoast-schema-graph\">{\"@context\":\"https:\\\/\\\/schema.org\",\"@graph\":[{\"@type\":\"WebPage\",\"@id\":\"https:\\\/\\\/huion-tablet.eu\\\/sl\\\/trgovina\\\/h320m-inspiroy-ink-graficna-tablica\\\/\",\"url\":\"https:\\\/\\\/huion-tablet.eu\\\/sl\\\/trgovina\\\/h320m-inspiroy-ink-graficna-tablica\\\/\",\"name\":\"H320M Inspiroy Ink grafi\u010dna tablica - Huion Slovenija EU\",\"isPartOf\":{\"@id\":\"https:\\\/\\\/huion-tablet.eu\\\/sl\\\/#website\"},\"primaryImageOfPage\":{\"@id\":\"https:\\\/\\\/huion-tablet.eu\\\/sl\\\/trgovina\\\/h320m-inspiroy-ink-graficna-tablica\\\/#primaryimage\"},\"image\":{\"@id\":\"https:\\\/\\\/huion-tablet.eu\\\/sl\\\/trgovina\\\/h320m-inspiroy-ink-graficna-tablica\\\/#primaryimage\"},\"thumbnailUrl\":\"https:\\\/\\\/huion-tablet.eu\\\/wp-content\\\/uploads\\\/H320M-Quartz-Black-2.jpg\",\"datePublished\":\"2019-11-06T15:27:56+00:00\",\"dateModified\":\"2021-11-19T23:10:06+00:00\",\"description\":\"Inovativna ve\u010dnamenska grafi\u010dna tablica, risanje in skiciranje, aktivna povr\u0161ina 22,8 x 14.3cm \\\/ 9 x 5.6 inch, skiciranje 25,9 x 15,7cm\uff0810.2 x 6.2inch), brez-baterijsko pero, 8192 nivojev pritiska, 11 hitrih tipk.\",\"breadcrumb\":{\"@id\":\"https:\\\/\\\/huion-tablet.eu\\\/sl\\\/trgovina\\\/h320m-inspiroy-ink-graficna-tablica\\\/#breadcrumb\"},\"inLanguage\":\"sl-SI\",\"potentialAction\":[{\"@type\":\"ReadAction\",\"target\":[\"https:\\\/\\\/huion-tablet.eu\\\/sl\\\/trgovina\\\/h320m-inspiroy-ink-graficna-tablica\\\/\"]}]},{\"@type\":\"ImageObject\",\"inLanguage\":\"sl-SI\",\"@id\":\"https:\\\/\\\/huion-tablet.eu\\\/sl\\\/trgovina\\\/h320m-inspiroy-ink-graficna-tablica\\\/#primaryimage\",\"url\":\"https:\\\/\\\/huion-tablet.eu\\\/wp-content\\\/uploads\\\/H320M-Quartz-Black-2.jpg\",\"contentUrl\":\"https:\\\/\\\/huion-tablet.eu\\\/wp-content\\\/uploads\\\/H320M-Quartz-Black-2.jpg\",\"width\":800,\"height\":800,\"caption\":\"H320M Quartz Black\"},{\"@type\":\"BreadcrumbList\",\"@id\":\"https:\\\/\\\/huion-tablet.eu\\\/sl\\\/trgovina\\\/h320m-inspiroy-ink-graficna-tablica\\\/#breadcrumb\",\"itemListElement\":[{\"@type\":\"ListItem\",\"position\":1,\"name\":\"Home\",\"item\":\"https:\\\/\\\/huion-tablet.eu\\\/sl\\\/graficne-tablice-zasloni-in-svetlobne-tablice\\\/\"},{\"@type\":\"ListItem\",\"position\":2,\"name\":\"Trgovina\",\"item\":\"https:\\\/\\\/huion-tablet.eu\\\/sl\\\/trgovina\\\/\"},{\"@type\":\"ListItem\",\"position\":3,\"name\":\"H320M Inspiroy Ink grafi\u010dna tablica\"}]},{\"@type\":\"WebSite\",\"@id\":\"https:\\\/\\\/huion-tablet.eu\\\/sl\\\/#website\",\"url\":\"https:\\\/\\\/huion-tablet.eu\\\/sl\\\/\",\"name\":\"HUION Slovenija EU\",\"description\":\"Graphics Tablets &amp; Pen Displays and Tracing Boards\",\"publisher\":{\"@id\":\"https:\\\/\\\/huion-tablet.eu\\\/sl\\\/#organization\"},\"potentialAction\":[{\"@type\":\"SearchAction\",\"target\":{\"@type\":\"EntryPoint\",\"urlTemplate\":\"https:\\\/\\\/huion-tablet.eu\\\/sl\\\/?s={search_term_string}\"},\"query-input\":{\"@type\":\"PropertyValueSpecification\",\"valueRequired\":true,\"valueName\":\"search_term_string\"}}],\"inLanguage\":\"sl-SI\"},{\"@type\":\"Organization\",\"@id\":\"https:\\\/\\\/huion-tablet.eu\\\/sl\\\/#organization\",\"name\":\"Huion Slovenija EU\",\"url\":\"https:\\\/\\\/huion-tablet.eu\\\/sl\\\/\",\"logo\":{\"@type\":\"ImageObject\",\"inLanguage\":\"sl-SI\",\"@id\":\"https:\\\/\\\/huion-tablet.eu\\\/sl\\\/#\\\/schema\\\/logo\\\/image\\\/\",\"url\":\"https:\\\/\\\/huion-tablet.eu\\\/wp-content\\\/uploads\\\/2017\\\/04\\\/HUION-Slovenia-Europe-logo-400x355.png\",\"contentUrl\":\"https:\\\/\\\/huion-tablet.eu\\\/wp-content\\\/uploads\\\/2017\\\/04\\\/HUION-Slovenia-Europe-logo-400x355.png\",\"width\":400,\"height\":355,\"caption\":\"Huion Slovenija EU\"},\"image\":{\"@id\":\"https:\\\/\\\/huion-tablet.eu\\\/sl\\\/#\\\/schema\\\/logo\\\/image\\\/\"},\"sameAs\":[\"https:\\\/\\\/www.facebook.com\\\/HUION.tablet.EU\"]}]}<\/script>\n<!-- \/ Yoast SEO plugin. -->","yoast_head_json":{"title":"H320M Inspiroy Ink grafi\u010dna tablica - Huion Slovenija EU","description":"Inovativna ve\u010dnamenska grafi\u010dna tablica, risanje in skiciranje, aktivna povr\u0161ina 22,8 x 14.3cm \/ 9 x 5.6 inch, skiciranje 25,9 x 15,7cm\uff0810.2 x 6.2inch), brez-baterijsko pero, 8192 nivojev pritiska, 11 hitrih tipk.","robots":{"index":"index","follow":"follow","max-snippet":"max-snippet:-1","max-image-preview":"max-image-preview:large","max-video-preview":"max-video-preview:-1"},"canonical":"https:\/\/huion-tablet.eu\/sl\/trgovina\/h320m-inspiroy-ink-graficna-tablica\/","og_locale":"sl_SI","og_type":"article","og_title":"H320M Inspiroy Ink grafi\u010dna tablica - Huion Slovenija EU","og_description":"Inovativna ve\u010dnamenska grafi\u010dna tablica, risanje in skiciranje, aktivna povr\u0161ina 22,8 x 14.3cm \/ 9 x 5.6 inch, skiciranje 25,9 x 15,7cm\uff0810.2 x 6.2inch), brez-baterijsko pero, 8192 nivojev pritiska, 11 hitrih tipk.","og_url":"https:\/\/huion-tablet.eu\/sl\/trgovina\/h320m-inspiroy-ink-graficna-tablica\/","og_site_name":"Huion Slovenija EU","article_publisher":"https:\/\/www.facebook.com\/HUION.tablet.EU","article_modified_time":"2021-11-19T23:10:06+00:00","og_image":[{"width":800,"height":800,"url":"https:\/\/huion-tablet.eu\/wp-content\/uploads\/H320M-Quartz-Black-2.jpg","type":"image\/jpeg"}],"twitter_card":"summary_large_image","twitter_misc":{"Est. reading time":"1 minuta"},"schema":{"@context":"https:\/\/schema.org","@graph":[{"@type":"WebPage","@id":"https:\/\/huion-tablet.eu\/sl\/trgovina\/h320m-inspiroy-ink-graficna-tablica\/","url":"https:\/\/huion-tablet.eu\/sl\/trgovina\/h320m-inspiroy-ink-graficna-tablica\/","name":"H320M Inspiroy Ink grafi\u010dna tablica - Huion Slovenija EU","isPartOf":{"@id":"https:\/\/huion-tablet.eu\/sl\/#website"},"primaryImageOfPage":{"@id":"https:\/\/huion-tablet.eu\/sl\/trgovina\/h320m-inspiroy-ink-graficna-tablica\/#primaryimage"},"image":{"@id":"https:\/\/huion-tablet.eu\/sl\/trgovina\/h320m-inspiroy-ink-graficna-tablica\/#primaryimage"},"thumbnailUrl":"https:\/\/huion-tablet.eu\/wp-content\/uploads\/H320M-Quartz-Black-2.jpg","datePublished":"2019-11-06T15:27:56+00:00","dateModified":"2021-11-19T23:10:06+00:00","description":"Inovativna ve\u010dnamenska grafi\u010dna tablica, risanje in skiciranje, aktivna povr\u0161ina 22,8 x 14.3cm \/ 9 x 5.6 inch, skiciranje 25,9 x 15,7cm\uff0810.2 x 6.2inch), brez-baterijsko pero, 8192 nivojev pritiska, 11 hitrih tipk.","breadcrumb":{"@id":"https:\/\/huion-tablet.eu\/sl\/trgovina\/h320m-inspiroy-ink-graficna-tablica\/#breadcrumb"},"inLanguage":"sl-SI","potentialAction":[{"@type":"ReadAction","target":["https:\/\/huion-tablet.eu\/sl\/trgovina\/h320m-inspiroy-ink-graficna-tablica\/"]}]},{"@type":"ImageObject","inLanguage":"sl-SI","@id":"https:\/\/huion-tablet.eu\/sl\/trgovina\/h320m-inspiroy-ink-graficna-tablica\/#primaryimage","url":"https:\/\/huion-tablet.eu\/wp-content\/uploads\/H320M-Quartz-Black-2.jpg","contentUrl":"https:\/\/huion-tablet.eu\/wp-content\/uploads\/H320M-Quartz-Black-2.jpg","width":800,"height":800,"caption":"H320M Quartz Black"},{"@type":"BreadcrumbList","@id":"https:\/\/huion-tablet.eu\/sl\/trgovina\/h320m-inspiroy-ink-graficna-tablica\/#breadcrumb","itemListElement":[{"@type":"ListItem","position":1,"name":"Home","item":"https:\/\/huion-tablet.eu\/sl\/graficne-tablice-zasloni-in-svetlobne-tablice\/"},{"@type":"ListItem","position":2,"name":"Trgovina","item":"https:\/\/huion-tablet.eu\/sl\/trgovina\/"},{"@type":"ListItem","position":3,"name":"H320M Inspiroy Ink grafi\u010dna tablica"}]},{"@type":"WebSite","@id":"https:\/\/huion-tablet.eu\/sl\/#website","url":"https:\/\/huion-tablet.eu\/sl\/","name":"HUION Slovenija EU","description":"Graphics Tablets &amp; Pen Displays and Tracing Boards","publisher":{"@id":"https:\/\/huion-tablet.eu\/sl\/#organization"},"potentialAction":[{"@type":"SearchAction","target":{"@type":"EntryPoint","urlTemplate":"https:\/\/huion-tablet.eu\/sl\/?s={search_term_string}"},"query-input":{"@type":"PropertyValueSpecification","valueRequired":true,"valueName":"search_term_string"}}],"inLanguage":"sl-SI"},{"@type":"Organization","@id":"https:\/\/huion-tablet.eu\/sl\/#organization","name":"Huion Slovenija EU","url":"https:\/\/huion-tablet.eu\/sl\/","logo":{"@type":"ImageObject","inLanguage":"sl-SI","@id":"https:\/\/huion-tablet.eu\/sl\/#\/schema\/logo\/image\/","url":"https:\/\/huion-tablet.eu\/wp-content\/uploads\/2017\/04\/HUION-Slovenia-Europe-logo-400x355.png","contentUrl":"https:\/\/huion-tablet.eu\/wp-content\/uploads\/2017\/04\/HUION-Slovenia-Europe-logo-400x355.png","width":400,"height":355,"caption":"Huion Slovenija EU"},"image":{"@id":"https:\/\/huion-tablet.eu\/sl\/#\/schema\/logo\/image\/"},"sameAs":["https:\/\/www.facebook.com\/HUION.tablet.EU"]}]}},"_links":{"self":[{"href":"https:\/\/huion-tablet.eu\/sl\/wp-json\/wp\/v2\/product\/7157","targetHints":{"allow":["GET"]}}],"collection":[{"href":"https:\/\/huion-tablet.eu\/sl\/wp-json\/wp\/v2\/product"}],"about":[{"href":"https:\/\/huion-tablet.eu\/sl\/wp-json\/wp\/v2\/types\/product"}],"wp:featuredmedia":[{"embeddable":true,"href":"https:\/\/huion-tablet.eu\/sl\/wp-json\/wp\/v2\/media\/7185"}],"wp:attachment":[{"href":"https:\/\/huion-tablet.eu\/sl\/wp-json\/wp\/v2\/media?parent=7157"}],"wp:term":[{"taxonomy":"product_brand","embeddable":true,"href":"https:\/\/huion-tablet.eu\/sl\/wp-json\/wp\/v2\/product_brand?post=7157"},{"taxonomy":"product_cat","embeddable":true,"href":"https:\/\/huion-tablet.eu\/sl\/wp-json\/wp\/v2\/product_cat?post=7157"},{"taxonomy":"product_tag","embeddable":true,"href":"https:\/\/huion-tablet.eu\/sl\/wp-json\/wp\/v2\/product_tag?post=7157"}],"curies":[{"name":"wp","href":"https:\/\/api.w.org\/{rel}","templated":true}]}}