{"id":9514,"date":"2021-06-01T13:41:11","date_gmt":"2021-06-01T11:41:11","guid":{"rendered":"https:\/\/huion-tablet.eu\/?post_type=product&#038;p=9514"},"modified":"2024-01-03T21:01:12","modified_gmt":"2024-01-03T19:01:12","slug":"kd100-mini-keydial-tipkovnica","status":"publish","type":"product","link":"https:\/\/huion-tablet.eu\/sl\/trgovina\/kd100-mini-keydial-tipkovnica\/","title":{"rendered":"Mini Keydial KD100"},"content":{"rendered":"<h2>Huion mini tipkovniva Mini Keydial KD100<\/h2>\n<h3>Klju\u010d je v u\u010dinkovitosti<\/h3>\n<p>Daj tipkovnico na stran in u\u017eivaj pridelu z visoko u\u010dinkovito mini tipkovnico Keydial KD100. Posebno tipkovnico za enoro\u010dno uporabo lahko popolnoma prilagodite svojemu delovnemu procesu in u\u010dinkoviteje uporabljate svoj delovni prostor.<\/p>\n<h3>U\u017eivajte v uravnote\u017eenem pritisku na tipke<\/h3>\n<p>Mini Keydial KD100 zasnovana s \u0161karjasto preklopnimi tipkami, ki omogo\u010da nemoteno pritiskanje tipk iz vseh smeri. S kraj\u0161o skupno razdaljo med tipkami lahko u\u010dinkovito zmanj\u0161ate utrujenost prstov.<\/p>\n<h3>Navdih se vrti v krogu<\/h3>\n<p>Mini tipkovnica KD100 je opremljena z vrte\u010dim gumbom &#8211; krmilnikom, ki pove\u010da va\u0161o u\u010dinkovitost pri delu. Zdru\u017eljiva je s protokolom krmilnika sistema Windows, ki omogo\u010da uporabo radialnega menija in aplikacij po meri, poleg tega jo lahko z nastavitvami gonilnika Huion prilagodite razli\u010dnim funkcijam.<\/p>\n<p>Opomba: \u010ce \u017eelite preizkusiti na\u010din protokola radialnega krmilnika Windows, se prepri\u010dajte, da je v ra\u010dunalniku name\u0161\u010den operacijski sistem Windows 10 ali novej\u0161a razli\u010dica in da programi, ki ste jih uporabili, podpirajo protokol.<br \/>\n<a title=\"Applikacije radialnega krmilnika\" href=\"https:\/\/www.microsoft.com\/en-us\/store\/collections\/AppsforSurfaceDial\" target=\"_blank\" rel=\"noopener\">Poi\u0161\u010di aplikacije z podporo radialnega krmilnika (link opens in new tab or window) \u2192<\/a><\/p>\n<h3>Prilagodite vse tipke<\/h3>\n<p>Vse tipke lahko prilagodite po svojih \u017eeljah, v na\u010dinu brez gonilnika pa lahko te tipke uporabljate tudi s privzetimi funkcijami.<\/p>\n<h3>Pravokotna oblika za levi\u010darje in desni\u010darje<\/h3>\n<p>Zaradi simetri\u010dne pravokotne oblike je Mini Keydial ergonomsko in uporabniku prijazno oblikovan tako za levi\u010darje kot za desni\u010darje.<\/p>\n<h3>Ohranite mo\u010d<\/h3>\n<p>Mini tipkovnica KD100 z brez\u017ei\u010dno funkcijo zagotavlja razdaljo povezave 5-10 m, kar vam omogo\u010da bolj prilagodljiv delovni prostor. Baterija z zmogljivostjo 1200 mAh zagotavlja neprekinjeno delovanje pribli\u017eno 100 ur. Poleg tega ga lahko pove\u017eete in polnite prek priklju\u010dka USB-C.<\/p>\n<p>Opomba: za 2-urno hitro polnjenje je potreben 5V1A napajalnik, ki ni prilo\u017een v \u0161katli.<\/p>\n<h3>Vedno z vami, tako kot telefon<\/h3>\n<p>Velikost Mini Keydial KD100 je podobna velikosti telefona in tehta le 115 g, zato mini tipkovnico zlahka vzamete s seboj za delo in risanje na prostem.<\/p>\n<h3>V paketu<\/h3>\n<ul>\n<li>Mini Keydial KD100<\/li>\n<li>USB kabel<\/li>\n<li>Brez\u017ei\u010dn sprejemnik<\/li>\n<li>Quick start guide<\/li>\n<\/ul>\n","protected":false},"excerpt":{"rendered":"<p>Pozabite na tipkovnico in u\u017eivajte v visoki u\u010dinkovitosti z mini tipkovnico KD100!<\/p>\n","protected":false},"featured_media":9530,"template":"","meta":[],"product_brand":[],"product_cat":[202,844],"product_tag":[],"class_list":{"0":"post-9514","1":"product","2":"type-product","3":"status-publish","4":"has-post-thumbnail","6":"product_cat-dodatki-in-nadomestni-deli","7":"product_cat-ostalo","8":"product_shipping_class-0-5-kg-li-ion-battreies-in-eqipment","10":"first","11":"outofstock","12":"taxable","13":"shipping-taxable","14":"purchasable","15":"product-type-simple"},"yoast_head":"<!-- This site is optimized with the Yoast SEO plugin v27.5 - https:\/\/yoast.com\/product\/yoast-seo-wordpress\/ -->\n<title>Mini Keydial KD100 - Huion Slovenija EU<\/title>\n<meta name=\"description\" content=\"Pozabite na tipkovnico in u\u017eivajte v visoki u\u010dinkovitosti z mini tipkovnico KD100!\" \/>\n<meta name=\"robots\" content=\"index, follow, max-snippet:-1, max-image-preview:large, max-video-preview:-1\" \/>\n<link rel=\"canonical\" href=\"https:\/\/huion-tablet.eu\/sl\/trgovina\/kd100-mini-keydial-tipkovnica\/\" \/>\n<meta property=\"og:locale\" content=\"sl_SI\" \/>\n<meta property=\"og:type\" content=\"article\" \/>\n<meta property=\"og:title\" content=\"Mini Keydial KD100 - Huion Slovenija EU\" \/>\n<meta property=\"og:description\" content=\"-\" \/>\n<meta property=\"og:url\" content=\"https:\/\/huion-tablet.eu\/sl\/trgovina\/kd100-mini-keydial-tipkovnica\/\" \/>\n<meta property=\"og:site_name\" content=\"Huion Slovenija EU\" \/>\n<meta property=\"article:publisher\" content=\"https:\/\/www.facebook.com\/HUION.tablet.EU\" \/>\n<meta property=\"article:modified_time\" content=\"2024-01-03T19:01:12+00:00\" \/>\n<meta property=\"og:image\" content=\"https:\/\/huion-tablet.eu\/wp-content\/uploads\/Huion-Mini-Keydial-KD100.jpg\" \/>\n\t<meta property=\"og:image:width\" content=\"800\" \/>\n\t<meta property=\"og:image:height\" content=\"800\" \/>\n\t<meta property=\"og:image:type\" content=\"image\/jpeg\" \/>\n<meta name=\"twitter:card\" content=\"summary_large_image\" \/>\n<meta name=\"twitter:label1\" content=\"Est. reading time\" \/>\n\t<meta name=\"twitter:data1\" content=\"2 minuti\" \/>\n<script type=\"application\/ld+json\" class=\"yoast-schema-graph\">{\"@context\":\"https:\\\/\\\/schema.org\",\"@graph\":[{\"@type\":\"WebPage\",\"@id\":\"https:\\\/\\\/huion-tablet.eu\\\/sl\\\/trgovina\\\/kd100-mini-keydial-tipkovnica\\\/\",\"url\":\"https:\\\/\\\/huion-tablet.eu\\\/sl\\\/trgovina\\\/kd100-mini-keydial-tipkovnica\\\/\",\"name\":\"Mini Keydial KD100 - Huion Slovenija EU\",\"isPartOf\":{\"@id\":\"https:\\\/\\\/huion-tablet.eu\\\/sl\\\/#website\"},\"primaryImageOfPage\":{\"@id\":\"https:\\\/\\\/huion-tablet.eu\\\/sl\\\/trgovina\\\/kd100-mini-keydial-tipkovnica\\\/#primaryimage\"},\"image\":{\"@id\":\"https:\\\/\\\/huion-tablet.eu\\\/sl\\\/trgovina\\\/kd100-mini-keydial-tipkovnica\\\/#primaryimage\"},\"thumbnailUrl\":\"https:\\\/\\\/huion-tablet.eu\\\/wp-content\\\/uploads\\\/Huion-Mini-Keydial-KD100.jpg\",\"datePublished\":\"2021-06-01T11:41:11+00:00\",\"dateModified\":\"2024-01-03T19:01:12+00:00\",\"description\":\"Pozabite na tipkovnico in u\u017eivajte v visoki u\u010dinkovitosti z mini tipkovnico KD100!\",\"breadcrumb\":{\"@id\":\"https:\\\/\\\/huion-tablet.eu\\\/sl\\\/trgovina\\\/kd100-mini-keydial-tipkovnica\\\/#breadcrumb\"},\"inLanguage\":\"sl-SI\",\"potentialAction\":[{\"@type\":\"ReadAction\",\"target\":[\"https:\\\/\\\/huion-tablet.eu\\\/sl\\\/trgovina\\\/kd100-mini-keydial-tipkovnica\\\/\"]}]},{\"@type\":\"ImageObject\",\"inLanguage\":\"sl-SI\",\"@id\":\"https:\\\/\\\/huion-tablet.eu\\\/sl\\\/trgovina\\\/kd100-mini-keydial-tipkovnica\\\/#primaryimage\",\"url\":\"https:\\\/\\\/huion-tablet.eu\\\/wp-content\\\/uploads\\\/Huion-Mini-Keydial-KD100.jpg\",\"contentUrl\":\"https:\\\/\\\/huion-tablet.eu\\\/wp-content\\\/uploads\\\/Huion-Mini-Keydial-KD100.jpg\",\"width\":800,\"height\":800,\"caption\":\"Huion Mini Keydial KD100\"},{\"@type\":\"BreadcrumbList\",\"@id\":\"https:\\\/\\\/huion-tablet.eu\\\/sl\\\/trgovina\\\/kd100-mini-keydial-tipkovnica\\\/#breadcrumb\",\"itemListElement\":[{\"@type\":\"ListItem\",\"position\":1,\"name\":\"Home\",\"item\":\"https:\\\/\\\/huion-tablet.eu\\\/sl\\\/graficne-tablice-zasloni-in-svetlobne-tablice\\\/\"},{\"@type\":\"ListItem\",\"position\":2,\"name\":\"Trgovina\",\"item\":\"https:\\\/\\\/huion-tablet.eu\\\/sl\\\/trgovina\\\/\"},{\"@type\":\"ListItem\",\"position\":3,\"name\":\"Mini Keydial KD100\"}]},{\"@type\":\"WebSite\",\"@id\":\"https:\\\/\\\/huion-tablet.eu\\\/sl\\\/#website\",\"url\":\"https:\\\/\\\/huion-tablet.eu\\\/sl\\\/\",\"name\":\"HUION Slovenija EU\",\"description\":\"Graphics Tablets &amp; Pen Displays and Tracing Boards\",\"publisher\":{\"@id\":\"https:\\\/\\\/huion-tablet.eu\\\/sl\\\/#organization\"},\"potentialAction\":[{\"@type\":\"SearchAction\",\"target\":{\"@type\":\"EntryPoint\",\"urlTemplate\":\"https:\\\/\\\/huion-tablet.eu\\\/sl\\\/?s={search_term_string}\"},\"query-input\":{\"@type\":\"PropertyValueSpecification\",\"valueRequired\":true,\"valueName\":\"search_term_string\"}}],\"inLanguage\":\"sl-SI\"},{\"@type\":\"Organization\",\"@id\":\"https:\\\/\\\/huion-tablet.eu\\\/sl\\\/#organization\",\"name\":\"Huion Slovenija EU\",\"url\":\"https:\\\/\\\/huion-tablet.eu\\\/sl\\\/\",\"logo\":{\"@type\":\"ImageObject\",\"inLanguage\":\"sl-SI\",\"@id\":\"https:\\\/\\\/huion-tablet.eu\\\/sl\\\/#\\\/schema\\\/logo\\\/image\\\/\",\"url\":\"https:\\\/\\\/huion-tablet.eu\\\/wp-content\\\/uploads\\\/2017\\\/04\\\/HUION-Slovenia-Europe-logo-400x355.png\",\"contentUrl\":\"https:\\\/\\\/huion-tablet.eu\\\/wp-content\\\/uploads\\\/2017\\\/04\\\/HUION-Slovenia-Europe-logo-400x355.png\",\"width\":400,\"height\":355,\"caption\":\"Huion Slovenija EU\"},\"image\":{\"@id\":\"https:\\\/\\\/huion-tablet.eu\\\/sl\\\/#\\\/schema\\\/logo\\\/image\\\/\"},\"sameAs\":[\"https:\\\/\\\/www.facebook.com\\\/HUION.tablet.EU\"]}]}<\/script>\n<!-- \/ Yoast SEO plugin. -->","yoast_head_json":{"title":"Mini Keydial KD100 - Huion Slovenija EU","description":"Pozabite na tipkovnico in u\u017eivajte v visoki u\u010dinkovitosti z mini tipkovnico KD100!","robots":{"index":"index","follow":"follow","max-snippet":"max-snippet:-1","max-image-preview":"max-image-preview:large","max-video-preview":"max-video-preview:-1"},"canonical":"https:\/\/huion-tablet.eu\/sl\/trgovina\/kd100-mini-keydial-tipkovnica\/","og_locale":"sl_SI","og_type":"article","og_title":"Mini Keydial KD100 - Huion Slovenija EU","og_description":"-","og_url":"https:\/\/huion-tablet.eu\/sl\/trgovina\/kd100-mini-keydial-tipkovnica\/","og_site_name":"Huion Slovenija EU","article_publisher":"https:\/\/www.facebook.com\/HUION.tablet.EU","article_modified_time":"2024-01-03T19:01:12+00:00","og_image":[{"width":800,"height":800,"url":"https:\/\/huion-tablet.eu\/wp-content\/uploads\/Huion-Mini-Keydial-KD100.jpg","type":"image\/jpeg"}],"twitter_card":"summary_large_image","twitter_misc":{"Est. reading time":"2 minuti"},"schema":{"@context":"https:\/\/schema.org","@graph":[{"@type":"WebPage","@id":"https:\/\/huion-tablet.eu\/sl\/trgovina\/kd100-mini-keydial-tipkovnica\/","url":"https:\/\/huion-tablet.eu\/sl\/trgovina\/kd100-mini-keydial-tipkovnica\/","name":"Mini Keydial KD100 - Huion Slovenija EU","isPartOf":{"@id":"https:\/\/huion-tablet.eu\/sl\/#website"},"primaryImageOfPage":{"@id":"https:\/\/huion-tablet.eu\/sl\/trgovina\/kd100-mini-keydial-tipkovnica\/#primaryimage"},"image":{"@id":"https:\/\/huion-tablet.eu\/sl\/trgovina\/kd100-mini-keydial-tipkovnica\/#primaryimage"},"thumbnailUrl":"https:\/\/huion-tablet.eu\/wp-content\/uploads\/Huion-Mini-Keydial-KD100.jpg","datePublished":"2021-06-01T11:41:11+00:00","dateModified":"2024-01-03T19:01:12+00:00","description":"Pozabite na tipkovnico in u\u017eivajte v visoki u\u010dinkovitosti z mini tipkovnico KD100!","breadcrumb":{"@id":"https:\/\/huion-tablet.eu\/sl\/trgovina\/kd100-mini-keydial-tipkovnica\/#breadcrumb"},"inLanguage":"sl-SI","potentialAction":[{"@type":"ReadAction","target":["https:\/\/huion-tablet.eu\/sl\/trgovina\/kd100-mini-keydial-tipkovnica\/"]}]},{"@type":"ImageObject","inLanguage":"sl-SI","@id":"https:\/\/huion-tablet.eu\/sl\/trgovina\/kd100-mini-keydial-tipkovnica\/#primaryimage","url":"https:\/\/huion-tablet.eu\/wp-content\/uploads\/Huion-Mini-Keydial-KD100.jpg","contentUrl":"https:\/\/huion-tablet.eu\/wp-content\/uploads\/Huion-Mini-Keydial-KD100.jpg","width":800,"height":800,"caption":"Huion Mini Keydial KD100"},{"@type":"BreadcrumbList","@id":"https:\/\/huion-tablet.eu\/sl\/trgovina\/kd100-mini-keydial-tipkovnica\/#breadcrumb","itemListElement":[{"@type":"ListItem","position":1,"name":"Home","item":"https:\/\/huion-tablet.eu\/sl\/graficne-tablice-zasloni-in-svetlobne-tablice\/"},{"@type":"ListItem","position":2,"name":"Trgovina","item":"https:\/\/huion-tablet.eu\/sl\/trgovina\/"},{"@type":"ListItem","position":3,"name":"Mini Keydial KD100"}]},{"@type":"WebSite","@id":"https:\/\/huion-tablet.eu\/sl\/#website","url":"https:\/\/huion-tablet.eu\/sl\/","name":"HUION Slovenija EU","description":"Graphics Tablets &amp; Pen Displays and Tracing Boards","publisher":{"@id":"https:\/\/huion-tablet.eu\/sl\/#organization"},"potentialAction":[{"@type":"SearchAction","target":{"@type":"EntryPoint","urlTemplate":"https:\/\/huion-tablet.eu\/sl\/?s={search_term_string}"},"query-input":{"@type":"PropertyValueSpecification","valueRequired":true,"valueName":"search_term_string"}}],"inLanguage":"sl-SI"},{"@type":"Organization","@id":"https:\/\/huion-tablet.eu\/sl\/#organization","name":"Huion Slovenija EU","url":"https:\/\/huion-tablet.eu\/sl\/","logo":{"@type":"ImageObject","inLanguage":"sl-SI","@id":"https:\/\/huion-tablet.eu\/sl\/#\/schema\/logo\/image\/","url":"https:\/\/huion-tablet.eu\/wp-content\/uploads\/2017\/04\/HUION-Slovenia-Europe-logo-400x355.png","contentUrl":"https:\/\/huion-tablet.eu\/wp-content\/uploads\/2017\/04\/HUION-Slovenia-Europe-logo-400x355.png","width":400,"height":355,"caption":"Huion Slovenija EU"},"image":{"@id":"https:\/\/huion-tablet.eu\/sl\/#\/schema\/logo\/image\/"},"sameAs":["https:\/\/www.facebook.com\/HUION.tablet.EU"]}]}},"_links":{"self":[{"href":"https:\/\/huion-tablet.eu\/sl\/wp-json\/wp\/v2\/product\/9514","targetHints":{"allow":["GET"]}}],"collection":[{"href":"https:\/\/huion-tablet.eu\/sl\/wp-json\/wp\/v2\/product"}],"about":[{"href":"https:\/\/huion-tablet.eu\/sl\/wp-json\/wp\/v2\/types\/product"}],"wp:featuredmedia":[{"embeddable":true,"href":"https:\/\/huion-tablet.eu\/sl\/wp-json\/wp\/v2\/media\/9530"}],"wp:attachment":[{"href":"https:\/\/huion-tablet.eu\/sl\/wp-json\/wp\/v2\/media?parent=9514"}],"wp:term":[{"taxonomy":"product_brand","embeddable":true,"href":"https:\/\/huion-tablet.eu\/sl\/wp-json\/wp\/v2\/product_brand?post=9514"},{"taxonomy":"product_cat","embeddable":true,"href":"https:\/\/huion-tablet.eu\/sl\/wp-json\/wp\/v2\/product_cat?post=9514"},{"taxonomy":"product_tag","embeddable":true,"href":"https:\/\/huion-tablet.eu\/sl\/wp-json\/wp\/v2\/product_tag?post=9514"}],"curies":[{"name":"wp","href":"https:\/\/api.w.org\/{rel}","templated":true}]}}