{"id":9590,"date":"2021-06-22T14:53:28","date_gmt":"2021-06-22T12:53:28","guid":{"rendered":"https:\/\/huion-tablet.eu\/?post_type=product&#038;p=9590"},"modified":"2022-08-23T12:21:49","modified_gmt":"2022-08-23T10:21:49","slug":"nahrbtnik","status":"publish","type":"product","link":"https:\/\/huion-tablet.eu\/sl\/trgovina\/nahrbtnik\/","title":{"rendered":"Nahrbtnik"},"content":{"rendered":"<h2>Huion nahrbtnik<\/h2>\n<p>Prostoren nahrbtnik za va\u0161o grafi\u010dno tablico, grafi\u010den zaslon, prenosnik, denarnico &#8230; V notranjosti je predel za grafi\u010dno tablico, zaslon ali prenosnik velikosti do  15.6 in\u010dev.<\/p>\n<p>Nahrbtnik je izdelan iz visoko kakovostnega in vzd\u017eljivega poliestra.<\/p>\n<h3>Udoben in ensotaven za prena\u0161anje<\/h3>\n<p>Naramnice so nastavljive in podlo\u017eene, da za\u0161\u010ditijo va\u0161e rame in ubla\u017eijo te\u017eo. Ro\u010daj na vrhu nahrbtika omogo\u010da, da ga nosite kot torbo.<\/p>\n<p>Nahrbtnik tehta samo 620 g in je idealen sopotnik za va\u0161e ustvarjanje v naravi ali za potovanje.<\/p>\n<h3>USB priklju\u010dek<\/h3>\n<p>Vgrajen USB prikli\u010dek vam omogo\u010da polnjenje naprav.<br \/>\nNote: Prenosna baterija (Power bank) ni prilo\u017eena!<\/p>\n<h3>Dimenzije in te\u017ea<\/h3>\n<ul>\n<li>Vii\u0161ina x \u0160irina x Globina : 45 x 33 x 18 cm<\/li>\n<li>Te\u017ea: 620 g<\/li>\n<\/ul>\n<p>Lahko se uporablja z:<br \/>\nKamvas 12, Kamvas 13, Kamvas 16 (2021), Kamvas 16, Kamvas Pro 16, Kamvas Pro 13, Kamvas Pro 12, Kamvas GT-156 HD V2, Q11K, Q11K V2, H1060P, NEW 1060 Plus, H610 Pro(2048), H610 Pro(8192), H610 Pro V2, G10T(8192), DWH69, H950P, H640P, H430P, H420, 420.<\/p>\n","protected":false},"excerpt":{"rendered":"<p>Nahrbtnik za prena\u0161anje in za\u0161\u010dito va\u0161e grafi\u010dne tablice, grafi\u010dnega zaslona ali prenosnika.<\/p>\n","protected":false},"featured_media":9595,"template":"","meta":[],"product_brand":[],"product_cat":[202,844],"product_tag":[],"class_list":{"0":"post-9590","1":"product","2":"type-product","3":"status-publish","4":"has-post-thumbnail","6":"product_cat-dodatki-in-nadomestni-deli","7":"product_cat-ostalo","8":"product_shipping_class-01-kg","10":"first","11":"instock","12":"taxable","13":"shipping-taxable","14":"purchasable","15":"product-type-simple"},"yoast_head":"<!-- This site is optimized with the Yoast SEO plugin v27.5 - https:\/\/yoast.com\/product\/yoast-seo-wordpress\/ -->\n<title>Nahrbtnik - Huion Slovenija EU<\/title>\n<meta name=\"description\" content=\"Nahrbtnik za prena\u0161anje in za\u0161\u010dito va\u0161e grafi\u010dne tablice, grafi\u010dnega zaslona ali prenosnika.\" \/>\n<meta name=\"robots\" content=\"index, follow, max-snippet:-1, max-image-preview:large, max-video-preview:-1\" \/>\n<link rel=\"canonical\" href=\"https:\/\/huion-tablet.eu\/sl\/trgovina\/nahrbtnik\/\" \/>\n<meta property=\"og:locale\" content=\"sl_SI\" \/>\n<meta property=\"og:type\" content=\"article\" \/>\n<meta property=\"og:title\" content=\"Nahrbtnik - Huion Slovenija EU\" \/>\n<meta property=\"og:description\" content=\"Nahrbtnik za prena\u0161anje in za\u0161\u010dito va\u0161e grafi\u010dne tablice, grafi\u010dnega zaslona ali prenosnika.\" \/>\n<meta property=\"og:url\" content=\"https:\/\/huion-tablet.eu\/sl\/trgovina\/nahrbtnik\/\" \/>\n<meta property=\"og:site_name\" content=\"Huion Slovenija EU\" \/>\n<meta property=\"article:publisher\" content=\"https:\/\/www.facebook.com\/HUION.tablet.EU\" \/>\n<meta property=\"article:modified_time\" content=\"2022-08-23T10:21:49+00:00\" \/>\n<meta property=\"og:image\" content=\"https:\/\/huion-tablet.eu\/wp-content\/uploads\/Huion-backpack-1.jpg\" \/>\n\t<meta property=\"og:image:width\" content=\"800\" \/>\n\t<meta property=\"og:image:height\" content=\"800\" \/>\n\t<meta property=\"og:image:type\" content=\"image\/jpeg\" \/>\n<meta name=\"twitter:card\" content=\"summary_large_image\" \/>\n<meta name=\"twitter:label1\" content=\"Est. reading time\" \/>\n\t<meta name=\"twitter:data1\" content=\"1 minuta\" \/>\n<script type=\"application\/ld+json\" class=\"yoast-schema-graph\">{\"@context\":\"https:\\\/\\\/schema.org\",\"@graph\":[{\"@type\":\"WebPage\",\"@id\":\"https:\\\/\\\/huion-tablet.eu\\\/sl\\\/trgovina\\\/nahrbtnik\\\/\",\"url\":\"https:\\\/\\\/huion-tablet.eu\\\/sl\\\/trgovina\\\/nahrbtnik\\\/\",\"name\":\"Nahrbtnik - Huion Slovenija EU\",\"isPartOf\":{\"@id\":\"https:\\\/\\\/huion-tablet.eu\\\/sl\\\/#website\"},\"primaryImageOfPage\":{\"@id\":\"https:\\\/\\\/huion-tablet.eu\\\/sl\\\/trgovina\\\/nahrbtnik\\\/#primaryimage\"},\"image\":{\"@id\":\"https:\\\/\\\/huion-tablet.eu\\\/sl\\\/trgovina\\\/nahrbtnik\\\/#primaryimage\"},\"thumbnailUrl\":\"https:\\\/\\\/huion-tablet.eu\\\/wp-content\\\/uploads\\\/Huion-backpack-1.jpg\",\"datePublished\":\"2021-06-22T12:53:28+00:00\",\"dateModified\":\"2022-08-23T10:21:49+00:00\",\"description\":\"Nahrbtnik za prena\u0161anje in za\u0161\u010dito va\u0161e grafi\u010dne tablice, grafi\u010dnega zaslona ali prenosnika.\",\"breadcrumb\":{\"@id\":\"https:\\\/\\\/huion-tablet.eu\\\/sl\\\/trgovina\\\/nahrbtnik\\\/#breadcrumb\"},\"inLanguage\":\"sl-SI\",\"potentialAction\":[{\"@type\":\"ReadAction\",\"target\":[\"https:\\\/\\\/huion-tablet.eu\\\/sl\\\/trgovina\\\/nahrbtnik\\\/\"]}]},{\"@type\":\"ImageObject\",\"inLanguage\":\"sl-SI\",\"@id\":\"https:\\\/\\\/huion-tablet.eu\\\/sl\\\/trgovina\\\/nahrbtnik\\\/#primaryimage\",\"url\":\"https:\\\/\\\/huion-tablet.eu\\\/wp-content\\\/uploads\\\/Huion-backpack-1.jpg\",\"contentUrl\":\"https:\\\/\\\/huion-tablet.eu\\\/wp-content\\\/uploads\\\/Huion-backpack-1.jpg\",\"width\":800,\"height\":800,\"caption\":\"Huion nahrbtnik\"},{\"@type\":\"BreadcrumbList\",\"@id\":\"https:\\\/\\\/huion-tablet.eu\\\/sl\\\/trgovina\\\/nahrbtnik\\\/#breadcrumb\",\"itemListElement\":[{\"@type\":\"ListItem\",\"position\":1,\"name\":\"Home\",\"item\":\"https:\\\/\\\/huion-tablet.eu\\\/sl\\\/graficne-tablice-zasloni-in-svetlobne-tablice\\\/\"},{\"@type\":\"ListItem\",\"position\":2,\"name\":\"Trgovina\",\"item\":\"https:\\\/\\\/huion-tablet.eu\\\/sl\\\/trgovina\\\/\"},{\"@type\":\"ListItem\",\"position\":3,\"name\":\"Nahrbtnik\"}]},{\"@type\":\"WebSite\",\"@id\":\"https:\\\/\\\/huion-tablet.eu\\\/sl\\\/#website\",\"url\":\"https:\\\/\\\/huion-tablet.eu\\\/sl\\\/\",\"name\":\"HUION Slovenija EU\",\"description\":\"Graphics Tablets &amp; Pen Displays and Tracing Boards\",\"publisher\":{\"@id\":\"https:\\\/\\\/huion-tablet.eu\\\/sl\\\/#organization\"},\"potentialAction\":[{\"@type\":\"SearchAction\",\"target\":{\"@type\":\"EntryPoint\",\"urlTemplate\":\"https:\\\/\\\/huion-tablet.eu\\\/sl\\\/?s={search_term_string}\"},\"query-input\":{\"@type\":\"PropertyValueSpecification\",\"valueRequired\":true,\"valueName\":\"search_term_string\"}}],\"inLanguage\":\"sl-SI\"},{\"@type\":\"Organization\",\"@id\":\"https:\\\/\\\/huion-tablet.eu\\\/sl\\\/#organization\",\"name\":\"Huion Slovenija EU\",\"url\":\"https:\\\/\\\/huion-tablet.eu\\\/sl\\\/\",\"logo\":{\"@type\":\"ImageObject\",\"inLanguage\":\"sl-SI\",\"@id\":\"https:\\\/\\\/huion-tablet.eu\\\/sl\\\/#\\\/schema\\\/logo\\\/image\\\/\",\"url\":\"https:\\\/\\\/huion-tablet.eu\\\/wp-content\\\/uploads\\\/2017\\\/04\\\/HUION-Slovenia-Europe-logo-400x355.png\",\"contentUrl\":\"https:\\\/\\\/huion-tablet.eu\\\/wp-content\\\/uploads\\\/2017\\\/04\\\/HUION-Slovenia-Europe-logo-400x355.png\",\"width\":400,\"height\":355,\"caption\":\"Huion Slovenija EU\"},\"image\":{\"@id\":\"https:\\\/\\\/huion-tablet.eu\\\/sl\\\/#\\\/schema\\\/logo\\\/image\\\/\"},\"sameAs\":[\"https:\\\/\\\/www.facebook.com\\\/HUION.tablet.EU\"]}]}<\/script>\n<!-- \/ Yoast SEO plugin. -->","yoast_head_json":{"title":"Nahrbtnik - Huion Slovenija EU","description":"Nahrbtnik za prena\u0161anje in za\u0161\u010dito va\u0161e grafi\u010dne tablice, grafi\u010dnega zaslona ali prenosnika.","robots":{"index":"index","follow":"follow","max-snippet":"max-snippet:-1","max-image-preview":"max-image-preview:large","max-video-preview":"max-video-preview:-1"},"canonical":"https:\/\/huion-tablet.eu\/sl\/trgovina\/nahrbtnik\/","og_locale":"sl_SI","og_type":"article","og_title":"Nahrbtnik - Huion Slovenija EU","og_description":"Nahrbtnik za prena\u0161anje in za\u0161\u010dito va\u0161e grafi\u010dne tablice, grafi\u010dnega zaslona ali prenosnika.","og_url":"https:\/\/huion-tablet.eu\/sl\/trgovina\/nahrbtnik\/","og_site_name":"Huion Slovenija EU","article_publisher":"https:\/\/www.facebook.com\/HUION.tablet.EU","article_modified_time":"2022-08-23T10:21:49+00:00","og_image":[{"width":800,"height":800,"url":"https:\/\/huion-tablet.eu\/wp-content\/uploads\/Huion-backpack-1.jpg","type":"image\/jpeg"}],"twitter_card":"summary_large_image","twitter_misc":{"Est. reading time":"1 minuta"},"schema":{"@context":"https:\/\/schema.org","@graph":[{"@type":"WebPage","@id":"https:\/\/huion-tablet.eu\/sl\/trgovina\/nahrbtnik\/","url":"https:\/\/huion-tablet.eu\/sl\/trgovina\/nahrbtnik\/","name":"Nahrbtnik - Huion Slovenija EU","isPartOf":{"@id":"https:\/\/huion-tablet.eu\/sl\/#website"},"primaryImageOfPage":{"@id":"https:\/\/huion-tablet.eu\/sl\/trgovina\/nahrbtnik\/#primaryimage"},"image":{"@id":"https:\/\/huion-tablet.eu\/sl\/trgovina\/nahrbtnik\/#primaryimage"},"thumbnailUrl":"https:\/\/huion-tablet.eu\/wp-content\/uploads\/Huion-backpack-1.jpg","datePublished":"2021-06-22T12:53:28+00:00","dateModified":"2022-08-23T10:21:49+00:00","description":"Nahrbtnik za prena\u0161anje in za\u0161\u010dito va\u0161e grafi\u010dne tablice, grafi\u010dnega zaslona ali prenosnika.","breadcrumb":{"@id":"https:\/\/huion-tablet.eu\/sl\/trgovina\/nahrbtnik\/#breadcrumb"},"inLanguage":"sl-SI","potentialAction":[{"@type":"ReadAction","target":["https:\/\/huion-tablet.eu\/sl\/trgovina\/nahrbtnik\/"]}]},{"@type":"ImageObject","inLanguage":"sl-SI","@id":"https:\/\/huion-tablet.eu\/sl\/trgovina\/nahrbtnik\/#primaryimage","url":"https:\/\/huion-tablet.eu\/wp-content\/uploads\/Huion-backpack-1.jpg","contentUrl":"https:\/\/huion-tablet.eu\/wp-content\/uploads\/Huion-backpack-1.jpg","width":800,"height":800,"caption":"Huion nahrbtnik"},{"@type":"BreadcrumbList","@id":"https:\/\/huion-tablet.eu\/sl\/trgovina\/nahrbtnik\/#breadcrumb","itemListElement":[{"@type":"ListItem","position":1,"name":"Home","item":"https:\/\/huion-tablet.eu\/sl\/graficne-tablice-zasloni-in-svetlobne-tablice\/"},{"@type":"ListItem","position":2,"name":"Trgovina","item":"https:\/\/huion-tablet.eu\/sl\/trgovina\/"},{"@type":"ListItem","position":3,"name":"Nahrbtnik"}]},{"@type":"WebSite","@id":"https:\/\/huion-tablet.eu\/sl\/#website","url":"https:\/\/huion-tablet.eu\/sl\/","name":"HUION Slovenija EU","description":"Graphics Tablets &amp; Pen Displays and Tracing Boards","publisher":{"@id":"https:\/\/huion-tablet.eu\/sl\/#organization"},"potentialAction":[{"@type":"SearchAction","target":{"@type":"EntryPoint","urlTemplate":"https:\/\/huion-tablet.eu\/sl\/?s={search_term_string}"},"query-input":{"@type":"PropertyValueSpecification","valueRequired":true,"valueName":"search_term_string"}}],"inLanguage":"sl-SI"},{"@type":"Organization","@id":"https:\/\/huion-tablet.eu\/sl\/#organization","name":"Huion Slovenija EU","url":"https:\/\/huion-tablet.eu\/sl\/","logo":{"@type":"ImageObject","inLanguage":"sl-SI","@id":"https:\/\/huion-tablet.eu\/sl\/#\/schema\/logo\/image\/","url":"https:\/\/huion-tablet.eu\/wp-content\/uploads\/2017\/04\/HUION-Slovenia-Europe-logo-400x355.png","contentUrl":"https:\/\/huion-tablet.eu\/wp-content\/uploads\/2017\/04\/HUION-Slovenia-Europe-logo-400x355.png","width":400,"height":355,"caption":"Huion Slovenija EU"},"image":{"@id":"https:\/\/huion-tablet.eu\/sl\/#\/schema\/logo\/image\/"},"sameAs":["https:\/\/www.facebook.com\/HUION.tablet.EU"]}]}},"_links":{"self":[{"href":"https:\/\/huion-tablet.eu\/sl\/wp-json\/wp\/v2\/product\/9590","targetHints":{"allow":["GET"]}}],"collection":[{"href":"https:\/\/huion-tablet.eu\/sl\/wp-json\/wp\/v2\/product"}],"about":[{"href":"https:\/\/huion-tablet.eu\/sl\/wp-json\/wp\/v2\/types\/product"}],"wp:featuredmedia":[{"embeddable":true,"href":"https:\/\/huion-tablet.eu\/sl\/wp-json\/wp\/v2\/media\/9595"}],"wp:attachment":[{"href":"https:\/\/huion-tablet.eu\/sl\/wp-json\/wp\/v2\/media?parent=9590"}],"wp:term":[{"taxonomy":"product_brand","embeddable":true,"href":"https:\/\/huion-tablet.eu\/sl\/wp-json\/wp\/v2\/product_brand?post=9590"},{"taxonomy":"product_cat","embeddable":true,"href":"https:\/\/huion-tablet.eu\/sl\/wp-json\/wp\/v2\/product_cat?post=9590"},{"taxonomy":"product_tag","embeddable":true,"href":"https:\/\/huion-tablet.eu\/sl\/wp-json\/wp\/v2\/product_tag?post=9590"}],"curies":[{"name":"wp","href":"https:\/\/api.w.org\/{rel}","templated":true}]}}