{"id":9884,"date":"2021-08-25T17:52:24","date_gmt":"2021-08-25T15:52:24","guid":{"rendered":"https:\/\/huion-tablet.eu\/?post_type=product&#038;p=9884"},"modified":"2023-06-05T00:00:02","modified_gmt":"2023-06-04T22:00:02","slug":"kamvas-pro-24-4k-pen-display-graficen-zaslon","status":"publish","type":"product","link":"https:\/\/huion-tablet.eu\/sl\/trgovina\/kamvas-pro-24-4k-pen-display-graficen-zaslon\/","title":{"rendered":"Kamvas Pro 24 (4K) Pen Display"},"content":{"rendered":"<h2>Grafi\u010den zaslon Huion Kamvas Pro 24 (4K) Pen Display<\/h2>\n<h3>Zmogljiv<\/h3>\n<p>Kamvas Pro 24 (4K) je izjemen grafi\u010den zaslon z velikim 23.8&#8243; ekranom, kar zagotavlja manj\u0161o potrebo po pove\u010devanju\/zmanj\u0161evanju (zoom in\/out) delovnega lista in preklopov med okni razli\u010dnih programov, ter stem pove\u010da va\u0161o u\u010dinkovitost in hitrost dela. Resolucija zaslona je 3840 x 2160 UHD (4K), s tehnologijo QLED in HDR ter drugimi funkcijami, da se lahko posvetite svoji ustvarjalniosti.<\/p>\n<h3>Odkrijte detajle na ve\u010djem zaslonu<\/h3>\n<p>U\u017eivajte v vsakem detajlu va\u0161e umetnine na UHD (3840\u00d72160) ekranu grafi\u010dnega zaslona Kamvas Pro 24 (4K). Ni ve\u010d potrebe po stalnem pove\u010devanju\/zmanj\u0161evanju delovnega lista, odpiranju in zapiranju programskih oken. Sedaj imate veliko ustvarjalno delovno povr\u0161ino za pove\u010danje produktivnosti.<\/p>\n<p>&nbsp;<\/p>\n<p><img loading=\"lazy\" decoding=\"async\" class=\"size-full wp-image-9886\" src=\"https:\/\/huion-tablet.eu\/wp-content\/uploads\/Kamvas-Pro-24-4K-Details-in-bigger-screen.png\" alt=\"Kamvas Pro 24 4K - Details in bigger screen\" width=\"1070\" height=\"640\" srcset=\"https:\/\/huion-tablet.eu\/wp-content\/uploads\/Kamvas-Pro-24-4K-Details-in-bigger-screen.png 1070w, https:\/\/huion-tablet.eu\/wp-content\/uploads\/Kamvas-Pro-24-4K-Details-in-bigger-screen-247x148.png 247w, https:\/\/huion-tablet.eu\/wp-content\/uploads\/Kamvas-Pro-24-4K-Details-in-bigger-screen-510x305.png 510w, https:\/\/huion-tablet.eu\/wp-content\/uploads\/Kamvas-Pro-24-4K-Details-in-bigger-screen-300x179.png 300w, https:\/\/huion-tablet.eu\/wp-content\/uploads\/Kamvas-Pro-24-4K-Details-in-bigger-screen-1024x612.png 1024w, https:\/\/huion-tablet.eu\/wp-content\/uploads\/Kamvas-Pro-24-4K-Details-in-bigger-screen-768x459.png 768w, https:\/\/huion-tablet.eu\/wp-content\/uploads\/Kamvas-Pro-24-4K-Details-in-bigger-screen-416x249.png 416w\" sizes=\"auto, (max-width: 1070px) 100vw, 1070px\" \/><\/p>\n<p>&nbsp;<\/p>\n<h3>Potopite se v miljardo barv<\/h3>\n<p>Z vodilno tehnologijo Quantum Dot vam grafi\u010den zaslon Kamvas Pro 24 (4K) prina\u0161a 140% sRGB pokritost barvnega prostora in 1200:1 kontrastnega razmerja. Skupaj z 1,07 miljardami barv (10Bit) zaslon omogo\u010da natan\u010den prikaz detajlov in \u017eivih bar.<\/p>\n<h3>Poudarek na izjemni sliki s HDR<\/h3>\n<p>Kamvas Pro 24 (4K) je verjetno prvi grafi\u010den zaslon, ki omogo\u010da HDR prikaz. Z vklopom HDR funkcioncionalnosti lahko u\u017eivate v \u017eivih in bogatih barvah, ve\u010djim kontrastom in vi\u0161jo svetilnostjo, ter prika\u017eete dinami\u010den in realen izdelkek ki izstopa.<\/p>\n<h3>Znebite se odsevov in paralakse<\/h3>\n<p>Protiodsevno steklo je brezhibno laminirano na zaslona za zagotavljanje popolne prosojnosti in zmanj\u0161anje paralakse. Poleg prepre\u010devanja odseva vam zaslon prina\u0161a podobno izku\u0161njo, kot bi risali s svin\u010dnikom na papir<\/p>\n<h3>U\u017eivajte s stabilnostjo tehnologije peresa PenTech 3.0<\/h3>\n<p>Z zadnjo tehnologijo digitalnih peres &#8211; PenTech 3.0, brez batrijsko pero PW517 zagotavlja ve\u010djo stabilnost z ni\u017ejo namstitvijo konice za \u0161e bolj\u0161i pribli\u017eek risanju na papir. PW517 podpira funkcije zaznave\u00a0 \u00b160\u00b0 nagiba (tilt) in 8192 nivojev pritiska konice.<\/p>\n<h3>Ve\u010d vmesnikov za ve\u010d mo\u017enih priklopov<\/h3>\n<p>Grafi\u010den zaslon Kamvas Pro 24 (4K) je opremljen s HDMI, DP in USB-C priklju\u010dkom in ga lahko brez adapterjev uporabljate z ve\u010dino prenosnikov namiznih ra\u010dunalnikov z operacijskim sistemom Microsoft Windows, MacOS in Android. Poleg tega vam prilo\u017een USB-C na USB-C kabel omogo\u010da prenos videa in podatkov in s tem zmanj\u0161uje \u0161tevilo kablov na va\u0161i mizi.<\/p>\n<p>Pozor: * Za uporabo USB-C na USB-C kabla mora USB-C priklju\u010dek na va\u0161i napravi (ra\u010dunalnik, pametni telefon) zagotavljati podporo USB 3.1 Gen1, DP 1.2 ali novej\u0161e standarde.<\/p>\n<h3>Pove\u010danje va\u0161e u\u010dinkovitosti<\/h3>\n<p>Kamvas Pro 24 (4K) s svojim minimalisti\u010dnim designom brez hitrih tipk na ohi\u0161ju potrebuje manj\u0161i prostor za postavitev. Zaradi tega smo prilo\u017eili mini tipkovnico &#8211; Mini Keydial KD100 &#8211; z nastavljivimi funkcijami tipk za pohitritev va\u0161ega dela in pove\u010danje u\u010dinkovitosti.<\/p>\n<figure id=\"attachment_9914\" aria-describedby=\"caption-attachment-9914\" style=\"width: 1200px\" class=\"wp-caption aligncenter\"><img loading=\"lazy\" decoding=\"async\" class=\"size-full wp-image-9915\" src=\"https:\/\/huion-tablet.eu\/wp-content\/uploads\/Kamvas-Pro-24-4-K-Mini-Keydial-KD100-included.jpg\" alt=\"Kamvas Pro 24 4 K - Mini Keydial KD100 included\" width=\"1200\" height=\"800\" srcset=\"https:\/\/huion-tablet.eu\/wp-content\/uploads\/Kamvas-Pro-24-4-K-Mini-Keydial-KD100-included.jpg 1200w, https:\/\/huion-tablet.eu\/wp-content\/uploads\/Kamvas-Pro-24-4-K-Mini-Keydial-KD100-included-247x165.jpg 247w, https:\/\/huion-tablet.eu\/wp-content\/uploads\/Kamvas-Pro-24-4-K-Mini-Keydial-KD100-included-510x340.jpg 510w, https:\/\/huion-tablet.eu\/wp-content\/uploads\/Kamvas-Pro-24-4-K-Mini-Keydial-KD100-included-300x200.jpg 300w, https:\/\/huion-tablet.eu\/wp-content\/uploads\/Kamvas-Pro-24-4-K-Mini-Keydial-KD100-included-1024x683.jpg 1024w, https:\/\/huion-tablet.eu\/wp-content\/uploads\/Kamvas-Pro-24-4-K-Mini-Keydial-KD100-included-768x512.jpg 768w, https:\/\/huion-tablet.eu\/wp-content\/uploads\/Kamvas-Pro-24-4-K-Mini-Keydial-KD100-included-416x277.jpg 416w\" sizes=\"auto, (max-width: 1200px) 100vw, 1200px\" \/><figcaption id=\"caption-attachment-9914\" class=\"wp-caption-text\">Kamvas Pro 24 4 K &#8211; prilo\u017eena mini tipkovnica Mini Keydial KD100<\/figcaption><\/figure>\n<h3>Stojalo in mo\u017enost monta\u017ee na drugo stojalo ali roko<\/h3>\n<p>Kamvas Pro 24 (4K) je opremljen z vgrajenim kovinskim stojalom z naklonom 20\u00b0. Poleg tega je na ohi\u0161ju zaslona pripravljeno za monta\u017eo standardnedga 100 x 100mm Vesa stojala ali roke.<\/p>\n<h3>V paketu<\/h3>\n<ul>\n<li>KAMVAS Pro 24 (4K)<\/li>\n<li>Mini Keydial KD100<\/li>\n<li>brez batrijsko pero PW517, stojalo za pero<\/li>\n<li>5 standardnih konic za pero, 5 &#8220;felt&#8221; konic za pero<\/li>\n<li>\u0161\u010dipalka za zamenjavo konice peresa<\/li>\n<li>napjalni adapter s kablom<\/li>\n<li>USB-C to USB-C kabel<\/li>\n<li>USB-A to USB-C kabel<\/li>\n<li>HDMI kabel<\/li>\n<li>rokavica za risanje<\/li>\n<li>krpica za \u010di\u0161\u010denje<\/li>\n<li>Quick Start Guide<\/li>\n<\/ul>\n","protected":false},"excerpt":{"rendered":"<p>23.8&#8243; 4K 3840 x 2160 (16:9) UHD, polno laminirano protiodsevno steklo, QLED, HDR, 140% sRGB, PenTech 3.0<\/p>\n","protected":false},"featured_media":12220,"template":"","meta":[],"product_brand":[],"product_cat":[204],"product_tag":[727],"class_list":{"0":"post-9884","1":"product","2":"type-product","3":"status-publish","4":"has-post-thumbnail","6":"product_cat-graficni-zasloni-pen-displays","7":"product_tag-24-pen-displays-graficni-zasloni","8":"product_shipping_class-10kg-sl","10":"first","11":"outofstock","12":"featured","13":"taxable","14":"shipping-taxable","15":"purchasable","16":"product-type-simple"},"yoast_head":"<!-- This site is optimized with the Yoast SEO plugin v27.5 - https:\/\/yoast.com\/product\/yoast-seo-wordpress\/ -->\n<title>Kamvas Pro 24 (4K) Pen Display - Huion Slovenija EU<\/title>\n<meta name=\"description\" content=\"23.8&quot; 4K 3840 x 2160 (16:9) UHD, polno laminirano protiodsevno steklo, QLED, HDR, 140% sRGB, PenTech 3.0\" \/>\n<meta name=\"robots\" content=\"index, follow, max-snippet:-1, max-image-preview:large, max-video-preview:-1\" \/>\n<link rel=\"canonical\" href=\"https:\/\/huion-tablet.eu\/sl\/trgovina\/kamvas-pro-24-4k-pen-display-graficen-zaslon\/\" \/>\n<meta property=\"og:locale\" content=\"sl_SI\" \/>\n<meta property=\"og:type\" content=\"article\" \/>\n<meta property=\"og:title\" content=\"Kamvas Pro 24 (4K) Pen Display - Huion Slovenija EU\" \/>\n<meta property=\"og:description\" content=\"23.8&quot; 4K 3840 x 2160 (16:9) UHD, polno laminirano protiodsevno steklo, QLED, HDR, 140% sRGB, PenTech 3.0\" \/>\n<meta property=\"og:url\" content=\"https:\/\/huion-tablet.eu\/sl\/trgovina\/kamvas-pro-24-4k-pen-display-graficen-zaslon\/\" \/>\n<meta property=\"og:site_name\" content=\"Huion Slovenija EU\" \/>\n<meta property=\"article:publisher\" content=\"https:\/\/www.facebook.com\/HUION.tablet.EU\" \/>\n<meta property=\"article:modified_time\" content=\"2023-06-04T22:00:02+00:00\" \/>\n<meta property=\"og:image\" content=\"https:\/\/huion-tablet.eu\/wp-content\/uploads\/Kamvas-Pro-24-4K-Keydial.webp\" \/>\n\t<meta property=\"og:image:width\" content=\"1500\" \/>\n\t<meta property=\"og:image:height\" content=\"1500\" \/>\n\t<meta property=\"og:image:type\" content=\"image\/webp\" \/>\n<meta name=\"twitter:card\" content=\"summary_large_image\" \/>\n<meta name=\"twitter:label1\" content=\"Est. reading time\" \/>\n\t<meta name=\"twitter:data1\" content=\"3 minute\" \/>\n<script type=\"application\/ld+json\" class=\"yoast-schema-graph\">{\"@context\":\"https:\\\/\\\/schema.org\",\"@graph\":[{\"@type\":\"WebPage\",\"@id\":\"https:\\\/\\\/huion-tablet.eu\\\/sl\\\/trgovina\\\/kamvas-pro-24-4k-pen-display-graficen-zaslon\\\/\",\"url\":\"https:\\\/\\\/huion-tablet.eu\\\/sl\\\/trgovina\\\/kamvas-pro-24-4k-pen-display-graficen-zaslon\\\/\",\"name\":\"Kamvas Pro 24 (4K) Pen Display - Huion Slovenija EU\",\"isPartOf\":{\"@id\":\"https:\\\/\\\/huion-tablet.eu\\\/sl\\\/#website\"},\"primaryImageOfPage\":{\"@id\":\"https:\\\/\\\/huion-tablet.eu\\\/sl\\\/trgovina\\\/kamvas-pro-24-4k-pen-display-graficen-zaslon\\\/#primaryimage\"},\"image\":{\"@id\":\"https:\\\/\\\/huion-tablet.eu\\\/sl\\\/trgovina\\\/kamvas-pro-24-4k-pen-display-graficen-zaslon\\\/#primaryimage\"},\"thumbnailUrl\":\"https:\\\/\\\/huion-tablet.eu\\\/wp-content\\\/uploads\\\/Kamvas-Pro-24-4K-Keydial.webp\",\"datePublished\":\"2021-08-25T15:52:24+00:00\",\"dateModified\":\"2023-06-04T22:00:02+00:00\",\"description\":\"23.8\\\" 4K 3840 x 2160 (16:9) UHD, polno laminirano protiodsevno steklo, QLED, HDR, 140% sRGB, PenTech 3.0\",\"breadcrumb\":{\"@id\":\"https:\\\/\\\/huion-tablet.eu\\\/sl\\\/trgovina\\\/kamvas-pro-24-4k-pen-display-graficen-zaslon\\\/#breadcrumb\"},\"inLanguage\":\"sl-SI\",\"potentialAction\":[{\"@type\":\"ReadAction\",\"target\":[\"https:\\\/\\\/huion-tablet.eu\\\/sl\\\/trgovina\\\/kamvas-pro-24-4k-pen-display-graficen-zaslon\\\/\"]}]},{\"@type\":\"ImageObject\",\"inLanguage\":\"sl-SI\",\"@id\":\"https:\\\/\\\/huion-tablet.eu\\\/sl\\\/trgovina\\\/kamvas-pro-24-4k-pen-display-graficen-zaslon\\\/#primaryimage\",\"url\":\"https:\\\/\\\/huion-tablet.eu\\\/wp-content\\\/uploads\\\/Kamvas-Pro-24-4K-Keydial.webp\",\"contentUrl\":\"https:\\\/\\\/huion-tablet.eu\\\/wp-content\\\/uploads\\\/Kamvas-Pro-24-4K-Keydial.webp\",\"width\":1500,\"height\":1500,\"caption\":\"Kamvas Pro 24 4K +Mini Keydial\"},{\"@type\":\"BreadcrumbList\",\"@id\":\"https:\\\/\\\/huion-tablet.eu\\\/sl\\\/trgovina\\\/kamvas-pro-24-4k-pen-display-graficen-zaslon\\\/#breadcrumb\",\"itemListElement\":[{\"@type\":\"ListItem\",\"position\":1,\"name\":\"Home\",\"item\":\"https:\\\/\\\/huion-tablet.eu\\\/sl\\\/graficne-tablice-zasloni-in-svetlobne-tablice\\\/\"},{\"@type\":\"ListItem\",\"position\":2,\"name\":\"Trgovina\",\"item\":\"https:\\\/\\\/huion-tablet.eu\\\/sl\\\/trgovina\\\/\"},{\"@type\":\"ListItem\",\"position\":3,\"name\":\"Kamvas Pro 24 (4K) Pen Display\"}]},{\"@type\":\"WebSite\",\"@id\":\"https:\\\/\\\/huion-tablet.eu\\\/sl\\\/#website\",\"url\":\"https:\\\/\\\/huion-tablet.eu\\\/sl\\\/\",\"name\":\"HUION Slovenija EU\",\"description\":\"Graphics Tablets &amp; Pen Displays and Tracing Boards\",\"publisher\":{\"@id\":\"https:\\\/\\\/huion-tablet.eu\\\/sl\\\/#organization\"},\"potentialAction\":[{\"@type\":\"SearchAction\",\"target\":{\"@type\":\"EntryPoint\",\"urlTemplate\":\"https:\\\/\\\/huion-tablet.eu\\\/sl\\\/?s={search_term_string}\"},\"query-input\":{\"@type\":\"PropertyValueSpecification\",\"valueRequired\":true,\"valueName\":\"search_term_string\"}}],\"inLanguage\":\"sl-SI\"},{\"@type\":\"Organization\",\"@id\":\"https:\\\/\\\/huion-tablet.eu\\\/sl\\\/#organization\",\"name\":\"Huion Slovenija EU\",\"url\":\"https:\\\/\\\/huion-tablet.eu\\\/sl\\\/\",\"logo\":{\"@type\":\"ImageObject\",\"inLanguage\":\"sl-SI\",\"@id\":\"https:\\\/\\\/huion-tablet.eu\\\/sl\\\/#\\\/schema\\\/logo\\\/image\\\/\",\"url\":\"https:\\\/\\\/huion-tablet.eu\\\/wp-content\\\/uploads\\\/2017\\\/04\\\/HUION-Slovenia-Europe-logo-400x355.png\",\"contentUrl\":\"https:\\\/\\\/huion-tablet.eu\\\/wp-content\\\/uploads\\\/2017\\\/04\\\/HUION-Slovenia-Europe-logo-400x355.png\",\"width\":400,\"height\":355,\"caption\":\"Huion Slovenija EU\"},\"image\":{\"@id\":\"https:\\\/\\\/huion-tablet.eu\\\/sl\\\/#\\\/schema\\\/logo\\\/image\\\/\"},\"sameAs\":[\"https:\\\/\\\/www.facebook.com\\\/HUION.tablet.EU\"]}]}<\/script>\n<!-- \/ Yoast SEO plugin. -->","yoast_head_json":{"title":"Kamvas Pro 24 (4K) Pen Display - Huion Slovenija EU","description":"23.8\" 4K 3840 x 2160 (16:9) UHD, polno laminirano protiodsevno steklo, QLED, HDR, 140% sRGB, PenTech 3.0","robots":{"index":"index","follow":"follow","max-snippet":"max-snippet:-1","max-image-preview":"max-image-preview:large","max-video-preview":"max-video-preview:-1"},"canonical":"https:\/\/huion-tablet.eu\/sl\/trgovina\/kamvas-pro-24-4k-pen-display-graficen-zaslon\/","og_locale":"sl_SI","og_type":"article","og_title":"Kamvas Pro 24 (4K) Pen Display - Huion Slovenija EU","og_description":"23.8\" 4K 3840 x 2160 (16:9) UHD, polno laminirano protiodsevno steklo, QLED, HDR, 140% sRGB, PenTech 3.0","og_url":"https:\/\/huion-tablet.eu\/sl\/trgovina\/kamvas-pro-24-4k-pen-display-graficen-zaslon\/","og_site_name":"Huion Slovenija EU","article_publisher":"https:\/\/www.facebook.com\/HUION.tablet.EU","article_modified_time":"2023-06-04T22:00:02+00:00","og_image":[{"width":1500,"height":1500,"url":"https:\/\/huion-tablet.eu\/wp-content\/uploads\/Kamvas-Pro-24-4K-Keydial.webp","type":"image\/webp"}],"twitter_card":"summary_large_image","twitter_misc":{"Est. reading time":"3 minute"},"schema":{"@context":"https:\/\/schema.org","@graph":[{"@type":"WebPage","@id":"https:\/\/huion-tablet.eu\/sl\/trgovina\/kamvas-pro-24-4k-pen-display-graficen-zaslon\/","url":"https:\/\/huion-tablet.eu\/sl\/trgovina\/kamvas-pro-24-4k-pen-display-graficen-zaslon\/","name":"Kamvas Pro 24 (4K) Pen Display - Huion Slovenija EU","isPartOf":{"@id":"https:\/\/huion-tablet.eu\/sl\/#website"},"primaryImageOfPage":{"@id":"https:\/\/huion-tablet.eu\/sl\/trgovina\/kamvas-pro-24-4k-pen-display-graficen-zaslon\/#primaryimage"},"image":{"@id":"https:\/\/huion-tablet.eu\/sl\/trgovina\/kamvas-pro-24-4k-pen-display-graficen-zaslon\/#primaryimage"},"thumbnailUrl":"https:\/\/huion-tablet.eu\/wp-content\/uploads\/Kamvas-Pro-24-4K-Keydial.webp","datePublished":"2021-08-25T15:52:24+00:00","dateModified":"2023-06-04T22:00:02+00:00","description":"23.8\" 4K 3840 x 2160 (16:9) UHD, polno laminirano protiodsevno steklo, QLED, HDR, 140% sRGB, PenTech 3.0","breadcrumb":{"@id":"https:\/\/huion-tablet.eu\/sl\/trgovina\/kamvas-pro-24-4k-pen-display-graficen-zaslon\/#breadcrumb"},"inLanguage":"sl-SI","potentialAction":[{"@type":"ReadAction","target":["https:\/\/huion-tablet.eu\/sl\/trgovina\/kamvas-pro-24-4k-pen-display-graficen-zaslon\/"]}]},{"@type":"ImageObject","inLanguage":"sl-SI","@id":"https:\/\/huion-tablet.eu\/sl\/trgovina\/kamvas-pro-24-4k-pen-display-graficen-zaslon\/#primaryimage","url":"https:\/\/huion-tablet.eu\/wp-content\/uploads\/Kamvas-Pro-24-4K-Keydial.webp","contentUrl":"https:\/\/huion-tablet.eu\/wp-content\/uploads\/Kamvas-Pro-24-4K-Keydial.webp","width":1500,"height":1500,"caption":"Kamvas Pro 24 4K +Mini Keydial"},{"@type":"BreadcrumbList","@id":"https:\/\/huion-tablet.eu\/sl\/trgovina\/kamvas-pro-24-4k-pen-display-graficen-zaslon\/#breadcrumb","itemListElement":[{"@type":"ListItem","position":1,"name":"Home","item":"https:\/\/huion-tablet.eu\/sl\/graficne-tablice-zasloni-in-svetlobne-tablice\/"},{"@type":"ListItem","position":2,"name":"Trgovina","item":"https:\/\/huion-tablet.eu\/sl\/trgovina\/"},{"@type":"ListItem","position":3,"name":"Kamvas Pro 24 (4K) Pen Display"}]},{"@type":"WebSite","@id":"https:\/\/huion-tablet.eu\/sl\/#website","url":"https:\/\/huion-tablet.eu\/sl\/","name":"HUION Slovenija EU","description":"Graphics Tablets &amp; Pen Displays and Tracing Boards","publisher":{"@id":"https:\/\/huion-tablet.eu\/sl\/#organization"},"potentialAction":[{"@type":"SearchAction","target":{"@type":"EntryPoint","urlTemplate":"https:\/\/huion-tablet.eu\/sl\/?s={search_term_string}"},"query-input":{"@type":"PropertyValueSpecification","valueRequired":true,"valueName":"search_term_string"}}],"inLanguage":"sl-SI"},{"@type":"Organization","@id":"https:\/\/huion-tablet.eu\/sl\/#organization","name":"Huion Slovenija EU","url":"https:\/\/huion-tablet.eu\/sl\/","logo":{"@type":"ImageObject","inLanguage":"sl-SI","@id":"https:\/\/huion-tablet.eu\/sl\/#\/schema\/logo\/image\/","url":"https:\/\/huion-tablet.eu\/wp-content\/uploads\/2017\/04\/HUION-Slovenia-Europe-logo-400x355.png","contentUrl":"https:\/\/huion-tablet.eu\/wp-content\/uploads\/2017\/04\/HUION-Slovenia-Europe-logo-400x355.png","width":400,"height":355,"caption":"Huion Slovenija EU"},"image":{"@id":"https:\/\/huion-tablet.eu\/sl\/#\/schema\/logo\/image\/"},"sameAs":["https:\/\/www.facebook.com\/HUION.tablet.EU"]}]}},"_links":{"self":[{"href":"https:\/\/huion-tablet.eu\/sl\/wp-json\/wp\/v2\/product\/9884","targetHints":{"allow":["GET"]}}],"collection":[{"href":"https:\/\/huion-tablet.eu\/sl\/wp-json\/wp\/v2\/product"}],"about":[{"href":"https:\/\/huion-tablet.eu\/sl\/wp-json\/wp\/v2\/types\/product"}],"wp:featuredmedia":[{"embeddable":true,"href":"https:\/\/huion-tablet.eu\/sl\/wp-json\/wp\/v2\/media\/12220"}],"wp:attachment":[{"href":"https:\/\/huion-tablet.eu\/sl\/wp-json\/wp\/v2\/media?parent=9884"}],"wp:term":[{"taxonomy":"product_brand","embeddable":true,"href":"https:\/\/huion-tablet.eu\/sl\/wp-json\/wp\/v2\/product_brand?post=9884"},{"taxonomy":"product_cat","embeddable":true,"href":"https:\/\/huion-tablet.eu\/sl\/wp-json\/wp\/v2\/product_cat?post=9884"},{"taxonomy":"product_tag","embeddable":true,"href":"https:\/\/huion-tablet.eu\/sl\/wp-json\/wp\/v2\/product_tag?post=9884"}],"curies":[{"name":"wp","href":"https:\/\/api.w.org\/{rel}","templated":true}]}}